{"id":17730,"date":"2024-10-18T12:17:11","date_gmt":"2024-10-18T10:17:11","guid":{"rendered":"https:\/\/hellicecoffee.com\/coffee-factory\/"},"modified":"2026-02-02T11:01:48","modified_gmt":"2026-02-02T10:01:48","slug":"coffee-factory","status":"publish","type":"page","link":"https:\/\/hellicecoffee.com\/at\/coffee-factory\/","title":{"rendered":"Kaffeewerk"},"content":{"rendered":"\t\t<div data-elementor-type=\"wp-page\" data-elementor-id=\"17730\" class=\"elementor elementor-17730 elementor-8631\" data-elementor-post-type=\"page\">\n\t\t\t\t<div class=\"elementor-element elementor-element-7a38388 e-flex e-con-boxed e-con e-parent\" data-id=\"7a38388\" data-element_type=\"container\" data-e-type=\"container\" data-settings=\"{&quot;background_background&quot;:&quot;classic&quot;}\">\n\t\t\t\t\t<div class=\"e-con-inner\">\n\t\t\t\t<div class=\"elementor-element elementor-element-238d472 elementor-widget elementor-widget-theme-post-title elementor-page-title elementor-widget-heading\" data-id=\"238d472\" data-element_type=\"widget\" data-e-type=\"widget\" data-widget_type=\"theme-post-title.default\">\n\t\t\t\t<div class=\"elementor-widget-container\">\n\t\t\t\t\t<h1 class=\"elementor-heading-title elementor-size-default\">Kaffeewerk<\/h1>\t\t\t\t<\/div>\n\t\t\t\t<\/div>\n\t\t\t\t\t<\/div>\n\t\t\t\t<\/div>\n\t\t<div class=\"elementor-element elementor-element-5c1a81e e-flex e-con-boxed e-con e-parent\" data-id=\"5c1a81e\" data-element_type=\"container\" data-e-type=\"container\" data-settings=\"{&quot;background_background&quot;:&quot;classic&quot;}\">\n\t\t\t\t\t<div class=\"e-con-inner\">\n\t\t<div class=\"elementor-element elementor-element-c204abf e-con-full e-flex e-con e-child\" data-id=\"c204abf\" data-element_type=\"container\" data-e-type=\"container\">\n\t\t\t\t<div class=\"elementor-element elementor-element-cc0e44c elementor-widget elementor-widget-heading\" data-id=\"cc0e44c\" data-element_type=\"widget\" data-e-type=\"widget\" data-widget_type=\"heading.default\">\n\t\t\t\t<div class=\"elementor-widget-container\">\n\t\t\t\t\t<h2 class=\"elementor-heading-title elementor-size-default\">Kaffeewerk<\/h2>\t\t\t\t<\/div>\n\t\t\t\t<\/div>\n\t\t\t\t<div class=\"elementor-element elementor-element-d93e303 elementor-widget elementor-widget-text-editor\" data-id=\"d93e303\" data-element_type=\"widget\" data-e-type=\"widget\" data-widget_type=\"text-editor.default\">\n\t\t\t\t<div class=\"elementor-widget-container\">\n\t\t\t\t\t\t\t\t\t<h2>Werk<\/h2><p>Die Fabrik von HELL ist zum gr\u00f6\u00dften Giganten der Welt herangewachsen. Das bedeutet, dass das Unternehmen, das zu derselben Unternehmensgruppe geh\u00f6rt, die weltweit gr\u00f6\u00dfte hochmoderne Megafabrik betreibt, in der Aluminiumgetr\u00e4nkedosen an einem Standort hergestellt und abgef\u00fcllt werden. Nach der Fertigstellung unserer neuen Anlage erstreckt sich unser Komplex nun \u00fcber 83 Hektar bzw. 830.000 Quadratmeter.<\/p><p>Dank der gesteigerten Produktionskapazit\u00e4t k\u00f6nnen wir bis zu 4\u202fMilliarden Getr\u00e4nkedosen und 6\u202fMilliarden gef\u00fcllte Fertigprodukte pro Jahr herstellen. Die Erfolgsgeschichte von HELL erreicht einen weiteren Meilenstein: Am 24. Mai 2024 er\u00f6ffnete unser Unternehmen im Industriepark Sziksz\u00f3 eine neue Fabrikeinheit, ausgestattet mit modernster Technologie, die feierlich eingeweiht wurde. Mit der neu hinzugef\u00fcgten Einheit wurde unsere Fabrik weiter ausgebaut, wodurch unsere Produktionsaktivit\u00e4ten auf ein neues Niveau gehoben wurden. Wir k\u00f6nnen nun j\u00e4hrlich bis zu 10\u202fMilliarden Getr\u00e4nkedosen verarbeiten, darunter 4\u202fMilliarden Dosen und 6\u202fMilliarden gef\u00fcllte Fertigprodukte. Das bedeutet, dass wir t\u00e4glich bis zu 31\u202fMillionen Aluminiumdosen bewegen k\u00f6nnen, davon 13\u202fMillionen hergestellt und 18\u202fMillionen bef\u00fcllt. Zudem ist der neue Fabrikkomplex nun auch f\u00fcr die Produktion von 500\u202fml Aluminiumdosen geeignet, wodurch das bereits breite Produktsortiment weiter ausgebaut wird.<\/p><p>Unser Fabrikkomplex produziert au\u00dferdem milchbasierte Getr\u00e4nke in Aluminiumdosen, unterst\u00fctzt von einer der fortschrittlichsten verf\u00fcgbaren Technologien. Die 11.880 Quadratmeter gro\u00dfe Anlage kann bis zu 50.000 Dosen Premium-Eiskaffee pro Stunde herstellen, wobei die Milch ausschlie\u00dflich von ungarischen Landwirten bezogen wird. Unsere Anlage ist in der Lage, j\u00e4hrlich bis zu 300\u202fMillionen Dosen Eiskaffee abzuf\u00fcllen, gebaut in Zusammenarbeit mit Technologiepartnern aus Spanien, den Niederlanden und Deutschland.<\/p>\t\t\t\t\t\t\t\t<\/div>\n\t\t\t\t<\/div>\n\t\t\t\t<div class=\"elementor-element elementor-element-b2e2430 elementor-widget elementor-widget-image\" data-id=\"b2e2430\" data-element_type=\"widget\" data-e-type=\"widget\" data-widget_type=\"image.default\">\n\t\t\t\t<div class=\"elementor-widget-container\">\n\t\t\t\t\t\t\t\t\t\t\t\t\t\t\t<img fetchpriority=\"high\" decoding=\"async\" width=\"1536\" height=\"915\" src=\"https:\/\/hellicecoffee.com\/wp-content\/uploads\/2024\/10\/HELL-Gyar-44-fuves-1-1536x915.webp\" class=\"attachment-1536x1536 size-1536x1536 wp-image-17731\" alt=\"\" srcset=\"https:\/\/hellicecoffee.com\/wp-content\/uploads\/2024\/10\/HELL-Gyar-44-fuves-1-1536x915.webp 1536w, https:\/\/hellicecoffee.com\/wp-content\/uploads\/2024\/10\/HELL-Gyar-44-fuves-1-300x179.webp 300w, https:\/\/hellicecoffee.com\/wp-content\/uploads\/2024\/10\/HELL-Gyar-44-fuves-1-1024x610.webp 1024w, https:\/\/hellicecoffee.com\/wp-content\/uploads\/2024\/10\/HELL-Gyar-44-fuves-1-768x457.webp 768w, https:\/\/hellicecoffee.com\/wp-content\/uploads\/2024\/10\/HELL-Gyar-44-fuves-1.webp 1748w\" sizes=\"(max-width: 1536px) 100vw, 1536px\" \/>\t\t\t\t\t\t\t\t\t\t\t\t\t\t\t<\/div>\n\t\t\t\t<\/div>\n\t\t\t\t<\/div>\n\t\t\t\t\t<\/div>\n\t\t\t\t<\/div>\n\t\t\t\t<\/div>\n\t\t","protected":false},"excerpt":{"rendered":"<p>Kaffeewerk Werk Die Fabrik von HELL ist zum gr\u00f6\u00dften Giganten der Welt herangewachsen. Das bedeutet, dass das Unternehmen, das zu derselben Unternehmensgruppe geh\u00f6rt, die weltweit gr\u00f6\u00dfte hochmoderne Megafabrik betreibt, in der Aluminiumgetr\u00e4nkedosen an einem Standort hergestellt und abgef\u00fcllt werden. Nach der Fertigstellung unserer neuen Anlage erstreckt sich unser Komplex nun \u00fcber 83 Hektar bzw. 830.000 [&hellip;]<\/p>\n","protected":false},"author":1,"featured_media":17732,"parent":0,"menu_order":0,"comment_status":"closed","ping_status":"closed","template":"elementor_header_footer","meta":{"footnotes":""},"class_list":["post-17730","page","type-page","status-publish","has-post-thumbnail","hentry"],"yoast_head":"<!-- This site is optimized with the Yoast SEO plugin v27.5 - https:\/\/yoast.com\/product\/yoast-seo-wordpress\/ -->\n<title>HELL ICE COFFEE Fabrik \u2013 Eine der modernsten Produktionsanlagen f\u00fcr Kaffeegetr\u00e4nke in Ungarn<\/title>\n<meta name=\"description\" content=\"Entdecken Sie die neuesten Entwicklungen in der HELL ICE COFFEE Fabrik! Lernen Sie eine der weltweit gr\u00f6\u00dften modernen Produktionsanlagen f\u00fcr Kaffeegetr\u00e4nke kennen.\" \/>\n<meta name=\"robots\" content=\"index, follow, max-snippet:-1, max-image-preview:large, max-video-preview:-1\" \/>\n<link rel=\"canonical\" href=\"https:\/\/hellicecoffee.com\/at\/coffee-factory\/\" \/>\n<meta property=\"og:locale\" content=\"de_DE\" \/>\n<meta property=\"og:type\" content=\"article\" \/>\n<meta property=\"og:title\" content=\"HELL ICE COFFEE Fabrik \u2013 Eine der modernsten Produktionsanlagen f\u00fcr Kaffeegetr\u00e4nke in Ungarn\" \/>\n<meta property=\"og:description\" content=\"Entdecken Sie die neuesten Entwicklungen in der HELL ICE COFFEE Fabrik! Lernen Sie eine der weltweit gr\u00f6\u00dften modernen Produktionsanlagen f\u00fcr Kaffeegetr\u00e4nke kennen.\" \/>\n<meta property=\"og:url\" content=\"https:\/\/hellicecoffee.com\/at\/coffee-factory\/\" \/>\n<meta property=\"og:site_name\" content=\"HELL ICE COFFEE\" \/>\n<meta property=\"article:modified_time\" content=\"2026-02-02T10:01:48+00:00\" \/>\n<meta property=\"og:image\" content=\"https:\/\/hellicecoffee.com\/wp-content\/uploads\/2024\/10\/Kep-17.webp\" \/>\n\t<meta property=\"og:image:width\" content=\"1920\" \/>\n\t<meta property=\"og:image:height\" content=\"800\" \/>\n\t<meta property=\"og:image:type\" content=\"image\/webp\" \/>\n<meta name=\"twitter:card\" content=\"summary_large_image\" \/>\n<meta name=\"twitter:label1\" content=\"Gesch\u00e4tzte Lesezeit\" \/>\n\t<meta name=\"twitter:data1\" content=\"2 Minuten\" \/>\n<script type=\"application\/ld+json\" class=\"yoast-schema-graph\">{\"@context\":\"https:\\\/\\\/schema.org\",\"@graph\":[{\"@type\":\"WebPage\",\"@id\":\"https:\\\/\\\/hellicecoffee.com\\\/at\\\/coffee-factory\\\/\",\"url\":\"https:\\\/\\\/hellicecoffee.com\\\/at\\\/coffee-factory\\\/\",\"name\":\"HELL ICE COFFEE Fabrik \u2013 Eine der modernsten Produktionsanlagen f\u00fcr Kaffeegetr\u00e4nke in Ungarn\",\"isPartOf\":{\"@id\":\"https:\\\/\\\/hellicecoffee.com\\\/at\\\/#website\"},\"primaryImageOfPage\":{\"@id\":\"https:\\\/\\\/hellicecoffee.com\\\/at\\\/coffee-factory\\\/#primaryimage\"},\"image\":{\"@id\":\"https:\\\/\\\/hellicecoffee.com\\\/at\\\/coffee-factory\\\/#primaryimage\"},\"thumbnailUrl\":\"https:\\\/\\\/hellicecoffee.com\\\/wp-content\\\/uploads\\\/2024\\\/10\\\/Kep-17.webp\",\"datePublished\":\"2024-10-18T10:17:11+00:00\",\"dateModified\":\"2026-02-02T10:01:48+00:00\",\"description\":\"Entdecken Sie die neuesten Entwicklungen in der HELL ICE COFFEE Fabrik! Lernen Sie eine der weltweit gr\u00f6\u00dften modernen Produktionsanlagen f\u00fcr Kaffeegetr\u00e4nke kennen.\",\"breadcrumb\":{\"@id\":\"https:\\\/\\\/hellicecoffee.com\\\/at\\\/coffee-factory\\\/#breadcrumb\"},\"inLanguage\":\"de-AT\",\"potentialAction\":[{\"@type\":\"ReadAction\",\"target\":[\"https:\\\/\\\/hellicecoffee.com\\\/at\\\/coffee-factory\\\/\"]}]},{\"@type\":\"ImageObject\",\"inLanguage\":\"de-AT\",\"@id\":\"https:\\\/\\\/hellicecoffee.com\\\/at\\\/coffee-factory\\\/#primaryimage\",\"url\":\"https:\\\/\\\/hellicecoffee.com\\\/wp-content\\\/uploads\\\/2024\\\/10\\\/Kep-17.webp\",\"contentUrl\":\"https:\\\/\\\/hellicecoffee.com\\\/wp-content\\\/uploads\\\/2024\\\/10\\\/Kep-17.webp\",\"width\":1920,\"height\":800},{\"@type\":\"BreadcrumbList\",\"@id\":\"https:\\\/\\\/hellicecoffee.com\\\/at\\\/coffee-factory\\\/#breadcrumb\",\"itemListElement\":[{\"@type\":\"ListItem\",\"position\":1,\"name\":\"Kezd\u0151lap\",\"item\":\"https:\\\/\\\/hellicecoffee.com\\\/at\\\/\"},{\"@type\":\"ListItem\",\"position\":2,\"name\":\"Kaffeewerk\"}]},{\"@type\":\"WebSite\",\"@id\":\"https:\\\/\\\/hellicecoffee.com\\\/at\\\/#website\",\"url\":\"https:\\\/\\\/hellicecoffee.com\\\/at\\\/\",\"name\":\"HELL ICE COFFE\",\"description\":\"Val\u00f3di k\u00e1v\u00e9\u00e9lm\u00e9ny k\u00f6nnyed\u00e9n\",\"publisher\":{\"@id\":\"https:\\\/\\\/hellicecoffee.com\\\/at\\\/#organization\"},\"potentialAction\":[{\"@type\":\"SearchAction\",\"target\":{\"@type\":\"EntryPoint\",\"urlTemplate\":\"https:\\\/\\\/hellicecoffee.com\\\/at\\\/?s={search_term_string}\"},\"query-input\":{\"@type\":\"PropertyValueSpecification\",\"valueRequired\":true,\"valueName\":\"search_term_string\"}}],\"inLanguage\":\"de-AT\"},{\"@type\":\"Organization\",\"@id\":\"https:\\\/\\\/hellicecoffee.com\\\/at\\\/#organization\",\"name\":\"HELL ICE COFFE\",\"url\":\"https:\\\/\\\/hellicecoffee.com\\\/at\\\/\",\"logo\":{\"@type\":\"ImageObject\",\"inLanguage\":\"de-AT\",\"@id\":\"https:\\\/\\\/hellicecoffee.com\\\/at\\\/#\\\/schema\\\/logo\\\/image\\\/\",\"url\":\"https:\\\/\\\/hellicecoffee.com\\\/wp-content\\\/uploads\\\/2024\\\/07\\\/Group-30-2.png\",\"contentUrl\":\"https:\\\/\\\/hellicecoffee.com\\\/wp-content\\\/uploads\\\/2024\\\/07\\\/Group-30-2.png\",\"width\":181,\"height\":194,\"caption\":\"HELL ICE COFFE\"},\"image\":{\"@id\":\"https:\\\/\\\/hellicecoffee.com\\\/at\\\/#\\\/schema\\\/logo\\\/image\\\/\"}}]}<\/script>\n<!-- \/ Yoast SEO plugin. -->","yoast_head_json":{"title":"HELL ICE COFFEE Fabrik \u2013 Eine der modernsten Produktionsanlagen f\u00fcr Kaffeegetr\u00e4nke in Ungarn","description":"Entdecken Sie die neuesten Entwicklungen in der HELL ICE COFFEE Fabrik! Lernen Sie eine der weltweit gr\u00f6\u00dften modernen Produktionsanlagen f\u00fcr Kaffeegetr\u00e4nke kennen.","robots":{"index":"index","follow":"follow","max-snippet":"max-snippet:-1","max-image-preview":"max-image-preview:large","max-video-preview":"max-video-preview:-1"},"canonical":"https:\/\/hellicecoffee.com\/at\/coffee-factory\/","og_locale":"de_DE","og_type":"article","og_title":"HELL ICE COFFEE Fabrik \u2013 Eine der modernsten Produktionsanlagen f\u00fcr Kaffeegetr\u00e4nke in Ungarn","og_description":"Entdecken Sie die neuesten Entwicklungen in der HELL ICE COFFEE Fabrik! Lernen Sie eine der weltweit gr\u00f6\u00dften modernen Produktionsanlagen f\u00fcr Kaffeegetr\u00e4nke kennen.","og_url":"https:\/\/hellicecoffee.com\/at\/coffee-factory\/","og_site_name":"HELL ICE COFFEE","article_modified_time":"2026-02-02T10:01:48+00:00","og_image":[{"width":1920,"height":800,"url":"https:\/\/hellicecoffee.com\/wp-content\/uploads\/2024\/10\/Kep-17.webp","type":"image\/webp"}],"twitter_card":"summary_large_image","twitter_misc":{"Gesch\u00e4tzte Lesezeit":"2 Minuten"},"schema":{"@context":"https:\/\/schema.org","@graph":[{"@type":"WebPage","@id":"https:\/\/hellicecoffee.com\/at\/coffee-factory\/","url":"https:\/\/hellicecoffee.com\/at\/coffee-factory\/","name":"HELL ICE COFFEE Fabrik \u2013 Eine der modernsten Produktionsanlagen f\u00fcr Kaffeegetr\u00e4nke in Ungarn","isPartOf":{"@id":"https:\/\/hellicecoffee.com\/at\/#website"},"primaryImageOfPage":{"@id":"https:\/\/hellicecoffee.com\/at\/coffee-factory\/#primaryimage"},"image":{"@id":"https:\/\/hellicecoffee.com\/at\/coffee-factory\/#primaryimage"},"thumbnailUrl":"https:\/\/hellicecoffee.com\/wp-content\/uploads\/2024\/10\/Kep-17.webp","datePublished":"2024-10-18T10:17:11+00:00","dateModified":"2026-02-02T10:01:48+00:00","description":"Entdecken Sie die neuesten Entwicklungen in der HELL ICE COFFEE Fabrik! Lernen Sie eine der weltweit gr\u00f6\u00dften modernen Produktionsanlagen f\u00fcr Kaffeegetr\u00e4nke kennen.","breadcrumb":{"@id":"https:\/\/hellicecoffee.com\/at\/coffee-factory\/#breadcrumb"},"inLanguage":"de-AT","potentialAction":[{"@type":"ReadAction","target":["https:\/\/hellicecoffee.com\/at\/coffee-factory\/"]}]},{"@type":"ImageObject","inLanguage":"de-AT","@id":"https:\/\/hellicecoffee.com\/at\/coffee-factory\/#primaryimage","url":"https:\/\/hellicecoffee.com\/wp-content\/uploads\/2024\/10\/Kep-17.webp","contentUrl":"https:\/\/hellicecoffee.com\/wp-content\/uploads\/2024\/10\/Kep-17.webp","width":1920,"height":800},{"@type":"BreadcrumbList","@id":"https:\/\/hellicecoffee.com\/at\/coffee-factory\/#breadcrumb","itemListElement":[{"@type":"ListItem","position":1,"name":"Kezd\u0151lap","item":"https:\/\/hellicecoffee.com\/at\/"},{"@type":"ListItem","position":2,"name":"Kaffeewerk"}]},{"@type":"WebSite","@id":"https:\/\/hellicecoffee.com\/at\/#website","url":"https:\/\/hellicecoffee.com\/at\/","name":"HELL ICE COFFE","description":"Val\u00f3di k\u00e1v\u00e9\u00e9lm\u00e9ny k\u00f6nnyed\u00e9n","publisher":{"@id":"https:\/\/hellicecoffee.com\/at\/#organization"},"potentialAction":[{"@type":"SearchAction","target":{"@type":"EntryPoint","urlTemplate":"https:\/\/hellicecoffee.com\/at\/?s={search_term_string}"},"query-input":{"@type":"PropertyValueSpecification","valueRequired":true,"valueName":"search_term_string"}}],"inLanguage":"de-AT"},{"@type":"Organization","@id":"https:\/\/hellicecoffee.com\/at\/#organization","name":"HELL ICE COFFE","url":"https:\/\/hellicecoffee.com\/at\/","logo":{"@type":"ImageObject","inLanguage":"de-AT","@id":"https:\/\/hellicecoffee.com\/at\/#\/schema\/logo\/image\/","url":"https:\/\/hellicecoffee.com\/wp-content\/uploads\/2024\/07\/Group-30-2.png","contentUrl":"https:\/\/hellicecoffee.com\/wp-content\/uploads\/2024\/07\/Group-30-2.png","width":181,"height":194,"caption":"HELL ICE COFFE"},"image":{"@id":"https:\/\/hellicecoffee.com\/at\/#\/schema\/logo\/image\/"}}]}},"_links":{"self":[{"href":"https:\/\/hellicecoffee.com\/at\/wp-json\/wp\/v2\/pages\/17730","targetHints":{"allow":["GET"]}}],"collection":[{"href":"https:\/\/hellicecoffee.com\/at\/wp-json\/wp\/v2\/pages"}],"about":[{"href":"https:\/\/hellicecoffee.com\/at\/wp-json\/wp\/v2\/types\/page"}],"author":[{"embeddable":true,"href":"https:\/\/hellicecoffee.com\/at\/wp-json\/wp\/v2\/users\/1"}],"replies":[{"embeddable":true,"href":"https:\/\/hellicecoffee.com\/at\/wp-json\/wp\/v2\/comments?post=17730"}],"version-history":[{"count":4,"href":"https:\/\/hellicecoffee.com\/at\/wp-json\/wp\/v2\/pages\/17730\/revisions"}],"predecessor-version":[{"id":17838,"href":"https:\/\/hellicecoffee.com\/at\/wp-json\/wp\/v2\/pages\/17730\/revisions\/17838"}],"wp:featuredmedia":[{"embeddable":true,"href":"https:\/\/hellicecoffee.com\/at\/wp-json\/wp\/v2\/media\/17732"}],"wp:attachment":[{"href":"https:\/\/hellicecoffee.com\/at\/wp-json\/wp\/v2\/media?parent=17730"}],"curies":[{"name":"wp","href":"https:\/\/api.w.org\/{rel}","templated":true}]}}