{"id":17741,"date":"2024-07-26T01:21:16","date_gmt":"2024-07-25T23:21:16","guid":{"rendered":"https:\/\/hellicecoffee.com\/contact\/"},"modified":"2026-02-02T11:02:30","modified_gmt":"2026-02-02T10:02:30","slug":"contact","status":"publish","type":"page","link":"https:\/\/hellicecoffee.com\/at\/contact\/","title":{"rendered":"Kontakt"},"content":{"rendered":"\t\t<div data-elementor-type=\"wp-page\" data-elementor-id=\"17741\" class=\"elementor elementor-17741 elementor-27\" data-elementor-post-type=\"page\">\n\t\t\t\t<div class=\"elementor-element elementor-element-3d5fca06 e-flex e-con-boxed e-con e-parent\" data-id=\"3d5fca06\" data-element_type=\"container\" data-e-type=\"container\" data-settings=\"{&quot;background_background&quot;:&quot;classic&quot;}\">\n\t\t\t\t\t<div class=\"e-con-inner\">\n\t\t<div class=\"elementor-element elementor-element-5f1bc7a0 e-con-full e-flex e-con e-child\" data-id=\"5f1bc7a0\" data-element_type=\"container\" data-e-type=\"container\">\n\t\t<div class=\"elementor-element elementor-element-1b7d1d47 e-con-full e-flex e-con e-child\" data-id=\"1b7d1d47\" data-element_type=\"container\" data-e-type=\"container\" data-settings=\"{&quot;background_background&quot;:&quot;classic&quot;}\">\n\t\t\t\t<div class=\"elementor-element elementor-element-ce5a541 elementor-widget elementor-widget-heading\" data-id=\"ce5a541\" data-element_type=\"widget\" data-e-type=\"widget\" data-widget_type=\"heading.default\">\n\t\t\t\t<div class=\"elementor-widget-container\">\n\t\t\t\t\t<h1 class=\"elementor-heading-title elementor-size-default\">Kontakt<\/h1>\t\t\t\t<\/div>\n\t\t\t\t<\/div>\n\t\t\t\t<div class=\"elementor-element elementor-element-3473de9 elementor-button-align-stretch elementor-widget elementor-widget-form\" data-id=\"3473de9\" data-element_type=\"widget\" data-e-type=\"widget\" data-settings=\"{&quot;step_next_label&quot;:&quot;Next&quot;,&quot;step_previous_label&quot;:&quot;Previous&quot;,&quot;button_width&quot;:&quot;100&quot;,&quot;step_type&quot;:&quot;number_text&quot;,&quot;step_icon_shape&quot;:&quot;circle&quot;}\" data-widget_type=\"form.default\">\n\t\t\t\t<div class=\"elementor-widget-container\">\n\t\t\t\t\t\t\t<form class=\"elementor-form\" method=\"post\" id=\"formen\" name=\"form-en\" aria-label=\"form-en\">\n\t\t\t<input type=\"hidden\" name=\"post_id\" value=\"17741\"\/>\n\t\t\t<input type=\"hidden\" name=\"form_id\" value=\"3473de9\"\/>\n\t\t\t<input type=\"hidden\" name=\"referer_title\" value=\"HELL ICE COFFEE Kontakt \u2013 Kontaktinformationen und Kundenservice\" \/>\n\n\t\t\t\t\t\t\t<input type=\"hidden\" name=\"queried_id\" value=\"17741\"\/>\n\t\t\t\n\t\t\t<div class=\"elementor-form-fields-wrapper elementor-labels-above\">\n\t\t\t\t\t\t\t\t<div class=\"elementor-field-type-select elementor-field-group elementor-column elementor-field-group-department elementor-col-100 elementor-field-required\">\n\t\t\t\t\t\t\t\t\t\t\t\t<label for=\"form-field-department\" class=\"elementor-field-label\">\n\t\t\t\t\t\t\t\tAbteilung w\u00e4hlen*\t\t\t\t\t\t\t<\/label>\n\t\t\t\t\t\t\t\t<div class=\"elementor-field elementor-select-wrapper remove-before \">\n\t\t\t<div class=\"select-caret-down-wrapper\">\n\t\t\t\t<svg aria-hidden=\"true\" class=\"e-font-icon-svg e-eicon-caret-down\" viewBox=\"0 0 571.4 571.4\" xmlns=\"http:\/\/www.w3.org\/2000\/svg\"><path d=\"M571 393Q571 407 561 418L311 668Q300 679 286 679T261 668L11 418Q0 407 0 393T11 368 36 357H536Q550 357 561 368T571 393Z\"><\/path><\/svg>\t\t\t<\/div>\n\t\t\t<select name=\"form_fields[department]\" id=\"form-field-department\" class=\"elementor-field-textual elementor-size-sm\" required=\"required\">\n\t\t\t\t\t\t\t\t\t<option value=\"\u2014 Bitte w\u00e4hlen \u2014\">\u2014 Bitte w\u00e4hlen \u2014<\/option>\n\t\t\t\t\t\t\t\t\t<option value=\" Sales\">Sales <\/option>\n\t\t\t\t\t\t\t\t\t<option value=\" Export\">Export <\/option>\n\t\t\t\t\t\t\t\t\t<option value=\" Marketing, sponsorship, donations\">Marketing, Sponsoring, Spenden <\/option>\n\t\t\t\t\t\t\t\t\t<option value=\" Press, PR\">Presse, PR <\/option>\n\t\t\t\t\t\t\t\t\t<option value=\" Feedback\">Feedback <\/option>\n\t\t\t\t\t\t\t\t\t<option value=\" Complaint\">Reklamation <\/option>\n\t\t\t\t\t\t\t\t\t<option value=\" Cofilling\">Cofilling <\/option>\n\t\t\t\t\t\t\t\t\t<option value=\" Suppliers, procurement\">Lieferanten, Einkauf <\/option>\n\t\t\t\t\t\t\t<\/select>\n\t\t<\/div>\n\t\t\t\t\t\t<\/div>\n\t\t\t\t\t\t\t\t<div class=\"elementor-field-type-text elementor-field-group elementor-column elementor-field-group-complaint_product elementor-col-100\">\n\t\t\t\t\t\t\t\t\t\t\t\t\t<input size=\"1\" type=\"text\" name=\"form_fields[complaint_product]\" id=\"form-field-complaint_product\" class=\"elementor-field elementor-size-sm  elementor-field-textual\" placeholder=\"F\u00fcr welches Produkt gilt die Reklamation?*\">\n\t\t\t\t\t\t\t\t\t\t\t<\/div>\n\t\t\t\t\t\t\t\t<div class=\"elementor-field-type-text elementor-field-group elementor-column elementor-field-group-complaint_place elementor-col-100\">\n\t\t\t\t\t\t\t\t\t\t\t\t\t<input size=\"1\" type=\"text\" name=\"form_fields[complaint_place]\" id=\"form-field-complaint_place\" class=\"elementor-field elementor-size-sm  elementor-field-textual\" placeholder=\"Kaufort*\">\n\t\t\t\t\t\t\t\t\t\t\t<\/div>\n\t\t\t\t\t\t\t\t<div class=\"elementor-field-type-date elementor-field-group elementor-column elementor-field-group-complaint_date elementor-col-100\">\n\t\t\t\t\t\n\t\t<input type=\"date\" name=\"form_fields[complaint_date]\" id=\"form-field-complaint_date\" class=\"elementor-field elementor-size-sm  elementor-field-textual elementor-date-field\" placeholder=\"Kaufort*\" pattern=\"[0-9]{4}-[0-9]{2}-[0-9]{2}\">\n\t\t\t\t\t\t<\/div>\n\t\t\t\t\t\t\t\t<div class=\"elementor-field-type-upload elementor-field-group elementor-column elementor-field-group-complaint_image elementor-col-100\">\n\t\t\t\t\t\t\t\t\t\t\t\t<label for=\"form-field-complaint_image\" class=\"elementor-field-label\">\n\t\t\t\t\t\t\t\tFoto des Bodens des Produkts*\t\t\t\t\t\t\t<\/label>\n\t\t\t\t\t\t\t\t<input type=\"file\" name=\"form_fields[complaint_image][]\" id=\"form-field-complaint_image\" class=\"elementor-field elementor-size-sm  elementor-upload-field\" multiple=\"multiple\" data-maxsize=\"2\" data-maxsize-message=\"This file exceeds the maximum allowed size.\">\n\n\t\t\t\t\t\t<\/div>\n\t\t\t\t\t\t\t\t<div class=\"elementor-field-type-text elementor-field-group elementor-column elementor-field-group-complaint_sarsnumber elementor-col-100\">\n\t\t\t\t\t\t\t\t\t\t\t\t\t<input size=\"1\" type=\"text\" name=\"form_fields[complaint_sarsnumber]\" id=\"form-field-complaint_sarsnumber\" class=\"elementor-field elementor-size-sm  elementor-field-textual\" placeholder=\"Chargennummer\">\n\t\t\t\t\t\t\t\t\t\t\t<\/div>\n\t\t\t\t\t\t\t\t<div class=\"elementor-field-type-select elementor-field-group elementor-column elementor-field-group-sales_area elementor-col-100\">\n\t\t\t\t\t\t\t\t\t\t\t\t<label for=\"form-field-sales_area\" class=\"elementor-field-label\">\n\t\t\t\t\t\t\t\tBereich w\u00e4hlen*\t\t\t\t\t\t\t<\/label>\n\t\t\t\t\t\t\t\t<div class=\"elementor-field elementor-select-wrapper remove-before \">\n\t\t\t<div class=\"select-caret-down-wrapper\">\n\t\t\t\t<svg aria-hidden=\"true\" class=\"e-font-icon-svg e-eicon-caret-down\" viewBox=\"0 0 571.4 571.4\" xmlns=\"http:\/\/www.w3.org\/2000\/svg\"><path d=\"M571 393Q571 407 561 418L311 668Q300 679 286 679T261 668L11 418Q0 407 0 393T11 368 36 357H536Q550 357 561 368T571 393Z\"><\/path><\/svg>\t\t\t<\/div>\n\t\t\t<select name=\"form_fields[sales_area]\" id=\"form-field-sales_area\" class=\"elementor-field-textual elementor-size-sm\">\n\t\t\t\t\t\t\t\t\t<option value=\"\u2014 Bitte w\u00e4hlen \u2014\">\u2014 Bitte w\u00e4hlen \u2014<\/option>\n\t\t\t\t\t\t\t\t\t<option value=\" HoReCa (catering, fitness, beauty salon)\">HoReCa (Gastronomie, Fitness, Sch\u00f6nheitssalon) <\/option>\n\t\t\t\t\t\t\t\t\t<option value=\" Tobacco shop, convenience store, drink shop\">Tabakladen, Convenience Store, Getr\u00e4nkeladen <\/option>\n\t\t\t\t\t\t\t\t\t<option value=\" Wholesale\">Gro\u00dfhandel <\/option>\n\t\t\t\t\t\t\t<\/select>\n\t\t<\/div>\n\t\t\t\t\t\t<\/div>\n\t\t\t\t\t\t\t\t<div class=\"elementor-field-type-text elementor-field-group elementor-column elementor-field-group-name elementor-col-50 elementor-field-required\">\n\t\t\t\t\t\t\t\t\t\t\t\t\t<input size=\"1\" type=\"text\" name=\"form_fields[name]\" id=\"form-field-name\" class=\"elementor-field elementor-size-sm  elementor-field-textual\" placeholder=\"Vorname*\" required=\"required\">\n\t\t\t\t\t\t\t\t\t\t\t<\/div>\n\t\t\t\t\t\t\t\t<div class=\"elementor-field-type-text elementor-field-group elementor-column elementor-field-group-surname elementor-col-50 elementor-field-required\">\n\t\t\t\t\t\t\t\t\t\t\t\t\t<input size=\"1\" type=\"text\" name=\"form_fields[surname]\" id=\"form-field-surname\" class=\"elementor-field elementor-size-sm  elementor-field-textual\" placeholder=\"Nachname*\" required=\"required\">\n\t\t\t\t\t\t\t\t\t\t\t<\/div>\n\t\t\t\t\t\t\t\t<div class=\"elementor-field-type-email elementor-field-group elementor-column elementor-field-group-email elementor-col-100 elementor-field-required\">\n\t\t\t\t\t\t\t\t\t\t\t\t\t<input size=\"1\" type=\"email\" name=\"form_fields[email]\" id=\"form-field-email\" class=\"elementor-field elementor-size-sm  elementor-field-textual\" placeholder=\"E-Mail-Adresse*\" required=\"required\">\n\t\t\t\t\t\t\t\t\t\t\t<\/div>\n\t\t\t\t\t\t\t\t<div class=\"elementor-field-type-text elementor-field-group elementor-column elementor-field-group-company elementor-col-100\">\n\t\t\t\t\t\t\t\t\t\t\t\t\t<input size=\"1\" type=\"text\" name=\"form_fields[company]\" id=\"form-field-company\" class=\"elementor-field elementor-size-sm  elementor-field-textual\" placeholder=\"Firma\">\n\t\t\t\t\t\t\t\t\t\t\t<\/div>\n\t\t\t\t\t\t\t\t<div class=\"elementor-field-type-text elementor-field-group elementor-column elementor-field-group-web elementor-col-100\">\n\t\t\t\t\t\t\t\t\t\t\t\t\t<input size=\"1\" type=\"text\" name=\"form_fields[web]\" id=\"form-field-web\" class=\"elementor-field elementor-size-sm  elementor-field-textual\" placeholder=\"Webseite\">\n\t\t\t\t\t\t\t\t\t\t\t<\/div>\n\t\t\t\t\t\t\t\t<div class=\"elementor-field-type-text elementor-field-group elementor-column elementor-field-group-country elementor-col-100 elementor-field-required\">\n\t\t\t\t\t\t\t\t\t\t\t\t\t<input size=\"1\" type=\"text\" name=\"form_fields[country]\" id=\"form-field-country\" class=\"elementor-field elementor-size-sm  elementor-field-textual\" placeholder=\"Land*\" required=\"required\">\n\t\t\t\t\t\t\t\t\t\t\t<\/div>\n\t\t\t\t\t\t\t\t<div class=\"elementor-field-type-text elementor-field-group elementor-column elementor-field-group-city elementor-col-100 elementor-field-required\">\n\t\t\t\t\t\t\t\t\t\t\t\t\t<input size=\"1\" type=\"text\" name=\"form_fields[city]\" id=\"form-field-city\" class=\"elementor-field elementor-size-sm  elementor-field-textual\" placeholder=\"Stadt*\" required=\"required\">\n\t\t\t\t\t\t\t\t\t\t\t<\/div>\n\t\t\t\t\t\t\t\t<div class=\"elementor-field-type-text elementor-field-group elementor-column elementor-field-group-street elementor-col-100 elementor-field-required\">\n\t\t\t\t\t\t\t\t\t\t\t\t\t<input size=\"1\" type=\"text\" name=\"form_fields[street]\" id=\"form-field-street\" class=\"elementor-field elementor-size-sm  elementor-field-textual\" placeholder=\"Stra\u00dfe*\" required=\"required\">\n\t\t\t\t\t\t\t\t\t\t\t<\/div>\n\t\t\t\t\t\t\t\t<div class=\"elementor-field-type-textarea elementor-field-group elementor-column elementor-field-group-message elementor-col-100 elementor-field-required\">\n\t\t\t\t\t<textarea class=\"elementor-field-textual elementor-field  elementor-size-sm\" name=\"form_fields[message]\" id=\"form-field-message\" rows=\"4\" placeholder=\"Nachricht*\" required=\"required\"><\/textarea>\t\t\t\t<\/div>\n\t\t\t\t\t\t\t\t<div class=\"elementor-field-type-acceptance elementor-field-group elementor-column elementor-field-group-acceptance elementor-col-100 elementor-field-required\">\n\t\t\t\t\t\t\t<div class=\"elementor-field-subgroup\">\n\t\t\t<span class=\"elementor-field-option\">\n\t\t\t\t<input type=\"checkbox\" name=\"form_fields[acceptance]\" id=\"form-field-acceptance\" class=\"elementor-field elementor-size-sm  elementor-acceptance-field\" required=\"required\">\n\t\t\t\t<label for=\"form-field-acceptance\"><span style=\"color: white;\">Ich habe die <a href=\"https:\/\/hellicecoffee.com\/privacy-policy\/\">Datenschutzerkl\u00e4rung<\/a><\/span>  gelesen und akzeptiere sie. <\/label>\t\t\t<\/span>\n\t\t<\/div>\n\t\t\t\t\t\t<\/div>\n\t\t\t\t\t\t\t\t<div class=\"elementor-field-type-recaptcha_v3 elementor-field-group elementor-column elementor-field-group-captcha elementor-col-100 recaptcha_v3-bottomright\">\n\t\t\t\t\t<div class=\"elementor-field\" id=\"form-field-captcha\"><div class=\"elementor-g-recaptcha\" data-sitekey=\"6LeYPBcqAAAAAMPd5ROAd4lpVHkZtQ_lmi2Q4Zp4\" data-type=\"v3\" data-action=\"Form\" data-badge=\"bottomright\" data-size=\"invisible\"><\/div><\/div>\t\t\t\t<\/div>\n\t\t\t\t\t\t\t\t<div class=\"elementor-field-group elementor-column elementor-field-type-submit elementor-col-100 e-form__buttons\">\n\t\t\t\t\t<button class=\"elementor-button elementor-size-sm\" type=\"submit\">\n\t\t\t\t\t\t<span class=\"elementor-button-content-wrapper\">\n\t\t\t\t\t\t\t\t\t\t\t\t\t\t\t\t\t\t\t\t\t\t<span class=\"elementor-button-text\">Senden<\/span>\n\t\t\t\t\t\t\t\t\t\t\t\t\t<\/span>\n\t\t\t\t\t<\/button>\n\t\t\t\t<\/div>\n\t\t\t<\/div>\n\t\t<\/form>\n\t\t\t\t\t\t<\/div>\n\t\t\t\t<\/div>\n\t\t\t\t<\/div>\n\t\t\t\t<\/div>\n\t\t<div class=\"elementor-element elementor-element-28696e03 e-con-full elementor-hidden-mobile e-flex e-con e-child\" data-id=\"28696e03\" data-element_type=\"container\" data-e-type=\"container\" data-settings=\"{&quot;background_background&quot;:&quot;classic&quot;}\">\n\t\t\t\t<\/div>\n\t\t\t\t\t<\/div>\n\t\t\t\t<\/div>\n\t\t<div class=\"elementor-element elementor-element-5354e9c e-flex e-con-boxed e-con e-parent\" data-id=\"5354e9c\" data-element_type=\"container\" data-e-type=\"container\">\n\t\t\t\t\t<div class=\"e-con-inner\">\n\t\t\t\t<div class=\"elementor-element elementor-element-b0d0f6a elementor-widget elementor-widget-html\" data-id=\"b0d0f6a\" data-element_type=\"widget\" data-e-type=\"widget\" data-widget_type=\"html.default\">\n\t\t\t\t<div class=\"elementor-widget-container\">\n\t\t\t\t\t<script>\n    jQuery(document).ready(function ($) {\n    \/\/ Initially hide the specific fields\n    $('#form-field-complaint_product, #form-field-complaint_place, #form-field-complaint_date, #form-field-complaint_image, #form-field-complaint_sarsnumber, #form-field-sales_area').closest('.elementor-field-group').hide();\n\n    \/\/ Function to show\/hide fields based on the department selection\n    $('#form-field-department').change(function () {\n        var selectedValue = $(this).val();\n        \n        \/\/ If \"Panasz\" is selected, show complaint-related fields, otherwise hide them\n        if (selectedValue === 'Complaint') {\n\n            $('#form-field-complaint_product, #form-field-complaint_place, #form-field-complaint_date, #form-field-complaint_image, #form-field-complaint_sarsnumber').closest('.elementor-field-group').show();\n            \n             elementorProFrontend.modules.popup.showPopup({ id: 8581 });\n \n        } else {\n            $('#form-field-complaint_product, #form-field-complaint_place, #form-field-complaint_date, #form-field-complaint_image, #form-field-complaint_sarsnumber').closest('.elementor-field-group').hide();\n        }\n\n        \/\/ If \"\u00c9rt\u00e9kes\u00edt\u00e9s\" is selected, show the sales_area field, otherwise hide it\n        if (selectedValue === 'Sales') {\n            $('#form-field-sales_area').closest('.elementor-field-group').show();\n        } else {\n            $('#form-field-sales_area').closest('.elementor-field-group').hide();\n        }\n    });\n    \n         $('#form-field-department option:first').attr('disabled', true);\n     $('#form-field-sales_area option:first').attr('disabled', true);\n});\n\n<\/script>\t\t\t\t<\/div>\n\t\t\t\t<\/div>\n\t\t\t\t\t<\/div>\n\t\t\t\t<\/div>\n\t\t\t\t<\/div>\n\t\t","protected":false},"excerpt":{"rendered":"<p>Kontakt<\/p>\n","protected":false},"author":1,"featured_media":0,"parent":0,"menu_order":0,"comment_status":"closed","ping_status":"closed","template":"","meta":{"footnotes":""},"class_list":["post-17741","page","type-page","status-publish","hentry"],"yoast_head":"<!-- This site is optimized with the Yoast SEO plugin v27.5 - https:\/\/yoast.com\/product\/yoast-seo-wordpress\/ -->\n<title>HELL ICE COFFEE Kontakt \u2013 Kontaktinformationen und Kundenservice<\/title>\n<meta name=\"description\" content=\"Kontaktieren Sie das HELL ICE COFFEE Team! Hier finden Sie unsere Kontaktdaten, Informationen zum Kundenservice und Antworten auf Ihre Fragen. Haben Sie eine Frage? Z\u00f6gern Sie nicht, uns zu kontaktieren!\" \/>\n<meta name=\"robots\" content=\"index, follow, max-snippet:-1, max-image-preview:large, max-video-preview:-1\" \/>\n<link rel=\"canonical\" href=\"https:\/\/hellicecoffee.com\/at\/contact\/\" \/>\n<meta property=\"og:locale\" content=\"de_DE\" \/>\n<meta property=\"og:type\" content=\"article\" \/>\n<meta property=\"og:title\" content=\"HELL ICE COFFEE Kontakt \u2013 Kontaktinformationen und Kundenservice\" \/>\n<meta property=\"og:description\" content=\"Kontaktieren Sie das HELL ICE COFFEE Team! Hier finden Sie unsere Kontaktdaten, Informationen zum Kundenservice und Antworten auf Ihre Fragen. Haben Sie eine Frage? Z\u00f6gern Sie nicht, uns zu kontaktieren!\" \/>\n<meta property=\"og:url\" content=\"https:\/\/hellicecoffee.com\/at\/contact\/\" \/>\n<meta property=\"og:site_name\" content=\"HELL ICE COFFEE\" \/>\n<meta property=\"article:modified_time\" content=\"2026-02-02T10:02:30+00:00\" \/>\n<meta property=\"og:image\" content=\"https:\/\/hellicecoffee.com\/wp-content\/uploads\/2024\/09\/Blog-Megujult-a-jegeskave-termekcsalad-2.jpg\" \/>\n\t<meta property=\"og:image:width\" content=\"1980\" \/>\n\t<meta property=\"og:image:height\" content=\"1113\" \/>\n\t<meta property=\"og:image:type\" content=\"image\/jpeg\" \/>\n<meta name=\"twitter:card\" content=\"summary_large_image\" \/>\n<script type=\"application\/ld+json\" class=\"yoast-schema-graph\">{\"@context\":\"https:\\\/\\\/schema.org\",\"@graph\":[{\"@type\":\"WebPage\",\"@id\":\"https:\\\/\\\/hellicecoffee.com\\\/at\\\/contact\\\/\",\"url\":\"https:\\\/\\\/hellicecoffee.com\\\/at\\\/contact\\\/\",\"name\":\"HELL ICE COFFEE Kontakt \u2013 Kontaktinformationen und Kundenservice\",\"isPartOf\":{\"@id\":\"https:\\\/\\\/hellicecoffee.com\\\/at\\\/#website\"},\"datePublished\":\"2024-07-25T23:21:16+00:00\",\"dateModified\":\"2026-02-02T10:02:30+00:00\",\"description\":\"Kontaktieren Sie das HELL ICE COFFEE Team! Hier finden Sie unsere Kontaktdaten, Informationen zum Kundenservice und Antworten auf Ihre Fragen. Haben Sie eine Frage? Z\u00f6gern Sie nicht, uns zu kontaktieren!\",\"breadcrumb\":{\"@id\":\"https:\\\/\\\/hellicecoffee.com\\\/at\\\/contact\\\/#breadcrumb\"},\"inLanguage\":\"de-AT\",\"potentialAction\":[{\"@type\":\"ReadAction\",\"target\":[\"https:\\\/\\\/hellicecoffee.com\\\/at\\\/contact\\\/\"]}]},{\"@type\":\"BreadcrumbList\",\"@id\":\"https:\\\/\\\/hellicecoffee.com\\\/at\\\/contact\\\/#breadcrumb\",\"itemListElement\":[{\"@type\":\"ListItem\",\"position\":1,\"name\":\"Kezd\u0151lap\",\"item\":\"https:\\\/\\\/hellicecoffee.com\\\/at\\\/\"},{\"@type\":\"ListItem\",\"position\":2,\"name\":\"Kontakt\"}]},{\"@type\":\"WebSite\",\"@id\":\"https:\\\/\\\/hellicecoffee.com\\\/at\\\/#website\",\"url\":\"https:\\\/\\\/hellicecoffee.com\\\/at\\\/\",\"name\":\"HELL ICE COFFE\",\"description\":\"Val\u00f3di k\u00e1v\u00e9\u00e9lm\u00e9ny k\u00f6nnyed\u00e9n\",\"publisher\":{\"@id\":\"https:\\\/\\\/hellicecoffee.com\\\/at\\\/#organization\"},\"potentialAction\":[{\"@type\":\"SearchAction\",\"target\":{\"@type\":\"EntryPoint\",\"urlTemplate\":\"https:\\\/\\\/hellicecoffee.com\\\/at\\\/?s={search_term_string}\"},\"query-input\":{\"@type\":\"PropertyValueSpecification\",\"valueRequired\":true,\"valueName\":\"search_term_string\"}}],\"inLanguage\":\"de-AT\"},{\"@type\":\"Organization\",\"@id\":\"https:\\\/\\\/hellicecoffee.com\\\/at\\\/#organization\",\"name\":\"HELL ICE COFFE\",\"url\":\"https:\\\/\\\/hellicecoffee.com\\\/at\\\/\",\"logo\":{\"@type\":\"ImageObject\",\"inLanguage\":\"de-AT\",\"@id\":\"https:\\\/\\\/hellicecoffee.com\\\/at\\\/#\\\/schema\\\/logo\\\/image\\\/\",\"url\":\"https:\\\/\\\/hellicecoffee.com\\\/wp-content\\\/uploads\\\/2024\\\/07\\\/Group-30-2.png\",\"contentUrl\":\"https:\\\/\\\/hellicecoffee.com\\\/wp-content\\\/uploads\\\/2024\\\/07\\\/Group-30-2.png\",\"width\":181,\"height\":194,\"caption\":\"HELL ICE COFFE\"},\"image\":{\"@id\":\"https:\\\/\\\/hellicecoffee.com\\\/at\\\/#\\\/schema\\\/logo\\\/image\\\/\"}}]}<\/script>\n<!-- \/ Yoast SEO plugin. -->","yoast_head_json":{"title":"HELL ICE COFFEE Kontakt \u2013 Kontaktinformationen und Kundenservice","description":"Kontaktieren Sie das HELL ICE COFFEE Team! Hier finden Sie unsere Kontaktdaten, Informationen zum Kundenservice und Antworten auf Ihre Fragen. Haben Sie eine Frage? Z\u00f6gern Sie nicht, uns zu kontaktieren!","robots":{"index":"index","follow":"follow","max-snippet":"max-snippet:-1","max-image-preview":"max-image-preview:large","max-video-preview":"max-video-preview:-1"},"canonical":"https:\/\/hellicecoffee.com\/at\/contact\/","og_locale":"de_DE","og_type":"article","og_title":"HELL ICE COFFEE Kontakt \u2013 Kontaktinformationen und Kundenservice","og_description":"Kontaktieren Sie das HELL ICE COFFEE Team! Hier finden Sie unsere Kontaktdaten, Informationen zum Kundenservice und Antworten auf Ihre Fragen. Haben Sie eine Frage? Z\u00f6gern Sie nicht, uns zu kontaktieren!","og_url":"https:\/\/hellicecoffee.com\/at\/contact\/","og_site_name":"HELL ICE COFFEE","article_modified_time":"2026-02-02T10:02:30+00:00","og_image":[{"width":1980,"height":1113,"url":"https:\/\/hellicecoffee.com\/wp-content\/uploads\/2024\/09\/Blog-Megujult-a-jegeskave-termekcsalad-2.jpg","type":"image\/jpeg"}],"twitter_card":"summary_large_image","schema":{"@context":"https:\/\/schema.org","@graph":[{"@type":"WebPage","@id":"https:\/\/hellicecoffee.com\/at\/contact\/","url":"https:\/\/hellicecoffee.com\/at\/contact\/","name":"HELL ICE COFFEE Kontakt \u2013 Kontaktinformationen und Kundenservice","isPartOf":{"@id":"https:\/\/hellicecoffee.com\/at\/#website"},"datePublished":"2024-07-25T23:21:16+00:00","dateModified":"2026-02-02T10:02:30+00:00","description":"Kontaktieren Sie das HELL ICE COFFEE Team! Hier finden Sie unsere Kontaktdaten, Informationen zum Kundenservice und Antworten auf Ihre Fragen. Haben Sie eine Frage? Z\u00f6gern Sie nicht, uns zu kontaktieren!","breadcrumb":{"@id":"https:\/\/hellicecoffee.com\/at\/contact\/#breadcrumb"},"inLanguage":"de-AT","potentialAction":[{"@type":"ReadAction","target":["https:\/\/hellicecoffee.com\/at\/contact\/"]}]},{"@type":"BreadcrumbList","@id":"https:\/\/hellicecoffee.com\/at\/contact\/#breadcrumb","itemListElement":[{"@type":"ListItem","position":1,"name":"Kezd\u0151lap","item":"https:\/\/hellicecoffee.com\/at\/"},{"@type":"ListItem","position":2,"name":"Kontakt"}]},{"@type":"WebSite","@id":"https:\/\/hellicecoffee.com\/at\/#website","url":"https:\/\/hellicecoffee.com\/at\/","name":"HELL ICE COFFE","description":"Val\u00f3di k\u00e1v\u00e9\u00e9lm\u00e9ny k\u00f6nnyed\u00e9n","publisher":{"@id":"https:\/\/hellicecoffee.com\/at\/#organization"},"potentialAction":[{"@type":"SearchAction","target":{"@type":"EntryPoint","urlTemplate":"https:\/\/hellicecoffee.com\/at\/?s={search_term_string}"},"query-input":{"@type":"PropertyValueSpecification","valueRequired":true,"valueName":"search_term_string"}}],"inLanguage":"de-AT"},{"@type":"Organization","@id":"https:\/\/hellicecoffee.com\/at\/#organization","name":"HELL ICE COFFE","url":"https:\/\/hellicecoffee.com\/at\/","logo":{"@type":"ImageObject","inLanguage":"de-AT","@id":"https:\/\/hellicecoffee.com\/at\/#\/schema\/logo\/image\/","url":"https:\/\/hellicecoffee.com\/wp-content\/uploads\/2024\/07\/Group-30-2.png","contentUrl":"https:\/\/hellicecoffee.com\/wp-content\/uploads\/2024\/07\/Group-30-2.png","width":181,"height":194,"caption":"HELL ICE COFFE"},"image":{"@id":"https:\/\/hellicecoffee.com\/at\/#\/schema\/logo\/image\/"}}]}},"_links":{"self":[{"href":"https:\/\/hellicecoffee.com\/at\/wp-json\/wp\/v2\/pages\/17741","targetHints":{"allow":["GET"]}}],"collection":[{"href":"https:\/\/hellicecoffee.com\/at\/wp-json\/wp\/v2\/pages"}],"about":[{"href":"https:\/\/hellicecoffee.com\/at\/wp-json\/wp\/v2\/types\/page"}],"author":[{"embeddable":true,"href":"https:\/\/hellicecoffee.com\/at\/wp-json\/wp\/v2\/users\/1"}],"replies":[{"embeddable":true,"href":"https:\/\/hellicecoffee.com\/at\/wp-json\/wp\/v2\/comments?post=17741"}],"version-history":[{"count":4,"href":"https:\/\/hellicecoffee.com\/at\/wp-json\/wp\/v2\/pages\/17741\/revisions"}],"predecessor-version":[{"id":17840,"href":"https:\/\/hellicecoffee.com\/at\/wp-json\/wp\/v2\/pages\/17741\/revisions\/17840"}],"wp:attachment":[{"href":"https:\/\/hellicecoffee.com\/at\/wp-json\/wp\/v2\/media?parent=17741"}],"curies":[{"name":"wp","href":"https:\/\/api.w.org\/{rel}","templated":true}]}}