{"id":17745,"date":"2024-08-15T13:48:16","date_gmt":"2024-08-15T11:48:16","guid":{"rendered":"https:\/\/hellicecoffee.com\/products\/"},"modified":"2026-04-16T11:05:06","modified_gmt":"2026-04-16T09:05:06","slug":"products","status":"publish","type":"page","link":"https:\/\/hellicecoffee.com\/at\/products\/","title":{"rendered":"Produkte"},"content":{"rendered":"\t\t<div data-elementor-type=\"wp-page\" data-elementor-id=\"17745\" class=\"elementor elementor-17745 elementor-2367\" data-elementor-post-type=\"page\">\n\t\t\t\t<div class=\"elementor-element elementor-element-1aacfbec e-flex e-con-boxed e-con e-parent\" data-id=\"1aacfbec\" data-element_type=\"container\" data-e-type=\"container\" id=\"middle\" data-settings=\"{&quot;background_background&quot;:&quot;classic&quot;}\">\n\t\t\t\t\t<div class=\"e-con-inner\">\n\t\t<div class=\"elementor-element elementor-element-63c05791 e-grid e-con-full e-con e-child\" data-id=\"63c05791\" data-element_type=\"container\" data-e-type=\"container\">\n\t\t<div class=\"elementor-element elementor-element-8ab49e9 e-con-full img-close e-flex e-con e-child\" data-id=\"8ab49e9\" data-element_type=\"container\" data-e-type=\"container\" id=\"coffepop\">\n\t\t\t\t<div class=\"elementor-element elementor-element-f2748e5 elementor-absolute back-blue elementor-widget elementor-widget-image\" data-id=\"f2748e5\" data-element_type=\"widget\" data-e-type=\"widget\" data-settings=\"{&quot;_position&quot;:&quot;absolute&quot;}\" data-widget_type=\"image.default\">\n\t\t\t\t<div class=\"elementor-widget-container\">\n\t\t\t\t\t\t\t\t\t\t\t\t\t\t\t<img fetchpriority=\"high\" decoding=\"async\" width=\"800\" height=\"800\" src=\"https:\/\/hellicecoffee.com\/wp-content\/uploads\/2024\/09\/Rectangle-58-1-1.png\" class=\"attachment-large size-large wp-image-4773\" alt=\"\" srcset=\"https:\/\/hellicecoffee.com\/wp-content\/uploads\/2024\/09\/Rectangle-58-1-1.png 1002w, https:\/\/hellicecoffee.com\/wp-content\/uploads\/2024\/09\/Rectangle-58-1-1-300x300.png 300w, https:\/\/hellicecoffee.com\/wp-content\/uploads\/2024\/09\/Rectangle-58-1-1-150x150.png 150w, https:\/\/hellicecoffee.com\/wp-content\/uploads\/2024\/09\/Rectangle-58-1-1-768x768.png 768w, https:\/\/hellicecoffee.com\/wp-content\/uploads\/2024\/09\/Rectangle-58-1-1-700x700.png 700w\" sizes=\"(max-width: 800px) 100vw, 800px\" \/>\t\t\t\t\t\t\t\t\t\t\t\t\t\t\t<\/div>\n\t\t\t\t<\/div>\n\t\t\t\t<div class=\"elementor-element elementor-element-c509b57 front-blue elementor-widget elementor-widget-image\" data-id=\"c509b57\" data-element_type=\"widget\" data-e-type=\"widget\" data-widget_type=\"image.default\">\n\t\t\t\t<div class=\"elementor-widget-container\">\n\t\t\t\t\t\t\t\t\t\t\t\t\t\t\t\t<a href=\"#elementor-action%3Aaction%3Dpopup%3Aopen%26settings%3DeyJpZCI6MTc3NzIsInRvZ2dsZSI6ZmFsc2V9\">\n\t\t\t\t\t\t\t<img decoding=\"async\" width=\"533\" height=\"1024\" src=\"https:\/\/hellicecoffee.com\/wp-content\/uploads\/2026\/04\/HELL-ICE_COFFEE_LATTE_02-533x1024.png\" class=\"attachment-large size-large wp-image-18236\" alt=\"\" srcset=\"https:\/\/hellicecoffee.com\/wp-content\/uploads\/2026\/04\/HELL-ICE_COFFEE_LATTE_02-533x1024.png 533w, https:\/\/hellicecoffee.com\/wp-content\/uploads\/2026\/04\/HELL-ICE_COFFEE_LATTE_02-156x300.png 156w, https:\/\/hellicecoffee.com\/wp-content\/uploads\/2026\/04\/HELL-ICE_COFFEE_LATTE_02-768x1475.png 768w, https:\/\/hellicecoffee.com\/wp-content\/uploads\/2026\/04\/HELL-ICE_COFFEE_LATTE_02-800x1536.png 800w, https:\/\/hellicecoffee.com\/wp-content\/uploads\/2026\/04\/HELL-ICE_COFFEE_LATTE_02-1067x2048.png 1067w, https:\/\/hellicecoffee.com\/wp-content\/uploads\/2026\/04\/HELL-ICE_COFFEE_LATTE_02-scaled.png 1333w\" sizes=\"(max-width: 533px) 100vw, 533px\" \/>\t\t\t\t\t\t\t\t<\/a>\n\t\t\t\t\t\t\t\t\t\t\t\t\t\t\t<\/div>\n\t\t\t\t<\/div>\n\t\t\t\t<div class=\"elementor-element elementor-element-9789e14 elementor-widget elementor-widget-text-editor\" data-id=\"9789e14\" data-element_type=\"widget\" data-e-type=\"widget\" data-widget_type=\"text-editor.default\">\n\t\t\t\t<div class=\"elementor-widget-container\">\n\t\t\t\t\t\t\t\t\t<p>HELL ICE COFFEE<br \/>\nLATTE<\/p>\n\t\t\t\t\t\t\t\t<\/div>\n\t\t\t\t<\/div>\n\t\t\t\t<\/div>\n\t\t<div class=\"elementor-element elementor-element-43193b54 e-con-full img-close e-flex e-con e-child\" data-id=\"43193b54\" data-element_type=\"container\" data-e-type=\"container\" id=\"coffe-4\">\n\t\t\t\t<div class=\"elementor-element elementor-element-5b00c6f0 elementor-absolute back-blue elementor-widget elementor-widget-image\" data-id=\"5b00c6f0\" data-element_type=\"widget\" data-e-type=\"widget\" data-settings=\"{&quot;_position&quot;:&quot;absolute&quot;}\" data-widget_type=\"image.default\">\n\t\t\t\t<div class=\"elementor-widget-container\">\n\t\t\t\t\t\t\t\t\t\t\t\t\t\t\t<img decoding=\"async\" width=\"800\" height=\"800\" src=\"https:\/\/hellicecoffee.com\/wp-content\/uploads\/2024\/09\/Rectangle-58-4-1.png\" class=\"attachment-large size-large wp-image-4750\" alt=\"\" srcset=\"https:\/\/hellicecoffee.com\/wp-content\/uploads\/2024\/09\/Rectangle-58-4-1.png 1002w, https:\/\/hellicecoffee.com\/wp-content\/uploads\/2024\/09\/Rectangle-58-4-1-300x300.png 300w, https:\/\/hellicecoffee.com\/wp-content\/uploads\/2024\/09\/Rectangle-58-4-1-150x150.png 150w, https:\/\/hellicecoffee.com\/wp-content\/uploads\/2024\/09\/Rectangle-58-4-1-768x768.png 768w, https:\/\/hellicecoffee.com\/wp-content\/uploads\/2024\/09\/Rectangle-58-4-1-700x700.png 700w\" sizes=\"(max-width: 800px) 100vw, 800px\" \/>\t\t\t\t\t\t\t\t\t\t\t\t\t\t\t<\/div>\n\t\t\t\t<\/div>\n\t\t\t\t<div class=\"elementor-element elementor-element-5563dfb2 front-blue elementor-widget elementor-widget-image\" data-id=\"5563dfb2\" data-element_type=\"widget\" data-e-type=\"widget\" data-widget_type=\"image.default\">\n\t\t\t\t<div class=\"elementor-widget-container\">\n\t\t\t\t\t\t\t\t\t\t\t\t\t\t\t\t<a href=\"#elementor-action%3Aaction%3Dpopup%3Aopen%26settings%3DeyJpZCI6MTc3NzIsInRvZ2dsZSI6ZmFsc2V9\">\n\t\t\t\t\t\t\t<img loading=\"lazy\" decoding=\"async\" width=\"533\" height=\"1024\" src=\"https:\/\/hellicecoffee.com\/wp-content\/uploads\/2026\/04\/HELL-ICE_COFFEE_CAPPUCCINO_02-533x1024.png\" class=\"attachment-large size-large wp-image-18208\" alt=\"\" srcset=\"https:\/\/hellicecoffee.com\/wp-content\/uploads\/2026\/04\/HELL-ICE_COFFEE_CAPPUCCINO_02-533x1024.png 533w, https:\/\/hellicecoffee.com\/wp-content\/uploads\/2026\/04\/HELL-ICE_COFFEE_CAPPUCCINO_02-156x300.png 156w, https:\/\/hellicecoffee.com\/wp-content\/uploads\/2026\/04\/HELL-ICE_COFFEE_CAPPUCCINO_02-768x1475.png 768w, https:\/\/hellicecoffee.com\/wp-content\/uploads\/2026\/04\/HELL-ICE_COFFEE_CAPPUCCINO_02-800x1536.png 800w, https:\/\/hellicecoffee.com\/wp-content\/uploads\/2026\/04\/HELL-ICE_COFFEE_CAPPUCCINO_02-1067x2048.png 1067w, https:\/\/hellicecoffee.com\/wp-content\/uploads\/2026\/04\/HELL-ICE_COFFEE_CAPPUCCINO_02-scaled.png 1333w\" sizes=\"(max-width: 533px) 100vw, 533px\" \/>\t\t\t\t\t\t\t\t<\/a>\n\t\t\t\t\t\t\t\t\t\t\t\t\t\t\t<\/div>\n\t\t\t\t<\/div>\n\t\t\t\t<div class=\"elementor-element elementor-element-4dcbeb6c elementor-widget elementor-widget-text-editor\" data-id=\"4dcbeb6c\" data-element_type=\"widget\" data-e-type=\"widget\" data-widget_type=\"text-editor.default\">\n\t\t\t\t<div class=\"elementor-widget-container\">\n\t\t\t\t\t\t\t\t\t<p>HELL ICE COFFEE<br \/>\nCAPPUCCINO<\/p>\n\t\t\t\t\t\t\t\t<\/div>\n\t\t\t\t<\/div>\n\t\t\t\t<\/div>\n\t\t\t\t<\/div>\n\t\t\t\t\t<\/div>\n\t\t\t\t<\/div>\n\t\t<div class=\"elementor-element elementor-element-61198c8a e-flex e-con-boxed e-con e-parent\" data-id=\"61198c8a\" data-element_type=\"container\" data-e-type=\"container\">\n\t\t\t\t\t<div class=\"e-con-inner\">\n\t\t\t\t<div class=\"elementor-element elementor-element-6ee32783 elementor-widget elementor-widget-html\" data-id=\"6ee32783\" data-element_type=\"widget\" data-e-type=\"widget\" data-widget_type=\"html.default\">\n\t\t\t\t<div class=\"elementor-widget-container\">\n\t\t\t\t\t<script>\r\njQuery(document).ready(function() {\r\njQuery('#coffe-2').on(\"click\", function() {\r\n    setTimeout(function() {\r\n        jQuery('.slick-slide').css('transform', 'translate3d(-100%, 0px, 0px)');\r\n    }, 100); \/\/ Adjust the delay as needed\r\n});\r\n\r\njQuery('#coffe-3').on(\"click\", function() {\r\n    setTimeout(function() {\r\n        jQuery('.slick-slide').css('transform', 'translate3d(-200%, 0px, 0px)');\r\n    }, 100); \/\/ Adjust the delay as needed\r\n});\r\n\r\njQuery('#coffe-4').on(\"click\", function() {\r\n    setTimeout(function() {\r\n        jQuery('.slick-slide').css('transform', 'translate3d(-300%, 0px, 0px)');\r\n    }, 100); \/\/ Adjust the delay as needed\r\n});\r\n\r\njQuery('#coffe-5').on(\"click\", function() {\r\n    setTimeout(function() {\r\n        jQuery('.slick-slide').css('transform', 'translate3d(-400%, 0px, 0px)');\r\n    }, 100); \/\/ Adjust the delay as needed\r\n});\r\n\r\njQuery('#coffe-6').on(\"click\", function() {\r\n    setTimeout(function() {\r\n        jQuery('.slick-slide').css('transform', 'translate3d(-500%, 0px, 0px)');\r\n    }, 100); \/\/ Adjust the delay as needed\r\n});\r\n\r\njQuery('#coffe-7').on(\"click\", function() {\r\n    setTimeout(function() {\r\n        jQuery('.slick-slide').css('transform', 'translate3d(-600%, 0px, 0px)');\r\n    }, 100); \/\/ Adjust the delay as needed\r\n});\r\n\r\njQuery('#coffe-8').on(\"click\", function() {\r\n    setTimeout(function() {\r\n        jQuery('.slick-slide').css('transform', 'translate3d(-700%, 0px, 0px)');\r\n    }, 100); \/\/ Adjust the delay as needed\r\n});\r\njQuery('#coffe-9').on(\"click\", function() {\r\n    setTimeout(function() {\r\n        jQuery('.slick-slide').css('transform', 'translate3d(-800%, 0px, 0px)');\r\n    }, 100); \/\/ Adjust the delay as needed\r\n});\r\n\r\n});\r\n<\/script>\r\n\t\t\t\t<\/div>\n\t\t\t\t<\/div>\n\t\t\t\t\t<\/div>\n\t\t\t\t<\/div>\n\t\t\t\t<\/div>\n\t\t","protected":false},"excerpt":{"rendered":"<p>HELL ICE COFFEE LATTE HELL ICE COFFEE CAPPUCCINO<\/p>\n","protected":false},"author":1,"featured_media":0,"parent":0,"menu_order":0,"comment_status":"closed","ping_status":"closed","template":"elementor_header_footer","meta":{"footnotes":""},"class_list":["post-17745","page","type-page","status-publish","hentry"],"yoast_head":"<!-- This site is optimized with the Yoast SEO plugin v27.5 - https:\/\/yoast.com\/product\/yoast-seo-wordpress\/ -->\n<title>HELL ICE COFFEE Produkte \u2013 Premium Eiskaffees, k\u00f6stliche Geschmacksrichtungen<\/title>\n<meta name=\"description\" content=\"Entdecken Sie die Produktpalette von HELL ICE COFFEE! Probieren Sie unsere einzigartigen Eiskaffees, wie Latte, Cappuccino oder Getr\u00e4nke mit Lebkuchengeschmack. Erfrischender Geschmack und ein k\u00f6stliches Erlebnis bei jedem Schluck \u2013 in Aluminiumdosen.\" \/>\n<meta name=\"robots\" content=\"index, follow, max-snippet:-1, max-image-preview:large, max-video-preview:-1\" \/>\n<link rel=\"canonical\" href=\"https:\/\/hellicecoffee.com\/at\/products\/\" \/>\n<meta property=\"og:locale\" content=\"de_DE\" \/>\n<meta property=\"og:type\" content=\"article\" \/>\n<meta property=\"og:title\" content=\"HELL ICE COFFEE Produkte \u2013 Premium Eiskaffees, k\u00f6stliche Geschmacksrichtungen\" \/>\n<meta property=\"og:description\" content=\"Entdecken Sie die Produktpalette von HELL ICE COFFEE! Probieren Sie unsere einzigartigen Eiskaffees, wie Latte, Cappuccino oder Getr\u00e4nke mit Lebkuchengeschmack. Erfrischender Geschmack und ein k\u00f6stliches Erlebnis bei jedem Schluck \u2013 in Aluminiumdosen.\" \/>\n<meta property=\"og:url\" content=\"https:\/\/hellicecoffee.com\/at\/products\/\" \/>\n<meta property=\"og:site_name\" content=\"HELL ICE COFFEE\" \/>\n<meta property=\"article:modified_time\" content=\"2026-04-16T09:05:06+00:00\" \/>\n<meta property=\"og:image\" content=\"https:\/\/hellicecoffee.com\/wp-content\/uploads\/2024\/09\/Blog-Megujult-a-jegeskave-termekcsalad-2.jpg\" \/>\n\t<meta property=\"og:image:width\" content=\"1980\" \/>\n\t<meta property=\"og:image:height\" content=\"1113\" \/>\n\t<meta property=\"og:image:type\" content=\"image\/jpeg\" \/>\n<meta name=\"twitter:card\" content=\"summary_large_image\" \/>\n<meta name=\"twitter:label1\" content=\"Gesch\u00e4tzte Lesezeit\" \/>\n\t<meta name=\"twitter:data1\" content=\"1 Minute\" \/>\n<script type=\"application\/ld+json\" class=\"yoast-schema-graph\">{\"@context\":\"https:\\\/\\\/schema.org\",\"@graph\":[{\"@type\":\"WebPage\",\"@id\":\"https:\\\/\\\/hellicecoffee.com\\\/at\\\/products\\\/\",\"url\":\"https:\\\/\\\/hellicecoffee.com\\\/at\\\/products\\\/\",\"name\":\"HELL ICE COFFEE Produkte \u2013 Premium Eiskaffees, k\u00f6stliche Geschmacksrichtungen\",\"isPartOf\":{\"@id\":\"https:\\\/\\\/hellicecoffee.com\\\/at\\\/#website\"},\"primaryImageOfPage\":{\"@id\":\"https:\\\/\\\/hellicecoffee.com\\\/at\\\/products\\\/#primaryimage\"},\"image\":{\"@id\":\"https:\\\/\\\/hellicecoffee.com\\\/at\\\/products\\\/#primaryimage\"},\"thumbnailUrl\":\"https:\\\/\\\/hellicecoffee.com\\\/wp-content\\\/uploads\\\/2024\\\/09\\\/Rectangle-58-1-1.png\",\"datePublished\":\"2024-08-15T11:48:16+00:00\",\"dateModified\":\"2026-04-16T09:05:06+00:00\",\"description\":\"Entdecken Sie die Produktpalette von HELL ICE COFFEE! Probieren Sie unsere einzigartigen Eiskaffees, wie Latte, Cappuccino oder Getr\u00e4nke mit Lebkuchengeschmack. Erfrischender Geschmack und ein k\u00f6stliches Erlebnis bei jedem Schluck \u2013 in Aluminiumdosen.\",\"breadcrumb\":{\"@id\":\"https:\\\/\\\/hellicecoffee.com\\\/at\\\/products\\\/#breadcrumb\"},\"inLanguage\":\"de-AT\",\"potentialAction\":[{\"@type\":\"ReadAction\",\"target\":[\"https:\\\/\\\/hellicecoffee.com\\\/at\\\/products\\\/\"]}]},{\"@type\":\"ImageObject\",\"inLanguage\":\"de-AT\",\"@id\":\"https:\\\/\\\/hellicecoffee.com\\\/at\\\/products\\\/#primaryimage\",\"url\":\"https:\\\/\\\/hellicecoffee.com\\\/wp-content\\\/uploads\\\/2024\\\/09\\\/Rectangle-58-1-1.png\",\"contentUrl\":\"https:\\\/\\\/hellicecoffee.com\\\/wp-content\\\/uploads\\\/2024\\\/09\\\/Rectangle-58-1-1.png\"},{\"@type\":\"BreadcrumbList\",\"@id\":\"https:\\\/\\\/hellicecoffee.com\\\/at\\\/products\\\/#breadcrumb\",\"itemListElement\":[{\"@type\":\"ListItem\",\"position\":1,\"name\":\"Kezd\u0151lap\",\"item\":\"https:\\\/\\\/hellicecoffee.com\\\/at\\\/\"},{\"@type\":\"ListItem\",\"position\":2,\"name\":\"Produkte\"}]},{\"@type\":\"WebSite\",\"@id\":\"https:\\\/\\\/hellicecoffee.com\\\/at\\\/#website\",\"url\":\"https:\\\/\\\/hellicecoffee.com\\\/at\\\/\",\"name\":\"HELL ICE COFFE\",\"description\":\"Val\u00f3di k\u00e1v\u00e9\u00e9lm\u00e9ny k\u00f6nnyed\u00e9n\",\"publisher\":{\"@id\":\"https:\\\/\\\/hellicecoffee.com\\\/at\\\/#organization\"},\"potentialAction\":[{\"@type\":\"SearchAction\",\"target\":{\"@type\":\"EntryPoint\",\"urlTemplate\":\"https:\\\/\\\/hellicecoffee.com\\\/at\\\/?s={search_term_string}\"},\"query-input\":{\"@type\":\"PropertyValueSpecification\",\"valueRequired\":true,\"valueName\":\"search_term_string\"}}],\"inLanguage\":\"de-AT\"},{\"@type\":\"Organization\",\"@id\":\"https:\\\/\\\/hellicecoffee.com\\\/at\\\/#organization\",\"name\":\"HELL ICE COFFE\",\"url\":\"https:\\\/\\\/hellicecoffee.com\\\/at\\\/\",\"logo\":{\"@type\":\"ImageObject\",\"inLanguage\":\"de-AT\",\"@id\":\"https:\\\/\\\/hellicecoffee.com\\\/at\\\/#\\\/schema\\\/logo\\\/image\\\/\",\"url\":\"https:\\\/\\\/hellicecoffee.com\\\/wp-content\\\/uploads\\\/2024\\\/07\\\/Group-30-2.png\",\"contentUrl\":\"https:\\\/\\\/hellicecoffee.com\\\/wp-content\\\/uploads\\\/2024\\\/07\\\/Group-30-2.png\",\"width\":181,\"height\":194,\"caption\":\"HELL ICE COFFE\"},\"image\":{\"@id\":\"https:\\\/\\\/hellicecoffee.com\\\/at\\\/#\\\/schema\\\/logo\\\/image\\\/\"}}]}<\/script>\n<!-- \/ Yoast SEO plugin. -->","yoast_head_json":{"title":"HELL ICE COFFEE Produkte \u2013 Premium Eiskaffees, k\u00f6stliche Geschmacksrichtungen","description":"Entdecken Sie die Produktpalette von HELL ICE COFFEE! Probieren Sie unsere einzigartigen Eiskaffees, wie Latte, Cappuccino oder Getr\u00e4nke mit Lebkuchengeschmack. Erfrischender Geschmack und ein k\u00f6stliches Erlebnis bei jedem Schluck \u2013 in Aluminiumdosen.","robots":{"index":"index","follow":"follow","max-snippet":"max-snippet:-1","max-image-preview":"max-image-preview:large","max-video-preview":"max-video-preview:-1"},"canonical":"https:\/\/hellicecoffee.com\/at\/products\/","og_locale":"de_DE","og_type":"article","og_title":"HELL ICE COFFEE Produkte \u2013 Premium Eiskaffees, k\u00f6stliche Geschmacksrichtungen","og_description":"Entdecken Sie die Produktpalette von HELL ICE COFFEE! Probieren Sie unsere einzigartigen Eiskaffees, wie Latte, Cappuccino oder Getr\u00e4nke mit Lebkuchengeschmack. Erfrischender Geschmack und ein k\u00f6stliches Erlebnis bei jedem Schluck \u2013 in Aluminiumdosen.","og_url":"https:\/\/hellicecoffee.com\/at\/products\/","og_site_name":"HELL ICE COFFEE","article_modified_time":"2026-04-16T09:05:06+00:00","og_image":[{"width":1980,"height":1113,"url":"https:\/\/hellicecoffee.com\/wp-content\/uploads\/2024\/09\/Blog-Megujult-a-jegeskave-termekcsalad-2.jpg","type":"image\/jpeg"}],"twitter_card":"summary_large_image","twitter_misc":{"Gesch\u00e4tzte Lesezeit":"1 Minute"},"schema":{"@context":"https:\/\/schema.org","@graph":[{"@type":"WebPage","@id":"https:\/\/hellicecoffee.com\/at\/products\/","url":"https:\/\/hellicecoffee.com\/at\/products\/","name":"HELL ICE COFFEE Produkte \u2013 Premium Eiskaffees, k\u00f6stliche Geschmacksrichtungen","isPartOf":{"@id":"https:\/\/hellicecoffee.com\/at\/#website"},"primaryImageOfPage":{"@id":"https:\/\/hellicecoffee.com\/at\/products\/#primaryimage"},"image":{"@id":"https:\/\/hellicecoffee.com\/at\/products\/#primaryimage"},"thumbnailUrl":"https:\/\/hellicecoffee.com\/wp-content\/uploads\/2024\/09\/Rectangle-58-1-1.png","datePublished":"2024-08-15T11:48:16+00:00","dateModified":"2026-04-16T09:05:06+00:00","description":"Entdecken Sie die Produktpalette von HELL ICE COFFEE! Probieren Sie unsere einzigartigen Eiskaffees, wie Latte, Cappuccino oder Getr\u00e4nke mit Lebkuchengeschmack. Erfrischender Geschmack und ein k\u00f6stliches Erlebnis bei jedem Schluck \u2013 in Aluminiumdosen.","breadcrumb":{"@id":"https:\/\/hellicecoffee.com\/at\/products\/#breadcrumb"},"inLanguage":"de-AT","potentialAction":[{"@type":"ReadAction","target":["https:\/\/hellicecoffee.com\/at\/products\/"]}]},{"@type":"ImageObject","inLanguage":"de-AT","@id":"https:\/\/hellicecoffee.com\/at\/products\/#primaryimage","url":"https:\/\/hellicecoffee.com\/wp-content\/uploads\/2024\/09\/Rectangle-58-1-1.png","contentUrl":"https:\/\/hellicecoffee.com\/wp-content\/uploads\/2024\/09\/Rectangle-58-1-1.png"},{"@type":"BreadcrumbList","@id":"https:\/\/hellicecoffee.com\/at\/products\/#breadcrumb","itemListElement":[{"@type":"ListItem","position":1,"name":"Kezd\u0151lap","item":"https:\/\/hellicecoffee.com\/at\/"},{"@type":"ListItem","position":2,"name":"Produkte"}]},{"@type":"WebSite","@id":"https:\/\/hellicecoffee.com\/at\/#website","url":"https:\/\/hellicecoffee.com\/at\/","name":"HELL ICE COFFE","description":"Val\u00f3di k\u00e1v\u00e9\u00e9lm\u00e9ny k\u00f6nnyed\u00e9n","publisher":{"@id":"https:\/\/hellicecoffee.com\/at\/#organization"},"potentialAction":[{"@type":"SearchAction","target":{"@type":"EntryPoint","urlTemplate":"https:\/\/hellicecoffee.com\/at\/?s={search_term_string}"},"query-input":{"@type":"PropertyValueSpecification","valueRequired":true,"valueName":"search_term_string"}}],"inLanguage":"de-AT"},{"@type":"Organization","@id":"https:\/\/hellicecoffee.com\/at\/#organization","name":"HELL ICE COFFE","url":"https:\/\/hellicecoffee.com\/at\/","logo":{"@type":"ImageObject","inLanguage":"de-AT","@id":"https:\/\/hellicecoffee.com\/at\/#\/schema\/logo\/image\/","url":"https:\/\/hellicecoffee.com\/wp-content\/uploads\/2024\/07\/Group-30-2.png","contentUrl":"https:\/\/hellicecoffee.com\/wp-content\/uploads\/2024\/07\/Group-30-2.png","width":181,"height":194,"caption":"HELL ICE COFFE"},"image":{"@id":"https:\/\/hellicecoffee.com\/at\/#\/schema\/logo\/image\/"}}]}},"_links":{"self":[{"href":"https:\/\/hellicecoffee.com\/at\/wp-json\/wp\/v2\/pages\/17745","targetHints":{"allow":["GET"]}}],"collection":[{"href":"https:\/\/hellicecoffee.com\/at\/wp-json\/wp\/v2\/pages"}],"about":[{"href":"https:\/\/hellicecoffee.com\/at\/wp-json\/wp\/v2\/types\/page"}],"author":[{"embeddable":true,"href":"https:\/\/hellicecoffee.com\/at\/wp-json\/wp\/v2\/users\/1"}],"replies":[{"embeddable":true,"href":"https:\/\/hellicecoffee.com\/at\/wp-json\/wp\/v2\/comments?post=17745"}],"version-history":[{"count":7,"href":"https:\/\/hellicecoffee.com\/at\/wp-json\/wp\/v2\/pages\/17745\/revisions"}],"predecessor-version":[{"id":18380,"href":"https:\/\/hellicecoffee.com\/at\/wp-json\/wp\/v2\/pages\/17745\/revisions\/18380"}],"wp:attachment":[{"href":"https:\/\/hellicecoffee.com\/at\/wp-json\/wp\/v2\/media?parent=17745"}],"curies":[{"name":"wp","href":"https:\/\/api.w.org\/{rel}","templated":true}]}}