{"id":17207,"date":"2024-09-29T16:11:45","date_gmt":"2024-09-29T14:11:45","guid":{"rendered":"https:\/\/hellicecoffee.com\/%d0%b1%d0%bb%d0%be%d0%b3\/"},"modified":"2025-12-04T11:48:20","modified_gmt":"2025-12-04T10:48:20","slug":"%d0%b1%d0%bb%d0%be%d0%b3","status":"publish","type":"page","link":"https:\/\/hellicecoffee.com\/bg\/%d0%b1%d0%bb%d0%be%d0%b3\/","title":{"rendered":"\u0431\u043b\u043e\u0433"},"content":{"rendered":"\t\t<div data-elementor-type=\"wp-page\" data-elementor-id=\"17207\" class=\"elementor elementor-17207 elementor-6216\" data-elementor-post-type=\"page\">\n\t\t\t\t<div class=\"elementor-element elementor-element-c6630cf e-flex e-con-boxed e-con e-parent\" data-id=\"c6630cf\" data-element_type=\"container\" data-e-type=\"container\">\n\t\t\t\t\t<div class=\"e-con-inner\">\n\t\t\t\t<div class=\"elementor-element elementor-element-4290930 elementor-widget elementor-widget-heading\" data-id=\"4290930\" data-element_type=\"widget\" data-e-type=\"widget\" data-widget_type=\"heading.default\">\n\t\t\t\t<div class=\"elementor-widget-container\">\n\t\t\t\t\t<h1 class=\"elementor-heading-title elementor-size-default\">\u0411\u041b\u041e\u0413<\/h1>\t\t\t\t<\/div>\n\t\t\t\t<\/div>\n\t\t\t\t\t<\/div>\n\t\t\t\t<\/div>\n\t\t<div class=\"elementor-element elementor-element-bd68303 e-flex e-con-boxed e-con e-parent\" data-id=\"bd68303\" data-element_type=\"container\" data-e-type=\"container\">\n\t\t\t\t\t<div class=\"e-con-inner\">\n\t\t\t\t<div class=\"elementor-element elementor-element-0ef6f99 elementor-posts--align-left elementor-grid-3 elementor-grid-tablet-2 elementor-grid-mobile-1 elementor-posts--thumbnail-top elementor-widget elementor-widget-posts\" data-id=\"0ef6f99\" data-element_type=\"widget\" data-e-type=\"widget\" data-settings=\"{&quot;classic_columns&quot;:&quot;3&quot;,&quot;classic_columns_tablet&quot;:&quot;2&quot;,&quot;classic_columns_mobile&quot;:&quot;1&quot;,&quot;classic_row_gap&quot;:{&quot;unit&quot;:&quot;px&quot;,&quot;size&quot;:35,&quot;sizes&quot;:[]},&quot;classic_row_gap_tablet&quot;:{&quot;unit&quot;:&quot;px&quot;,&quot;size&quot;:&quot;&quot;,&quot;sizes&quot;:[]},&quot;classic_row_gap_mobile&quot;:{&quot;unit&quot;:&quot;px&quot;,&quot;size&quot;:&quot;&quot;,&quot;sizes&quot;:[]}}\" data-widget_type=\"posts.classic\">\n\t\t\t\t<div class=\"elementor-widget-container\">\n\t\t\t\t\t\t\t<div class=\"elementor-posts-container elementor-posts elementor-posts--skin-classic elementor-grid\" role=\"list\">\n\t\t\t\t<article class=\"elementor-post elementor-grid-item post-17488 post type-post status-publish format-standard has-post-thumbnail hentry category-blog\" role=\"listitem\">\n\t\t\t\t<a class=\"elementor-post__thumbnail__link\" href=\"https:\/\/hellicecoffee.com\/bg\/blog\/%d0%bf%d1%80%d0%b5%d0%b4%d1%81%d1%82%d0%b0%d0%b2%d1%8f%d0%bc%d0%b5-%d0%b2%d0%b8-%d0%bd%d0%be%d0%b2%d0%be%d1%82%d0%be-hell-ice-coffee-pistachio\/\" tabindex=\"-1\" >\n\t\t\t<div class=\"elementor-post__thumbnail\"><img fetchpriority=\"high\" decoding=\"async\" width=\"800\" height=\"450\" src=\"https:\/\/hellicecoffee.com\/wp-content\/uploads\/2025\/12\/HI2500000142_pisztacia_weboldal_kep-1024x576.jpg\" class=\"attachment-large size-large wp-image-17552\" alt=\"\" srcset=\"https:\/\/hellicecoffee.com\/wp-content\/uploads\/2025\/12\/HI2500000142_pisztacia_weboldal_kep-1024x576.jpg 1024w, https:\/\/hellicecoffee.com\/wp-content\/uploads\/2025\/12\/HI2500000142_pisztacia_weboldal_kep-300x169.jpg 300w, https:\/\/hellicecoffee.com\/wp-content\/uploads\/2025\/12\/HI2500000142_pisztacia_weboldal_kep-768x432.jpg 768w, https:\/\/hellicecoffee.com\/wp-content\/uploads\/2025\/12\/HI2500000142_pisztacia_weboldal_kep-1536x864.jpg 1536w, https:\/\/hellicecoffee.com\/wp-content\/uploads\/2025\/12\/HI2500000142_pisztacia_weboldal_kep.jpg 1920w\" sizes=\"(max-width: 800px) 100vw, 800px\" \/><\/div>\n\t\t<\/a>\n\t\t\t\t<div class=\"elementor-post__text\">\n\t\t\t\t<h2 class=\"elementor-post__title\">\n\t\t\t<a href=\"https:\/\/hellicecoffee.com\/bg\/blog\/%d0%bf%d1%80%d0%b5%d0%b4%d1%81%d1%82%d0%b0%d0%b2%d1%8f%d0%bc%d0%b5-%d0%b2%d0%b8-%d0%bd%d0%be%d0%b2%d0%be%d1%82%d0%be-hell-ice-coffee-pistachio\/\" >\n\t\t\t\t\u041f\u0440\u0435\u0434\u0441\u0442\u0430\u0432\u044f\u043c\u0435 \u0432\u0438 \u043d\u043e\u0432\u043e\u0442\u043e HELL ICE COFFEE Pistachio!\t\t\t<\/a>\n\t\t<\/h2>\n\t\t\n\t\t<a class=\"elementor-post__read-more\" href=\"https:\/\/hellicecoffee.com\/bg\/blog\/%d0%bf%d1%80%d0%b5%d0%b4%d1%81%d1%82%d0%b0%d0%b2%d1%8f%d0%bc%d0%b5-%d0%b2%d0%b8-%d0%bd%d0%be%d0%b2%d0%be%d1%82%d0%be-hell-ice-coffee-pistachio\/\" aria-label=\"Read more about \u041f\u0440\u0435\u0434\u0441\u0442\u0430\u0432\u044f\u043c\u0435 \u0432\u0438 \u043d\u043e\u0432\u043e\u0442\u043e HELL ICE COFFEE Pistachio!\" tabindex=\"-1\" >\n\t\t\t\u041f\u0440\u043e\u0447\u0435\u0442\u0438 \u043f\u043e\u0432\u0435\u0447\u0435\t\t<\/a>\n\n\t\t\t\t<\/div>\n\t\t\t\t<\/article>\n\t\t\t\t<article class=\"elementor-post elementor-grid-item post-17494 post type-post status-publish format-standard has-post-thumbnail hentry category-blog\" role=\"listitem\">\n\t\t\t\t<a class=\"elementor-post__thumbnail__link\" href=\"https:\/\/hellicecoffee.com\/bg\/blog\/%d0%bf%d1%80%d0%b5%d0%b4%d1%81%d1%82%d0%b0%d0%b2%d1%8f%d0%bc%d0%b5-%d0%b2%d0%b8-%d0%bd%d0%be%d0%b2%d0%be%d1%82%d0%be-hell-ice-coffee-dark-orange\/\" tabindex=\"-1\" >\n\t\t\t<div class=\"elementor-post__thumbnail\"><img decoding=\"async\" width=\"800\" height=\"450\" src=\"https:\/\/hellicecoffee.com\/wp-content\/uploads\/2025\/12\/HI2500000142_darkorange_weboldal_kep-1024x576.jpg\" class=\"attachment-large size-large wp-image-17540\" alt=\"\" srcset=\"https:\/\/hellicecoffee.com\/wp-content\/uploads\/2025\/12\/HI2500000142_darkorange_weboldal_kep-1024x576.jpg 1024w, https:\/\/hellicecoffee.com\/wp-content\/uploads\/2025\/12\/HI2500000142_darkorange_weboldal_kep-300x169.jpg 300w, https:\/\/hellicecoffee.com\/wp-content\/uploads\/2025\/12\/HI2500000142_darkorange_weboldal_kep-768x432.jpg 768w, https:\/\/hellicecoffee.com\/wp-content\/uploads\/2025\/12\/HI2500000142_darkorange_weboldal_kep-1536x864.jpg 1536w, https:\/\/hellicecoffee.com\/wp-content\/uploads\/2025\/12\/HI2500000142_darkorange_weboldal_kep.jpg 1920w\" sizes=\"(max-width: 800px) 100vw, 800px\" \/><\/div>\n\t\t<\/a>\n\t\t\t\t<div class=\"elementor-post__text\">\n\t\t\t\t<h2 class=\"elementor-post__title\">\n\t\t\t<a href=\"https:\/\/hellicecoffee.com\/bg\/blog\/%d0%bf%d1%80%d0%b5%d0%b4%d1%81%d1%82%d0%b0%d0%b2%d1%8f%d0%bc%d0%b5-%d0%b2%d0%b8-%d0%bd%d0%be%d0%b2%d0%be%d1%82%d0%be-hell-ice-coffee-dark-orange\/\" >\n\t\t\t\t\u041f\u0440\u0435\u0434\u0441\u0442\u0430\u0432\u044f\u043c\u0435 \u0432\u0438 \u043d\u043e\u0432\u043e\u0442\u043e HELL ICE COFFEE Dark Orange!\t\t\t<\/a>\n\t\t<\/h2>\n\t\t\n\t\t<a class=\"elementor-post__read-more\" href=\"https:\/\/hellicecoffee.com\/bg\/blog\/%d0%bf%d1%80%d0%b5%d0%b4%d1%81%d1%82%d0%b0%d0%b2%d1%8f%d0%bc%d0%b5-%d0%b2%d0%b8-%d0%bd%d0%be%d0%b2%d0%be%d1%82%d0%be-hell-ice-coffee-dark-orange\/\" aria-label=\"Read more about \u041f\u0440\u0435\u0434\u0441\u0442\u0430\u0432\u044f\u043c\u0435 \u0432\u0438 \u043d\u043e\u0432\u043e\u0442\u043e HELL ICE COFFEE Dark Orange!\" tabindex=\"-1\" >\n\t\t\t\u041f\u0440\u043e\u0447\u0435\u0442\u0438 \u043f\u043e\u0432\u0435\u0447\u0435\t\t<\/a>\n\n\t\t\t\t<\/div>\n\t\t\t\t<\/article>\n\t\t\t\t<article class=\"elementor-post elementor-grid-item post-11116 post type-post status-publish format-standard has-post-thumbnail hentry category-blog\" role=\"listitem\">\n\t\t\t\t<a class=\"elementor-post__thumbnail__link\" href=\"https:\/\/hellicecoffee.com\/bg\/blog\/%d0%bc%d0%b5%d0%b3%d0%b0%d0%bd-%d1%84%d0%be%d0%ba%d1%81-%d1%81%d1%82%d0%b0%d0%b2%d0%b0-%d0%bb%d0%b8%d1%86%d0%b5-%d0%bd%d0%b0-hell-ice-coffee\/\" tabindex=\"-1\" >\n\t\t\t<div class=\"elementor-post__thumbnail\"><img decoding=\"async\" width=\"800\" height=\"450\" src=\"https:\/\/hellicecoffee.com\/wp-content\/uploads\/2025\/02\/HI2500000004_HU_HIC_weboldal_fooldali_MF_banner_3000x1687px-1024x576.jpg\" class=\"attachment-large size-large wp-image-10926\" alt=\"\" srcset=\"https:\/\/hellicecoffee.com\/wp-content\/uploads\/2025\/02\/HI2500000004_HU_HIC_weboldal_fooldali_MF_banner_3000x1687px-1024x576.jpg 1024w, https:\/\/hellicecoffee.com\/wp-content\/uploads\/2025\/02\/HI2500000004_HU_HIC_weboldal_fooldali_MF_banner_3000x1687px-300x169.jpg 300w, https:\/\/hellicecoffee.com\/wp-content\/uploads\/2025\/02\/HI2500000004_HU_HIC_weboldal_fooldali_MF_banner_3000x1687px-768x432.jpg 768w, https:\/\/hellicecoffee.com\/wp-content\/uploads\/2025\/02\/HI2500000004_HU_HIC_weboldal_fooldali_MF_banner_3000x1687px-1536x864.jpg 1536w, https:\/\/hellicecoffee.com\/wp-content\/uploads\/2025\/02\/HI2500000004_HU_HIC_weboldal_fooldali_MF_banner_3000x1687px-2048x1152.jpg 2048w\" sizes=\"(max-width: 800px) 100vw, 800px\" \/><\/div>\n\t\t<\/a>\n\t\t\t\t<div class=\"elementor-post__text\">\n\t\t\t\t<h2 class=\"elementor-post__title\">\n\t\t\t<a href=\"https:\/\/hellicecoffee.com\/bg\/blog\/%d0%bc%d0%b5%d0%b3%d0%b0%d0%bd-%d1%84%d0%be%d0%ba%d1%81-%d1%81%d1%82%d0%b0%d0%b2%d0%b0-%d0%bb%d0%b8%d1%86%d0%b5-%d0%bd%d0%b0-hell-ice-coffee\/\" >\n\t\t\t\t\u041c\u0415\u0413\u0410\u041d \u0424\u041e\u041a\u0421 \u0421\u0422\u0410\u0412\u0410 \u041b\u0418\u0426\u0415 \u041d\u0410 HELL ICE COFFEE\t\t\t<\/a>\n\t\t<\/h2>\n\t\t\n\t\t<a class=\"elementor-post__read-more\" href=\"https:\/\/hellicecoffee.com\/bg\/blog\/%d0%bc%d0%b5%d0%b3%d0%b0%d0%bd-%d1%84%d0%be%d0%ba%d1%81-%d1%81%d1%82%d0%b0%d0%b2%d0%b0-%d0%bb%d0%b8%d1%86%d0%b5-%d0%bd%d0%b0-hell-ice-coffee\/\" aria-label=\"Read more about \u041c\u0415\u0413\u0410\u041d \u0424\u041e\u041a\u0421 \u0421\u0422\u0410\u0412\u0410 \u041b\u0418\u0426\u0415 \u041d\u0410 HELL ICE COFFEE\" tabindex=\"-1\" >\n\t\t\t\u041f\u0440\u043e\u0447\u0435\u0442\u0438 \u043f\u043e\u0432\u0435\u0447\u0435\t\t<\/a>\n\n\t\t\t\t<\/div>\n\t\t\t\t<\/article>\n\t\t\t\t<article class=\"elementor-post elementor-grid-item post-10664 post type-post status-publish format-standard has-post-thumbnail hentry category-blog\" role=\"listitem\">\n\t\t\t\t<a class=\"elementor-post__thumbnail__link\" href=\"https:\/\/hellicecoffee.com\/bg\/blog\/%d0%b8%d1%81%d1%82%d0%b8%d0%bd%d1%81%d0%ba%d0%be-%d0%b8%d0%b7%d0%b6%d0%b8%d0%b2%d1%8f%d0%b2%d0%b0%d0%bd%d0%b5-%d1%81-hell-ice-coffee\/\" tabindex=\"-1\" >\n\t\t\t<div class=\"elementor-post__thumbnail\"><img loading=\"lazy\" decoding=\"async\" width=\"800\" height=\"450\" src=\"https:\/\/hellicecoffee.com\/wp-content\/uploads\/2024\/09\/Blog-Valodi-kaveelmeny-1024x576.jpg\" class=\"attachment-large size-large wp-image-4412\" alt=\"\" srcset=\"https:\/\/hellicecoffee.com\/wp-content\/uploads\/2024\/09\/Blog-Valodi-kaveelmeny-1024x576.jpg 1024w, https:\/\/hellicecoffee.com\/wp-content\/uploads\/2024\/09\/Blog-Valodi-kaveelmeny-300x169.jpg 300w, https:\/\/hellicecoffee.com\/wp-content\/uploads\/2024\/09\/Blog-Valodi-kaveelmeny-768x432.jpg 768w, https:\/\/hellicecoffee.com\/wp-content\/uploads\/2024\/09\/Blog-Valodi-kaveelmeny-1536x864.jpg 1536w, https:\/\/hellicecoffee.com\/wp-content\/uploads\/2024\/09\/Blog-Valodi-kaveelmeny.jpg 1920w\" sizes=\"(max-width: 800px) 100vw, 800px\" \/><\/div>\n\t\t<\/a>\n\t\t\t\t<div class=\"elementor-post__text\">\n\t\t\t\t<h2 class=\"elementor-post__title\">\n\t\t\t<a href=\"https:\/\/hellicecoffee.com\/bg\/blog\/%d0%b8%d1%81%d1%82%d0%b8%d0%bd%d1%81%d0%ba%d0%be-%d0%b8%d0%b7%d0%b6%d0%b8%d0%b2%d1%8f%d0%b2%d0%b0%d0%bd%d0%b5-%d1%81-hell-ice-coffee\/\" >\n\t\t\t\t\u0418\u0441\u0442\u0438\u043d\u0441\u043a\u043e \u0438\u0437\u0436\u0438\u0432\u044f\u0432\u0430\u043d\u0435 \u0441 HELL ICE COFFEE\t\t\t<\/a>\n\t\t<\/h2>\n\t\t\n\t\t<a class=\"elementor-post__read-more\" href=\"https:\/\/hellicecoffee.com\/bg\/blog\/%d0%b8%d1%81%d1%82%d0%b8%d0%bd%d1%81%d0%ba%d0%be-%d0%b8%d0%b7%d0%b6%d0%b8%d0%b2%d1%8f%d0%b2%d0%b0%d0%bd%d0%b5-%d1%81-hell-ice-coffee\/\" aria-label=\"Read more about \u0418\u0441\u0442\u0438\u043d\u0441\u043a\u043e \u0438\u0437\u0436\u0438\u0432\u044f\u0432\u0430\u043d\u0435 \u0441 HELL ICE COFFEE\" tabindex=\"-1\" >\n\t\t\t\u041f\u0440\u043e\u0447\u0435\u0442\u0438 \u043f\u043e\u0432\u0435\u0447\u0435\t\t<\/a>\n\n\t\t\t\t<\/div>\n\t\t\t\t<\/article>\n\t\t\t\t<\/div>\n\t\t\n\t\t\t\t\t\t<\/div>\n\t\t\t\t<\/div>\n\t\t\t\t\t<\/div>\n\t\t\t\t<\/div>\n\t\t\t\t<\/div>\n\t\t","protected":false},"excerpt":{"rendered":"<p>\u0411\u041b\u041e\u0413<\/p>\n","protected":false},"author":1,"featured_media":5936,"parent":0,"menu_order":0,"comment_status":"closed","ping_status":"closed","template":"elementor_header_footer","meta":{"footnotes":""},"class_list":["post-17207","page","type-page","status-publish","has-post-thumbnail","hentry"],"yoast_head":"<!-- This site is optimized with the Yoast SEO plugin v27.2 - https:\/\/yoast.com\/product\/yoast-seo-wordpress\/ -->\n<title>HELL ICE COFFEE \u0411\u043b\u043e\u0433 \u2013 \u041d\u0430\u0439-\u043d\u043e\u0432\u0438\u0442\u0435 \u043d\u043e\u0432\u0438\u043d\u0438, \u0441\u044a\u0432\u0435\u0442\u0438 \u0437\u0430 \u043a\u0430\u0444\u0435 \u0438 \u0432\u044a\u043b\u043d\u0443\u0432\u0430\u0449\u0438 \u0438\u0441\u0442\u043e\u0440\u0438\u0438<\/title>\n<meta name=\"description\" content=\"\u041f\u0440\u043e\u0447\u0435\u0442\u0435\u0442\u0435 \u0431\u043b\u043e\u0433\u0430 \u043d\u0430 HELL ICE COFFEE, \u043a\u044a\u0434\u0435\u0442\u043e \u0449\u0435 \u043d\u0430\u043c\u0435\u0440\u0438\u0442\u0435 \u0441\u044a\u0432\u0435\u0442\u0438 \u0437\u0430 \u043a\u0430\u0444\u0435, \u0441\u0432\u0435\u0436\u0438 \u043d\u043e\u0432\u0438\u043d\u0438 \u0438 \u0432\u044a\u043b\u043d\u0443\u0432\u0430\u0449\u0438 \u0438\u0441\u0442\u043e\u0440\u0438\u0438. \u0411\u044a\u0434\u0435\u0442\u0435 \u0432 \u043a\u0440\u0430\u043a \u0441 \u043d\u0430\u0439-\u043d\u043e\u0432\u0438\u0442\u0435 \u0442\u0435\u043d\u0434\u0435\u043d\u0446\u0438\u0438 \u0438 \u043a\u0430\u0444\u0435 \u0438\u0437\u0436\u0438\u0432\u044f\u0432\u0430\u043d\u0438\u044f!\" \/>\n<meta name=\"robots\" content=\"index, follow, max-snippet:-1, max-image-preview:large, max-video-preview:-1\" \/>\n<link rel=\"canonical\" href=\"https:\/\/hellicecoffee.com\/bg\/%d0%b1%d0%bb%d0%be%d0%b3\/\" \/>\n<meta property=\"og:locale\" content=\"bg_BG\" \/>\n<meta property=\"og:type\" content=\"article\" \/>\n<meta property=\"og:title\" content=\"HELL ICE COFFEE \u0411\u043b\u043e\u0433 \u2013 \u041d\u0430\u0439-\u043d\u043e\u0432\u0438\u0442\u0435 \u043d\u043e\u0432\u0438\u043d\u0438, \u0441\u044a\u0432\u0435\u0442\u0438 \u0437\u0430 \u043a\u0430\u0444\u0435 \u0438 \u0432\u044a\u043b\u043d\u0443\u0432\u0430\u0449\u0438 \u0438\u0441\u0442\u043e\u0440\u0438\u0438\" \/>\n<meta property=\"og:description\" content=\"\u041f\u0440\u043e\u0447\u0435\u0442\u0435\u0442\u0435 \u0431\u043b\u043e\u0433\u0430 \u043d\u0430 HELL ICE COFFEE, \u043a\u044a\u0434\u0435\u0442\u043e \u0449\u0435 \u043d\u0430\u043c\u0435\u0440\u0438\u0442\u0435 \u0441\u044a\u0432\u0435\u0442\u0438 \u0437\u0430 \u043a\u0430\u0444\u0435, \u0441\u0432\u0435\u0436\u0438 \u043d\u043e\u0432\u0438\u043d\u0438 \u0438 \u0432\u044a\u043b\u043d\u0443\u0432\u0430\u0449\u0438 \u0438\u0441\u0442\u043e\u0440\u0438\u0438. \u0411\u044a\u0434\u0435\u0442\u0435 \u0432 \u043a\u0440\u0430\u043a \u0441 \u043d\u0430\u0439-\u043d\u043e\u0432\u0438\u0442\u0435 \u0442\u0435\u043d\u0434\u0435\u043d\u0446\u0438\u0438 \u0438 \u043a\u0430\u0444\u0435 \u0438\u0437\u0436\u0438\u0432\u044f\u0432\u0430\u043d\u0438\u044f!\" \/>\n<meta property=\"og:url\" content=\"https:\/\/hellicecoffee.com\/bg\/%d0%b1%d0%bb%d0%be%d0%b3\/\" \/>\n<meta property=\"og:site_name\" content=\"HELL ICE COFFEE\" \/>\n<meta property=\"article:modified_time\" content=\"2025-12-04T10:48:20+00:00\" \/>\n<meta property=\"og:image\" content=\"https:\/\/hellicecoffee.com\/wp-content\/uploads\/2024\/09\/Blog-Valodi-kaveelmeny-2-1024x576.jpg\" \/>\n<meta name=\"twitter:card\" content=\"summary_large_image\" \/>\n<meta name=\"twitter:label1\" content=\"Est. reading time\" \/>\n\t<meta name=\"twitter:data1\" content=\"1 \u043c\u0438\u043d\u0443\u0442\u0430\" \/>\n<script type=\"application\/ld+json\" class=\"yoast-schema-graph\">{\"@context\":\"https:\/\/schema.org\",\"@graph\":[{\"@type\":\"WebPage\",\"@id\":\"https:\/\/hellicecoffee.com\/bg\/%d0%b1%d0%bb%d0%be%d0%b3\/\",\"url\":\"https:\/\/hellicecoffee.com\/bg\/%d0%b1%d0%bb%d0%be%d0%b3\/\",\"name\":\"HELL ICE COFFEE \u0411\u043b\u043e\u0433 \u2013 \u041d\u0430\u0439-\u043d\u043e\u0432\u0438\u0442\u0435 \u043d\u043e\u0432\u0438\u043d\u0438, \u0441\u044a\u0432\u0435\u0442\u0438 \u0437\u0430 \u043a\u0430\u0444\u0435 \u0438 \u0432\u044a\u043b\u043d\u0443\u0432\u0430\u0449\u0438 \u0438\u0441\u0442\u043e\u0440\u0438\u0438\",\"isPartOf\":{\"@id\":\"https:\/\/hellicecoffee.com\/bg\/#website\"},\"primaryImageOfPage\":{\"@id\":\"https:\/\/hellicecoffee.com\/bg\/%d0%b1%d0%bb%d0%be%d0%b3\/#primaryimage\"},\"image\":{\"@id\":\"https:\/\/hellicecoffee.com\/bg\/%d0%b1%d0%bb%d0%be%d0%b3\/#primaryimage\"},\"thumbnailUrl\":\"https:\/\/hellicecoffee.com\/wp-content\/uploads\/2024\/09\/Blog-Valodi-kaveelmeny-2.jpg\",\"datePublished\":\"2024-09-29T14:11:45+00:00\",\"dateModified\":\"2025-12-04T10:48:20+00:00\",\"description\":\"\u041f\u0440\u043e\u0447\u0435\u0442\u0435\u0442\u0435 \u0431\u043b\u043e\u0433\u0430 \u043d\u0430 HELL ICE COFFEE, \u043a\u044a\u0434\u0435\u0442\u043e \u0449\u0435 \u043d\u0430\u043c\u0435\u0440\u0438\u0442\u0435 \u0441\u044a\u0432\u0435\u0442\u0438 \u0437\u0430 \u043a\u0430\u0444\u0435, \u0441\u0432\u0435\u0436\u0438 \u043d\u043e\u0432\u0438\u043d\u0438 \u0438 \u0432\u044a\u043b\u043d\u0443\u0432\u0430\u0449\u0438 \u0438\u0441\u0442\u043e\u0440\u0438\u0438. \u0411\u044a\u0434\u0435\u0442\u0435 \u0432 \u043a\u0440\u0430\u043a \u0441 \u043d\u0430\u0439-\u043d\u043e\u0432\u0438\u0442\u0435 \u0442\u0435\u043d\u0434\u0435\u043d\u0446\u0438\u0438 \u0438 \u043a\u0430\u0444\u0435 \u0438\u0437\u0436\u0438\u0432\u044f\u0432\u0430\u043d\u0438\u044f!\",\"breadcrumb\":{\"@id\":\"https:\/\/hellicecoffee.com\/bg\/%d0%b1%d0%bb%d0%be%d0%b3\/#breadcrumb\"},\"inLanguage\":\"bg-BG\",\"potentialAction\":[{\"@type\":\"ReadAction\",\"target\":[\"https:\/\/hellicecoffee.com\/bg\/%d0%b1%d0%bb%d0%be%d0%b3\/\"]}]},{\"@type\":\"ImageObject\",\"inLanguage\":\"bg-BG\",\"@id\":\"https:\/\/hellicecoffee.com\/bg\/%d0%b1%d0%bb%d0%be%d0%b3\/#primaryimage\",\"url\":\"https:\/\/hellicecoffee.com\/wp-content\/uploads\/2024\/09\/Blog-Valodi-kaveelmeny-2.jpg\",\"contentUrl\":\"https:\/\/hellicecoffee.com\/wp-content\/uploads\/2024\/09\/Blog-Valodi-kaveelmeny-2.jpg\",\"width\":1920,\"height\":1080},{\"@type\":\"BreadcrumbList\",\"@id\":\"https:\/\/hellicecoffee.com\/bg\/%d0%b1%d0%bb%d0%be%d0%b3\/#breadcrumb\",\"itemListElement\":[{\"@type\":\"ListItem\",\"position\":1,\"name\":\"Kezd\u0151lap\",\"item\":\"https:\/\/hellicecoffee.com\/bg\/\"},{\"@type\":\"ListItem\",\"position\":2,\"name\":\"\u0431\u043b\u043e\u0433\"}]},{\"@type\":\"WebSite\",\"@id\":\"https:\/\/hellicecoffee.com\/bg\/#website\",\"url\":\"https:\/\/hellicecoffee.com\/bg\/\",\"name\":\"HELL ICE COFFE\",\"description\":\"Val\u00f3di k\u00e1v\u00e9\u00e9lm\u00e9ny k\u00f6nnyed\u00e9n\",\"publisher\":{\"@id\":\"https:\/\/hellicecoffee.com\/bg\/#organization\"},\"potentialAction\":[{\"@type\":\"SearchAction\",\"target\":{\"@type\":\"EntryPoint\",\"urlTemplate\":\"https:\/\/hellicecoffee.com\/bg\/?s={search_term_string}\"},\"query-input\":{\"@type\":\"PropertyValueSpecification\",\"valueRequired\":true,\"valueName\":\"search_term_string\"}}],\"inLanguage\":\"bg-BG\"},{\"@type\":\"Organization\",\"@id\":\"https:\/\/hellicecoffee.com\/bg\/#organization\",\"name\":\"HELL ICE COFFE\",\"url\":\"https:\/\/hellicecoffee.com\/bg\/\",\"logo\":{\"@type\":\"ImageObject\",\"inLanguage\":\"bg-BG\",\"@id\":\"https:\/\/hellicecoffee.com\/bg\/#\/schema\/logo\/image\/\",\"url\":\"https:\/\/hellicecoffee.com\/wp-content\/uploads\/2024\/07\/Group-30-2.png\",\"contentUrl\":\"https:\/\/hellicecoffee.com\/wp-content\/uploads\/2024\/07\/Group-30-2.png\",\"width\":181,\"height\":194,\"caption\":\"HELL ICE COFFE\"},\"image\":{\"@id\":\"https:\/\/hellicecoffee.com\/bg\/#\/schema\/logo\/image\/\"}}]}<\/script>\n<!-- \/ Yoast SEO plugin. -->","yoast_head_json":{"title":"HELL ICE COFFEE \u0411\u043b\u043e\u0433 \u2013 \u041d\u0430\u0439-\u043d\u043e\u0432\u0438\u0442\u0435 \u043d\u043e\u0432\u0438\u043d\u0438, \u0441\u044a\u0432\u0435\u0442\u0438 \u0437\u0430 \u043a\u0430\u0444\u0435 \u0438 \u0432\u044a\u043b\u043d\u0443\u0432\u0430\u0449\u0438 \u0438\u0441\u0442\u043e\u0440\u0438\u0438","description":"\u041f\u0440\u043e\u0447\u0435\u0442\u0435\u0442\u0435 \u0431\u043b\u043e\u0433\u0430 \u043d\u0430 HELL ICE COFFEE, \u043a\u044a\u0434\u0435\u0442\u043e \u0449\u0435 \u043d\u0430\u043c\u0435\u0440\u0438\u0442\u0435 \u0441\u044a\u0432\u0435\u0442\u0438 \u0437\u0430 \u043a\u0430\u0444\u0435, \u0441\u0432\u0435\u0436\u0438 \u043d\u043e\u0432\u0438\u043d\u0438 \u0438 \u0432\u044a\u043b\u043d\u0443\u0432\u0430\u0449\u0438 \u0438\u0441\u0442\u043e\u0440\u0438\u0438. \u0411\u044a\u0434\u0435\u0442\u0435 \u0432 \u043a\u0440\u0430\u043a \u0441 \u043d\u0430\u0439-\u043d\u043e\u0432\u0438\u0442\u0435 \u0442\u0435\u043d\u0434\u0435\u043d\u0446\u0438\u0438 \u0438 \u043a\u0430\u0444\u0435 \u0438\u0437\u0436\u0438\u0432\u044f\u0432\u0430\u043d\u0438\u044f!","robots":{"index":"index","follow":"follow","max-snippet":"max-snippet:-1","max-image-preview":"max-image-preview:large","max-video-preview":"max-video-preview:-1"},"canonical":"https:\/\/hellicecoffee.com\/bg\/%d0%b1%d0%bb%d0%be%d0%b3\/","og_locale":"bg_BG","og_type":"article","og_title":"HELL ICE COFFEE \u0411\u043b\u043e\u0433 \u2013 \u041d\u0430\u0439-\u043d\u043e\u0432\u0438\u0442\u0435 \u043d\u043e\u0432\u0438\u043d\u0438, \u0441\u044a\u0432\u0435\u0442\u0438 \u0437\u0430 \u043a\u0430\u0444\u0435 \u0438 \u0432\u044a\u043b\u043d\u0443\u0432\u0430\u0449\u0438 \u0438\u0441\u0442\u043e\u0440\u0438\u0438","og_description":"\u041f\u0440\u043e\u0447\u0435\u0442\u0435\u0442\u0435 \u0431\u043b\u043e\u0433\u0430 \u043d\u0430 HELL ICE COFFEE, \u043a\u044a\u0434\u0435\u0442\u043e \u0449\u0435 \u043d\u0430\u043c\u0435\u0440\u0438\u0442\u0435 \u0441\u044a\u0432\u0435\u0442\u0438 \u0437\u0430 \u043a\u0430\u0444\u0435, \u0441\u0432\u0435\u0436\u0438 \u043d\u043e\u0432\u0438\u043d\u0438 \u0438 \u0432\u044a\u043b\u043d\u0443\u0432\u0430\u0449\u0438 \u0438\u0441\u0442\u043e\u0440\u0438\u0438. \u0411\u044a\u0434\u0435\u0442\u0435 \u0432 \u043a\u0440\u0430\u043a \u0441 \u043d\u0430\u0439-\u043d\u043e\u0432\u0438\u0442\u0435 \u0442\u0435\u043d\u0434\u0435\u043d\u0446\u0438\u0438 \u0438 \u043a\u0430\u0444\u0435 \u0438\u0437\u0436\u0438\u0432\u044f\u0432\u0430\u043d\u0438\u044f!","og_url":"https:\/\/hellicecoffee.com\/bg\/%d0%b1%d0%bb%d0%be%d0%b3\/","og_site_name":"HELL ICE COFFEE","article_modified_time":"2025-12-04T10:48:20+00:00","og_image":[{"url":"https:\/\/hellicecoffee.com\/wp-content\/uploads\/2024\/09\/Blog-Valodi-kaveelmeny-2-1024x576.jpg","type":"","width":"","height":""}],"twitter_card":"summary_large_image","twitter_misc":{"Est. reading time":"1 \u043c\u0438\u043d\u0443\u0442\u0430"},"schema":{"@context":"https:\/\/schema.org","@graph":[{"@type":"WebPage","@id":"https:\/\/hellicecoffee.com\/bg\/%d0%b1%d0%bb%d0%be%d0%b3\/","url":"https:\/\/hellicecoffee.com\/bg\/%d0%b1%d0%bb%d0%be%d0%b3\/","name":"HELL ICE COFFEE \u0411\u043b\u043e\u0433 \u2013 \u041d\u0430\u0439-\u043d\u043e\u0432\u0438\u0442\u0435 \u043d\u043e\u0432\u0438\u043d\u0438, \u0441\u044a\u0432\u0435\u0442\u0438 \u0437\u0430 \u043a\u0430\u0444\u0435 \u0438 \u0432\u044a\u043b\u043d\u0443\u0432\u0430\u0449\u0438 \u0438\u0441\u0442\u043e\u0440\u0438\u0438","isPartOf":{"@id":"https:\/\/hellicecoffee.com\/bg\/#website"},"primaryImageOfPage":{"@id":"https:\/\/hellicecoffee.com\/bg\/%d0%b1%d0%bb%d0%be%d0%b3\/#primaryimage"},"image":{"@id":"https:\/\/hellicecoffee.com\/bg\/%d0%b1%d0%bb%d0%be%d0%b3\/#primaryimage"},"thumbnailUrl":"https:\/\/hellicecoffee.com\/wp-content\/uploads\/2024\/09\/Blog-Valodi-kaveelmeny-2.jpg","datePublished":"2024-09-29T14:11:45+00:00","dateModified":"2025-12-04T10:48:20+00:00","description":"\u041f\u0440\u043e\u0447\u0435\u0442\u0435\u0442\u0435 \u0431\u043b\u043e\u0433\u0430 \u043d\u0430 HELL ICE COFFEE, \u043a\u044a\u0434\u0435\u0442\u043e \u0449\u0435 \u043d\u0430\u043c\u0435\u0440\u0438\u0442\u0435 \u0441\u044a\u0432\u0435\u0442\u0438 \u0437\u0430 \u043a\u0430\u0444\u0435, \u0441\u0432\u0435\u0436\u0438 \u043d\u043e\u0432\u0438\u043d\u0438 \u0438 \u0432\u044a\u043b\u043d\u0443\u0432\u0430\u0449\u0438 \u0438\u0441\u0442\u043e\u0440\u0438\u0438. \u0411\u044a\u0434\u0435\u0442\u0435 \u0432 \u043a\u0440\u0430\u043a \u0441 \u043d\u0430\u0439-\u043d\u043e\u0432\u0438\u0442\u0435 \u0442\u0435\u043d\u0434\u0435\u043d\u0446\u0438\u0438 \u0438 \u043a\u0430\u0444\u0435 \u0438\u0437\u0436\u0438\u0432\u044f\u0432\u0430\u043d\u0438\u044f!","breadcrumb":{"@id":"https:\/\/hellicecoffee.com\/bg\/%d0%b1%d0%bb%d0%be%d0%b3\/#breadcrumb"},"inLanguage":"bg-BG","potentialAction":[{"@type":"ReadAction","target":["https:\/\/hellicecoffee.com\/bg\/%d0%b1%d0%bb%d0%be%d0%b3\/"]}]},{"@type":"ImageObject","inLanguage":"bg-BG","@id":"https:\/\/hellicecoffee.com\/bg\/%d0%b1%d0%bb%d0%be%d0%b3\/#primaryimage","url":"https:\/\/hellicecoffee.com\/wp-content\/uploads\/2024\/09\/Blog-Valodi-kaveelmeny-2.jpg","contentUrl":"https:\/\/hellicecoffee.com\/wp-content\/uploads\/2024\/09\/Blog-Valodi-kaveelmeny-2.jpg","width":1920,"height":1080},{"@type":"BreadcrumbList","@id":"https:\/\/hellicecoffee.com\/bg\/%d0%b1%d0%bb%d0%be%d0%b3\/#breadcrumb","itemListElement":[{"@type":"ListItem","position":1,"name":"Kezd\u0151lap","item":"https:\/\/hellicecoffee.com\/bg\/"},{"@type":"ListItem","position":2,"name":"\u0431\u043b\u043e\u0433"}]},{"@type":"WebSite","@id":"https:\/\/hellicecoffee.com\/bg\/#website","url":"https:\/\/hellicecoffee.com\/bg\/","name":"HELL ICE COFFE","description":"Val\u00f3di k\u00e1v\u00e9\u00e9lm\u00e9ny k\u00f6nnyed\u00e9n","publisher":{"@id":"https:\/\/hellicecoffee.com\/bg\/#organization"},"potentialAction":[{"@type":"SearchAction","target":{"@type":"EntryPoint","urlTemplate":"https:\/\/hellicecoffee.com\/bg\/?s={search_term_string}"},"query-input":{"@type":"PropertyValueSpecification","valueRequired":true,"valueName":"search_term_string"}}],"inLanguage":"bg-BG"},{"@type":"Organization","@id":"https:\/\/hellicecoffee.com\/bg\/#organization","name":"HELL ICE COFFE","url":"https:\/\/hellicecoffee.com\/bg\/","logo":{"@type":"ImageObject","inLanguage":"bg-BG","@id":"https:\/\/hellicecoffee.com\/bg\/#\/schema\/logo\/image\/","url":"https:\/\/hellicecoffee.com\/wp-content\/uploads\/2024\/07\/Group-30-2.png","contentUrl":"https:\/\/hellicecoffee.com\/wp-content\/uploads\/2024\/07\/Group-30-2.png","width":181,"height":194,"caption":"HELL ICE COFFE"},"image":{"@id":"https:\/\/hellicecoffee.com\/bg\/#\/schema\/logo\/image\/"}}]}},"_links":{"self":[{"href":"https:\/\/hellicecoffee.com\/bg\/wp-json\/wp\/v2\/pages\/17207","targetHints":{"allow":["GET"]}}],"collection":[{"href":"https:\/\/hellicecoffee.com\/bg\/wp-json\/wp\/v2\/pages"}],"about":[{"href":"https:\/\/hellicecoffee.com\/bg\/wp-json\/wp\/v2\/types\/page"}],"author":[{"embeddable":true,"href":"https:\/\/hellicecoffee.com\/bg\/wp-json\/wp\/v2\/users\/1"}],"replies":[{"embeddable":true,"href":"https:\/\/hellicecoffee.com\/bg\/wp-json\/wp\/v2\/comments?post=17207"}],"version-history":[{"count":4,"href":"https:\/\/hellicecoffee.com\/bg\/wp-json\/wp\/v2\/pages\/17207\/revisions"}],"predecessor-version":[{"id":17502,"href":"https:\/\/hellicecoffee.com\/bg\/wp-json\/wp\/v2\/pages\/17207\/revisions\/17502"}],"wp:featuredmedia":[{"embeddable":true,"href":"https:\/\/hellicecoffee.com\/bg\/wp-json\/wp\/v2\/media\/5936"}],"wp:attachment":[{"href":"https:\/\/hellicecoffee.com\/bg\/wp-json\/wp\/v2\/media?parent=17207"}],"curies":[{"name":"wp","href":"https:\/\/api.w.org\/{rel}","templated":true}]}}