{"id":8123,"date":"2024-09-29T16:11:45","date_gmt":"2024-09-29T14:11:45","guid":{"rendered":"https:\/\/hellicecoffee.com\/blog\/"},"modified":"2025-12-04T12:22:43","modified_gmt":"2025-12-04T11:22:43","slug":"blog","status":"publish","type":"page","link":"https:\/\/hellicecoffee.com\/cz\/blog\/","title":{"rendered":"Blog"},"content":{"rendered":"\t\t<div data-elementor-type=\"wp-page\" data-elementor-id=\"8123\" class=\"elementor elementor-8123\" data-elementor-post-type=\"page\">\n\t\t\t\t<div class=\"elementor-element elementor-element-c6630cf e-flex e-con-boxed e-con e-parent\" data-id=\"c6630cf\" data-element_type=\"container\" data-e-type=\"container\">\n\t\t\t\t\t<div class=\"e-con-inner\">\n\t\t\t\t<div class=\"elementor-element elementor-element-4290930 elementor-widget elementor-widget-heading\" data-id=\"4290930\" data-element_type=\"widget\" data-e-type=\"widget\" data-widget_type=\"heading.default\">\n\t\t\t\t<div class=\"elementor-widget-container\">\n\t\t\t\t\t<h1 class=\"elementor-heading-title elementor-size-default\">BLOG<\/h1>\t\t\t\t<\/div>\n\t\t\t\t<\/div>\n\t\t\t\t\t<\/div>\n\t\t\t\t<\/div>\n\t\t<div class=\"elementor-element elementor-element-bd68303 e-flex e-con-boxed e-con e-parent\" data-id=\"bd68303\" data-element_type=\"container\" data-e-type=\"container\">\n\t\t\t\t\t<div class=\"e-con-inner\">\n\t\t\t\t<div class=\"elementor-element elementor-element-0ef6f99 elementor-posts--align-left elementor-grid-3 elementor-grid-tablet-2 elementor-grid-mobile-1 elementor-posts--thumbnail-top elementor-widget elementor-widget-posts\" data-id=\"0ef6f99\" data-element_type=\"widget\" data-e-type=\"widget\" data-settings=\"{&quot;classic_columns&quot;:&quot;3&quot;,&quot;classic_columns_tablet&quot;:&quot;2&quot;,&quot;classic_columns_mobile&quot;:&quot;1&quot;,&quot;classic_row_gap&quot;:{&quot;unit&quot;:&quot;px&quot;,&quot;size&quot;:35,&quot;sizes&quot;:[]},&quot;classic_row_gap_tablet&quot;:{&quot;unit&quot;:&quot;px&quot;,&quot;size&quot;:&quot;&quot;,&quot;sizes&quot;:[]},&quot;classic_row_gap_mobile&quot;:{&quot;unit&quot;:&quot;px&quot;,&quot;size&quot;:&quot;&quot;,&quot;sizes&quot;:[]}}\" data-widget_type=\"posts.classic\">\n\t\t\t\t<div class=\"elementor-widget-container\">\n\t\t\t\t\t\t\t<div class=\"elementor-posts-container elementor-posts elementor-posts--skin-classic elementor-grid\" role=\"list\">\n\t\t\t\t<article class=\"elementor-post elementor-grid-item post-11118 post type-post status-publish format-standard has-post-thumbnail hentry category-blog-cz\" role=\"listitem\">\n\t\t\t\t<a class=\"elementor-post__thumbnail__link\" href=\"https:\/\/hellicecoffee.com\/cz\/blog-cz\/novou-tvari-hell-ice-coffee-je-herecka-megan-fox\/\" tabindex=\"-1\" >\n\t\t\t<div class=\"elementor-post__thumbnail\"><img fetchpriority=\"high\" decoding=\"async\" width=\"800\" height=\"450\" src=\"https:\/\/hellicecoffee.com\/wp-content\/uploads\/2025\/02\/HI2500000004_HU_HIC_weboldal_fooldali_MF_banner_3000x1687px-1024x576.jpg\" class=\"attachment-large size-large wp-image-10928\" alt=\"\" srcset=\"https:\/\/hellicecoffee.com\/wp-content\/uploads\/2025\/02\/HI2500000004_HU_HIC_weboldal_fooldali_MF_banner_3000x1687px-1024x576.jpg 1024w, https:\/\/hellicecoffee.com\/wp-content\/uploads\/2025\/02\/HI2500000004_HU_HIC_weboldal_fooldali_MF_banner_3000x1687px-300x169.jpg 300w, https:\/\/hellicecoffee.com\/wp-content\/uploads\/2025\/02\/HI2500000004_HU_HIC_weboldal_fooldali_MF_banner_3000x1687px-768x432.jpg 768w, https:\/\/hellicecoffee.com\/wp-content\/uploads\/2025\/02\/HI2500000004_HU_HIC_weboldal_fooldali_MF_banner_3000x1687px-1536x864.jpg 1536w, https:\/\/hellicecoffee.com\/wp-content\/uploads\/2025\/02\/HI2500000004_HU_HIC_weboldal_fooldali_MF_banner_3000x1687px-2048x1152.jpg 2048w\" sizes=\"(max-width: 800px) 100vw, 800px\" \/><\/div>\n\t\t<\/a>\n\t\t\t\t<div class=\"elementor-post__text\">\n\t\t\t\t<h3 class=\"elementor-post__title\">\n\t\t\t<a href=\"https:\/\/hellicecoffee.com\/cz\/blog-cz\/novou-tvari-hell-ice-coffee-je-herecka-megan-fox\/\" >\n\t\t\t\tNovou tv\u00e1\u0159\u00ed HELL ICE COFFEE je here\u010dka Megan Fox\t\t\t<\/a>\n\t\t<\/h3>\n\t\t\n\t\t<a class=\"elementor-post__read-more\" href=\"https:\/\/hellicecoffee.com\/cz\/blog-cz\/novou-tvari-hell-ice-coffee-je-herecka-megan-fox\/\" aria-label=\"Read more about Novou tv\u00e1\u0159\u00ed HELL ICE COFFEE je here\u010dka Megan Fox\" tabindex=\"-1\" >\n\t\t\tPokra\u010duji ve \u010dten\u00ed\t\t<\/a>\n\n\t\t\t\t<\/div>\n\t\t\t\t<\/article>\n\t\t\t\t<article class=\"elementor-post elementor-grid-item post-8157 post type-post status-publish format-standard has-post-thumbnail hentry category-blog-cz\" role=\"listitem\">\n\t\t\t\t<a class=\"elementor-post__thumbnail__link\" href=\"https:\/\/hellicecoffee.com\/cz\/blog-cz\/opravdovy-zazitek-z-kavy-s-hell-ice-coffee\/\" tabindex=\"-1\" >\n\t\t\t<div class=\"elementor-post__thumbnail\"><img decoding=\"async\" width=\"800\" height=\"450\" src=\"https:\/\/hellicecoffee.com\/wp-content\/uploads\/2024\/09\/Blog-Valodi-kaveelmeny-1024x576.jpg\" class=\"attachment-large size-large wp-image-8158\" alt=\"\" srcset=\"https:\/\/hellicecoffee.com\/wp-content\/uploads\/2024\/09\/Blog-Valodi-kaveelmeny-1024x576.jpg 1024w, https:\/\/hellicecoffee.com\/wp-content\/uploads\/2024\/09\/Blog-Valodi-kaveelmeny-300x169.jpg 300w, https:\/\/hellicecoffee.com\/wp-content\/uploads\/2024\/09\/Blog-Valodi-kaveelmeny-768x432.jpg 768w, https:\/\/hellicecoffee.com\/wp-content\/uploads\/2024\/09\/Blog-Valodi-kaveelmeny-1536x864.jpg 1536w, https:\/\/hellicecoffee.com\/wp-content\/uploads\/2024\/09\/Blog-Valodi-kaveelmeny.jpg 1920w\" sizes=\"(max-width: 800px) 100vw, 800px\" \/><\/div>\n\t\t<\/a>\n\t\t\t\t<div class=\"elementor-post__text\">\n\t\t\t\t<h3 class=\"elementor-post__title\">\n\t\t\t<a href=\"https:\/\/hellicecoffee.com\/cz\/blog-cz\/opravdovy-zazitek-z-kavy-s-hell-ice-coffee\/\" >\n\t\t\t\tOpravdov\u00fd z\u00e1\u017eitek z k\u00e1vy s HELL ICE COFFEE\t\t\t<\/a>\n\t\t<\/h3>\n\t\t\n\t\t<a class=\"elementor-post__read-more\" href=\"https:\/\/hellicecoffee.com\/cz\/blog-cz\/opravdovy-zazitek-z-kavy-s-hell-ice-coffee\/\" aria-label=\"Read more about Opravdov\u00fd z\u00e1\u017eitek z k\u00e1vy s HELL ICE COFFEE\" tabindex=\"-1\" >\n\t\t\tPokra\u010duji ve \u010dten\u00ed\t\t<\/a>\n\n\t\t\t\t<\/div>\n\t\t\t\t<\/article>\n\t\t\t\t<article class=\"elementor-post elementor-grid-item post-8160 post type-post status-publish format-standard has-post-thumbnail hentry category-blog-cz\" role=\"listitem\">\n\t\t\t\t<a class=\"elementor-post__thumbnail__link\" href=\"https:\/\/hellicecoffee.com\/cz\/blog-cz\/rada-ledove-kavy-hell-je-inovovana\/\" tabindex=\"-1\" >\n\t\t\t<div class=\"elementor-post__thumbnail\"><img decoding=\"async\" width=\"800\" height=\"450\" src=\"https:\/\/hellicecoffee.com\/wp-content\/uploads\/2025\/04\/1920x1080-1024x576.jpg\" class=\"attachment-large size-large wp-image-11863\" alt=\"\" srcset=\"https:\/\/hellicecoffee.com\/wp-content\/uploads\/2025\/04\/1920x1080-1024x576.jpg 1024w, https:\/\/hellicecoffee.com\/wp-content\/uploads\/2025\/04\/1920x1080-300x169.jpg 300w, https:\/\/hellicecoffee.com\/wp-content\/uploads\/2025\/04\/1920x1080-768x432.jpg 768w, https:\/\/hellicecoffee.com\/wp-content\/uploads\/2025\/04\/1920x1080-1536x864.jpg 1536w, https:\/\/hellicecoffee.com\/wp-content\/uploads\/2025\/04\/1920x1080.jpg 1920w\" sizes=\"(max-width: 800px) 100vw, 800px\" \/><\/div>\n\t\t<\/a>\n\t\t\t\t<div class=\"elementor-post__text\">\n\t\t\t\t<h3 class=\"elementor-post__title\">\n\t\t\t<a href=\"https:\/\/hellicecoffee.com\/cz\/blog-cz\/rada-ledove-kavy-hell-je-inovovana\/\" >\n\t\t\t\t\u0158ADA LEDOV\u00ddCH K\u00c1V BYLA INOVOV\u00c1NA\t\t\t<\/a>\n\t\t<\/h3>\n\t\t\n\t\t<a class=\"elementor-post__read-more\" href=\"https:\/\/hellicecoffee.com\/cz\/blog-cz\/rada-ledove-kavy-hell-je-inovovana\/\" aria-label=\"Read more about \u0158ADA LEDOV\u00ddCH K\u00c1V BYLA INOVOV\u00c1NA\" tabindex=\"-1\" >\n\t\t\tPokra\u010duji ve \u010dten\u00ed\t\t<\/a>\n\n\t\t\t\t<\/div>\n\t\t\t\t<\/article>\n\t\t\t\t<article class=\"elementor-post elementor-grid-item post-8163 post type-post status-publish format-standard has-post-thumbnail hentry category-blog-cz\" role=\"listitem\">\n\t\t\t\t<a class=\"elementor-post__thumbnail__link\" href=\"https:\/\/hellicecoffee.com\/cz\/blog-cz\/hell-energy-otevira-novou-vyrobnu-mlecne-kavy\/\" tabindex=\"-1\" >\n\t\t\t<div class=\"elementor-post__thumbnail\"><img loading=\"lazy\" decoding=\"async\" width=\"800\" height=\"533\" src=\"https:\/\/hellicecoffee.com\/wp-content\/uploads\/2024\/09\/DJI_0089-1024x682.jpg\" class=\"attachment-large size-large wp-image-8164\" alt=\"\" srcset=\"https:\/\/hellicecoffee.com\/wp-content\/uploads\/2024\/09\/DJI_0089-1024x682.jpg 1024w, https:\/\/hellicecoffee.com\/wp-content\/uploads\/2024\/09\/DJI_0089-300x200.jpg 300w, https:\/\/hellicecoffee.com\/wp-content\/uploads\/2024\/09\/DJI_0089-768x512.jpg 768w, https:\/\/hellicecoffee.com\/wp-content\/uploads\/2024\/09\/DJI_0089-1536x1023.jpg 1536w, https:\/\/hellicecoffee.com\/wp-content\/uploads\/2024\/09\/DJI_0089.jpg 1980w\" sizes=\"(max-width: 800px) 100vw, 800px\" \/><\/div>\n\t\t<\/a>\n\t\t\t\t<div class=\"elementor-post__text\">\n\t\t\t\t<h3 class=\"elementor-post__title\">\n\t\t\t<a href=\"https:\/\/hellicecoffee.com\/cz\/blog-cz\/hell-energy-otevira-novou-vyrobnu-mlecne-kavy\/\" >\n\t\t\t\tHELL ENERGY otev\u00edr\u00e1 novou v\u00fdrobnu ml\u00e9\u010dn\u00e9 k\u00e1vy\t\t\t<\/a>\n\t\t<\/h3>\n\t\t\n\t\t<a class=\"elementor-post__read-more\" href=\"https:\/\/hellicecoffee.com\/cz\/blog-cz\/hell-energy-otevira-novou-vyrobnu-mlecne-kavy\/\" aria-label=\"Read more about HELL ENERGY otev\u00edr\u00e1 novou v\u00fdrobnu ml\u00e9\u010dn\u00e9 k\u00e1vy\" tabindex=\"-1\" >\n\t\t\tPokra\u010duji ve \u010dten\u00ed\t\t<\/a>\n\n\t\t\t\t<\/div>\n\t\t\t\t<\/article>\n\t\t\t\t<\/div>\n\t\t\n\t\t\t\t\t\t<\/div>\n\t\t\t\t<\/div>\n\t\t\t\t\t<\/div>\n\t\t\t\t<\/div>\n\t\t\t\t<\/div>\n\t\t","protected":false},"excerpt":{"rendered":"<p>BLOG<\/p>\n","protected":false},"author":1,"featured_media":0,"parent":0,"menu_order":0,"comment_status":"closed","ping_status":"closed","template":"elementor_header_footer","meta":{"footnotes":""},"class_list":["post-8123","page","type-page","status-publish","hentry"],"yoast_head":"<!-- This site is optimized with the Yoast SEO plugin v27.2 - https:\/\/yoast.com\/product\/yoast-seo-wordpress\/ -->\n<title>Blog HELL ICE COFFEE\u2013 Nejnov\u011bj\u0161\u00ed zpr\u00e1vy, tipy na k\u00e1vu a vzru\u0161uj\u00edc\u00ed p\u0159\u00edb\u011bhy<\/title>\n<meta name=\"description\" content=\"P\u0159e\u010dti si blog HELL ICE COFFEE, kde najde\u0161 tipy na k\u00e1vu, \u010derstv\u00e9 novinky a vzru\u0161uj\u00edc\u00ed p\u0159\u00edb\u011bhy. Bu\u010f v obraze a sleduj nejnov\u011bj\u0161\u00ed trendy a z\u00e1\u017eitky s k\u00e1vou!\" \/>\n<meta name=\"robots\" content=\"index, follow, max-snippet:-1, max-image-preview:large, max-video-preview:-1\" \/>\n<link rel=\"canonical\" href=\"https:\/\/hellicecoffee.com\/cz\/blog\/\" \/>\n<meta property=\"og:locale\" content=\"en_US\" \/>\n<meta property=\"og:type\" content=\"article\" \/>\n<meta property=\"og:title\" content=\"Blog HELL ICE COFFEE\u2013 Nejnov\u011bj\u0161\u00ed zpr\u00e1vy, tipy na k\u00e1vu a vzru\u0161uj\u00edc\u00ed p\u0159\u00edb\u011bhy\" \/>\n<meta property=\"og:description\" content=\"P\u0159e\u010dti si blog HELL ICE COFFEE, kde najde\u0161 tipy na k\u00e1vu, \u010derstv\u00e9 novinky a vzru\u0161uj\u00edc\u00ed p\u0159\u00edb\u011bhy. Bu\u010f v obraze a sleduj nejnov\u011bj\u0161\u00ed trendy a z\u00e1\u017eitky s k\u00e1vou!\" \/>\n<meta property=\"og:url\" content=\"https:\/\/hellicecoffee.com\/cz\/blog\/\" \/>\n<meta property=\"og:site_name\" content=\"HELL ICE COFFEE\" \/>\n<meta property=\"article:modified_time\" content=\"2025-12-04T11:22:43+00:00\" \/>\n<meta property=\"og:image\" content=\"https:\/\/hellicecoffee.com\/wp-content\/uploads\/2024\/09\/Blog-Valodi-kaveelmeny.jpg\" \/>\n\t<meta property=\"og:image:width\" content=\"1920\" \/>\n\t<meta property=\"og:image:height\" content=\"1080\" \/>\n\t<meta property=\"og:image:type\" content=\"image\/jpeg\" \/>\n<meta name=\"twitter:card\" content=\"summary_large_image\" \/>\n<meta name=\"twitter:label1\" content=\"Est. reading time\" \/>\n\t<meta name=\"twitter:data1\" content=\"2 minutes\" \/>\n<script type=\"application\/ld+json\" class=\"yoast-schema-graph\">{\"@context\":\"https:\/\/schema.org\",\"@graph\":[{\"@type\":\"WebPage\",\"@id\":\"https:\/\/hellicecoffee.com\/cz\/blog\/\",\"url\":\"https:\/\/hellicecoffee.com\/cz\/blog\/\",\"name\":\"Blog HELL ICE COFFEE\u2013 Nejnov\u011bj\u0161\u00ed zpr\u00e1vy, tipy na k\u00e1vu a vzru\u0161uj\u00edc\u00ed p\u0159\u00edb\u011bhy\",\"isPartOf\":{\"@id\":\"https:\/\/hellicecoffee.com\/cz\/#website\"},\"datePublished\":\"2024-09-29T14:11:45+00:00\",\"dateModified\":\"2025-12-04T11:22:43+00:00\",\"description\":\"P\u0159e\u010dti si blog HELL ICE COFFEE, kde najde\u0161 tipy na k\u00e1vu, \u010derstv\u00e9 novinky a vzru\u0161uj\u00edc\u00ed p\u0159\u00edb\u011bhy. Bu\u010f v obraze a sleduj nejnov\u011bj\u0161\u00ed trendy a z\u00e1\u017eitky s k\u00e1vou!\",\"breadcrumb\":{\"@id\":\"https:\/\/hellicecoffee.com\/cz\/blog\/#breadcrumb\"},\"inLanguage\":\"cs\",\"potentialAction\":[{\"@type\":\"ReadAction\",\"target\":[\"https:\/\/hellicecoffee.com\/cz\/blog\/\"]}]},{\"@type\":\"BreadcrumbList\",\"@id\":\"https:\/\/hellicecoffee.com\/cz\/blog\/#breadcrumb\",\"itemListElement\":[{\"@type\":\"ListItem\",\"position\":1,\"name\":\"Kezd\u0151lap\",\"item\":\"https:\/\/hellicecoffee.com\/cz\/\"},{\"@type\":\"ListItem\",\"position\":2,\"name\":\"Blog\"}]},{\"@type\":\"WebSite\",\"@id\":\"https:\/\/hellicecoffee.com\/cz\/#website\",\"url\":\"https:\/\/hellicecoffee.com\/cz\/\",\"name\":\"HELL ICE COFFE\",\"description\":\"Val\u00f3di k\u00e1v\u00e9\u00e9lm\u00e9ny k\u00f6nnyed\u00e9n\",\"publisher\":{\"@id\":\"https:\/\/hellicecoffee.com\/cz\/#organization\"},\"potentialAction\":[{\"@type\":\"SearchAction\",\"target\":{\"@type\":\"EntryPoint\",\"urlTemplate\":\"https:\/\/hellicecoffee.com\/cz\/?s={search_term_string}\"},\"query-input\":{\"@type\":\"PropertyValueSpecification\",\"valueRequired\":true,\"valueName\":\"search_term_string\"}}],\"inLanguage\":\"cs\"},{\"@type\":\"Organization\",\"@id\":\"https:\/\/hellicecoffee.com\/cz\/#organization\",\"name\":\"HELL ICE COFFE\",\"url\":\"https:\/\/hellicecoffee.com\/cz\/\",\"logo\":{\"@type\":\"ImageObject\",\"inLanguage\":\"cs\",\"@id\":\"https:\/\/hellicecoffee.com\/cz\/#\/schema\/logo\/image\/\",\"url\":\"https:\/\/hellicecoffee.com\/wp-content\/uploads\/2024\/07\/Group-30-2.png\",\"contentUrl\":\"https:\/\/hellicecoffee.com\/wp-content\/uploads\/2024\/07\/Group-30-2.png\",\"width\":181,\"height\":194,\"caption\":\"HELL ICE COFFE\"},\"image\":{\"@id\":\"https:\/\/hellicecoffee.com\/cz\/#\/schema\/logo\/image\/\"}}]}<\/script>\n<!-- \/ Yoast SEO plugin. -->","yoast_head_json":{"title":"Blog HELL ICE COFFEE\u2013 Nejnov\u011bj\u0161\u00ed zpr\u00e1vy, tipy na k\u00e1vu a vzru\u0161uj\u00edc\u00ed p\u0159\u00edb\u011bhy","description":"P\u0159e\u010dti si blog HELL ICE COFFEE, kde najde\u0161 tipy na k\u00e1vu, \u010derstv\u00e9 novinky a vzru\u0161uj\u00edc\u00ed p\u0159\u00edb\u011bhy. Bu\u010f v obraze a sleduj nejnov\u011bj\u0161\u00ed trendy a z\u00e1\u017eitky s k\u00e1vou!","robots":{"index":"index","follow":"follow","max-snippet":"max-snippet:-1","max-image-preview":"max-image-preview:large","max-video-preview":"max-video-preview:-1"},"canonical":"https:\/\/hellicecoffee.com\/cz\/blog\/","og_locale":"en_US","og_type":"article","og_title":"Blog HELL ICE COFFEE\u2013 Nejnov\u011bj\u0161\u00ed zpr\u00e1vy, tipy na k\u00e1vu a vzru\u0161uj\u00edc\u00ed p\u0159\u00edb\u011bhy","og_description":"P\u0159e\u010dti si blog HELL ICE COFFEE, kde najde\u0161 tipy na k\u00e1vu, \u010derstv\u00e9 novinky a vzru\u0161uj\u00edc\u00ed p\u0159\u00edb\u011bhy. Bu\u010f v obraze a sleduj nejnov\u011bj\u0161\u00ed trendy a z\u00e1\u017eitky s k\u00e1vou!","og_url":"https:\/\/hellicecoffee.com\/cz\/blog\/","og_site_name":"HELL ICE COFFEE","article_modified_time":"2025-12-04T11:22:43+00:00","og_image":[{"width":1920,"height":1080,"url":"https:\/\/hellicecoffee.com\/wp-content\/uploads\/2024\/09\/Blog-Valodi-kaveelmeny.jpg","type":"image\/jpeg"}],"twitter_card":"summary_large_image","twitter_misc":{"Est. reading time":"2 minutes"},"schema":{"@context":"https:\/\/schema.org","@graph":[{"@type":"WebPage","@id":"https:\/\/hellicecoffee.com\/cz\/blog\/","url":"https:\/\/hellicecoffee.com\/cz\/blog\/","name":"Blog HELL ICE COFFEE\u2013 Nejnov\u011bj\u0161\u00ed zpr\u00e1vy, tipy na k\u00e1vu a vzru\u0161uj\u00edc\u00ed p\u0159\u00edb\u011bhy","isPartOf":{"@id":"https:\/\/hellicecoffee.com\/cz\/#website"},"datePublished":"2024-09-29T14:11:45+00:00","dateModified":"2025-12-04T11:22:43+00:00","description":"P\u0159e\u010dti si blog HELL ICE COFFEE, kde najde\u0161 tipy na k\u00e1vu, \u010derstv\u00e9 novinky a vzru\u0161uj\u00edc\u00ed p\u0159\u00edb\u011bhy. Bu\u010f v obraze a sleduj nejnov\u011bj\u0161\u00ed trendy a z\u00e1\u017eitky s k\u00e1vou!","breadcrumb":{"@id":"https:\/\/hellicecoffee.com\/cz\/blog\/#breadcrumb"},"inLanguage":"cs","potentialAction":[{"@type":"ReadAction","target":["https:\/\/hellicecoffee.com\/cz\/blog\/"]}]},{"@type":"BreadcrumbList","@id":"https:\/\/hellicecoffee.com\/cz\/blog\/#breadcrumb","itemListElement":[{"@type":"ListItem","position":1,"name":"Kezd\u0151lap","item":"https:\/\/hellicecoffee.com\/cz\/"},{"@type":"ListItem","position":2,"name":"Blog"}]},{"@type":"WebSite","@id":"https:\/\/hellicecoffee.com\/cz\/#website","url":"https:\/\/hellicecoffee.com\/cz\/","name":"HELL ICE COFFE","description":"Val\u00f3di k\u00e1v\u00e9\u00e9lm\u00e9ny k\u00f6nnyed\u00e9n","publisher":{"@id":"https:\/\/hellicecoffee.com\/cz\/#organization"},"potentialAction":[{"@type":"SearchAction","target":{"@type":"EntryPoint","urlTemplate":"https:\/\/hellicecoffee.com\/cz\/?s={search_term_string}"},"query-input":{"@type":"PropertyValueSpecification","valueRequired":true,"valueName":"search_term_string"}}],"inLanguage":"cs"},{"@type":"Organization","@id":"https:\/\/hellicecoffee.com\/cz\/#organization","name":"HELL ICE COFFE","url":"https:\/\/hellicecoffee.com\/cz\/","logo":{"@type":"ImageObject","inLanguage":"cs","@id":"https:\/\/hellicecoffee.com\/cz\/#\/schema\/logo\/image\/","url":"https:\/\/hellicecoffee.com\/wp-content\/uploads\/2024\/07\/Group-30-2.png","contentUrl":"https:\/\/hellicecoffee.com\/wp-content\/uploads\/2024\/07\/Group-30-2.png","width":181,"height":194,"caption":"HELL ICE COFFE"},"image":{"@id":"https:\/\/hellicecoffee.com\/cz\/#\/schema\/logo\/image\/"}}]}},"_links":{"self":[{"href":"https:\/\/hellicecoffee.com\/cz\/wp-json\/wp\/v2\/pages\/8123","targetHints":{"allow":["GET"]}}],"collection":[{"href":"https:\/\/hellicecoffee.com\/cz\/wp-json\/wp\/v2\/pages"}],"about":[{"href":"https:\/\/hellicecoffee.com\/cz\/wp-json\/wp\/v2\/types\/page"}],"author":[{"embeddable":true,"href":"https:\/\/hellicecoffee.com\/cz\/wp-json\/wp\/v2\/users\/1"}],"replies":[{"embeddable":true,"href":"https:\/\/hellicecoffee.com\/cz\/wp-json\/wp\/v2\/comments?post=8123"}],"version-history":[{"count":7,"href":"https:\/\/hellicecoffee.com\/cz\/wp-json\/wp\/v2\/pages\/8123\/revisions"}],"predecessor-version":[{"id":17522,"href":"https:\/\/hellicecoffee.com\/cz\/wp-json\/wp\/v2\/pages\/8123\/revisions\/17522"}],"wp:attachment":[{"href":"https:\/\/hellicecoffee.com\/cz\/wp-json\/wp\/v2\/media?parent=8123"}],"curies":[{"name":"wp","href":"https:\/\/api.w.org\/{rel}","templated":true}]}}