{"id":6813,"date":"2024-09-29T16:11:45","date_gmt":"2024-09-29T14:11:45","guid":{"rendered":"https:\/\/hellicecoffee.com\/blog\/"},"modified":"2025-12-04T12:02:08","modified_gmt":"2025-12-04T11:02:08","slug":"blog","status":"publish","type":"page","link":"https:\/\/hellicecoffee.com\/hr\/blog\/","title":{"rendered":"Blog"},"content":{"rendered":"\t\t<div data-elementor-type=\"wp-page\" data-elementor-id=\"6813\" class=\"elementor elementor-6813 elementor-6216\" data-elementor-post-type=\"page\">\n\t\t\t\t<div class=\"elementor-element elementor-element-c6630cf e-flex e-con-boxed e-con e-parent\" data-id=\"c6630cf\" data-element_type=\"container\" data-e-type=\"container\">\n\t\t\t\t\t<div class=\"e-con-inner\">\n\t\t\t\t<div class=\"elementor-element elementor-element-4290930 elementor-widget elementor-widget-heading\" data-id=\"4290930\" data-element_type=\"widget\" data-e-type=\"widget\" data-widget_type=\"heading.default\">\n\t\t\t\t<div class=\"elementor-widget-container\">\n\t\t\t\t\t<h1 class=\"elementor-heading-title elementor-size-default\">BLOG<\/h1>\t\t\t\t<\/div>\n\t\t\t\t<\/div>\n\t\t\t\t\t<\/div>\n\t\t\t\t<\/div>\n\t\t<div class=\"elementor-element elementor-element-bd68303 e-flex e-con-boxed e-con e-parent\" data-id=\"bd68303\" data-element_type=\"container\" data-e-type=\"container\">\n\t\t\t\t\t<div class=\"e-con-inner\">\n\t\t\t\t<div class=\"elementor-element elementor-element-0ef6f99 elementor-posts--align-left elementor-grid-3 elementor-grid-tablet-2 elementor-grid-mobile-1 elementor-posts--thumbnail-top elementor-widget elementor-widget-posts\" data-id=\"0ef6f99\" data-element_type=\"widget\" data-e-type=\"widget\" data-settings=\"{&quot;classic_columns&quot;:&quot;3&quot;,&quot;classic_columns_tablet&quot;:&quot;2&quot;,&quot;classic_columns_mobile&quot;:&quot;1&quot;,&quot;classic_row_gap&quot;:{&quot;unit&quot;:&quot;px&quot;,&quot;size&quot;:35,&quot;sizes&quot;:[]},&quot;classic_row_gap_tablet&quot;:{&quot;unit&quot;:&quot;px&quot;,&quot;size&quot;:&quot;&quot;,&quot;sizes&quot;:[]},&quot;classic_row_gap_mobile&quot;:{&quot;unit&quot;:&quot;px&quot;,&quot;size&quot;:&quot;&quot;,&quot;sizes&quot;:[]}}\" data-widget_type=\"posts.classic\">\n\t\t\t\t<div class=\"elementor-widget-container\">\n\t\t\t\t\t\t\t<div class=\"elementor-posts-container elementor-posts elementor-posts--skin-classic elementor-grid\" role=\"list\">\n\t\t\t\t<article class=\"elementor-post elementor-grid-item post-11122 post type-post status-publish format-standard has-post-thumbnail hentry category-blog\" role=\"listitem\">\n\t\t\t\t<a class=\"elementor-post__thumbnail__link\" href=\"https:\/\/hellicecoffee.com\/hr\/blog\/megan-fox-novo-je-lice-hell-ledene-kave\/\" tabindex=\"-1\" >\n\t\t\t<div class=\"elementor-post__thumbnail\"><img fetchpriority=\"high\" decoding=\"async\" width=\"800\" height=\"450\" src=\"https:\/\/hellicecoffee.com\/wp-content\/uploads\/2025\/02\/HI2500000004_HU_HIC_weboldal_fooldali_MF_banner_3000x1687px-1024x576.jpg\" class=\"attachment-large size-large wp-image-10927\" alt=\"\" srcset=\"https:\/\/hellicecoffee.com\/wp-content\/uploads\/2025\/02\/HI2500000004_HU_HIC_weboldal_fooldali_MF_banner_3000x1687px-1024x576.jpg 1024w, https:\/\/hellicecoffee.com\/wp-content\/uploads\/2025\/02\/HI2500000004_HU_HIC_weboldal_fooldali_MF_banner_3000x1687px-300x169.jpg 300w, https:\/\/hellicecoffee.com\/wp-content\/uploads\/2025\/02\/HI2500000004_HU_HIC_weboldal_fooldali_MF_banner_3000x1687px-768x432.jpg 768w, https:\/\/hellicecoffee.com\/wp-content\/uploads\/2025\/02\/HI2500000004_HU_HIC_weboldal_fooldali_MF_banner_3000x1687px-1536x864.jpg 1536w, https:\/\/hellicecoffee.com\/wp-content\/uploads\/2025\/02\/HI2500000004_HU_HIC_weboldal_fooldali_MF_banner_3000x1687px-2048x1152.jpg 2048w\" sizes=\"(max-width: 800px) 100vw, 800px\" \/><\/div>\n\t\t<\/a>\n\t\t\t\t<div class=\"elementor-post__text\">\n\t\t\t\t<h2 class=\"elementor-post__title\">\n\t\t\t<a href=\"https:\/\/hellicecoffee.com\/hr\/blog\/megan-fox-novo-je-lice-hell-ledene-kave\/\" >\n\t\t\t\tMEGAN FOX NOVO JE LICE HELL LEDENE KAVE\t\t\t<\/a>\n\t\t<\/h2>\n\t\t\n\t\t<a class=\"elementor-post__read-more\" href=\"https:\/\/hellicecoffee.com\/hr\/blog\/megan-fox-novo-je-lice-hell-ledene-kave\/\" aria-label=\"Read more about MEGAN FOX NOVO JE LICE HELL LEDENE KAVE\" tabindex=\"-1\" >\n\t\t\tNastavljam \u010ditati\t\t<\/a>\n\n\t\t\t\t<\/div>\n\t\t\t\t<\/article>\n\t\t\t\t<article class=\"elementor-post elementor-grid-item post-6802 post type-post status-publish format-standard has-post-thumbnail hentry category-blog\" role=\"listitem\">\n\t\t\t\t<a class=\"elementor-post__thumbnail__link\" href=\"https:\/\/hellicecoffee.com\/hr\/blog\/pravi-dozivljaj-kave-uz-hell-ice-coffee\/\" tabindex=\"-1\" >\n\t\t\t<div class=\"elementor-post__thumbnail\"><img decoding=\"async\" width=\"800\" height=\"450\" src=\"https:\/\/hellicecoffee.com\/wp-content\/uploads\/2024\/09\/Blog-Valodi-kaveelmeny-1024x576.jpg\" class=\"attachment-large size-large wp-image-4413\" alt=\"\" srcset=\"https:\/\/hellicecoffee.com\/wp-content\/uploads\/2024\/09\/Blog-Valodi-kaveelmeny-1024x576.jpg 1024w, https:\/\/hellicecoffee.com\/wp-content\/uploads\/2024\/09\/Blog-Valodi-kaveelmeny-300x169.jpg 300w, https:\/\/hellicecoffee.com\/wp-content\/uploads\/2024\/09\/Blog-Valodi-kaveelmeny-768x432.jpg 768w, https:\/\/hellicecoffee.com\/wp-content\/uploads\/2024\/09\/Blog-Valodi-kaveelmeny-1536x864.jpg 1536w, https:\/\/hellicecoffee.com\/wp-content\/uploads\/2024\/09\/Blog-Valodi-kaveelmeny.jpg 1920w\" sizes=\"(max-width: 800px) 100vw, 800px\" \/><\/div>\n\t\t<\/a>\n\t\t\t\t<div class=\"elementor-post__text\">\n\t\t\t\t<h2 class=\"elementor-post__title\">\n\t\t\t<a href=\"https:\/\/hellicecoffee.com\/hr\/blog\/pravi-dozivljaj-kave-uz-hell-ice-coffee\/\" >\n\t\t\t\tPravi do\u017eivljaj kave uz HELL ICE COFFEE\t\t\t<\/a>\n\t\t<\/h2>\n\t\t\n\t\t<a class=\"elementor-post__read-more\" href=\"https:\/\/hellicecoffee.com\/hr\/blog\/pravi-dozivljaj-kave-uz-hell-ice-coffee\/\" aria-label=\"Read more about Pravi do\u017eivljaj kave uz HELL ICE COFFEE\" tabindex=\"-1\" >\n\t\t\tNastavljam \u010ditati\t\t<\/a>\n\n\t\t\t\t<\/div>\n\t\t\t\t<\/article>\n\t\t\t\t<article class=\"elementor-post elementor-grid-item post-6804 post type-post status-publish format-standard has-post-thumbnail hentry category-blog\" role=\"listitem\">\n\t\t\t\t<a class=\"elementor-post__thumbnail__link\" href=\"https:\/\/hellicecoffee.com\/hr\/blog\/ponuda-hell-ledene-kave-je-obnovljena\/\" tabindex=\"-1\" >\n\t\t\t<div class=\"elementor-post__thumbnail\"><img decoding=\"async\" width=\"800\" height=\"450\" src=\"https:\/\/hellicecoffee.com\/wp-content\/uploads\/2025\/04\/1920x1080-1024x576.jpg\" class=\"attachment-large size-large wp-image-11862\" alt=\"\" srcset=\"https:\/\/hellicecoffee.com\/wp-content\/uploads\/2025\/04\/1920x1080-1024x576.jpg 1024w, https:\/\/hellicecoffee.com\/wp-content\/uploads\/2025\/04\/1920x1080-300x169.jpg 300w, https:\/\/hellicecoffee.com\/wp-content\/uploads\/2025\/04\/1920x1080-768x432.jpg 768w, https:\/\/hellicecoffee.com\/wp-content\/uploads\/2025\/04\/1920x1080-1536x864.jpg 1536w, https:\/\/hellicecoffee.com\/wp-content\/uploads\/2025\/04\/1920x1080.jpg 1920w\" sizes=\"(max-width: 800px) 100vw, 800px\" \/><\/div>\n\t\t<\/a>\n\t\t\t\t<div class=\"elementor-post__text\">\n\t\t\t\t<h2 class=\"elementor-post__title\">\n\t\t\t<a href=\"https:\/\/hellicecoffee.com\/hr\/blog\/ponuda-hell-ledene-kave-je-obnovljena\/\" >\n\t\t\t\tPonuda HELL ledene kave je obnovljena\t\t\t<\/a>\n\t\t<\/h2>\n\t\t\n\t\t<a class=\"elementor-post__read-more\" href=\"https:\/\/hellicecoffee.com\/hr\/blog\/ponuda-hell-ledene-kave-je-obnovljena\/\" aria-label=\"Read more about Ponuda HELL ledene kave je obnovljena\" tabindex=\"-1\" >\n\t\t\tNastavljam \u010ditati\t\t<\/a>\n\n\t\t\t\t<\/div>\n\t\t\t\t<\/article>\n\t\t\t\t<article class=\"elementor-post elementor-grid-item post-6806 post type-post status-publish format-standard has-post-thumbnail hentry category-blog\" role=\"listitem\">\n\t\t\t\t<a class=\"elementor-post__thumbnail__link\" href=\"https:\/\/hellicecoffee.com\/hr\/blog\/hell-energy-otvara-svoju-novu-tvornicu-kave-s-mlijekom\/\" tabindex=\"-1\" >\n\t\t\t<div class=\"elementor-post__thumbnail\"><img loading=\"lazy\" decoding=\"async\" width=\"800\" height=\"533\" src=\"https:\/\/hellicecoffee.com\/wp-content\/uploads\/2024\/09\/DJI_0089-1024x682.jpg\" class=\"attachment-large size-large wp-image-4424\" alt=\"\" srcset=\"https:\/\/hellicecoffee.com\/wp-content\/uploads\/2024\/09\/DJI_0089-1024x682.jpg 1024w, https:\/\/hellicecoffee.com\/wp-content\/uploads\/2024\/09\/DJI_0089-300x200.jpg 300w, https:\/\/hellicecoffee.com\/wp-content\/uploads\/2024\/09\/DJI_0089-768x512.jpg 768w, https:\/\/hellicecoffee.com\/wp-content\/uploads\/2024\/09\/DJI_0089-1536x1023.jpg 1536w, https:\/\/hellicecoffee.com\/wp-content\/uploads\/2024\/09\/DJI_0089.jpg 1980w\" sizes=\"(max-width: 800px) 100vw, 800px\" \/><\/div>\n\t\t<\/a>\n\t\t\t\t<div class=\"elementor-post__text\">\n\t\t\t\t<h2 class=\"elementor-post__title\">\n\t\t\t<a href=\"https:\/\/hellicecoffee.com\/hr\/blog\/hell-energy-otvara-svoju-novu-tvornicu-kave-s-mlijekom\/\" >\n\t\t\t\tHELL ENERGY otvara svoju novu tvornicu kave s mlijekom\t\t\t<\/a>\n\t\t<\/h2>\n\t\t\n\t\t<a class=\"elementor-post__read-more\" href=\"https:\/\/hellicecoffee.com\/hr\/blog\/hell-energy-otvara-svoju-novu-tvornicu-kave-s-mlijekom\/\" aria-label=\"Read more about HELL ENERGY otvara svoju novu tvornicu kave s mlijekom\" tabindex=\"-1\" >\n\t\t\tNastavljam \u010ditati\t\t<\/a>\n\n\t\t\t\t<\/div>\n\t\t\t\t<\/article>\n\t\t\t\t<\/div>\n\t\t\n\t\t\t\t\t\t<\/div>\n\t\t\t\t<\/div>\n\t\t\t\t\t<\/div>\n\t\t\t\t<\/div>\n\t\t\t\t<\/div>\n\t\t","protected":false},"excerpt":{"rendered":"<p>BLOG<\/p>\n","protected":false},"author":1,"featured_media":0,"parent":0,"menu_order":0,"comment_status":"closed","ping_status":"closed","template":"elementor_header_footer","meta":{"footnotes":""},"class_list":["post-6813","page","type-page","status-publish","hentry"],"yoast_head":"<!-- This site is optimized with the Yoast SEO plugin v27.2 - https:\/\/yoast.com\/product\/yoast-seo-wordpress\/ -->\n<title>Blog HELL ICE COFFEE \u2013 najnovije vijesti, savjeti o kavi i uzbudljive pri\u010de<\/title>\n<meta name=\"description\" content=\"Pro\u010ditaj blog HELL ICE COFFEE, gdje mo\u017ee\u0161 prona\u0107i savjete o kavi, najnovije vijesti i uzbudljive pri\u010de. Budi u tijeku s najnovijim trendovima i iskustvima kave!\" \/>\n<meta name=\"robots\" content=\"index, follow, max-snippet:-1, max-image-preview:large, max-video-preview:-1\" \/>\n<link rel=\"canonical\" href=\"https:\/\/hellicecoffee.com\/hr\/blog\/\" \/>\n<meta property=\"og:locale\" content=\"hr_HR\" \/>\n<meta property=\"og:type\" content=\"article\" \/>\n<meta property=\"og:title\" content=\"Blog HELL ICE COFFEE \u2013 najnovije vijesti, savjeti o kavi i uzbudljive pri\u010de\" \/>\n<meta property=\"og:description\" content=\"Pro\u010ditaj blog HELL ICE COFFEE, gdje mo\u017ee\u0161 prona\u0107i savjete o kavi, najnovije vijesti i uzbudljive pri\u010de. Budi u tijeku s najnovijim trendovima i iskustvima kave!\" \/>\n<meta property=\"og:url\" content=\"https:\/\/hellicecoffee.com\/hr\/blog\/\" \/>\n<meta property=\"og:site_name\" content=\"HELL ICE COFFEE\" \/>\n<meta property=\"article:modified_time\" content=\"2025-12-04T11:02:08+00:00\" \/>\n<meta property=\"og:image\" content=\"https:\/\/hellicecoffee.com\/wp-content\/uploads\/2024\/09\/Blog-Valodi-kaveelmeny-2.jpg\" \/>\n\t<meta property=\"og:image:width\" content=\"1920\" \/>\n\t<meta property=\"og:image:height\" content=\"1080\" \/>\n\t<meta property=\"og:image:type\" content=\"image\/jpeg\" \/>\n<meta name=\"twitter:card\" content=\"summary_large_image\" \/>\n<meta name=\"twitter:label1\" content=\"Procijenjeno vrijeme \u010ditanja\" \/>\n\t<meta name=\"twitter:data1\" content=\"1 minuta\" \/>\n<script type=\"application\/ld+json\" class=\"yoast-schema-graph\">{\"@context\":\"https:\/\/schema.org\",\"@graph\":[{\"@type\":\"WebPage\",\"@id\":\"https:\/\/hellicecoffee.com\/hr\/blog\/\",\"url\":\"https:\/\/hellicecoffee.com\/hr\/blog\/\",\"name\":\"Blog HELL ICE COFFEE \u2013 najnovije vijesti, savjeti o kavi i uzbudljive pri\u010de\",\"isPartOf\":{\"@id\":\"https:\/\/hellicecoffee.com\/hr\/#website\"},\"datePublished\":\"2024-09-29T14:11:45+00:00\",\"dateModified\":\"2025-12-04T11:02:08+00:00\",\"description\":\"Pro\u010ditaj blog HELL ICE COFFEE, gdje mo\u017ee\u0161 prona\u0107i savjete o kavi, najnovije vijesti i uzbudljive pri\u010de. Budi u tijeku s najnovijim trendovima i iskustvima kave!\",\"breadcrumb\":{\"@id\":\"https:\/\/hellicecoffee.com\/hr\/blog\/#breadcrumb\"},\"inLanguage\":\"hr\",\"potentialAction\":[{\"@type\":\"ReadAction\",\"target\":[\"https:\/\/hellicecoffee.com\/hr\/blog\/\"]}]},{\"@type\":\"BreadcrumbList\",\"@id\":\"https:\/\/hellicecoffee.com\/hr\/blog\/#breadcrumb\",\"itemListElement\":[{\"@type\":\"ListItem\",\"position\":1,\"name\":\"Kezd\u0151lap\",\"item\":\"https:\/\/hellicecoffee.com\/hr\/\"},{\"@type\":\"ListItem\",\"position\":2,\"name\":\"Blog\"}]},{\"@type\":\"WebSite\",\"@id\":\"https:\/\/hellicecoffee.com\/hr\/#website\",\"url\":\"https:\/\/hellicecoffee.com\/hr\/\",\"name\":\"HELL ICE COFFE\",\"description\":\"Val\u00f3di k\u00e1v\u00e9\u00e9lm\u00e9ny k\u00f6nnyed\u00e9n\",\"publisher\":{\"@id\":\"https:\/\/hellicecoffee.com\/hr\/#organization\"},\"potentialAction\":[{\"@type\":\"SearchAction\",\"target\":{\"@type\":\"EntryPoint\",\"urlTemplate\":\"https:\/\/hellicecoffee.com\/hr\/?s={search_term_string}\"},\"query-input\":{\"@type\":\"PropertyValueSpecification\",\"valueRequired\":true,\"valueName\":\"search_term_string\"}}],\"inLanguage\":\"hr\"},{\"@type\":\"Organization\",\"@id\":\"https:\/\/hellicecoffee.com\/hr\/#organization\",\"name\":\"HELL ICE COFFE\",\"url\":\"https:\/\/hellicecoffee.com\/hr\/\",\"logo\":{\"@type\":\"ImageObject\",\"inLanguage\":\"hr\",\"@id\":\"https:\/\/hellicecoffee.com\/hr\/#\/schema\/logo\/image\/\",\"url\":\"https:\/\/hellicecoffee.com\/wp-content\/uploads\/2024\/07\/Group-30-2.png\",\"contentUrl\":\"https:\/\/hellicecoffee.com\/wp-content\/uploads\/2024\/07\/Group-30-2.png\",\"width\":181,\"height\":194,\"caption\":\"HELL ICE COFFE\"},\"image\":{\"@id\":\"https:\/\/hellicecoffee.com\/hr\/#\/schema\/logo\/image\/\"}}]}<\/script>\n<!-- \/ Yoast SEO plugin. -->","yoast_head_json":{"title":"Blog HELL ICE COFFEE \u2013 najnovije vijesti, savjeti o kavi i uzbudljive pri\u010de","description":"Pro\u010ditaj blog HELL ICE COFFEE, gdje mo\u017ee\u0161 prona\u0107i savjete o kavi, najnovije vijesti i uzbudljive pri\u010de. Budi u tijeku s najnovijim trendovima i iskustvima kave!","robots":{"index":"index","follow":"follow","max-snippet":"max-snippet:-1","max-image-preview":"max-image-preview:large","max-video-preview":"max-video-preview:-1"},"canonical":"https:\/\/hellicecoffee.com\/hr\/blog\/","og_locale":"hr_HR","og_type":"article","og_title":"Blog HELL ICE COFFEE \u2013 najnovije vijesti, savjeti o kavi i uzbudljive pri\u010de","og_description":"Pro\u010ditaj blog HELL ICE COFFEE, gdje mo\u017ee\u0161 prona\u0107i savjete o kavi, najnovije vijesti i uzbudljive pri\u010de. Budi u tijeku s najnovijim trendovima i iskustvima kave!","og_url":"https:\/\/hellicecoffee.com\/hr\/blog\/","og_site_name":"HELL ICE COFFEE","article_modified_time":"2025-12-04T11:02:08+00:00","og_image":[{"width":1920,"height":1080,"url":"https:\/\/hellicecoffee.com\/wp-content\/uploads\/2024\/09\/Blog-Valodi-kaveelmeny-2.jpg","type":"image\/jpeg"}],"twitter_card":"summary_large_image","twitter_misc":{"Procijenjeno vrijeme \u010ditanja":"1 minuta"},"schema":{"@context":"https:\/\/schema.org","@graph":[{"@type":"WebPage","@id":"https:\/\/hellicecoffee.com\/hr\/blog\/","url":"https:\/\/hellicecoffee.com\/hr\/blog\/","name":"Blog HELL ICE COFFEE \u2013 najnovije vijesti, savjeti o kavi i uzbudljive pri\u010de","isPartOf":{"@id":"https:\/\/hellicecoffee.com\/hr\/#website"},"datePublished":"2024-09-29T14:11:45+00:00","dateModified":"2025-12-04T11:02:08+00:00","description":"Pro\u010ditaj blog HELL ICE COFFEE, gdje mo\u017ee\u0161 prona\u0107i savjete o kavi, najnovije vijesti i uzbudljive pri\u010de. Budi u tijeku s najnovijim trendovima i iskustvima kave!","breadcrumb":{"@id":"https:\/\/hellicecoffee.com\/hr\/blog\/#breadcrumb"},"inLanguage":"hr","potentialAction":[{"@type":"ReadAction","target":["https:\/\/hellicecoffee.com\/hr\/blog\/"]}]},{"@type":"BreadcrumbList","@id":"https:\/\/hellicecoffee.com\/hr\/blog\/#breadcrumb","itemListElement":[{"@type":"ListItem","position":1,"name":"Kezd\u0151lap","item":"https:\/\/hellicecoffee.com\/hr\/"},{"@type":"ListItem","position":2,"name":"Blog"}]},{"@type":"WebSite","@id":"https:\/\/hellicecoffee.com\/hr\/#website","url":"https:\/\/hellicecoffee.com\/hr\/","name":"HELL ICE COFFE","description":"Val\u00f3di k\u00e1v\u00e9\u00e9lm\u00e9ny k\u00f6nnyed\u00e9n","publisher":{"@id":"https:\/\/hellicecoffee.com\/hr\/#organization"},"potentialAction":[{"@type":"SearchAction","target":{"@type":"EntryPoint","urlTemplate":"https:\/\/hellicecoffee.com\/hr\/?s={search_term_string}"},"query-input":{"@type":"PropertyValueSpecification","valueRequired":true,"valueName":"search_term_string"}}],"inLanguage":"hr"},{"@type":"Organization","@id":"https:\/\/hellicecoffee.com\/hr\/#organization","name":"HELL ICE COFFE","url":"https:\/\/hellicecoffee.com\/hr\/","logo":{"@type":"ImageObject","inLanguage":"hr","@id":"https:\/\/hellicecoffee.com\/hr\/#\/schema\/logo\/image\/","url":"https:\/\/hellicecoffee.com\/wp-content\/uploads\/2024\/07\/Group-30-2.png","contentUrl":"https:\/\/hellicecoffee.com\/wp-content\/uploads\/2024\/07\/Group-30-2.png","width":181,"height":194,"caption":"HELL ICE COFFE"},"image":{"@id":"https:\/\/hellicecoffee.com\/hr\/#\/schema\/logo\/image\/"}}]}},"_links":{"self":[{"href":"https:\/\/hellicecoffee.com\/hr\/wp-json\/wp\/v2\/pages\/6813","targetHints":{"allow":["GET"]}}],"collection":[{"href":"https:\/\/hellicecoffee.com\/hr\/wp-json\/wp\/v2\/pages"}],"about":[{"href":"https:\/\/hellicecoffee.com\/hr\/wp-json\/wp\/v2\/types\/page"}],"author":[{"embeddable":true,"href":"https:\/\/hellicecoffee.com\/hr\/wp-json\/wp\/v2\/users\/1"}],"replies":[{"embeddable":true,"href":"https:\/\/hellicecoffee.com\/hr\/wp-json\/wp\/v2\/comments?post=6813"}],"version-history":[{"count":5,"href":"https:\/\/hellicecoffee.com\/hr\/wp-json\/wp\/v2\/pages\/6813\/revisions"}],"predecessor-version":[{"id":17515,"href":"https:\/\/hellicecoffee.com\/hr\/wp-json\/wp\/v2\/pages\/6813\/revisions\/17515"}],"wp:attachment":[{"href":"https:\/\/hellicecoffee.com\/hr\/wp-json\/wp\/v2\/media?parent=6813"}],"curies":[{"name":"wp","href":"https:\/\/api.w.org\/{rel}","templated":true}]}}