{"id":8763,"date":"2024-10-18T12:17:11","date_gmt":"2024-10-18T10:17:11","guid":{"rendered":"https:\/\/hellicecoffee.com\/coffee-factory\/"},"modified":"2026-01-29T23:05:36","modified_gmt":"2026-01-29T22:05:36","slug":"coffee-factory","status":"publish","type":"page","link":"https:\/\/hellicecoffee.com\/hr\/coffee-factory\/","title":{"rendered":"Tvornica Kave"},"content":{"rendered":"\t\t<div data-elementor-type=\"wp-page\" data-elementor-id=\"8763\" class=\"elementor elementor-8763 elementor-8631\" data-elementor-post-type=\"page\">\n\t\t\t\t<div class=\"elementor-element elementor-element-7a38388 e-flex e-con-boxed e-con e-parent\" data-id=\"7a38388\" data-element_type=\"container\" data-e-type=\"container\" data-settings=\"{&quot;background_background&quot;:&quot;classic&quot;}\">\n\t\t\t\t\t<div class=\"e-con-inner\">\n\t\t\t\t<div class=\"elementor-element elementor-element-238d472 elementor-widget elementor-widget-theme-post-title elementor-page-title elementor-widget-heading\" data-id=\"238d472\" data-element_type=\"widget\" data-e-type=\"widget\" data-widget_type=\"theme-post-title.default\">\n\t\t\t\t<div class=\"elementor-widget-container\">\n\t\t\t\t\t<h1 class=\"elementor-heading-title elementor-size-default\">Tvornica Kave<\/h1>\t\t\t\t<\/div>\n\t\t\t\t<\/div>\n\t\t\t\t\t<\/div>\n\t\t\t\t<\/div>\n\t\t<div class=\"elementor-element elementor-element-5c1a81e e-flex e-con-boxed e-con e-parent\" data-id=\"5c1a81e\" data-element_type=\"container\" data-e-type=\"container\" data-settings=\"{&quot;background_background&quot;:&quot;classic&quot;}\">\n\t\t\t\t\t<div class=\"e-con-inner\">\n\t\t<div class=\"elementor-element elementor-element-c204abf e-con-full e-flex e-con e-child\" data-id=\"c204abf\" data-element_type=\"container\" data-e-type=\"container\">\n\t\t\t\t<div class=\"elementor-element elementor-element-cc0e44c elementor-widget elementor-widget-heading\" data-id=\"cc0e44c\" data-element_type=\"widget\" data-e-type=\"widget\" data-widget_type=\"heading.default\">\n\t\t\t\t<div class=\"elementor-widget-container\">\n\t\t\t\t\t<h2 class=\"elementor-heading-title elementor-size-default\">Tvornica Kave<\/h2>\t\t\t\t<\/div>\n\t\t\t\t<\/div>\n\t\t\t\t<div class=\"elementor-element elementor-element-d93e303 elementor-widget elementor-widget-text-editor\" data-id=\"d93e303\" data-element_type=\"widget\" data-e-type=\"widget\" data-widget_type=\"text-editor.default\">\n\t\t\t\t<div class=\"elementor-widget-container\">\n\t\t\t\t\t\t\t\t\t<h2>Tvornica<\/h2>\r\nHELL-ova tvornica izrasla je u najve\u0107eg giganta na svijetu. To zna\u010di da je ovo najve\u0107a megatvornica s najsuvremenijom tehnologijom na svijetu, u istom vlasni\u0161tvu korporativne grupe, koja proizvodi i puni aluminijske limenke za pi\u0107e na jednoj lokaciji. Nakon otvorenja nove proizvodne jedinice, kompleks tvornice HELL sada se nalazi na povr\u0161ini od 83 hektara (830 000 \u010detvornih metara).\r\n\r\nS novoizgra\u0111enom jedinicom, na\u0161a se tvornica dodatno pro\u0161irila, \u0161to je na\u0161e proizvodne aktivnosti podiglo na novu razinu, budu\u0107i da godi\u0161nje mo\u017eemo proizvesti do 10 milijardi limenki pi\u0107a, uklju\u010duju\u0107i 4 milijarde limenki i 6 milijardi komada napunjenih gotovih proizvoda. To zna\u010di da dnevno mo\u017eemo premjestiti do 31 milijun aluminijskih limenki, od \u010dega je 13 milijuna proizvedeno, a 18 milijuna napunjeno. Osim toga, novoizgra\u0111eni tvorni\u010dki kompleks sada je pogodan i za proizvodnju aluminijskih limenki od 500 ml, \u010dime se dodatno pro\u0161iruje ve\u0107 bogata paleta proizvoda.\r\n\r\nNa\u0161 tvorni\u010dki kompleks tako\u0111er proizvodi pi\u0107a na bazi mlijeka u aluminijskim limenkama, uz podr\u0161ku jedne od najnaprednijih dostupnih tehnologija. Ovo postrojenje od 11.880 \u010detvornih metara mo\u017ee proizvesti do 50.000 limenki vrhunske ledene kave na sat, koriste\u0107i se mlijekom isklju\u010divo od ma\u0111arskih poljoprivrednika. Na\u0161a tvornica sposobna je napuniti do 300 milijuna limenki ledene kave godi\u0161nje, a izgra\u0111ena je u suradnji sa \u0161panjolskim, nizozemskim i njema\u010dkim tehnolo\u0161kim partnerima.\t\t\t\t\t\t\t\t<\/div>\n\t\t\t\t<\/div>\n\t\t\t\t<div class=\"elementor-element elementor-element-b2e2430 elementor-widget elementor-widget-image\" data-id=\"b2e2430\" data-element_type=\"widget\" data-e-type=\"widget\" data-widget_type=\"image.default\">\n\t\t\t\t<div class=\"elementor-widget-container\">\n\t\t\t\t\t\t\t\t\t\t\t\t\t\t\t<img fetchpriority=\"high\" decoding=\"async\" width=\"1536\" height=\"915\" src=\"https:\/\/hellicecoffee.com\/wp-content\/uploads\/2024\/10\/HELL-Gyar-44-fuves-1-1536x915.webp\" class=\"attachment-1536x1536 size-1536x1536 wp-image-8641\" alt=\"\" srcset=\"https:\/\/hellicecoffee.com\/wp-content\/uploads\/2024\/10\/HELL-Gyar-44-fuves-1-1536x915.webp 1536w, https:\/\/hellicecoffee.com\/wp-content\/uploads\/2024\/10\/HELL-Gyar-44-fuves-1-300x179.webp 300w, https:\/\/hellicecoffee.com\/wp-content\/uploads\/2024\/10\/HELL-Gyar-44-fuves-1-1024x610.webp 1024w, https:\/\/hellicecoffee.com\/wp-content\/uploads\/2024\/10\/HELL-Gyar-44-fuves-1-768x457.webp 768w, https:\/\/hellicecoffee.com\/wp-content\/uploads\/2024\/10\/HELL-Gyar-44-fuves-1.webp 1748w\" sizes=\"(max-width: 1536px) 100vw, 1536px\" \/>\t\t\t\t\t\t\t\t\t\t\t\t\t\t\t<\/div>\n\t\t\t\t<\/div>\n\t\t\t\t<\/div>\n\t\t\t\t\t<\/div>\n\t\t\t\t<\/div>\n\t\t\t\t<\/div>\n\t\t","protected":false},"excerpt":{"rendered":"<p>Tvornica Kave Tvornica HELL-ova tvornica izrasla je u najve\u0107eg giganta na svijetu. To zna\u010di da je ovo najve\u0107a megatvornica s najsuvremenijom tehnologijom na svijetu, u istom vlasni\u0161tvu korporativne grupe, koja proizvodi i puni aluminijske limenke za pi\u0107e na jednoj lokaciji. Nakon otvorenja nove proizvodne jedinice, kompleks tvornice HELL sada se nalazi na povr\u0161ini od 83 [&hellip;]<\/p>\n","protected":false},"author":1,"featured_media":8656,"parent":0,"menu_order":0,"comment_status":"closed","ping_status":"closed","template":"elementor_header_footer","meta":{"footnotes":""},"class_list":["post-8763","page","type-page","status-publish","has-post-thumbnail","hentry"],"yoast_head":"<!-- This site is optimized with the Yoast SEO plugin v27.2 - https:\/\/yoast.com\/product\/yoast-seo-wordpress\/ -->\n<title>Tvornica HELL ICE COFFEE \u2013 jedan od najmodernijih pogona za proizvodnju napitaka od kave u Ma\u0111arskoj<\/title>\n<meta name=\"description\" content=\"Otkrij najnovija dostignu\u0107a u tvornici HELL ICE COFFEE! Upoznaj jedan od najve\u0107ih svjetskih modernih pogona za proizvodnju napitaka od kave.\" \/>\n<meta name=\"robots\" content=\"index, follow, max-snippet:-1, max-image-preview:large, max-video-preview:-1\" \/>\n<link rel=\"canonical\" href=\"https:\/\/hellicecoffee.com\/hr\/coffee-factory\/\" \/>\n<meta property=\"og:locale\" content=\"hr_HR\" \/>\n<meta property=\"og:type\" content=\"article\" \/>\n<meta property=\"og:title\" content=\"Tvornica HELL ICE COFFEE \u2013 jedan od najmodernijih pogona za proizvodnju napitaka od kave u Ma\u0111arskoj\" \/>\n<meta property=\"og:description\" content=\"Otkrij najnovija dostignu\u0107a u tvornici HELL ICE COFFEE! Upoznaj jedan od najve\u0107ih svjetskih modernih pogona za proizvodnju napitaka od kave.\" \/>\n<meta property=\"og:url\" content=\"https:\/\/hellicecoffee.com\/hr\/coffee-factory\/\" \/>\n<meta property=\"og:site_name\" content=\"HELL ICE COFFEE\" \/>\n<meta property=\"article:modified_time\" content=\"2026-01-29T22:05:36+00:00\" \/>\n<meta property=\"og:image\" content=\"https:\/\/hellicecoffee.com\/wp-content\/uploads\/2024\/10\/Kep-17.webp\" \/>\n\t<meta property=\"og:image:width\" content=\"1920\" \/>\n\t<meta property=\"og:image:height\" content=\"800\" \/>\n\t<meta property=\"og:image:type\" content=\"image\/webp\" \/>\n<meta name=\"twitter:card\" content=\"summary_large_image\" \/>\n<meta name=\"twitter:label1\" content=\"Procijenjeno vrijeme \u010ditanja\" \/>\n\t<meta name=\"twitter:data1\" content=\"2 minute\" \/>\n<script type=\"application\/ld+json\" class=\"yoast-schema-graph\">{\"@context\":\"https:\/\/schema.org\",\"@graph\":[{\"@type\":\"WebPage\",\"@id\":\"https:\/\/hellicecoffee.com\/hr\/coffee-factory\/\",\"url\":\"https:\/\/hellicecoffee.com\/hr\/coffee-factory\/\",\"name\":\"Tvornica HELL ICE COFFEE \u2013 jedan od najmodernijih pogona za proizvodnju napitaka od kave u Ma\u0111arskoj\",\"isPartOf\":{\"@id\":\"https:\/\/hellicecoffee.com\/hr\/#website\"},\"primaryImageOfPage\":{\"@id\":\"https:\/\/hellicecoffee.com\/hr\/coffee-factory\/#primaryimage\"},\"image\":{\"@id\":\"https:\/\/hellicecoffee.com\/hr\/coffee-factory\/#primaryimage\"},\"thumbnailUrl\":\"https:\/\/hellicecoffee.com\/wp-content\/uploads\/2024\/10\/Kep-17.webp\",\"datePublished\":\"2024-10-18T10:17:11+00:00\",\"dateModified\":\"2026-01-29T22:05:36+00:00\",\"description\":\"Otkrij najnovija dostignu\u0107a u tvornici HELL ICE COFFEE! Upoznaj jedan od najve\u0107ih svjetskih modernih pogona za proizvodnju napitaka od kave.\",\"breadcrumb\":{\"@id\":\"https:\/\/hellicecoffee.com\/hr\/coffee-factory\/#breadcrumb\"},\"inLanguage\":\"hr\",\"potentialAction\":[{\"@type\":\"ReadAction\",\"target\":[\"https:\/\/hellicecoffee.com\/hr\/coffee-factory\/\"]}]},{\"@type\":\"ImageObject\",\"inLanguage\":\"hr\",\"@id\":\"https:\/\/hellicecoffee.com\/hr\/coffee-factory\/#primaryimage\",\"url\":\"https:\/\/hellicecoffee.com\/wp-content\/uploads\/2024\/10\/Kep-17.webp\",\"contentUrl\":\"https:\/\/hellicecoffee.com\/wp-content\/uploads\/2024\/10\/Kep-17.webp\",\"width\":1920,\"height\":800},{\"@type\":\"BreadcrumbList\",\"@id\":\"https:\/\/hellicecoffee.com\/hr\/coffee-factory\/#breadcrumb\",\"itemListElement\":[{\"@type\":\"ListItem\",\"position\":1,\"name\":\"Kezd\u0151lap\",\"item\":\"https:\/\/hellicecoffee.com\/hr\/\"},{\"@type\":\"ListItem\",\"position\":2,\"name\":\"Tvornica Kave\"}]},{\"@type\":\"WebSite\",\"@id\":\"https:\/\/hellicecoffee.com\/hr\/#website\",\"url\":\"https:\/\/hellicecoffee.com\/hr\/\",\"name\":\"HELL ICE COFFE\",\"description\":\"Val\u00f3di k\u00e1v\u00e9\u00e9lm\u00e9ny k\u00f6nnyed\u00e9n\",\"publisher\":{\"@id\":\"https:\/\/hellicecoffee.com\/hr\/#organization\"},\"potentialAction\":[{\"@type\":\"SearchAction\",\"target\":{\"@type\":\"EntryPoint\",\"urlTemplate\":\"https:\/\/hellicecoffee.com\/hr\/?s={search_term_string}\"},\"query-input\":{\"@type\":\"PropertyValueSpecification\",\"valueRequired\":true,\"valueName\":\"search_term_string\"}}],\"inLanguage\":\"hr\"},{\"@type\":\"Organization\",\"@id\":\"https:\/\/hellicecoffee.com\/hr\/#organization\",\"name\":\"HELL ICE COFFE\",\"url\":\"https:\/\/hellicecoffee.com\/hr\/\",\"logo\":{\"@type\":\"ImageObject\",\"inLanguage\":\"hr\",\"@id\":\"https:\/\/hellicecoffee.com\/hr\/#\/schema\/logo\/image\/\",\"url\":\"https:\/\/hellicecoffee.com\/wp-content\/uploads\/2024\/07\/Group-30-2.png\",\"contentUrl\":\"https:\/\/hellicecoffee.com\/wp-content\/uploads\/2024\/07\/Group-30-2.png\",\"width\":181,\"height\":194,\"caption\":\"HELL ICE COFFE\"},\"image\":{\"@id\":\"https:\/\/hellicecoffee.com\/hr\/#\/schema\/logo\/image\/\"}}]}<\/script>\n<!-- \/ Yoast SEO plugin. -->","yoast_head_json":{"title":"Tvornica HELL ICE COFFEE \u2013 jedan od najmodernijih pogona za proizvodnju napitaka od kave u Ma\u0111arskoj","description":"Otkrij najnovija dostignu\u0107a u tvornici HELL ICE COFFEE! Upoznaj jedan od najve\u0107ih svjetskih modernih pogona za proizvodnju napitaka od kave.","robots":{"index":"index","follow":"follow","max-snippet":"max-snippet:-1","max-image-preview":"max-image-preview:large","max-video-preview":"max-video-preview:-1"},"canonical":"https:\/\/hellicecoffee.com\/hr\/coffee-factory\/","og_locale":"hr_HR","og_type":"article","og_title":"Tvornica HELL ICE COFFEE \u2013 jedan od najmodernijih pogona za proizvodnju napitaka od kave u Ma\u0111arskoj","og_description":"Otkrij najnovija dostignu\u0107a u tvornici HELL ICE COFFEE! Upoznaj jedan od najve\u0107ih svjetskih modernih pogona za proizvodnju napitaka od kave.","og_url":"https:\/\/hellicecoffee.com\/hr\/coffee-factory\/","og_site_name":"HELL ICE COFFEE","article_modified_time":"2026-01-29T22:05:36+00:00","og_image":[{"width":1920,"height":800,"url":"https:\/\/hellicecoffee.com\/wp-content\/uploads\/2024\/10\/Kep-17.webp","type":"image\/webp"}],"twitter_card":"summary_large_image","twitter_misc":{"Procijenjeno vrijeme \u010ditanja":"2 minute"},"schema":{"@context":"https:\/\/schema.org","@graph":[{"@type":"WebPage","@id":"https:\/\/hellicecoffee.com\/hr\/coffee-factory\/","url":"https:\/\/hellicecoffee.com\/hr\/coffee-factory\/","name":"Tvornica HELL ICE COFFEE \u2013 jedan od najmodernijih pogona za proizvodnju napitaka od kave u Ma\u0111arskoj","isPartOf":{"@id":"https:\/\/hellicecoffee.com\/hr\/#website"},"primaryImageOfPage":{"@id":"https:\/\/hellicecoffee.com\/hr\/coffee-factory\/#primaryimage"},"image":{"@id":"https:\/\/hellicecoffee.com\/hr\/coffee-factory\/#primaryimage"},"thumbnailUrl":"https:\/\/hellicecoffee.com\/wp-content\/uploads\/2024\/10\/Kep-17.webp","datePublished":"2024-10-18T10:17:11+00:00","dateModified":"2026-01-29T22:05:36+00:00","description":"Otkrij najnovija dostignu\u0107a u tvornici HELL ICE COFFEE! Upoznaj jedan od najve\u0107ih svjetskih modernih pogona za proizvodnju napitaka od kave.","breadcrumb":{"@id":"https:\/\/hellicecoffee.com\/hr\/coffee-factory\/#breadcrumb"},"inLanguage":"hr","potentialAction":[{"@type":"ReadAction","target":["https:\/\/hellicecoffee.com\/hr\/coffee-factory\/"]}]},{"@type":"ImageObject","inLanguage":"hr","@id":"https:\/\/hellicecoffee.com\/hr\/coffee-factory\/#primaryimage","url":"https:\/\/hellicecoffee.com\/wp-content\/uploads\/2024\/10\/Kep-17.webp","contentUrl":"https:\/\/hellicecoffee.com\/wp-content\/uploads\/2024\/10\/Kep-17.webp","width":1920,"height":800},{"@type":"BreadcrumbList","@id":"https:\/\/hellicecoffee.com\/hr\/coffee-factory\/#breadcrumb","itemListElement":[{"@type":"ListItem","position":1,"name":"Kezd\u0151lap","item":"https:\/\/hellicecoffee.com\/hr\/"},{"@type":"ListItem","position":2,"name":"Tvornica Kave"}]},{"@type":"WebSite","@id":"https:\/\/hellicecoffee.com\/hr\/#website","url":"https:\/\/hellicecoffee.com\/hr\/","name":"HELL ICE COFFE","description":"Val\u00f3di k\u00e1v\u00e9\u00e9lm\u00e9ny k\u00f6nnyed\u00e9n","publisher":{"@id":"https:\/\/hellicecoffee.com\/hr\/#organization"},"potentialAction":[{"@type":"SearchAction","target":{"@type":"EntryPoint","urlTemplate":"https:\/\/hellicecoffee.com\/hr\/?s={search_term_string}"},"query-input":{"@type":"PropertyValueSpecification","valueRequired":true,"valueName":"search_term_string"}}],"inLanguage":"hr"},{"@type":"Organization","@id":"https:\/\/hellicecoffee.com\/hr\/#organization","name":"HELL ICE COFFE","url":"https:\/\/hellicecoffee.com\/hr\/","logo":{"@type":"ImageObject","inLanguage":"hr","@id":"https:\/\/hellicecoffee.com\/hr\/#\/schema\/logo\/image\/","url":"https:\/\/hellicecoffee.com\/wp-content\/uploads\/2024\/07\/Group-30-2.png","contentUrl":"https:\/\/hellicecoffee.com\/wp-content\/uploads\/2024\/07\/Group-30-2.png","width":181,"height":194,"caption":"HELL ICE COFFE"},"image":{"@id":"https:\/\/hellicecoffee.com\/hr\/#\/schema\/logo\/image\/"}}]}},"_links":{"self":[{"href":"https:\/\/hellicecoffee.com\/hr\/wp-json\/wp\/v2\/pages\/8763","targetHints":{"allow":["GET"]}}],"collection":[{"href":"https:\/\/hellicecoffee.com\/hr\/wp-json\/wp\/v2\/pages"}],"about":[{"href":"https:\/\/hellicecoffee.com\/hr\/wp-json\/wp\/v2\/types\/page"}],"author":[{"embeddable":true,"href":"https:\/\/hellicecoffee.com\/hr\/wp-json\/wp\/v2\/users\/1"}],"replies":[{"embeddable":true,"href":"https:\/\/hellicecoffee.com\/hr\/wp-json\/wp\/v2\/comments?post=8763"}],"version-history":[{"count":5,"href":"https:\/\/hellicecoffee.com\/hr\/wp-json\/wp\/v2\/pages\/8763\/revisions"}],"predecessor-version":[{"id":17734,"href":"https:\/\/hellicecoffee.com\/hr\/wp-json\/wp\/v2\/pages\/8763\/revisions\/17734"}],"wp:featuredmedia":[{"embeddable":true,"href":"https:\/\/hellicecoffee.com\/hr\/wp-json\/wp\/v2\/media\/8656"}],"wp:attachment":[{"href":"https:\/\/hellicecoffee.com\/hr\/wp-json\/wp\/v2\/media?parent=8763"}],"curies":[{"name":"wp","href":"https:\/\/api.w.org\/{rel}","templated":true}]}}