{"id":27,"date":"2024-07-26T01:21:16","date_gmt":"2024-07-25T23:21:16","guid":{"rendered":"https:\/\/hellicecoffee.com\/?page_id=27"},"modified":"2025-04-17T12:44:58","modified_gmt":"2025-04-17T10:44:58","slug":"kapcsolat","status":"publish","type":"page","link":"https:\/\/hellicecoffee.com\/hu\/kapcsolat\/","title":{"rendered":"KAPCSOLAT"},"content":{"rendered":"\t\t<div data-elementor-type=\"wp-page\" data-elementor-id=\"27\" class=\"elementor elementor-27\" data-elementor-post-type=\"page\">\n\t\t\t\t<div class=\"elementor-element elementor-element-3d5fca06 e-flex e-con-boxed e-con e-parent\" data-id=\"3d5fca06\" data-element_type=\"container\" data-e-type=\"container\" data-settings=\"{&quot;background_background&quot;:&quot;classic&quot;}\">\n\t\t\t\t\t<div class=\"e-con-inner\">\n\t\t<div class=\"elementor-element elementor-element-5f1bc7a0 e-con-full e-flex e-con e-child\" data-id=\"5f1bc7a0\" data-element_type=\"container\" data-e-type=\"container\">\n\t\t<div class=\"elementor-element elementor-element-1b7d1d47 e-con-full e-flex e-con e-child\" data-id=\"1b7d1d47\" data-element_type=\"container\" data-e-type=\"container\" data-settings=\"{&quot;background_background&quot;:&quot;classic&quot;}\">\n\t\t\t\t<div class=\"elementor-element elementor-element-ce5a541 elementor-widget elementor-widget-heading\" data-id=\"ce5a541\" data-element_type=\"widget\" data-e-type=\"widget\" data-widget_type=\"heading.default\">\n\t\t\t\t<div class=\"elementor-widget-container\">\n\t\t\t\t\t<h2 class=\"elementor-heading-title elementor-size-default\">KAPCSOLAT<\/h2>\t\t\t\t<\/div>\n\t\t\t\t<\/div>\n\t\t\t\t<div class=\"elementor-element elementor-element-3a6de835 elementor-button-align-stretch elementor-widget elementor-widget-form\" data-id=\"3a6de835\" data-element_type=\"widget\" data-e-type=\"widget\" data-settings=\"{&quot;step_next_label&quot;:&quot;Next&quot;,&quot;step_previous_label&quot;:&quot;Previous&quot;,&quot;button_width&quot;:&quot;100&quot;,&quot;step_type&quot;:&quot;number_text&quot;,&quot;step_icon_shape&quot;:&quot;circle&quot;}\" data-widget_type=\"form.default\">\n\t\t\t\t<div class=\"elementor-widget-container\">\n\t\t\t\t\t\t\t<form class=\"elementor-form\" method=\"post\" id=\"formhu\" name=\"form-hu\" aria-label=\"form-hu\">\n\t\t\t<input type=\"hidden\" name=\"post_id\" value=\"27\"\/>\n\t\t\t<input type=\"hidden\" name=\"form_id\" value=\"3a6de835\"\/>\n\t\t\t<input type=\"hidden\" name=\"referer_title\" value=\"HELL ICE COFFEE Kapcsolat \u2013 El\u00e9rhet\u0151s\u00e9gek \u00e9s \u00dcgyf\u00e9lszolg\u00e1lat\" \/>\n\n\t\t\t\t\t\t\t<input type=\"hidden\" name=\"queried_id\" value=\"27\"\/>\n\t\t\t\n\t\t\t<div class=\"elementor-form-fields-wrapper elementor-labels-above\">\n\t\t\t\t\t\t\t\t<div class=\"elementor-field-type-select elementor-field-group elementor-column elementor-field-group-department elementor-col-100 elementor-field-required\">\n\t\t\t\t\t\t\t\t\t\t\t\t<label for=\"form-field-department\" class=\"elementor-field-label\">\n\t\t\t\t\t\t\t\tv\u00e1lassz oszt\u00e1lyt:*\t\t\t\t\t\t\t<\/label>\n\t\t\t\t\t\t\t\t<div class=\"elementor-field elementor-select-wrapper remove-before \">\n\t\t\t<div class=\"select-caret-down-wrapper\">\n\t\t\t\t<svg aria-hidden=\"true\" class=\"e-font-icon-svg e-eicon-caret-down\" viewBox=\"0 0 571.4 571.4\" xmlns=\"http:\/\/www.w3.org\/2000\/svg\"><path d=\"M571 393Q571 407 561 418L311 668Q300 679 286 679T261 668L11 418Q0 407 0 393T11 368 36 357H536Q550 357 561 368T571 393Z\"><\/path><\/svg>\t\t\t<\/div>\n\t\t\t<select name=\"form_fields[department]\" id=\"form-field-department\" class=\"elementor-field-textual elementor-size-sm\" required=\"required\">\n\t\t\t\t\t\t\t\t\t<option value=\"\u2014 K\u00e9rj\u00fck, v\u00e1lassz egy opci\u00f3t \u2014\">\u2014 K\u00e9rj\u00fck, v\u00e1lassz egy opci\u00f3t \u2014<\/option>\n\t\t\t\t\t\t\t\t\t<option value=\"\u00c9rt\u00e9kes\u00edt\u00e9s\">\u00c9rt\u00e9kes\u00edt\u00e9s<\/option>\n\t\t\t\t\t\t\t\t\t<option value=\"Export\">Export<\/option>\n\t\t\t\t\t\t\t\t\t<option value=\"Marketing, szponzor\u00e1l\u00e1s, adom\u00e1nyoz\u00e1s\">Marketing, szponzor\u00e1l\u00e1s, adom\u00e1nyoz\u00e1s<\/option>\n\t\t\t\t\t\t\t\t\t<option value=\"Sajt\u00f3, PR\">Sajt\u00f3, PR<\/option>\n\t\t\t\t\t\t\t\t\t<option value=\"\u00c9szrev\u00e9tel\">\u00c9szrev\u00e9tel<\/option>\n\t\t\t\t\t\t\t\t\t<option value=\"Panasz\">Panasz<\/option>\n\t\t\t\t\t\t\t\t\t<option value=\"B\u00e9rt\u00f6lt\u00e9s (saj\u00e1t m\u00e1rk\u00e1s term\u00e9kek)\">B\u00e9rt\u00f6lt\u00e9s (saj\u00e1t m\u00e1rk\u00e1s term\u00e9kek)<\/option>\n\t\t\t\t\t\t\t\t\t<option value=\"Besz\u00e1ll\u00edt\u00f3k, beszerz\u00e9s\">Besz\u00e1ll\u00edt\u00f3k, beszerz\u00e9s<\/option>\n\t\t\t\t\t\t\t<\/select>\n\t\t<\/div>\n\t\t\t\t\t\t<\/div>\n\t\t\t\t\t\t\t\t<div class=\"elementor-field-type-text elementor-field-group elementor-column elementor-field-group-complaint_product elementor-col-100\">\n\t\t\t\t\t\t\t\t\t\t\t\t\t<input size=\"1\" type=\"text\" name=\"form_fields[complaint_product]\" id=\"form-field-complaint_product\" class=\"elementor-field elementor-size-sm  elementor-field-textual\" placeholder=\"Melyik term\u00e9kkel kapcsolatos a panasz?*\">\n\t\t\t\t\t\t\t\t\t\t\t<\/div>\n\t\t\t\t\t\t\t\t<div class=\"elementor-field-type-text elementor-field-group elementor-column elementor-field-group-complaint_place elementor-col-100\">\n\t\t\t\t\t\t\t\t\t\t\t\t\t<input size=\"1\" type=\"text\" name=\"form_fields[complaint_place]\" id=\"form-field-complaint_place\" class=\"elementor-field elementor-size-sm  elementor-field-textual\" placeholder=\"V\u00e1s\u00e1rl\u00e1s helye*\">\n\t\t\t\t\t\t\t\t\t\t\t<\/div>\n\t\t\t\t\t\t\t\t<div class=\"elementor-field-type-date elementor-field-group elementor-column elementor-field-group-complaint_date elementor-col-100\">\n\t\t\t\t\t\n\t\t<input type=\"date\" name=\"form_fields[complaint_date]\" id=\"form-field-complaint_date\" class=\"elementor-field elementor-size-sm  elementor-field-textual elementor-date-field\" placeholder=\"V\u00e1s\u00e1rl\u00e1s ideje* (d\u00e1tum)\" pattern=\"[0-9]{4}-[0-9]{2}-[0-9]{2}\">\n\t\t\t\t\t\t<\/div>\n\t\t\t\t\t\t\t\t<div class=\"elementor-field-type-upload elementor-field-group elementor-column elementor-field-group-complaint_image elementor-col-100\">\n\t\t\t\t\t\t\t\t\t\t\t\t<label for=\"form-field-complaint_image\" class=\"elementor-field-label\">\n\t\t\t\t\t\t\t\tFot\u00f3 a doboz alj\u00e1r\u00f3l*\t\t\t\t\t\t\t<\/label>\n\t\t\t\t\t\t\t\t<input type=\"file\" name=\"form_fields[complaint_image][]\" id=\"form-field-complaint_image\" class=\"elementor-field elementor-size-sm  elementor-upload-field\" multiple=\"multiple\" data-maxsize=\"2\" data-maxsize-message=\"This file exceeds the maximum allowed size.\">\n\n\t\t\t\t\t\t<\/div>\n\t\t\t\t\t\t\t\t<div class=\"elementor-field-type-text elementor-field-group elementor-column elementor-field-group-complaint_sarsnumber elementor-col-100\">\n\t\t\t\t\t\t\t\t\t\t\t\t\t<input size=\"1\" type=\"text\" name=\"form_fields[complaint_sarsnumber]\" id=\"form-field-complaint_sarsnumber\" class=\"elementor-field elementor-size-sm  elementor-field-textual\" placeholder=\"Sarzsz\u00e1m\">\n\t\t\t\t\t\t\t\t\t\t\t<\/div>\n\t\t\t\t\t\t\t\t<div class=\"elementor-field-type-select elementor-field-group elementor-column elementor-field-group-sales_area elementor-col-100\">\n\t\t\t\t\t\t\t\t\t\t\t\t<label for=\"form-field-sales_area\" class=\"elementor-field-label\">\n\t\t\t\t\t\t\t\tTer\u00fclet:*\t\t\t\t\t\t\t<\/label>\n\t\t\t\t\t\t\t\t<div class=\"elementor-field elementor-select-wrapper remove-before \">\n\t\t\t<div class=\"select-caret-down-wrapper\">\n\t\t\t\t<svg aria-hidden=\"true\" class=\"e-font-icon-svg e-eicon-caret-down\" viewBox=\"0 0 571.4 571.4\" xmlns=\"http:\/\/www.w3.org\/2000\/svg\"><path d=\"M571 393Q571 407 561 418L311 668Q300 679 286 679T261 668L11 418Q0 407 0 393T11 368 36 357H536Q550 357 561 368T571 393Z\"><\/path><\/svg>\t\t\t<\/div>\n\t\t\t<select name=\"form_fields[sales_area]\" id=\"form-field-sales_area\" class=\"elementor-field-textual elementor-size-sm\">\n\t\t\t\t\t\t\t\t\t<option value=\"\u2014 K\u00e9rj\u00fck, v\u00e1lassz egy opci\u00f3t \u2014\">\u2014 K\u00e9rj\u00fck, v\u00e1lassz egy opci\u00f3t \u2014<\/option>\n\t\t\t\t\t\t\t\t\t<option value=\"HoReCa (vend\u00e9gl\u00e1t\u00e1s, fitness, sz\u00e9ps\u00e9gszalon)\">HoReCa (vend\u00e9gl\u00e1t\u00e1s, fitness, sz\u00e9ps\u00e9gszalon)<\/option>\n\t\t\t\t\t\t\t\t\t<option value=\"Doh\u00e1nybolt, kisbolt, italdiszkont\">Doh\u00e1nybolt, kisbolt, italdiszkont<\/option>\n\t\t\t\t\t\t\t\t\t<option value=\"Nagyker\">Nagyker<\/option>\n\t\t\t\t\t\t\t<\/select>\n\t\t<\/div>\n\t\t\t\t\t\t<\/div>\n\t\t\t\t\t\t\t\t<div class=\"elementor-field-type-text elementor-field-group elementor-column elementor-field-group-name elementor-col-50 elementor-field-required\">\n\t\t\t\t\t\t\t\t\t\t\t\t\t<input size=\"1\" type=\"text\" name=\"form_fields[name]\" id=\"form-field-name\" class=\"elementor-field elementor-size-sm  elementor-field-textual\" placeholder=\"Keresztn\u00e9v *\" required=\"required\">\n\t\t\t\t\t\t\t\t\t\t\t<\/div>\n\t\t\t\t\t\t\t\t<div class=\"elementor-field-type-text elementor-field-group elementor-column elementor-field-group-surname elementor-col-50 elementor-field-required\">\n\t\t\t\t\t\t\t\t\t\t\t\t\t<input size=\"1\" type=\"text\" name=\"form_fields[surname]\" id=\"form-field-surname\" class=\"elementor-field elementor-size-sm  elementor-field-textual\" placeholder=\"Vezet\u00e9kn\u00e9v*\" required=\"required\">\n\t\t\t\t\t\t\t\t\t\t\t<\/div>\n\t\t\t\t\t\t\t\t<div class=\"elementor-field-type-email elementor-field-group elementor-column elementor-field-group-email elementor-col-100 elementor-field-required\">\n\t\t\t\t\t\t\t\t\t\t\t\t\t<input size=\"1\" type=\"email\" name=\"form_fields[email]\" id=\"form-field-email\" class=\"elementor-field elementor-size-sm  elementor-field-textual\" placeholder=\"E-mail c\u00edm*\" required=\"required\">\n\t\t\t\t\t\t\t\t\t\t\t<\/div>\n\t\t\t\t\t\t\t\t<div class=\"elementor-field-type-text elementor-field-group elementor-column elementor-field-group-company elementor-col-100\">\n\t\t\t\t\t\t\t\t\t\t\t\t\t<input size=\"1\" type=\"text\" name=\"form_fields[company]\" id=\"form-field-company\" class=\"elementor-field elementor-size-sm  elementor-field-textual\" placeholder=\"C\u00e9gn\u00e9v\">\n\t\t\t\t\t\t\t\t\t\t\t<\/div>\n\t\t\t\t\t\t\t\t<div class=\"elementor-field-type-text elementor-field-group elementor-column elementor-field-group-web elementor-col-100\">\n\t\t\t\t\t\t\t\t\t\t\t\t\t<input size=\"1\" type=\"text\" name=\"form_fields[web]\" id=\"form-field-web\" class=\"elementor-field elementor-size-sm  elementor-field-textual\" placeholder=\"Web\">\n\t\t\t\t\t\t\t\t\t\t\t<\/div>\n\t\t\t\t\t\t\t\t<div class=\"elementor-field-type-text elementor-field-group elementor-column elementor-field-group-country elementor-col-100 elementor-field-required\">\n\t\t\t\t\t\t\t\t\t\t\t\t\t<input size=\"1\" type=\"text\" name=\"form_fields[country]\" id=\"form-field-country\" class=\"elementor-field elementor-size-sm  elementor-field-textual\" placeholder=\"Orsz\u00e1g*\" required=\"required\">\n\t\t\t\t\t\t\t\t\t\t\t<\/div>\n\t\t\t\t\t\t\t\t<div class=\"elementor-field-type-text elementor-field-group elementor-column elementor-field-group-city elementor-col-100 elementor-field-required\">\n\t\t\t\t\t\t\t\t\t\t\t\t\t<input size=\"1\" type=\"text\" name=\"form_fields[city]\" id=\"form-field-city\" class=\"elementor-field elementor-size-sm  elementor-field-textual\" placeholder=\"V\u00e1ros*\" required=\"required\">\n\t\t\t\t\t\t\t\t\t\t\t<\/div>\n\t\t\t\t\t\t\t\t<div class=\"elementor-field-type-text elementor-field-group elementor-column elementor-field-group-street elementor-col-100 elementor-field-required\">\n\t\t\t\t\t\t\t\t\t\t\t\t\t<input size=\"1\" type=\"text\" name=\"form_fields[street]\" id=\"form-field-street\" class=\"elementor-field elementor-size-sm  elementor-field-textual\" placeholder=\"Utca, h\u00e1zsz\u00e1m*\" required=\"required\">\n\t\t\t\t\t\t\t\t\t\t\t<\/div>\n\t\t\t\t\t\t\t\t<div class=\"elementor-field-type-textarea elementor-field-group elementor-column elementor-field-group-message elementor-col-100 elementor-field-required\">\n\t\t\t\t\t<textarea class=\"elementor-field-textual elementor-field  elementor-size-sm\" name=\"form_fields[message]\" id=\"form-field-message\" rows=\"4\" placeholder=\"\u00dczenet*\" required=\"required\"><\/textarea>\t\t\t\t<\/div>\n\t\t\t\t\t\t\t\t<div class=\"elementor-field-type-acceptance elementor-field-group elementor-column elementor-field-group-acceptance elementor-col-100 elementor-field-required\">\n\t\t\t\t\t\t\t<div class=\"elementor-field-subgroup\">\n\t\t\t<span class=\"elementor-field-option\">\n\t\t\t\t<input type=\"checkbox\" name=\"form_fields[acceptance]\" id=\"form-field-acceptance\" class=\"elementor-field elementor-size-sm  elementor-acceptance-field\" required=\"required\">\n\t\t\t\t<label for=\"form-field-acceptance\"><span style=\"color: white;\">A kapcsolatfelv\u00e9tellel elfogadom az\u00a0<a href=\"\/hu\/adatkezelesi-tajekoztato\">Adatkezel\u00e9si T\u00e1j\u00e9koztat\u00f3t<\/a><\/span><\/label>\t\t\t<\/span>\n\t\t<\/div>\n\t\t\t\t\t\t<\/div>\n\t\t\t\t\t\t\t\t<div class=\"elementor-field-type-recaptcha_v3 elementor-field-group elementor-column elementor-field-group-captcha elementor-col-100 recaptcha_v3-bottomright\">\n\t\t\t\t\t<div class=\"elementor-field\" id=\"form-field-captcha\"><div class=\"elementor-g-recaptcha\" data-sitekey=\"6LeYPBcqAAAAAMPd5ROAd4lpVHkZtQ_lmi2Q4Zp4\" data-type=\"v3\" data-action=\"Form\" data-badge=\"bottomright\" data-size=\"invisible\"><\/div><\/div>\t\t\t\t<\/div>\n\t\t\t\t\t\t\t\t<div class=\"elementor-field-group elementor-column elementor-field-type-submit elementor-col-100 e-form__buttons\">\n\t\t\t\t\t<button class=\"elementor-button elementor-size-sm\" type=\"submit\">\n\t\t\t\t\t\t<span class=\"elementor-button-content-wrapper\">\n\t\t\t\t\t\t\t\t\t\t\t\t\t\t\t\t\t\t\t\t\t\t<span class=\"elementor-button-text\">K\u00fcld\u00e9s<\/span>\n\t\t\t\t\t\t\t\t\t\t\t\t\t<\/span>\n\t\t\t\t\t<\/button>\n\t\t\t\t<\/div>\n\t\t\t<\/div>\n\t\t<\/form>\n\t\t\t\t\t\t<\/div>\n\t\t\t\t<\/div>\n\t\t\t\t<div class=\"elementor-element elementor-element-1f7f958 elementor-widget elementor-widget-button\" data-id=\"1f7f958\" data-element_type=\"widget\" data-e-type=\"widget\" id=\"open\" data-widget_type=\"button.default\">\n\t\t\t\t<div class=\"elementor-widget-container\">\n\t\t\t\t\t\t\t\t\t<div class=\"elementor-button-wrapper\">\n\t\t\t\t\t<a class=\"elementor-button elementor-button-link elementor-size-sm\" href=\"#elementor-action%3Aaction%3Dpopup%3Aopen%26settings%3DeyJpZCI6ODUzMSwidG9nZ2xlIjpmYWxzZX0%3D\">\n\t\t\t\t\t\t<span class=\"elementor-button-content-wrapper\">\n\t\t\t\t\t\t\t\t\t<span class=\"elementor-button-text\">Open<\/span>\n\t\t\t\t\t<\/span>\n\t\t\t\t\t<\/a>\n\t\t\t\t<\/div>\n\t\t\t\t\t\t\t\t<\/div>\n\t\t\t\t<\/div>\n\t\t\t\t<\/div>\n\t\t\t\t<\/div>\n\t\t<div class=\"elementor-element elementor-element-28696e03 e-con-full elementor-hidden-mobile e-flex e-con e-child\" data-id=\"28696e03\" data-element_type=\"container\" data-e-type=\"container\" data-settings=\"{&quot;background_background&quot;:&quot;classic&quot;}\">\n\t\t\t\t<\/div>\n\t\t\t\t\t<\/div>\n\t\t\t\t<\/div>\n\t\t<div class=\"elementor-element elementor-element-7264d96 e-flex e-con-boxed e-con e-parent\" data-id=\"7264d96\" data-element_type=\"container\" data-e-type=\"container\">\n\t\t\t\t\t<div class=\"e-con-inner\">\n\t\t\t\t<div class=\"elementor-element elementor-element-b3002c8 elementor-widget elementor-widget-html\" data-id=\"b3002c8\" data-element_type=\"widget\" data-e-type=\"widget\" data-widget_type=\"html.default\">\n\t\t\t\t<div class=\"elementor-widget-container\">\n\t\t\t\t\t<script>\n    jQuery(document).ready(function ($) {\n    \/\/ Initially hide the specific fields\n    $('#form-field-complaint_product, #form-field-complaint_place, #form-field-complaint_date, #form-field-complaint_image, #form-field-complaint_sarsnumber, #form-field-sales_area').closest('.elementor-field-group').hide();\n\n    \/\/ Function to show\/hide fields based on the department selection\n    $('#form-field-department').change(function () {\n        var selectedValue = $(this).val();\n        \n        \/\/ If \"Panasz\" is selected, show complaint-related fields, otherwise hide them\n        if (selectedValue === 'Panasz') {\n\n            $('#form-field-complaint_product, #form-field-complaint_place, #form-field-complaint_date, #form-field-complaint_image, #form-field-complaint_sarsnumber').closest('.elementor-field-group').show();\n            \n             elementorProFrontend.modules.popup.showPopup({ id: 8531 });\n \n        } else {\n            $('#form-field-complaint_product, #form-field-complaint_place, #form-field-complaint_date, #form-field-complaint_image, #form-field-complaint_sarsnumber').closest('.elementor-field-group').hide();\n        }\n\n        \/\/ If \"\u00c9rt\u00e9kes\u00edt\u00e9s\" is selected, show the sales_area field, otherwise hide it\n        if (selectedValue === '\u00c9rt\u00e9kes\u00edt\u00e9s') {\n            $('#form-field-sales_area').closest('.elementor-field-group').show();\n        } else {\n            $('#form-field-sales_area').closest('.elementor-field-group').hide();\n        }\n    });\n             $('#form-field-department option:first').attr('disabled', true);\n     $('#form-field-sales_area option:first').attr('disabled', true);\n});\n\n<\/script>\t\t\t\t<\/div>\n\t\t\t\t<\/div>\n\t\t\t\t\t<\/div>\n\t\t\t\t<\/div>\n\t\t\t\t<\/div>\n\t\t","protected":false},"excerpt":{"rendered":"<p>KAPCSOLAT Open<\/p>\n","protected":false},"author":1,"featured_media":0,"parent":0,"menu_order":0,"comment_status":"closed","ping_status":"closed","template":"","meta":{"footnotes":""},"class_list":["post-27","page","type-page","status-publish","hentry"],"yoast_head":"<!-- This site is optimized with the Yoast SEO plugin v27.2 - https:\/\/yoast.com\/product\/yoast-seo-wordpress\/ -->\n<title>HELL ICE COFFEE Kapcsolat \u2013 El\u00e9rhet\u0151s\u00e9gek \u00e9s \u00dcgyf\u00e9lszolg\u00e1lat<\/title>\n<meta name=\"description\" content=\"L\u00e9pj kapcsolatba a HELL ICE COFFEE csapat\u00e1val! Tal\u00e1ld meg el\u00e9rhet\u0151s\u00e9geinket, \u00fcgyf\u00e9lszolg\u00e1lati inform\u00e1ci\u00f3kat \u00e9s v\u00e1laszokat k\u00e9rd\u00e9seidre. K\u00e9rd\u00e9sed van? Ne habozz kapcsolatba l\u00e9pni vel\u00fcnk!\" \/>\n<meta name=\"robots\" content=\"index, follow, max-snippet:-1, max-image-preview:large, max-video-preview:-1\" \/>\n<link rel=\"canonical\" href=\"https:\/\/hellicecoffee.com\/hu\/kapcsolat\/\" \/>\n<meta property=\"og:locale\" content=\"hu_HU\" \/>\n<meta property=\"og:type\" content=\"article\" \/>\n<meta property=\"og:title\" content=\"HELL ICE COFFEE Kapcsolat \u2013 El\u00e9rhet\u0151s\u00e9gek \u00e9s \u00dcgyf\u00e9lszolg\u00e1lat\" \/>\n<meta property=\"og:description\" content=\"L\u00e9pj kapcsolatba a HELL ICE COFFEE csapat\u00e1val! Tal\u00e1ld meg el\u00e9rhet\u0151s\u00e9geinket, \u00fcgyf\u00e9lszolg\u00e1lati inform\u00e1ci\u00f3kat \u00e9s v\u00e1laszokat k\u00e9rd\u00e9seidre. K\u00e9rd\u00e9sed van? Ne habozz kapcsolatba l\u00e9pni vel\u00fcnk!\" \/>\n<meta property=\"og:url\" content=\"https:\/\/hellicecoffee.com\/hu\/kapcsolat\/\" \/>\n<meta property=\"og:site_name\" content=\"HELL ICE COFFEE\" \/>\n<meta property=\"article:modified_time\" content=\"2025-04-17T10:44:58+00:00\" \/>\n<meta property=\"og:image\" content=\"https:\/\/hellicecoffee.com\/wp-content\/uploads\/2024\/09\/Blog-Megujult-a-jegeskave-termekcsalad-2.jpg\" \/>\n\t<meta property=\"og:image:width\" content=\"1980\" \/>\n\t<meta property=\"og:image:height\" content=\"1113\" \/>\n\t<meta property=\"og:image:type\" content=\"image\/jpeg\" \/>\n<meta name=\"twitter:card\" content=\"summary_large_image\" \/>\n<meta name=\"twitter:label1\" content=\"Becs\u00fclt olvas\u00e1si id\u0151\" \/>\n\t<meta name=\"twitter:data1\" content=\"1 perc\" \/>\n<script type=\"application\/ld+json\" class=\"yoast-schema-graph\">{\"@context\":\"https:\/\/schema.org\",\"@graph\":[{\"@type\":\"WebPage\",\"@id\":\"https:\/\/hellicecoffee.com\/hu\/kapcsolat\/\",\"url\":\"https:\/\/hellicecoffee.com\/hu\/kapcsolat\/\",\"name\":\"HELL ICE COFFEE Kapcsolat \u2013 El\u00e9rhet\u0151s\u00e9gek \u00e9s \u00dcgyf\u00e9lszolg\u00e1lat\",\"isPartOf\":{\"@id\":\"https:\/\/hellicecoffee.com\/hu\/#website\"},\"datePublished\":\"2024-07-25T23:21:16+00:00\",\"dateModified\":\"2025-04-17T10:44:58+00:00\",\"description\":\"L\u00e9pj kapcsolatba a HELL ICE COFFEE csapat\u00e1val! Tal\u00e1ld meg el\u00e9rhet\u0151s\u00e9geinket, \u00fcgyf\u00e9lszolg\u00e1lati inform\u00e1ci\u00f3kat \u00e9s v\u00e1laszokat k\u00e9rd\u00e9seidre. K\u00e9rd\u00e9sed van? Ne habozz kapcsolatba l\u00e9pni vel\u00fcnk!\",\"breadcrumb\":{\"@id\":\"https:\/\/hellicecoffee.com\/hu\/kapcsolat\/#breadcrumb\"},\"inLanguage\":\"hu\",\"potentialAction\":[{\"@type\":\"ReadAction\",\"target\":[\"https:\/\/hellicecoffee.com\/hu\/kapcsolat\/\"]}]},{\"@type\":\"BreadcrumbList\",\"@id\":\"https:\/\/hellicecoffee.com\/hu\/kapcsolat\/#breadcrumb\",\"itemListElement\":[{\"@type\":\"ListItem\",\"position\":1,\"name\":\"Kezd\u0151lap\",\"item\":\"https:\/\/hellicecoffee.com\/hu\/\"},{\"@type\":\"ListItem\",\"position\":2,\"name\":\"KAPCSOLAT\"}]},{\"@type\":\"WebSite\",\"@id\":\"https:\/\/hellicecoffee.com\/hu\/#website\",\"url\":\"https:\/\/hellicecoffee.com\/hu\/\",\"name\":\"HELL ICE COFFE\",\"description\":\"Val\u00f3di k\u00e1v\u00e9\u00e9lm\u00e9ny k\u00f6nnyed\u00e9n\",\"publisher\":{\"@id\":\"https:\/\/hellicecoffee.com\/hu\/#organization\"},\"potentialAction\":[{\"@type\":\"SearchAction\",\"target\":{\"@type\":\"EntryPoint\",\"urlTemplate\":\"https:\/\/hellicecoffee.com\/hu\/?s={search_term_string}\"},\"query-input\":{\"@type\":\"PropertyValueSpecification\",\"valueRequired\":true,\"valueName\":\"search_term_string\"}}],\"inLanguage\":\"hu\"},{\"@type\":\"Organization\",\"@id\":\"https:\/\/hellicecoffee.com\/hu\/#organization\",\"name\":\"HELL ICE COFFE\",\"url\":\"https:\/\/hellicecoffee.com\/hu\/\",\"logo\":{\"@type\":\"ImageObject\",\"inLanguage\":\"hu\",\"@id\":\"https:\/\/hellicecoffee.com\/hu\/#\/schema\/logo\/image\/\",\"url\":\"https:\/\/hellicecoffee.com\/wp-content\/uploads\/2024\/07\/Group-30-2.png\",\"contentUrl\":\"https:\/\/hellicecoffee.com\/wp-content\/uploads\/2024\/07\/Group-30-2.png\",\"width\":181,\"height\":194,\"caption\":\"HELL ICE COFFE\"},\"image\":{\"@id\":\"https:\/\/hellicecoffee.com\/hu\/#\/schema\/logo\/image\/\"}}]}<\/script>\n<!-- \/ Yoast SEO plugin. -->","yoast_head_json":{"title":"HELL ICE COFFEE Kapcsolat \u2013 El\u00e9rhet\u0151s\u00e9gek \u00e9s \u00dcgyf\u00e9lszolg\u00e1lat","description":"L\u00e9pj kapcsolatba a HELL ICE COFFEE csapat\u00e1val! Tal\u00e1ld meg el\u00e9rhet\u0151s\u00e9geinket, \u00fcgyf\u00e9lszolg\u00e1lati inform\u00e1ci\u00f3kat \u00e9s v\u00e1laszokat k\u00e9rd\u00e9seidre. K\u00e9rd\u00e9sed van? Ne habozz kapcsolatba l\u00e9pni vel\u00fcnk!","robots":{"index":"index","follow":"follow","max-snippet":"max-snippet:-1","max-image-preview":"max-image-preview:large","max-video-preview":"max-video-preview:-1"},"canonical":"https:\/\/hellicecoffee.com\/hu\/kapcsolat\/","og_locale":"hu_HU","og_type":"article","og_title":"HELL ICE COFFEE Kapcsolat \u2013 El\u00e9rhet\u0151s\u00e9gek \u00e9s \u00dcgyf\u00e9lszolg\u00e1lat","og_description":"L\u00e9pj kapcsolatba a HELL ICE COFFEE csapat\u00e1val! Tal\u00e1ld meg el\u00e9rhet\u0151s\u00e9geinket, \u00fcgyf\u00e9lszolg\u00e1lati inform\u00e1ci\u00f3kat \u00e9s v\u00e1laszokat k\u00e9rd\u00e9seidre. K\u00e9rd\u00e9sed van? Ne habozz kapcsolatba l\u00e9pni vel\u00fcnk!","og_url":"https:\/\/hellicecoffee.com\/hu\/kapcsolat\/","og_site_name":"HELL ICE COFFEE","article_modified_time":"2025-04-17T10:44:58+00:00","og_image":[{"width":1980,"height":1113,"url":"https:\/\/hellicecoffee.com\/wp-content\/uploads\/2024\/09\/Blog-Megujult-a-jegeskave-termekcsalad-2.jpg","type":"image\/jpeg"}],"twitter_card":"summary_large_image","twitter_misc":{"Becs\u00fclt olvas\u00e1si id\u0151":"1 perc"},"schema":{"@context":"https:\/\/schema.org","@graph":[{"@type":"WebPage","@id":"https:\/\/hellicecoffee.com\/hu\/kapcsolat\/","url":"https:\/\/hellicecoffee.com\/hu\/kapcsolat\/","name":"HELL ICE COFFEE Kapcsolat \u2013 El\u00e9rhet\u0151s\u00e9gek \u00e9s \u00dcgyf\u00e9lszolg\u00e1lat","isPartOf":{"@id":"https:\/\/hellicecoffee.com\/hu\/#website"},"datePublished":"2024-07-25T23:21:16+00:00","dateModified":"2025-04-17T10:44:58+00:00","description":"L\u00e9pj kapcsolatba a HELL ICE COFFEE csapat\u00e1val! Tal\u00e1ld meg el\u00e9rhet\u0151s\u00e9geinket, \u00fcgyf\u00e9lszolg\u00e1lati inform\u00e1ci\u00f3kat \u00e9s v\u00e1laszokat k\u00e9rd\u00e9seidre. K\u00e9rd\u00e9sed van? Ne habozz kapcsolatba l\u00e9pni vel\u00fcnk!","breadcrumb":{"@id":"https:\/\/hellicecoffee.com\/hu\/kapcsolat\/#breadcrumb"},"inLanguage":"hu","potentialAction":[{"@type":"ReadAction","target":["https:\/\/hellicecoffee.com\/hu\/kapcsolat\/"]}]},{"@type":"BreadcrumbList","@id":"https:\/\/hellicecoffee.com\/hu\/kapcsolat\/#breadcrumb","itemListElement":[{"@type":"ListItem","position":1,"name":"Kezd\u0151lap","item":"https:\/\/hellicecoffee.com\/hu\/"},{"@type":"ListItem","position":2,"name":"KAPCSOLAT"}]},{"@type":"WebSite","@id":"https:\/\/hellicecoffee.com\/hu\/#website","url":"https:\/\/hellicecoffee.com\/hu\/","name":"HELL ICE COFFE","description":"Val\u00f3di k\u00e1v\u00e9\u00e9lm\u00e9ny k\u00f6nnyed\u00e9n","publisher":{"@id":"https:\/\/hellicecoffee.com\/hu\/#organization"},"potentialAction":[{"@type":"SearchAction","target":{"@type":"EntryPoint","urlTemplate":"https:\/\/hellicecoffee.com\/hu\/?s={search_term_string}"},"query-input":{"@type":"PropertyValueSpecification","valueRequired":true,"valueName":"search_term_string"}}],"inLanguage":"hu"},{"@type":"Organization","@id":"https:\/\/hellicecoffee.com\/hu\/#organization","name":"HELL ICE COFFE","url":"https:\/\/hellicecoffee.com\/hu\/","logo":{"@type":"ImageObject","inLanguage":"hu","@id":"https:\/\/hellicecoffee.com\/hu\/#\/schema\/logo\/image\/","url":"https:\/\/hellicecoffee.com\/wp-content\/uploads\/2024\/07\/Group-30-2.png","contentUrl":"https:\/\/hellicecoffee.com\/wp-content\/uploads\/2024\/07\/Group-30-2.png","width":181,"height":194,"caption":"HELL ICE COFFE"},"image":{"@id":"https:\/\/hellicecoffee.com\/hu\/#\/schema\/logo\/image\/"}}]}},"_links":{"self":[{"href":"https:\/\/hellicecoffee.com\/hu\/wp-json\/wp\/v2\/pages\/27","targetHints":{"allow":["GET"]}}],"collection":[{"href":"https:\/\/hellicecoffee.com\/hu\/wp-json\/wp\/v2\/pages"}],"about":[{"href":"https:\/\/hellicecoffee.com\/hu\/wp-json\/wp\/v2\/types\/page"}],"author":[{"embeddable":true,"href":"https:\/\/hellicecoffee.com\/hu\/wp-json\/wp\/v2\/users\/1"}],"replies":[{"embeddable":true,"href":"https:\/\/hellicecoffee.com\/hu\/wp-json\/wp\/v2\/comments?post=27"}],"version-history":[{"count":196,"href":"https:\/\/hellicecoffee.com\/hu\/wp-json\/wp\/v2\/pages\/27\/revisions"}],"predecessor-version":[{"id":16273,"href":"https:\/\/hellicecoffee.com\/hu\/wp-json\/wp\/v2\/pages\/27\/revisions\/16273"}],"wp:attachment":[{"href":"https:\/\/hellicecoffee.com\/hu\/wp-json\/wp\/v2\/media?parent=27"}],"curies":[{"name":"wp","href":"https:\/\/api.w.org\/{rel}","templated":true}]}}