{"id":4387,"date":"2024-09-25T22:09:11","date_gmt":"2024-09-25T20:09:11","guid":{"rendered":"https:\/\/hellicecoffee.com\/?page_id=4387"},"modified":"2024-11-10T21:44:14","modified_gmt":"2024-11-10T20:44:14","slug":"adatkezelesi-tajekoztato","status":"publish","type":"page","link":"https:\/\/hellicecoffee.com\/hu\/adatkezelesi-tajekoztato\/","title":{"rendered":"Adatkezel\u00e9si T\u00e1j\u00e9koztat\u00f3"},"content":{"rendered":"\t\t<div data-elementor-type=\"wp-page\" data-elementor-id=\"4387\" class=\"elementor elementor-4387\" data-elementor-post-type=\"page\">\n\t\t\t\t<div class=\"elementor-element elementor-element-5f6d5d4b e-flex e-con-boxed e-con e-parent\" data-id=\"5f6d5d4b\" data-element_type=\"container\" data-e-type=\"container\">\n\t\t\t\t\t<div class=\"e-con-inner\">\n\t\t\t\t<div class=\"elementor-element elementor-element-665123b elementor-widget elementor-widget-text-editor\" data-id=\"665123b\" data-element_type=\"widget\" data-e-type=\"widget\" data-widget_type=\"text-editor.default\">\n\t\t\t\t<div class=\"elementor-widget-container\">\n\t\t\t\t\t\t\t\t\t<p>A <strong>HELL ENERGY Magyarorsz\u00e1g Kft. <\/strong>tiszteletben tartja az \u00d6n mag\u00e1nszf\u00e9r\u00e1j\u00e1nak v\u00e9delm\u00e9t \u00e9s nagy gondot ford\u00edt a szem\u00e9lyes adatok v\u00e9delm\u00e9re. Az adatkezel\u00e9si t\u00e1j\u00e9koztat\u00f3 c\u00e9lja, hogy megfelel\u0151 inform\u00e1ci\u00f3kat ny\u00fajtson a jelen weboldalon t\u00f6rt\u00e9n\u0151 adatkezel\u00e9sekr\u0151l, valamint az \u00d6nt, mint \u00e9rintettet megillet\u0151 jogokr\u00f3l.<\/p><p>A <strong>HELL ENERGY Magyarorsz\u00e1g Kft<\/strong>. az adatkezel\u00e9sek sor\u00e1n marad\u00e9ktalanul megfelel az alkalmazand\u00f3 jogszab\u00e1lyoknak, \u00edgy k\u00fcl\u00f6n\u00f6sen a 2016\/679 (EU) \u00e1ltal\u00e1nos adatv\u00e9delmi rendeletnek (<strong><em>GDPR<\/em><\/strong>), valamint az inform\u00e1ci\u00f3s \u00f6nrendelkez\u00e9si jogr\u00f3l \u00e9s az inform\u00e1ci\u00f3szabads\u00e1gr\u00f3l sz\u00f3l\u00f3 2011. \u00e9vi CXII. t\u00f6rv\u00e9nynek.<\/p><ol class=\"wp-block-list\" start=\"1\"><li><strong>Adatkezel\u0151 el\u00e9rhet\u0151s\u00e9gei<\/strong><\/li><\/ol><p>C\u00e9g neve: \u00a0\u00a0\u00a0\u00a0\u00a0\u00a0\u00a0\u00a0\u00a0\u00a0\u00a0\u00a0\u00a0\u00a0\u00a0\u00a0\u00a0\u00a0\u00a0\u00a0\u00a0\u00a0\u00a0\u00a0\u00a0\u00a0\u00a0\u00a0\u00a0\u00a0\u00a0\u00a0\u00a0\u00a0\u00a0\u00a0\u00a0\u00a0\u00a0\u00a0\u00a0\u00a0\u00a0\u00a0\u00a0\u00a0\u00a0\u00a0\u00a0\u00a0\u00a0\u00a0\u00a0\u00a0\u00a0\u00a0\u00a0 <strong>HELL ENERGY Magyarorsz\u00e1g Kft.<br \/><\/strong>Sz\u00e9khely: \u00a0\u00a0\u00a0\u00a0\u00a0\u00a0\u00a0\u00a0\u00a0\u00a0\u00a0\u00a0\u00a0\u00a0\u00a0\u00a0\u00a0\u00a0\u00a0\u00a0\u00a0\u00a0\u00a0\u00a0\u00a0\u00a0\u00a0\u00a0\u00a0\u00a0\u00a0\u00a0\u00a0\u00a0\u00a0\u00a0\u00a0\u00a0\u00a0\u00a0\u00a0\u00a0\u00a0\u00a0\u00a0\u00a0\u00a0\u00a0\u00a0\u00a0\u00a0\u00a0\u00a0\u00a0\u00a0\u00a0\u00a0\u00a0 1062 Budapest, Andr\u00e1ssy \u00fat 126.<br \/>Ad\u00f3sz\u00e1m: \u00a0\u00a0\u00a0\u00a0\u00a0\u00a0\u00a0\u00a0\u00a0\u00a0\u00a0\u00a0\u00a0\u00a0\u00a0\u00a0\u00a0\u00a0\u00a0\u00a0\u00a0\u00a0\u00a0\u00a0\u00a0\u00a0\u00a0\u00a0\u00a0\u00a0\u00a0\u00a0\u00a0\u00a0\u00a0\u00a0\u00a0\u00a0\u00a0\u00a0\u00a0\u00a0\u00a0\u00a0\u00a0\u00a0\u00a0\u00a0\u00a0\u00a0\u00a0\u00a0\u00a0\u00a0\u00a0\u00a0\u00a0 13324223-4-44<\/p><p>Csoportazonos\u00edt\u00f3 sz\u00e1m: \u00a0\u00a0\u00a0\u00a0\u00a0\u00a0\u00a0\u00a0\u00a0\u00a0\u00a0\u00a0\u00a0\u00a0\u00a0\u00a0\u00a0\u00a0\u00a0\u00a0\u00a0\u00a0\u00a0\u00a0\u00a0\u00a0\u00a0 17782263-5-44<br \/>C\u00e9gjegyz\u00e9ksz\u00e1m: \u00a0\u00a0\u00a0\u00a0\u00a0\u00a0\u00a0\u00a0\u00a0\u00a0\u00a0\u00a0\u00a0\u00a0\u00a0\u00a0\u00a0\u00a0\u00a0\u00a0\u00a0\u00a0\u00a0\u00a0\u00a0\u00a0\u00a0\u00a0\u00a0\u00a0\u00a0\u00a0\u00a0\u00a0\u00a0\u00a0\u00a0\u00a0\u00a0\u00a0\u00a0 01-09-729429<\/p><p>Adatv\u00e9delmi tisztvisel\u0151 el\u00e9rhet\u0151s\u00e9ge: dpo&#8221;at&#8221;hellenergy.com<\/p><p>(tov\u00e1bbiakban: <strong><em>Adatkezel\u0151<\/em><\/strong>)<\/p><ol class=\"wp-block-list\" start=\"2\"><li><strong>Az adatkezel\u00e9s c\u00e9lja, jogalapja, valamint az adatok meg\u0151rz\u00e9si ideje<\/strong><\/li><\/ol><p>Az Adatkezel\u0151 \u00e1ltal v\u00e9gzett adatkezel\u00e9seket az al\u00e1bbi t\u00e1bl\u00e1zat tartalmazza.<\/p><table width=\"614\"><thead><tr><td width=\"157\"><p><strong>Adatkezel\u00e9s c\u00e9lja<\/strong><\/p><\/td><td width=\"159\"><p><strong>\u00c9rintett adatok<\/strong><\/p><\/td><td width=\"159\"><p><strong>Jogalap<\/strong><\/p><\/td><td width=\"129\"><p><strong>Meg\u0151rz\u00e9si id\u0151<\/strong><\/p><\/td><\/tr><\/thead><tbody><tr><td width=\"157\"><p>Kommunik\u00e1ci\u00f3 kezel\u00e9se\/folytat\u00e1sa, amennyiben \u00d6n kapcsolatba l\u00e9p vel\u00fcnk e-mail el\u00e9rhet\u0151s\u00e9g\u00fcnk\u00f6n vagy a kapcsolati \u0171rlapon kereszt\u00fcl (term\u00e9kkel kapcsolatos felvil\u00e1gos\u00edt\u00e1s ny\u00fajt\u00e1sa, inform\u00e1ci\u00f3k\u00e9r\u00e9s, \u00e9rt\u00e9kes\u00edt\u00e9s stb.)<\/p><\/td><td width=\"159\"><p>1.\u00a0\u00a0\u00a0\u00a0\u00a0 azonos\u00edt\u00f3 adatok (vezet\u00e9kn\u00e9v, keresztn\u00e9v)<\/p><p>2.\u00a0\u00a0\u00a0\u00a0\u00a0 el\u00e9rhet\u0151s\u00e9gi adatok (e-mail c\u00edm, telefonsz\u00e1m, levelez\u00e9si c\u00edm)<\/p><p>kommunik\u00e1ci\u00f3 tartalma<\/p><\/td><td width=\"159\"><p>GDPR 6. cikk (1) a) pont \u2013 az \u00e9rintett hozz\u00e1j\u00e1rul\u00e1sa (az \u00fcgyfelekkel t\u00f6rt\u00e9n\u0151 z\u00f6kken\u0151mentes kommunik\u00e1ci\u00f3 biztos\u00edt\u00e1sa)<\/p><\/td><td width=\"129\"><p>A hozz\u00e1j\u00e1rul\u00e1s visszavon\u00e1s\u00e1ig \u2013 \u00a0azonban a hozz\u00e1j\u00e1rul\u00e1s visszavon\u00e1sa nem \u00e9rinti a hozz\u00e1j\u00e1rul\u00e1son alapul\u00f3, a visszavon\u00e1s el\u0151tti adatkezel\u00e9s jogszer\u0171s\u00e9g\u00e9t.<\/p><\/td><\/tr><tr><td width=\"157\"><p>Adatelemz\u00e9sek a weboldal \u00e9s a szolg\u00e1ltat\u00e1s fejleszt\u00e9se, marketing tev\u00e9kenys\u00e9g folytat\u00e1sa, \u00fcgyf\u00e9l-kapcsolatok \u00e9s \u00fcgyf\u00e9l\u00e9lm\u00e9nyek er\u0151s\u00edt\u00e9se\/n\u00f6vel\u00e9se v\u00e9gett.<\/p><\/td><td width=\"159\"><p>1.\u00a0\u00a0\u00a0\u00a0\u00a0 technikai adat<\/p><p>2.\u00a0\u00a0\u00a0\u00a0\u00a0 haszn\u00e1lati adat<\/p><\/td><td width=\"159\"><p>GDPR 6. cikk (1) f) pont \u2013az Adatkezel\u0151 jogos \u00e9rdeke (weboldal naprak\u00e9szen tart\u00e1sa, \u00fczleti fejleszt\u00e9sek, piaci strat\u00e9gia kialak\u00edt\u00e1sa)<\/p><\/td><td width=\"129\"><p>Az adatkezel\u00e9s c\u00e9lj\u00e1nak el\u00e9r\u00e9s\u00e9hez sz\u00fcks\u00e9ges ideig, legfeljebb az \u00e1ltal\u00e1nos el\u00e9v\u00fcl\u00e9si id\u0151 (5 \u00e9v) letelt\u00e9ig.<\/p><\/td><\/tr><tr><td width=\"157\"><p>Panaszkezel\u00e9s (term\u00e9kkel kapcsolatos min\u0151s\u00e9gi kifog\u00e1sok kezel\u00e9se, panasz kivizsg\u00e1l\u00e1sa, jegyz\u0151k\u00f6nyv k\u00e9sz\u00edt\u00e9se)<\/p><\/td><td width=\"159\"><p>1.\u00a0\u00a0\u00a0\u00a0\u00a0 azonos\u00edt\u00f3 adatok (vezet\u00e9kn\u00e9v, keresztn\u00e9v);<\/p><p>2.\u00a0\u00a0\u00a0\u00a0\u00a0 el\u00e9rhet\u0151s\u00e9gi adatok (e-mail c\u00edm, lakc\u00edm);<\/p><p>panasz tartalma<\/p><\/td><td width=\"159\"><p>GDPR 6. cikk (1) c) pont \u2013 az Adatkezel\u0151re vonatkoz\u00f3 jogi k\u00f6telezetts\u00e9g teljes\u00edt\u00e9se \u2013 1997. \u00e9vi CLV tv. a fogyaszt\u00f3v\u00e9delemr\u0151l 17\/A. \u00a7 (5) bekezd\u00e9s<\/p><\/td><td width=\"129\"><p>3 \u00e9v<\/p><p>1997. \u00e9vi CLV. tv.\u00a0 a fogyaszt\u00f3v\u00e9delemr\u0151l 17\/A. \u00a7 (7) bekezd\u00e9s<\/p><\/td><\/tr><\/tbody><\/table><p>Amennyiben jogi k\u00f6telezetts\u00e9g vagy szerz\u0151d\u00e9s teljes\u00edt\u00e9se, illetve megk\u00f6t\u00e9se \u00e9rdek\u00e9ben van sz\u00fcks\u00e9g szem\u00e9lyes adataira \u00e9s \u00d6n ezen adatok megad\u00e1s\u00e1t megtagadja, \u00fagy el\u0151fordulhat, hogy az Adatkezel\u0151 nem tudja teljes\u00edteni a vonatkoz\u00f3 szerz\u0151d\u00e9st (azaz nem lehets\u00e9ges a szolg\u00e1ltat\u00e1s ny\u00fajt\u00e1sa).<\/p><ol class=\"wp-block-list\" start=\"3\"><li><strong>COOKIE-K (s\u00fctik) HASZN\u00c1LATA<\/strong><\/li><\/ol><p>A cookie (s\u00fcti) a felhaszn\u00e1l\u00f3 tev\u00e9kenys\u00e9g\u00e9re vonatkoz\u00f3 inform\u00e1ci\u00f3csomag, amely a weboldal el\u00e9r\u00e9s\u00e9hez haszn\u00e1lt eszk\u00f6z\u00f6n ker\u00fcl t\u00e1rol\u00e1sra. A cookie nem k\u00e1ros\u00edtja eszk\u00f6z\u00e9t, azonban lehet\u0151v\u00e9 teszi sz\u00e1munkra, hogy n\u00f6velj\u00fck a b\u00f6ng\u00e9sz\u00e9s \u00e9lm\u00e9ny\u00e9t, valamint a weboldal v\u00e1laszad\u00e1si sebess\u00e9g\u00e9t. Tov\u00e1bbi inform\u00e1ci\u00f3k gy\u0171jt\u00e9s\u00e9re, ide\u00e9rtve a szem\u00e9lyre szabott rekl\u00e1mok megjelen\u00edt\u00e9s\u00e9t is, kiz\u00e1r\u00f3lag az \u00d6n el\u0151zetes hozz\u00e1j\u00e1rul\u00e1sa eset\u00e9n ker\u00fcl sor. A weboldalon haszn\u00e1lt cookiek-r\u00f3l, valamint azok testreszab\u00e1s\u00e1r\u00f3l \u00e9s meg\u0151rz\u00e9si idej\u00e9r\u0151l r\u00e9szletes t\u00e1j\u00e9koztat\u00e1st ny\u00fajt a weboldal alj\u00e1n elhelyezett cookie t\u00e1j\u00e9koztat\u00f3.<\/p><ol class=\"wp-block-list\" start=\"4\"><li><strong>Szem\u00e9lyes adatok c\u00edmzettjei<\/strong><\/li><li><strong>Adatfeldolgoz\u00f3k<\/strong><\/li><\/ol><p>Az Adatkezel\u0151 a weboldal m\u0171k\u00f6dtet\u00e9se, fejleszt\u00e9se \u00e9rdek\u00e9ben m\u00e1s t\u00e1rsas\u00e1g (adatfeldolgoz\u00f3) k\u00f6zrem\u0171k\u00f6d\u00e9s\u00e9t is ig\u00e9nybe veszi a weboldal \u00fczemeltet\u00e9se, fejleszt\u00e9se c\u00e9lj\u00e1b\u00f3l.<\/p><p>Az Adatkezel\u0151 \u00e1ltal ig\u00e9nybe vett adatfeldolgoz\u00f3(k):<\/p><figure class=\"wp-block-table\"><table class=\"has-fixed-layout\"><thead><tr><td><strong>N\u00e9v<\/strong><\/td><td><strong>C\u00edm<\/strong><\/td><td><strong>Tev\u00e9kenys\u00e9g<\/strong><\/td><\/tr><\/thead><tbody><tr><td>MILCOMP Services Kft.<\/td><td>2030 \u00c9rd, Csaba utca 67.<\/td><td>weboldal \u00fczemeltet\u00e9se, fejleszt\u00e9se<\/td><\/tr><\/tbody><\/table><\/figure><ul class=\"wp-block-list\"><li><strong>M\u00e1s adatkezel\u0151k r\u00e9sz\u00e9re t\u00f6rt\u00e9n\u0151 adattov\u00e1bb\u00edt\u00e1s<\/strong><\/li><\/ul><p>Az Adatkezel\u0151 bizonyos esetekben szem\u00e9lyes adatokat tov\u00e1bb\u00edt olyan szem\u00e9lyek r\u00e9sz\u00e9re, akik ezen adatokat saj\u00e1t nev\u00fckben \u00e9s javukra kezelik. El\u0151fordulhat, hogy ilyen adattov\u00e1bb\u00edt\u00e1st jogszab\u00e1ly \u00edr el\u0151 (mint p\u00e9ld\u00e1ul bizonyos tranzakci\u00f3s, technikai vagy azonos\u00edt\u00f3 adatok tov\u00e1bb\u00edt\u00e1sa a rend\u0151rs\u00e9g, illetve egy\u00e9b hat\u00f3s\u00e1g r\u00e9sz\u00e9re). Ugyanakkor egy\u00e9b esetben az adattov\u00e1bb\u00edt\u00e1s m\u00e1s jogalapon t\u00f6rt\u00e9nik, k\u00fcl\u00f6n\u00f6sen jogos \u00e9rdek, vagy az \u00d6n hozz\u00e1j\u00e1rul\u00e1sa alapj\u00e1n.<\/p><p>Abban az esetben is sor ker\u00fclhet az adatok harmadik szem\u00e9lyekkel val\u00f3 megoszt\u00e1s\u00e1ra, ha megalapozottan feltehet\u0151, hogy az adattov\u00e1bb\u00edt\u00e1s csal\u00e1s megel\u0151z\u00e9se vagy kezel\u00e9se, illetve a jelen weboldal t\u00e1mad\u00e1st\u00f3l val\u00f3 meg\u00f3v\u00e1sa az Adatkezel\u0151, illetve a v\u00e1s\u00e1rl\u00f3k, felhaszn\u00e1l\u00f3k, m\u00e1s szem\u00e9lyek vagy meghat\u00e1rozott t\u00e1rsas\u00e1gok tulajdon\u00e1nak \u00e9s biztons\u00e1g\u00e1nak v\u00e9delme \u00e9rdek\u00e9ben sz\u00fcks\u00e9ges.<\/p><ul class=\"wp-block-list\"><li><strong>\u00c9rintetti jogok<\/strong><\/li><\/ul><figure class=\"wp-block-table\"><table class=\"has-fixed-layout\"><thead><tr><td><strong>Jog<\/strong><\/td><td><strong>Az adott jog tartalma<\/strong><\/td><\/tr><\/thead><tbody><tr><td>Az adatokhoz val\u00f3 hozz\u00e1f\u00e9r\u00e9s<\/td><td>K\u00e9r\u00e9s eset\u00e9n t\u00e1j\u00e9koztatjuk, hogy kezelj\u00fck-e valamely szem\u00e9lyes adat\u00e1t. Amennyiben igen, tov\u00e1bbi inform\u00e1ci\u00f3kat is az \u00d6n rendelkez\u00e9s\u00e9re bocs\u00e1tunk, amely az adatok kezel\u00e9s\u00e9re vonatkozik.<\/td><\/tr><tr><td>A helyesb\u00edt\u00e9shez val\u00f3 jog<\/td><td>K\u00e9r\u00e9s eset\u00e9n pontatlan szem\u00e9lyes adatait jav\u00edtjuk (helyesb\u00edtj\u00fck), valamint hi\u00e1nyos adatait kieg\u00e9sz\u00edtj\u00fck.<\/td><\/tr><tr><td>A t\u00f6rl\u00e9shez val\u00f3 jog<\/td><td>Amennyiben az al\u00e1bbi esetek valamelyike fenn\u00e1ll, k\u00e9r\u00e9s eset\u00e9n t\u00f6r\u00f6lj\u00fck szem\u00e9lyes adatait: m\u00e1r nincs sz\u00fcks\u00e9g\u00fcnk szem\u00e9lyes adataira abb\u00f3l a c\u00e9lb\u00f3l, amelyb\u0151l azt gy\u0171jt\u00f6tt\u00fck;\u00d6n visszavonta a hozz\u00e1j\u00e1rul\u00e1s\u00e1t;\u00d6n tiltakozott az adatkezel\u00e9s ellen (\u00e9s nincs m\u00e1s jogszer\u0171 ok az adatkezel\u00e9sre);jogellenesen kezelt\u00fck adatait;jogszab\u00e1ly k\u00f6telez minket az adatok t\u00f6rl\u00e9s\u00e9re.<\/td><\/tr><tr><td>Az adatkezel\u00e9s korl\u00e1toz\u00e1s\u00e1hoz val\u00f3 jog<\/td><td>\u00d6n jogosult k\u00e9rni, hogy az adatait ne kezelj\u00fck tov\u00e1bb, ha: vitatja az adatok pontoss\u00e1g\u00e1t;az adatok kezel\u00e9se jogellenes, de nem szeretn\u00e9, hogy az adatokat t\u00f6r\u00f6lj\u00fck;nek\u00fcnk m\u00e1r nincs sz\u00fcks\u00e9g\u00fcnk adataira, de \u00d6n ig\u00e9nyli azokat;\u00d6n tiltakozott az adatkezel\u00e9s ellen. Ebben az esetben szem\u00e9lyes adatait t\u00e1roljuk, am\u00edg a k\u00e9relme kivizsg\u00e1l\u00e1sra ker\u00fcl, de azokon adatkezel\u00e9si tev\u00e9kenys\u00e9get nem v\u00e9gz\u00fcnk.<\/td><\/tr><tr><td>Az adathordozhat\u00f3s\u00e1ghoz val\u00f3 jog<\/td><td>K\u00e9r\u00e9s\u00e9re t\u00e1j\u00e9koztat\u00e1st adunk \u00d6nnek az \u00e1ltalunk kezelt szem\u00e9lyes adatait, amelyeket \u00d6n bocs\u00e1tott rendelkez\u00e9s\u00fcnkre. Ezen adatokat \u00d6n jogosult m\u00e1s adatkezel\u0151 r\u00e9sz\u00e9re tov\u00e1bb\u00edtani.<\/td><\/tr><tr><td>A tiltakoz\u00e1shoz val\u00f3 jog<\/td><td>Amennyiben nem szeretn\u00e9, hogy szem\u00e9lyes adatait kezelj\u00fck, jogosult az adatkezel\u00e9s ellen tiltakozni. Ekkor nem kezelj\u00fck tov\u00e1bb az adatokat, kiv\u00e9ve, ha azt olyan jogos okok indokolj\u00e1k, amelyek els\u0151bbs\u00e9get \u00e9lveznek az \u00d6n jogaival, \u00e9rdekeivel, szabads\u00e1gaival szemben, vagy amelyek jogi ig\u00e9nyek el\u0151terjeszt\u00e9s\u00e9hez, \u00e9rv\u00e9nyes\u00edt\u00e9s\u00e9hez vagy v\u00e9delm\u00e9hez kapcsol\u00f3dnak.<\/td><\/tr><tr><td>Hozz\u00e1j\u00e1rul\u00e1s visszavon\u00e1sa<\/td><td>A hozz\u00e1j\u00e1rul\u00e1s jogalapon t\u00f6rt\u00e9n\u0151 adatkezel\u00e9si tev\u00e9kenys\u00e9gek vonatkoz\u00e1s\u00e1ban az \u00e9rintett b\u00e1rmikor jogosult visszavonni hozz\u00e1j\u00e1rul\u00e1s\u00e1t. A hozz\u00e1j\u00e1rul\u00e1s jogalapon m\u0171k\u00f6dtetett cookie-k haszn\u00e1lat\u00e1hoz adott hozz\u00e1j\u00e1rul\u00e1s\u00e1t az \u00e9rintett b\u00e1rmikor jogosult visszavonni a weboldal alj\u00e1n elhelyezett S\u00fcti (Cookie) be\u00e1ll\u00edt\u00e1sok men\u00fcpontn\u00e1l. A hozz\u00e1j\u00e1rul\u00e1s visszavon\u00e1sa nem \u00e9rinti a hozz\u00e1j\u00e1rul\u00e1son alapul\u00f3, a visszavon\u00e1s el\u0151tti adatkezel\u00e9s jogszer\u0171s\u00e9g\u00e9t.<\/td><\/tr><tr><td>Panasz beny\u00fajt\u00e1sa<\/td><td>\u00d6n jogosult arra, hogy panaszt tegyen egy fel\u00fcgyeleti hat\u00f3s\u00e1gn\u00e1l, amennyiben \u00fagy gondolja, hogy az adatai kezel\u00e9se sor\u00e1n nem tartottuk be a jogszab\u00e1lyi k\u00f6vetelm\u00e9nyeket. A magyar fel\u00fcgyeleti hat\u00f3s\u00e1g el\u00e9rhet\u0151s\u00e9gei: <strong>Nemzeti Adatv\u00e9delmi \u00e9s Inform\u00e1ci\u00f3szabads\u00e1g Hat\u00f3s\u00e1g (NAIH)<\/strong> levelez\u00e9si c\u00edm: 1363 Budapest, Pf. 9. sz\u00e9khely: 1055 Budapest, Falk Miksa utca 9-11. email c\u00edm: ugyfelszolgalat&#8221;at&#8221;naih.hu telefon: +36 1\u00a0391 1400 honlap: www.naih.hu<\/td><\/tr><\/tbody><\/table><\/figure>\t\t\t\t\t\t\t\t<\/div>\n\t\t\t\t<\/div>\n\t\t\t\t\t<\/div>\n\t\t\t\t<\/div>\n\t\t\t\t<\/div>\n\t\t","protected":false},"excerpt":{"rendered":"<p>A HELL ENERGY Magyarorsz\u00e1g Kft. tiszteletben tartja az \u00d6n mag\u00e1nszf\u00e9r\u00e1j\u00e1nak v\u00e9delm\u00e9t \u00e9s nagy gondot ford\u00edt a szem\u00e9lyes adatok v\u00e9delm\u00e9re. Az adatkezel\u00e9si t\u00e1j\u00e9koztat\u00f3 c\u00e9lja, hogy megfelel\u0151 inform\u00e1ci\u00f3kat ny\u00fajtson a jelen weboldalon t\u00f6rt\u00e9n\u0151 adatkezel\u00e9sekr\u0151l, valamint az \u00d6nt, mint \u00e9rintettet megillet\u0151 jogokr\u00f3l. A HELL ENERGY Magyarorsz\u00e1g Kft. az adatkezel\u00e9sek sor\u00e1n marad\u00e9ktalanul megfelel az alkalmazand\u00f3 jogszab\u00e1lyoknak, \u00edgy k\u00fcl\u00f6n\u00f6sen a [&hellip;]<\/p>\n","protected":false},"author":1,"featured_media":0,"parent":0,"menu_order":0,"comment_status":"closed","ping_status":"closed","template":"elementor_header_footer","meta":{"footnotes":""},"class_list":["post-4387","page","type-page","status-publish","hentry"],"yoast_head":"<!-- This site is optimized with the Yoast SEO plugin v27.2 - https:\/\/yoast.com\/product\/yoast-seo-wordpress\/ -->\n<title>Adatkezel\u00e9si T\u00e1j\u00e9koztat\u00f3 - HELL ICE COFFEE<\/title>\n<meta name=\"robots\" content=\"index, follow, max-snippet:-1, max-image-preview:large, max-video-preview:-1\" \/>\n<link rel=\"canonical\" href=\"https:\/\/hellicecoffee.com\/hu\/adatkezelesi-tajekoztato\/\" \/>\n<meta property=\"og:locale\" content=\"hu_HU\" \/>\n<meta property=\"og:type\" content=\"article\" \/>\n<meta property=\"og:title\" content=\"Adatkezel\u00e9si T\u00e1j\u00e9koztat\u00f3 - HELL ICE COFFEE\" \/>\n<meta property=\"og:description\" content=\"A HELL ENERGY Magyarorsz\u00e1g Kft. tiszteletben tartja az \u00d6n mag\u00e1nszf\u00e9r\u00e1j\u00e1nak v\u00e9delm\u00e9t \u00e9s nagy gondot ford\u00edt a szem\u00e9lyes adatok v\u00e9delm\u00e9re. Az adatkezel\u00e9si t\u00e1j\u00e9koztat\u00f3 c\u00e9lja, hogy megfelel\u0151 inform\u00e1ci\u00f3kat ny\u00fajtson a jelen weboldalon t\u00f6rt\u00e9n\u0151 adatkezel\u00e9sekr\u0151l, valamint az \u00d6nt, mint \u00e9rintettet megillet\u0151 jogokr\u00f3l. A HELL ENERGY Magyarorsz\u00e1g Kft. az adatkezel\u00e9sek sor\u00e1n marad\u00e9ktalanul megfelel az alkalmazand\u00f3 jogszab\u00e1lyoknak, \u00edgy k\u00fcl\u00f6n\u00f6sen a [&hellip;]\" \/>\n<meta property=\"og:url\" content=\"https:\/\/hellicecoffee.com\/hu\/adatkezelesi-tajekoztato\/\" \/>\n<meta property=\"og:site_name\" content=\"HELL ICE COFFEE\" \/>\n<meta property=\"article:modified_time\" content=\"2024-11-10T20:44:14+00:00\" \/>\n<meta property=\"og:image\" content=\"https:\/\/hellicecoffee.com\/wp-content\/uploads\/2024\/09\/Blog-Megujult-a-jegeskave-termekcsalad-2.jpg\" \/>\n\t<meta property=\"og:image:width\" content=\"1980\" \/>\n\t<meta property=\"og:image:height\" content=\"1113\" \/>\n\t<meta property=\"og:image:type\" content=\"image\/jpeg\" \/>\n<meta name=\"twitter:card\" content=\"summary_large_image\" \/>\n<meta name=\"twitter:label1\" content=\"Becs\u00fclt olvas\u00e1si id\u0151\" \/>\n\t<meta name=\"twitter:data1\" content=\"5 perc\" \/>\n<script type=\"application\/ld+json\" class=\"yoast-schema-graph\">{\"@context\":\"https:\/\/schema.org\",\"@graph\":[{\"@type\":\"WebPage\",\"@id\":\"https:\/\/hellicecoffee.com\/hu\/adatkezelesi-tajekoztato\/\",\"url\":\"https:\/\/hellicecoffee.com\/hu\/adatkezelesi-tajekoztato\/\",\"name\":\"Adatkezel\u00e9si T\u00e1j\u00e9koztat\u00f3 - HELL ICE COFFEE\",\"isPartOf\":{\"@id\":\"https:\/\/hellicecoffee.com\/hu\/#website\"},\"datePublished\":\"2024-09-25T20:09:11+00:00\",\"dateModified\":\"2024-11-10T20:44:14+00:00\",\"breadcrumb\":{\"@id\":\"https:\/\/hellicecoffee.com\/hu\/adatkezelesi-tajekoztato\/#breadcrumb\"},\"inLanguage\":\"hu\",\"potentialAction\":[{\"@type\":\"ReadAction\",\"target\":[\"https:\/\/hellicecoffee.com\/hu\/adatkezelesi-tajekoztato\/\"]}]},{\"@type\":\"BreadcrumbList\",\"@id\":\"https:\/\/hellicecoffee.com\/hu\/adatkezelesi-tajekoztato\/#breadcrumb\",\"itemListElement\":[{\"@type\":\"ListItem\",\"position\":1,\"name\":\"Kezd\u0151lap\",\"item\":\"https:\/\/hellicecoffee.com\/hu\/\"},{\"@type\":\"ListItem\",\"position\":2,\"name\":\"Adatkezel\u00e9si T\u00e1j\u00e9koztat\u00f3\"}]},{\"@type\":\"WebSite\",\"@id\":\"https:\/\/hellicecoffee.com\/hu\/#website\",\"url\":\"https:\/\/hellicecoffee.com\/hu\/\",\"name\":\"HELL ICE COFFE\",\"description\":\"Val\u00f3di k\u00e1v\u00e9\u00e9lm\u00e9ny k\u00f6nnyed\u00e9n\",\"publisher\":{\"@id\":\"https:\/\/hellicecoffee.com\/hu\/#organization\"},\"potentialAction\":[{\"@type\":\"SearchAction\",\"target\":{\"@type\":\"EntryPoint\",\"urlTemplate\":\"https:\/\/hellicecoffee.com\/hu\/?s={search_term_string}\"},\"query-input\":{\"@type\":\"PropertyValueSpecification\",\"valueRequired\":true,\"valueName\":\"search_term_string\"}}],\"inLanguage\":\"hu\"},{\"@type\":\"Organization\",\"@id\":\"https:\/\/hellicecoffee.com\/hu\/#organization\",\"name\":\"HELL ICE COFFE\",\"url\":\"https:\/\/hellicecoffee.com\/hu\/\",\"logo\":{\"@type\":\"ImageObject\",\"inLanguage\":\"hu\",\"@id\":\"https:\/\/hellicecoffee.com\/hu\/#\/schema\/logo\/image\/\",\"url\":\"https:\/\/hellicecoffee.com\/wp-content\/uploads\/2024\/07\/Group-30-2.png\",\"contentUrl\":\"https:\/\/hellicecoffee.com\/wp-content\/uploads\/2024\/07\/Group-30-2.png\",\"width\":181,\"height\":194,\"caption\":\"HELL ICE COFFE\"},\"image\":{\"@id\":\"https:\/\/hellicecoffee.com\/hu\/#\/schema\/logo\/image\/\"}}]}<\/script>\n<!-- \/ Yoast SEO plugin. -->","yoast_head_json":{"title":"Adatkezel\u00e9si T\u00e1j\u00e9koztat\u00f3 - HELL ICE COFFEE","robots":{"index":"index","follow":"follow","max-snippet":"max-snippet:-1","max-image-preview":"max-image-preview:large","max-video-preview":"max-video-preview:-1"},"canonical":"https:\/\/hellicecoffee.com\/hu\/adatkezelesi-tajekoztato\/","og_locale":"hu_HU","og_type":"article","og_title":"Adatkezel\u00e9si T\u00e1j\u00e9koztat\u00f3 - HELL ICE COFFEE","og_description":"A HELL ENERGY Magyarorsz\u00e1g Kft. tiszteletben tartja az \u00d6n mag\u00e1nszf\u00e9r\u00e1j\u00e1nak v\u00e9delm\u00e9t \u00e9s nagy gondot ford\u00edt a szem\u00e9lyes adatok v\u00e9delm\u00e9re. Az adatkezel\u00e9si t\u00e1j\u00e9koztat\u00f3 c\u00e9lja, hogy megfelel\u0151 inform\u00e1ci\u00f3kat ny\u00fajtson a jelen weboldalon t\u00f6rt\u00e9n\u0151 adatkezel\u00e9sekr\u0151l, valamint az \u00d6nt, mint \u00e9rintettet megillet\u0151 jogokr\u00f3l. A HELL ENERGY Magyarorsz\u00e1g Kft. az adatkezel\u00e9sek sor\u00e1n marad\u00e9ktalanul megfelel az alkalmazand\u00f3 jogszab\u00e1lyoknak, \u00edgy k\u00fcl\u00f6n\u00f6sen a [&hellip;]","og_url":"https:\/\/hellicecoffee.com\/hu\/adatkezelesi-tajekoztato\/","og_site_name":"HELL ICE COFFEE","article_modified_time":"2024-11-10T20:44:14+00:00","og_image":[{"width":1980,"height":1113,"url":"https:\/\/hellicecoffee.com\/wp-content\/uploads\/2024\/09\/Blog-Megujult-a-jegeskave-termekcsalad-2.jpg","type":"image\/jpeg"}],"twitter_card":"summary_large_image","twitter_misc":{"Becs\u00fclt olvas\u00e1si id\u0151":"5 perc"},"schema":{"@context":"https:\/\/schema.org","@graph":[{"@type":"WebPage","@id":"https:\/\/hellicecoffee.com\/hu\/adatkezelesi-tajekoztato\/","url":"https:\/\/hellicecoffee.com\/hu\/adatkezelesi-tajekoztato\/","name":"Adatkezel\u00e9si T\u00e1j\u00e9koztat\u00f3 - HELL ICE COFFEE","isPartOf":{"@id":"https:\/\/hellicecoffee.com\/hu\/#website"},"datePublished":"2024-09-25T20:09:11+00:00","dateModified":"2024-11-10T20:44:14+00:00","breadcrumb":{"@id":"https:\/\/hellicecoffee.com\/hu\/adatkezelesi-tajekoztato\/#breadcrumb"},"inLanguage":"hu","potentialAction":[{"@type":"ReadAction","target":["https:\/\/hellicecoffee.com\/hu\/adatkezelesi-tajekoztato\/"]}]},{"@type":"BreadcrumbList","@id":"https:\/\/hellicecoffee.com\/hu\/adatkezelesi-tajekoztato\/#breadcrumb","itemListElement":[{"@type":"ListItem","position":1,"name":"Kezd\u0151lap","item":"https:\/\/hellicecoffee.com\/hu\/"},{"@type":"ListItem","position":2,"name":"Adatkezel\u00e9si T\u00e1j\u00e9koztat\u00f3"}]},{"@type":"WebSite","@id":"https:\/\/hellicecoffee.com\/hu\/#website","url":"https:\/\/hellicecoffee.com\/hu\/","name":"HELL ICE COFFE","description":"Val\u00f3di k\u00e1v\u00e9\u00e9lm\u00e9ny k\u00f6nnyed\u00e9n","publisher":{"@id":"https:\/\/hellicecoffee.com\/hu\/#organization"},"potentialAction":[{"@type":"SearchAction","target":{"@type":"EntryPoint","urlTemplate":"https:\/\/hellicecoffee.com\/hu\/?s={search_term_string}"},"query-input":{"@type":"PropertyValueSpecification","valueRequired":true,"valueName":"search_term_string"}}],"inLanguage":"hu"},{"@type":"Organization","@id":"https:\/\/hellicecoffee.com\/hu\/#organization","name":"HELL ICE COFFE","url":"https:\/\/hellicecoffee.com\/hu\/","logo":{"@type":"ImageObject","inLanguage":"hu","@id":"https:\/\/hellicecoffee.com\/hu\/#\/schema\/logo\/image\/","url":"https:\/\/hellicecoffee.com\/wp-content\/uploads\/2024\/07\/Group-30-2.png","contentUrl":"https:\/\/hellicecoffee.com\/wp-content\/uploads\/2024\/07\/Group-30-2.png","width":181,"height":194,"caption":"HELL ICE COFFE"},"image":{"@id":"https:\/\/hellicecoffee.com\/hu\/#\/schema\/logo\/image\/"}}]}},"_links":{"self":[{"href":"https:\/\/hellicecoffee.com\/hu\/wp-json\/wp\/v2\/pages\/4387","targetHints":{"allow":["GET"]}}],"collection":[{"href":"https:\/\/hellicecoffee.com\/hu\/wp-json\/wp\/v2\/pages"}],"about":[{"href":"https:\/\/hellicecoffee.com\/hu\/wp-json\/wp\/v2\/types\/page"}],"author":[{"embeddable":true,"href":"https:\/\/hellicecoffee.com\/hu\/wp-json\/wp\/v2\/users\/1"}],"replies":[{"embeddable":true,"href":"https:\/\/hellicecoffee.com\/hu\/wp-json\/wp\/v2\/comments?post=4387"}],"version-history":[{"count":25,"href":"https:\/\/hellicecoffee.com\/hu\/wp-json\/wp\/v2\/pages\/4387\/revisions"}],"predecessor-version":[{"id":9164,"href":"https:\/\/hellicecoffee.com\/hu\/wp-json\/wp\/v2\/pages\/4387\/revisions\/9164"}],"wp:attachment":[{"href":"https:\/\/hellicecoffee.com\/hu\/wp-json\/wp\/v2\/media?parent=4387"}],"curies":[{"name":"wp","href":"https:\/\/api.w.org\/{rel}","templated":true}]}}