{"id":6216,"date":"2024-09-29T16:11:45","date_gmt":"2024-09-29T14:11:45","guid":{"rendered":"https:\/\/hellicecoffee.com\/?page_id=6216"},"modified":"2025-12-04T08:51:17","modified_gmt":"2025-12-04T07:51:17","slug":"blog","status":"publish","type":"page","link":"https:\/\/hellicecoffee.com\/hu\/blog\/","title":{"rendered":"Blog"},"content":{"rendered":"\t\t<div data-elementor-type=\"wp-page\" data-elementor-id=\"6216\" class=\"elementor elementor-6216\" data-elementor-post-type=\"page\">\n\t\t\t\t<div class=\"elementor-element elementor-element-c6630cf e-flex e-con-boxed e-con e-parent\" data-id=\"c6630cf\" data-element_type=\"container\" data-e-type=\"container\">\n\t\t\t\t\t<div class=\"e-con-inner\">\n\t\t\t\t<div class=\"elementor-element elementor-element-4290930 elementor-widget elementor-widget-heading\" data-id=\"4290930\" data-element_type=\"widget\" data-e-type=\"widget\" data-widget_type=\"heading.default\">\n\t\t\t\t<div class=\"elementor-widget-container\">\n\t\t\t\t\t<h1 class=\"elementor-heading-title elementor-size-default\">BLOG<\/h1>\t\t\t\t<\/div>\n\t\t\t\t<\/div>\n\t\t\t\t\t<\/div>\n\t\t\t\t<\/div>\n\t\t<div class=\"elementor-element elementor-element-bd68303 e-flex e-con-boxed e-con e-parent\" data-id=\"bd68303\" data-element_type=\"container\" data-e-type=\"container\">\n\t\t\t\t\t<div class=\"e-con-inner\">\n\t\t\t\t<div class=\"elementor-element elementor-element-0ef6f99 elementor-posts--align-left elementor-grid-3 elementor-grid-tablet-2 elementor-grid-mobile-1 elementor-posts--thumbnail-top elementor-widget elementor-widget-posts\" data-id=\"0ef6f99\" data-element_type=\"widget\" data-e-type=\"widget\" data-settings=\"{&quot;classic_columns&quot;:&quot;3&quot;,&quot;classic_columns_tablet&quot;:&quot;2&quot;,&quot;classic_columns_mobile&quot;:&quot;1&quot;,&quot;classic_row_gap&quot;:{&quot;unit&quot;:&quot;px&quot;,&quot;size&quot;:35,&quot;sizes&quot;:[]},&quot;classic_row_gap_tablet&quot;:{&quot;unit&quot;:&quot;px&quot;,&quot;size&quot;:&quot;&quot;,&quot;sizes&quot;:[]},&quot;classic_row_gap_mobile&quot;:{&quot;unit&quot;:&quot;px&quot;,&quot;size&quot;:&quot;&quot;,&quot;sizes&quot;:[]}}\" data-widget_type=\"posts.classic\">\n\t\t\t\t<div class=\"elementor-widget-container\">\n\t\t\t\t\t\t\t<div class=\"elementor-posts-container elementor-posts elementor-posts--skin-classic elementor-grid\" role=\"list\">\n\t\t\t\t<article class=\"elementor-post elementor-grid-item post-18082 post type-post status-publish format-standard has-post-thumbnail hentry category-blog\" role=\"listitem\">\n\t\t\t\t<a class=\"elementor-post__thumbnail__link\" href=\"https:\/\/hellicecoffee.com\/hu\/blog\/megerkezett-a-hell-ice-coffee-choco-raspberry-az-uj-ellenallhatatlanulkenyezteto-jegeskavenk\/\" tabindex=\"-1\" >\n\t\t\t<div class=\"elementor-post__thumbnail\"><img fetchpriority=\"high\" decoding=\"async\" width=\"800\" height=\"450\" src=\"https:\/\/hellicecoffee.com\/wp-content\/uploads\/2026\/03\/HI2600000012_HU_HIC_Choco-Raspberry_online_banner_1920x1080px-1024x576.jpg\" class=\"attachment-large size-large wp-image-18084\" alt=\"\" srcset=\"https:\/\/hellicecoffee.com\/wp-content\/uploads\/2026\/03\/HI2600000012_HU_HIC_Choco-Raspberry_online_banner_1920x1080px-1024x576.jpg 1024w, https:\/\/hellicecoffee.com\/wp-content\/uploads\/2026\/03\/HI2600000012_HU_HIC_Choco-Raspberry_online_banner_1920x1080px-300x169.jpg 300w, https:\/\/hellicecoffee.com\/wp-content\/uploads\/2026\/03\/HI2600000012_HU_HIC_Choco-Raspberry_online_banner_1920x1080px-768x432.jpg 768w, https:\/\/hellicecoffee.com\/wp-content\/uploads\/2026\/03\/HI2600000012_HU_HIC_Choco-Raspberry_online_banner_1920x1080px-1536x864.jpg 1536w, https:\/\/hellicecoffee.com\/wp-content\/uploads\/2026\/03\/HI2600000012_HU_HIC_Choco-Raspberry_online_banner_1920x1080px.jpg 1920w\" sizes=\"(max-width: 800px) 100vw, 800px\" \/><\/div>\n\t\t<\/a>\n\t\t\t\t<div class=\"elementor-post__text\">\n\t\t\t\t<h2 class=\"elementor-post__title\">\n\t\t\t<a href=\"https:\/\/hellicecoffee.com\/hu\/blog\/megerkezett-a-hell-ice-coffee-choco-raspberry-az-uj-ellenallhatatlanulkenyezteto-jegeskavenk\/\" >\n\t\t\t\tMeg\u00e9rkezett a HELL ICE COFFEE Choco-Raspberry!\t\t\t<\/a>\n\t\t<\/h2>\n\t\t\t\t\t<div class=\"elementor-post__read-more-wrapper\">\n\t\t\n\t\t<a class=\"elementor-post__read-more\" href=\"https:\/\/hellicecoffee.com\/hu\/blog\/megerkezett-a-hell-ice-coffee-choco-raspberry-az-uj-ellenallhatatlanulkenyezteto-jegeskavenk\/\" aria-label=\"Read more about Meg\u00e9rkezett a HELL ICE COFFEE Choco-Raspberry!\" tabindex=\"-1\" >\n\t\t\tTov\u00e1bb olvasom\t\t<\/a>\n\n\t\t\t\t\t<\/div>\n\t\t\t\t<\/div>\n\t\t\t\t<\/article>\n\t\t\t\t<article class=\"elementor-post elementor-grid-item post-17271 post type-post status-publish format-standard has-post-thumbnail hentry category-blog\" role=\"listitem\">\n\t\t\t\t<a class=\"elementor-post__thumbnail__link\" href=\"https:\/\/hellicecoffee.com\/hu\/blog\/megerkezett-az-uj-hell-ice-coffee-pistachio\/\" tabindex=\"-1\" >\n\t\t\t<div class=\"elementor-post__thumbnail\"><img decoding=\"async\" width=\"800\" height=\"450\" src=\"https:\/\/hellicecoffee.com\/wp-content\/uploads\/2025\/12\/HI2500000142_pisztacia_weboldal_kep-1024x576.jpg\" class=\"attachment-large size-large wp-image-17556\" alt=\"\" srcset=\"https:\/\/hellicecoffee.com\/wp-content\/uploads\/2025\/12\/HI2500000142_pisztacia_weboldal_kep-1024x576.jpg 1024w, https:\/\/hellicecoffee.com\/wp-content\/uploads\/2025\/12\/HI2500000142_pisztacia_weboldal_kep-300x169.jpg 300w, https:\/\/hellicecoffee.com\/wp-content\/uploads\/2025\/12\/HI2500000142_pisztacia_weboldal_kep-768x432.jpg 768w, https:\/\/hellicecoffee.com\/wp-content\/uploads\/2025\/12\/HI2500000142_pisztacia_weboldal_kep-1536x864.jpg 1536w, https:\/\/hellicecoffee.com\/wp-content\/uploads\/2025\/12\/HI2500000142_pisztacia_weboldal_kep.jpg 1920w\" sizes=\"(max-width: 800px) 100vw, 800px\" \/><\/div>\n\t\t<\/a>\n\t\t\t\t<div class=\"elementor-post__text\">\n\t\t\t\t<h2 class=\"elementor-post__title\">\n\t\t\t<a href=\"https:\/\/hellicecoffee.com\/hu\/blog\/megerkezett-az-uj-hell-ice-coffee-pistachio\/\" >\n\t\t\t\tMeg\u00e9rkezett az \u00faj HELL ICE COFFEE Pistachio!\t\t\t<\/a>\n\t\t<\/h2>\n\t\t\t\t\t<div class=\"elementor-post__read-more-wrapper\">\n\t\t\n\t\t<a class=\"elementor-post__read-more\" href=\"https:\/\/hellicecoffee.com\/hu\/blog\/megerkezett-az-uj-hell-ice-coffee-pistachio\/\" aria-label=\"Read more about Meg\u00e9rkezett az \u00faj HELL ICE COFFEE Pistachio!\" tabindex=\"-1\" >\n\t\t\tTov\u00e1bb olvasom\t\t<\/a>\n\n\t\t\t\t\t<\/div>\n\t\t\t\t<\/div>\n\t\t\t\t<\/article>\n\t\t\t\t<article class=\"elementor-post elementor-grid-item post-17209 post type-post status-publish format-standard has-post-thumbnail hentry category-blog\" role=\"listitem\">\n\t\t\t\t<a class=\"elementor-post__thumbnail__link\" href=\"https:\/\/hellicecoffee.com\/hu\/blog\/itt-az-uj-hell-icecoffee-dark-orange\/\" tabindex=\"-1\" >\n\t\t\t<div class=\"elementor-post__thumbnail\"><img decoding=\"async\" width=\"800\" height=\"450\" src=\"https:\/\/hellicecoffee.com\/wp-content\/uploads\/2025\/12\/HI2500000142_darkorange_weboldal_kep-1024x576.jpg\" class=\"attachment-large size-large wp-image-17544\" alt=\"\" srcset=\"https:\/\/hellicecoffee.com\/wp-content\/uploads\/2025\/12\/HI2500000142_darkorange_weboldal_kep-1024x576.jpg 1024w, https:\/\/hellicecoffee.com\/wp-content\/uploads\/2025\/12\/HI2500000142_darkorange_weboldal_kep-300x169.jpg 300w, https:\/\/hellicecoffee.com\/wp-content\/uploads\/2025\/12\/HI2500000142_darkorange_weboldal_kep-768x432.jpg 768w, https:\/\/hellicecoffee.com\/wp-content\/uploads\/2025\/12\/HI2500000142_darkorange_weboldal_kep-1536x864.jpg 1536w, https:\/\/hellicecoffee.com\/wp-content\/uploads\/2025\/12\/HI2500000142_darkorange_weboldal_kep.jpg 1920w\" sizes=\"(max-width: 800px) 100vw, 800px\" \/><\/div>\n\t\t<\/a>\n\t\t\t\t<div class=\"elementor-post__text\">\n\t\t\t\t<h2 class=\"elementor-post__title\">\n\t\t\t<a href=\"https:\/\/hellicecoffee.com\/hu\/blog\/itt-az-uj-hell-icecoffee-dark-orange\/\" >\n\t\t\t\tItt az \u00faj HELL ICECOFFEE Dark Orange!\t\t\t<\/a>\n\t\t<\/h2>\n\t\t\t\t\t<div class=\"elementor-post__read-more-wrapper\">\n\t\t\n\t\t<a class=\"elementor-post__read-more\" href=\"https:\/\/hellicecoffee.com\/hu\/blog\/itt-az-uj-hell-icecoffee-dark-orange\/\" aria-label=\"Read more about Itt az \u00faj HELL ICECOFFEE Dark Orange!\" tabindex=\"-1\" >\n\t\t\tTov\u00e1bb olvasom\t\t<\/a>\n\n\t\t\t\t\t<\/div>\n\t\t\t\t<\/div>\n\t\t\t\t<\/article>\n\t\t\t\t<article class=\"elementor-post elementor-grid-item post-11124 post type-post status-publish format-standard has-post-thumbnail hentry category-blog\" role=\"listitem\">\n\t\t\t\t<a class=\"elementor-post__thumbnail__link\" href=\"https:\/\/hellicecoffee.com\/hu\/blog\/megan-fox-lett-a-hell-ice-coffee-arca\/\" tabindex=\"-1\" >\n\t\t\t<div class=\"elementor-post__thumbnail\"><img loading=\"lazy\" decoding=\"async\" width=\"800\" height=\"450\" src=\"https:\/\/hellicecoffee.com\/wp-content\/uploads\/2025\/02\/HI2500000004_HU_HIC_weboldal_fooldali_MF_banner_3000x1687px-1024x576.jpg\" class=\"attachment-large size-large wp-image-10930\" alt=\"\" srcset=\"https:\/\/hellicecoffee.com\/wp-content\/uploads\/2025\/02\/HI2500000004_HU_HIC_weboldal_fooldali_MF_banner_3000x1687px-1024x576.jpg 1024w, https:\/\/hellicecoffee.com\/wp-content\/uploads\/2025\/02\/HI2500000004_HU_HIC_weboldal_fooldali_MF_banner_3000x1687px-300x169.jpg 300w, https:\/\/hellicecoffee.com\/wp-content\/uploads\/2025\/02\/HI2500000004_HU_HIC_weboldal_fooldali_MF_banner_3000x1687px-768x432.jpg 768w, https:\/\/hellicecoffee.com\/wp-content\/uploads\/2025\/02\/HI2500000004_HU_HIC_weboldal_fooldali_MF_banner_3000x1687px-1536x864.jpg 1536w, https:\/\/hellicecoffee.com\/wp-content\/uploads\/2025\/02\/HI2500000004_HU_HIC_weboldal_fooldali_MF_banner_3000x1687px-2048x1152.jpg 2048w\" sizes=\"(max-width: 800px) 100vw, 800px\" \/><\/div>\n\t\t<\/a>\n\t\t\t\t<div class=\"elementor-post__text\">\n\t\t\t\t<h2 class=\"elementor-post__title\">\n\t\t\t<a href=\"https:\/\/hellicecoffee.com\/hu\/blog\/megan-fox-lett-a-hell-ice-coffee-arca\/\" >\n\t\t\t\tMEGAN FOX LETT A HELL ICE COFFEE ARCA\t\t\t<\/a>\n\t\t<\/h2>\n\t\t\t\t\t<div class=\"elementor-post__read-more-wrapper\">\n\t\t\n\t\t<a class=\"elementor-post__read-more\" href=\"https:\/\/hellicecoffee.com\/hu\/blog\/megan-fox-lett-a-hell-ice-coffee-arca\/\" aria-label=\"Read more about MEGAN FOX LETT A HELL ICE COFFEE ARCA\" tabindex=\"-1\" >\n\t\t\tTov\u00e1bb olvasom\t\t<\/a>\n\n\t\t\t\t\t<\/div>\n\t\t\t\t<\/div>\n\t\t\t\t<\/article>\n\t\t\t\t<article class=\"elementor-post elementor-grid-item post-4458 post type-post status-publish format-standard has-post-thumbnail hentry category-blog\" role=\"listitem\">\n\t\t\t\t<a class=\"elementor-post__thumbnail__link\" href=\"https:\/\/hellicecoffee.com\/hu\/blog\/valodi-kaveelmeny-a-hell-ice-coffee-val\/\" tabindex=\"-1\" >\n\t\t\t<div class=\"elementor-post__thumbnail\"><img loading=\"lazy\" decoding=\"async\" width=\"800\" height=\"450\" src=\"https:\/\/hellicecoffee.com\/wp-content\/uploads\/2024\/09\/Blog-Valodi-kaveelmeny-1024x576.jpg\" class=\"attachment-large size-large wp-image-4410\" alt=\"\" srcset=\"https:\/\/hellicecoffee.com\/wp-content\/uploads\/2024\/09\/Blog-Valodi-kaveelmeny-1024x576.jpg 1024w, https:\/\/hellicecoffee.com\/wp-content\/uploads\/2024\/09\/Blog-Valodi-kaveelmeny-300x169.jpg 300w, https:\/\/hellicecoffee.com\/wp-content\/uploads\/2024\/09\/Blog-Valodi-kaveelmeny-768x432.jpg 768w, https:\/\/hellicecoffee.com\/wp-content\/uploads\/2024\/09\/Blog-Valodi-kaveelmeny-1536x864.jpg 1536w, https:\/\/hellicecoffee.com\/wp-content\/uploads\/2024\/09\/Blog-Valodi-kaveelmeny.jpg 1920w\" sizes=\"(max-width: 800px) 100vw, 800px\" \/><\/div>\n\t\t<\/a>\n\t\t\t\t<div class=\"elementor-post__text\">\n\t\t\t\t<h2 class=\"elementor-post__title\">\n\t\t\t<a href=\"https:\/\/hellicecoffee.com\/hu\/blog\/valodi-kaveelmeny-a-hell-ice-coffee-val\/\" >\n\t\t\t\tVal\u00f3di k\u00e1v\u00e9\u00e9lm\u00e9ny a HELL ICE COFFEE-val\t\t\t<\/a>\n\t\t<\/h2>\n\t\t\t\t\t<div class=\"elementor-post__read-more-wrapper\">\n\t\t\n\t\t<a class=\"elementor-post__read-more\" href=\"https:\/\/hellicecoffee.com\/hu\/blog\/valodi-kaveelmeny-a-hell-ice-coffee-val\/\" aria-label=\"Read more about Val\u00f3di k\u00e1v\u00e9\u00e9lm\u00e9ny a HELL ICE COFFEE-val\" tabindex=\"-1\" >\n\t\t\tTov\u00e1bb olvasom\t\t<\/a>\n\n\t\t\t\t\t<\/div>\n\t\t\t\t<\/div>\n\t\t\t\t<\/article>\n\t\t\t\t<article class=\"elementor-post elementor-grid-item post-4449 post type-post status-publish format-standard has-post-thumbnail hentry category-blog\" role=\"listitem\">\n\t\t\t\t<a class=\"elementor-post__thumbnail__link\" href=\"https:\/\/hellicecoffee.com\/hu\/blog\/megujul-a-hell-jegeskave-termekcsaladja\/\" tabindex=\"-1\" >\n\t\t\t<div class=\"elementor-post__thumbnail\"><img loading=\"lazy\" decoding=\"async\" width=\"800\" height=\"450\" src=\"https:\/\/hellicecoffee.com\/wp-content\/uploads\/2024\/09\/Blog-Megujult-a-jegeskave-termekcsalad-1024x576.jpg\" class=\"attachment-large size-large wp-image-4432\" alt=\"\" srcset=\"https:\/\/hellicecoffee.com\/wp-content\/uploads\/2024\/09\/Blog-Megujult-a-jegeskave-termekcsalad-1024x576.jpg 1024w, https:\/\/hellicecoffee.com\/wp-content\/uploads\/2024\/09\/Blog-Megujult-a-jegeskave-termekcsalad-300x169.jpg 300w, https:\/\/hellicecoffee.com\/wp-content\/uploads\/2024\/09\/Blog-Megujult-a-jegeskave-termekcsalad-768x432.jpg 768w, https:\/\/hellicecoffee.com\/wp-content\/uploads\/2024\/09\/Blog-Megujult-a-jegeskave-termekcsalad-1536x863.jpg 1536w, https:\/\/hellicecoffee.com\/wp-content\/uploads\/2024\/09\/Blog-Megujult-a-jegeskave-termekcsalad.jpg 1980w\" sizes=\"(max-width: 800px) 100vw, 800px\" \/><\/div>\n\t\t<\/a>\n\t\t\t\t<div class=\"elementor-post__text\">\n\t\t\t\t<h2 class=\"elementor-post__title\">\n\t\t\t<a href=\"https:\/\/hellicecoffee.com\/hu\/blog\/megujul-a-hell-jegeskave-termekcsaladja\/\" >\n\t\t\t\tMeg\u00fajul a HELL jegesk\u00e1v\u00e9 term\u00e9kcsal\u00e1dja\t\t\t<\/a>\n\t\t<\/h2>\n\t\t\t\t\t<div class=\"elementor-post__read-more-wrapper\">\n\t\t\n\t\t<a class=\"elementor-post__read-more\" href=\"https:\/\/hellicecoffee.com\/hu\/blog\/megujul-a-hell-jegeskave-termekcsaladja\/\" aria-label=\"Read more about Meg\u00fajul a HELL jegesk\u00e1v\u00e9 term\u00e9kcsal\u00e1dja\" tabindex=\"-1\" >\n\t\t\tTov\u00e1bb olvasom\t\t<\/a>\n\n\t\t\t\t\t<\/div>\n\t\t\t\t<\/div>\n\t\t\t\t<\/article>\n\t\t\t\t<article class=\"elementor-post elementor-grid-item post-4409 post type-post status-publish format-standard has-post-thumbnail hentry category-blog\" role=\"listitem\">\n\t\t\t\t<a class=\"elementor-post__thumbnail__link\" href=\"https:\/\/hellicecoffee.com\/hu\/blog\/atadta-uj-jegeskave-uzemet-a-hell-energy\/\" tabindex=\"-1\" >\n\t\t\t<div class=\"elementor-post__thumbnail\"><img loading=\"lazy\" decoding=\"async\" width=\"800\" height=\"533\" src=\"https:\/\/hellicecoffee.com\/wp-content\/uploads\/2024\/09\/DJI_0089-1024x682.jpg\" class=\"attachment-large size-large wp-image-4421\" alt=\"\" srcset=\"https:\/\/hellicecoffee.com\/wp-content\/uploads\/2024\/09\/DJI_0089-1024x682.jpg 1024w, https:\/\/hellicecoffee.com\/wp-content\/uploads\/2024\/09\/DJI_0089-300x200.jpg 300w, https:\/\/hellicecoffee.com\/wp-content\/uploads\/2024\/09\/DJI_0089-768x512.jpg 768w, https:\/\/hellicecoffee.com\/wp-content\/uploads\/2024\/09\/DJI_0089-1536x1023.jpg 1536w, https:\/\/hellicecoffee.com\/wp-content\/uploads\/2024\/09\/DJI_0089.jpg 1980w\" sizes=\"(max-width: 800px) 100vw, 800px\" \/><\/div>\n\t\t<\/a>\n\t\t\t\t<div class=\"elementor-post__text\">\n\t\t\t\t<h2 class=\"elementor-post__title\">\n\t\t\t<a href=\"https:\/\/hellicecoffee.com\/hu\/blog\/atadta-uj-jegeskave-uzemet-a-hell-energy\/\" >\n\t\t\t\t\u00c1tadta \u00faj jegesk\u00e1v\u00e9 t\u00f6lt\u0151 \u00fczem\u00e9t a HELL ENERGY\t\t\t<\/a>\n\t\t<\/h2>\n\t\t\t\t\t<div class=\"elementor-post__read-more-wrapper\">\n\t\t\n\t\t<a class=\"elementor-post__read-more\" href=\"https:\/\/hellicecoffee.com\/hu\/blog\/atadta-uj-jegeskave-uzemet-a-hell-energy\/\" aria-label=\"Read more about \u00c1tadta \u00faj jegesk\u00e1v\u00e9 t\u00f6lt\u0151 \u00fczem\u00e9t a HELL ENERGY\" tabindex=\"-1\" >\n\t\t\tTov\u00e1bb olvasom\t\t<\/a>\n\n\t\t\t\t\t<\/div>\n\t\t\t\t<\/div>\n\t\t\t\t<\/article>\n\t\t\t\t<\/div>\n\t\t\n\t\t\t\t\t\t<\/div>\n\t\t\t\t<\/div>\n\t\t\t\t\t<\/div>\n\t\t\t\t<\/div>\n\t\t\t\t<\/div>\n\t\t","protected":false},"excerpt":{"rendered":"<p>BLOG<\/p>\n","protected":false},"author":1,"featured_media":0,"parent":0,"menu_order":0,"comment_status":"closed","ping_status":"closed","template":"elementor_header_footer","meta":{"footnotes":""},"class_list":["post-6216","page","type-page","status-publish","hentry"],"yoast_head":"<!-- This site is optimized with the Yoast SEO plugin v27.2 - https:\/\/yoast.com\/product\/yoast-seo-wordpress\/ -->\n<title>HELL ICE COFFEE Blog \u2013 Friss h\u00edrek, k\u00e1v\u00e9tippek \u00e9s izgalmas t\u00f6rt\u00e9netek<\/title>\n<meta name=\"description\" content=\"Olvasd el a HELL ICE COFFEE blogj\u00e1t, ahol k\u00e1v\u00e9val kapcsolatos tippeket, friss h\u00edreket \u00e9s izgalmas t\u00f6rt\u00e9neteket tal\u00e1lsz. Maradj naprak\u00e9sz a leg\u00fajabb trendekkel \u00e9s k\u00e1v\u00e9\u00e9lm\u00e9nyekkel!\" \/>\n<meta name=\"robots\" content=\"index, follow, max-snippet:-1, max-image-preview:large, max-video-preview:-1\" \/>\n<link rel=\"canonical\" href=\"https:\/\/hellicecoffee.com\/hu\/blog\/\" \/>\n<meta property=\"og:locale\" content=\"hu_HU\" \/>\n<meta property=\"og:type\" content=\"article\" \/>\n<meta property=\"og:title\" content=\"HELL ICE COFFEE Blog \u2013 Friss h\u00edrek, k\u00e1v\u00e9tippek \u00e9s izgalmas t\u00f6rt\u00e9netek\" \/>\n<meta property=\"og:description\" content=\"Olvasd el a HELL ICE COFFEE blogj\u00e1t, ahol k\u00e1v\u00e9val kapcsolatos tippeket, friss h\u00edreket \u00e9s izgalmas t\u00f6rt\u00e9neteket tal\u00e1lsz. Maradj naprak\u00e9sz a leg\u00fajabb trendekkel \u00e9s k\u00e1v\u00e9\u00e9lm\u00e9nyekkel!\" \/>\n<meta property=\"og:url\" content=\"https:\/\/hellicecoffee.com\/hu\/blog\/\" \/>\n<meta property=\"og:site_name\" content=\"HELL ICE COFFEE\" \/>\n<meta property=\"article:modified_time\" content=\"2025-12-04T07:51:17+00:00\" \/>\n<meta property=\"og:image\" content=\"https:\/\/hellicecoffee.com\/wp-content\/uploads\/2024\/09\/Blog-Valodi-kaveelmeny-2.jpg\" \/>\n\t<meta property=\"og:image:width\" content=\"1920\" \/>\n\t<meta property=\"og:image:height\" content=\"1080\" \/>\n\t<meta property=\"og:image:type\" content=\"image\/jpeg\" \/>\n<meta name=\"twitter:card\" content=\"summary_large_image\" \/>\n<meta name=\"twitter:label1\" content=\"Becs\u00fclt olvas\u00e1si id\u0151\" \/>\n\t<meta name=\"twitter:data1\" content=\"2 perc\" \/>\n<script type=\"application\/ld+json\" class=\"yoast-schema-graph\">{\"@context\":\"https:\/\/schema.org\",\"@graph\":[{\"@type\":\"WebPage\",\"@id\":\"https:\/\/hellicecoffee.com\/hu\/blog\/\",\"url\":\"https:\/\/hellicecoffee.com\/hu\/blog\/\",\"name\":\"HELL ICE COFFEE Blog \u2013 Friss h\u00edrek, k\u00e1v\u00e9tippek \u00e9s izgalmas t\u00f6rt\u00e9netek\",\"isPartOf\":{\"@id\":\"https:\/\/hellicecoffee.com\/hu\/#website\"},\"datePublished\":\"2024-09-29T14:11:45+00:00\",\"dateModified\":\"2025-12-04T07:51:17+00:00\",\"description\":\"Olvasd el a HELL ICE COFFEE blogj\u00e1t, ahol k\u00e1v\u00e9val kapcsolatos tippeket, friss h\u00edreket \u00e9s izgalmas t\u00f6rt\u00e9neteket tal\u00e1lsz. Maradj naprak\u00e9sz a leg\u00fajabb trendekkel \u00e9s k\u00e1v\u00e9\u00e9lm\u00e9nyekkel!\",\"breadcrumb\":{\"@id\":\"https:\/\/hellicecoffee.com\/hu\/blog\/#breadcrumb\"},\"inLanguage\":\"hu\",\"potentialAction\":[{\"@type\":\"ReadAction\",\"target\":[\"https:\/\/hellicecoffee.com\/hu\/blog\/\"]}]},{\"@type\":\"BreadcrumbList\",\"@id\":\"https:\/\/hellicecoffee.com\/hu\/blog\/#breadcrumb\",\"itemListElement\":[{\"@type\":\"ListItem\",\"position\":1,\"name\":\"Kezd\u0151lap\",\"item\":\"https:\/\/hellicecoffee.com\/hu\/\"},{\"@type\":\"ListItem\",\"position\":2,\"name\":\"Blog\"}]},{\"@type\":\"WebSite\",\"@id\":\"https:\/\/hellicecoffee.com\/hu\/#website\",\"url\":\"https:\/\/hellicecoffee.com\/hu\/\",\"name\":\"HELL ICE COFFE\",\"description\":\"Val\u00f3di k\u00e1v\u00e9\u00e9lm\u00e9ny k\u00f6nnyed\u00e9n\",\"publisher\":{\"@id\":\"https:\/\/hellicecoffee.com\/hu\/#organization\"},\"potentialAction\":[{\"@type\":\"SearchAction\",\"target\":{\"@type\":\"EntryPoint\",\"urlTemplate\":\"https:\/\/hellicecoffee.com\/hu\/?s={search_term_string}\"},\"query-input\":{\"@type\":\"PropertyValueSpecification\",\"valueRequired\":true,\"valueName\":\"search_term_string\"}}],\"inLanguage\":\"hu\"},{\"@type\":\"Organization\",\"@id\":\"https:\/\/hellicecoffee.com\/hu\/#organization\",\"name\":\"HELL ICE COFFE\",\"url\":\"https:\/\/hellicecoffee.com\/hu\/\",\"logo\":{\"@type\":\"ImageObject\",\"inLanguage\":\"hu\",\"@id\":\"https:\/\/hellicecoffee.com\/hu\/#\/schema\/logo\/image\/\",\"url\":\"https:\/\/hellicecoffee.com\/wp-content\/uploads\/2024\/07\/Group-30-2.png\",\"contentUrl\":\"https:\/\/hellicecoffee.com\/wp-content\/uploads\/2024\/07\/Group-30-2.png\",\"width\":181,\"height\":194,\"caption\":\"HELL ICE COFFE\"},\"image\":{\"@id\":\"https:\/\/hellicecoffee.com\/hu\/#\/schema\/logo\/image\/\"}}]}<\/script>\n<!-- \/ Yoast SEO plugin. -->","yoast_head_json":{"title":"HELL ICE COFFEE Blog \u2013 Friss h\u00edrek, k\u00e1v\u00e9tippek \u00e9s izgalmas t\u00f6rt\u00e9netek","description":"Olvasd el a HELL ICE COFFEE blogj\u00e1t, ahol k\u00e1v\u00e9val kapcsolatos tippeket, friss h\u00edreket \u00e9s izgalmas t\u00f6rt\u00e9neteket tal\u00e1lsz. Maradj naprak\u00e9sz a leg\u00fajabb trendekkel \u00e9s k\u00e1v\u00e9\u00e9lm\u00e9nyekkel!","robots":{"index":"index","follow":"follow","max-snippet":"max-snippet:-1","max-image-preview":"max-image-preview:large","max-video-preview":"max-video-preview:-1"},"canonical":"https:\/\/hellicecoffee.com\/hu\/blog\/","og_locale":"hu_HU","og_type":"article","og_title":"HELL ICE COFFEE Blog \u2013 Friss h\u00edrek, k\u00e1v\u00e9tippek \u00e9s izgalmas t\u00f6rt\u00e9netek","og_description":"Olvasd el a HELL ICE COFFEE blogj\u00e1t, ahol k\u00e1v\u00e9val kapcsolatos tippeket, friss h\u00edreket \u00e9s izgalmas t\u00f6rt\u00e9neteket tal\u00e1lsz. Maradj naprak\u00e9sz a leg\u00fajabb trendekkel \u00e9s k\u00e1v\u00e9\u00e9lm\u00e9nyekkel!","og_url":"https:\/\/hellicecoffee.com\/hu\/blog\/","og_site_name":"HELL ICE COFFEE","article_modified_time":"2025-12-04T07:51:17+00:00","og_image":[{"width":1920,"height":1080,"url":"https:\/\/hellicecoffee.com\/wp-content\/uploads\/2024\/09\/Blog-Valodi-kaveelmeny-2.jpg","type":"image\/jpeg"}],"twitter_card":"summary_large_image","twitter_misc":{"Becs\u00fclt olvas\u00e1si id\u0151":"2 perc"},"schema":{"@context":"https:\/\/schema.org","@graph":[{"@type":"WebPage","@id":"https:\/\/hellicecoffee.com\/hu\/blog\/","url":"https:\/\/hellicecoffee.com\/hu\/blog\/","name":"HELL ICE COFFEE Blog \u2013 Friss h\u00edrek, k\u00e1v\u00e9tippek \u00e9s izgalmas t\u00f6rt\u00e9netek","isPartOf":{"@id":"https:\/\/hellicecoffee.com\/hu\/#website"},"datePublished":"2024-09-29T14:11:45+00:00","dateModified":"2025-12-04T07:51:17+00:00","description":"Olvasd el a HELL ICE COFFEE blogj\u00e1t, ahol k\u00e1v\u00e9val kapcsolatos tippeket, friss h\u00edreket \u00e9s izgalmas t\u00f6rt\u00e9neteket tal\u00e1lsz. Maradj naprak\u00e9sz a leg\u00fajabb trendekkel \u00e9s k\u00e1v\u00e9\u00e9lm\u00e9nyekkel!","breadcrumb":{"@id":"https:\/\/hellicecoffee.com\/hu\/blog\/#breadcrumb"},"inLanguage":"hu","potentialAction":[{"@type":"ReadAction","target":["https:\/\/hellicecoffee.com\/hu\/blog\/"]}]},{"@type":"BreadcrumbList","@id":"https:\/\/hellicecoffee.com\/hu\/blog\/#breadcrumb","itemListElement":[{"@type":"ListItem","position":1,"name":"Kezd\u0151lap","item":"https:\/\/hellicecoffee.com\/hu\/"},{"@type":"ListItem","position":2,"name":"Blog"}]},{"@type":"WebSite","@id":"https:\/\/hellicecoffee.com\/hu\/#website","url":"https:\/\/hellicecoffee.com\/hu\/","name":"HELL ICE COFFE","description":"Val\u00f3di k\u00e1v\u00e9\u00e9lm\u00e9ny k\u00f6nnyed\u00e9n","publisher":{"@id":"https:\/\/hellicecoffee.com\/hu\/#organization"},"potentialAction":[{"@type":"SearchAction","target":{"@type":"EntryPoint","urlTemplate":"https:\/\/hellicecoffee.com\/hu\/?s={search_term_string}"},"query-input":{"@type":"PropertyValueSpecification","valueRequired":true,"valueName":"search_term_string"}}],"inLanguage":"hu"},{"@type":"Organization","@id":"https:\/\/hellicecoffee.com\/hu\/#organization","name":"HELL ICE COFFE","url":"https:\/\/hellicecoffee.com\/hu\/","logo":{"@type":"ImageObject","inLanguage":"hu","@id":"https:\/\/hellicecoffee.com\/hu\/#\/schema\/logo\/image\/","url":"https:\/\/hellicecoffee.com\/wp-content\/uploads\/2024\/07\/Group-30-2.png","contentUrl":"https:\/\/hellicecoffee.com\/wp-content\/uploads\/2024\/07\/Group-30-2.png","width":181,"height":194,"caption":"HELL ICE COFFE"},"image":{"@id":"https:\/\/hellicecoffee.com\/hu\/#\/schema\/logo\/image\/"}}]}},"_links":{"self":[{"href":"https:\/\/hellicecoffee.com\/hu\/wp-json\/wp\/v2\/pages\/6216","targetHints":{"allow":["GET"]}}],"collection":[{"href":"https:\/\/hellicecoffee.com\/hu\/wp-json\/wp\/v2\/pages"}],"about":[{"href":"https:\/\/hellicecoffee.com\/hu\/wp-json\/wp\/v2\/types\/page"}],"author":[{"embeddable":true,"href":"https:\/\/hellicecoffee.com\/hu\/wp-json\/wp\/v2\/users\/1"}],"replies":[{"embeddable":true,"href":"https:\/\/hellicecoffee.com\/hu\/wp-json\/wp\/v2\/comments?post=6216"}],"version-history":[{"count":19,"href":"https:\/\/hellicecoffee.com\/hu\/wp-json\/wp\/v2\/pages\/6216\/revisions"}],"predecessor-version":[{"id":17267,"href":"https:\/\/hellicecoffee.com\/hu\/wp-json\/wp\/v2\/pages\/6216\/revisions\/17267"}],"wp:attachment":[{"href":"https:\/\/hellicecoffee.com\/hu\/wp-json\/wp\/v2\/media?parent=6216"}],"curies":[{"name":"wp","href":"https:\/\/api.w.org\/{rel}","templated":true}]}}