{"id":8631,"date":"2024-10-18T12:17:11","date_gmt":"2024-10-18T10:17:11","guid":{"rendered":"https:\/\/hellicecoffee.com\/?page_id=8631"},"modified":"2025-01-28T14:54:16","modified_gmt":"2025-01-28T13:54:16","slug":"coffee-factory","status":"publish","type":"page","link":"https:\/\/hellicecoffee.com\/hu\/coffee-factory\/","title":{"rendered":"Coffee Factory"},"content":{"rendered":"\t\t<div data-elementor-type=\"wp-page\" data-elementor-id=\"8631\" class=\"elementor elementor-8631\" data-elementor-post-type=\"page\">\n\t\t\t\t<div class=\"elementor-element elementor-element-7a38388 e-flex e-con-boxed e-con e-parent\" data-id=\"7a38388\" data-element_type=\"container\" data-e-type=\"container\" data-settings=\"{&quot;background_background&quot;:&quot;classic&quot;}\">\n\t\t\t\t\t<div class=\"e-con-inner\">\n\t\t\t\t<div class=\"elementor-element elementor-element-238d472 elementor-widget elementor-widget-theme-post-title elementor-page-title elementor-widget-heading\" data-id=\"238d472\" data-element_type=\"widget\" data-e-type=\"widget\" data-widget_type=\"theme-post-title.default\">\n\t\t\t\t<div class=\"elementor-widget-container\">\n\t\t\t\t\t<h1 class=\"elementor-heading-title elementor-size-default\">Coffee Factory<\/h1>\t\t\t\t<\/div>\n\t\t\t\t<\/div>\n\t\t\t\t\t<\/div>\n\t\t\t\t<\/div>\n\t\t<div class=\"elementor-element elementor-element-5c1a81e e-flex e-con-boxed e-con e-parent\" data-id=\"5c1a81e\" data-element_type=\"container\" data-e-type=\"container\" data-settings=\"{&quot;background_background&quot;:&quot;classic&quot;}\">\n\t\t\t\t\t<div class=\"e-con-inner\">\n\t\t<div class=\"elementor-element elementor-element-c204abf e-con-full e-flex e-con e-child\" data-id=\"c204abf\" data-element_type=\"container\" data-e-type=\"container\">\n\t\t\t\t<div class=\"elementor-element elementor-element-cc0e44c elementor-widget elementor-widget-heading\" data-id=\"cc0e44c\" data-element_type=\"widget\" data-e-type=\"widget\" data-widget_type=\"heading.default\">\n\t\t\t\t<div class=\"elementor-widget-container\">\n\t\t\t\t\t<h2 class=\"elementor-heading-title elementor-size-default\">COFFEE FACTORY<\/h2>\t\t\t\t<\/div>\n\t\t\t\t<\/div>\n\t\t\t\t<div class=\"elementor-element elementor-element-d93e303 elementor-widget elementor-widget-text-editor\" data-id=\"d93e303\" data-element_type=\"widget\" data-e-type=\"widget\" data-widget_type=\"text-editor.default\">\n\t\t\t\t<div class=\"elementor-widget-container\">\n\t\t\t\t\t\t\t\t\t<h2><strong>GY\u00c1R<\/strong><\/h2><p>A HELL gy\u00e1ra a vil\u00e1g legnagyobb \u00f3ri\u00e1s\u00e1v\u00e1 n\u0151tte ki mag\u00e1t. Ez azt jelenti, hogy az egyazon tulajdonossal rendelkez\u0151, hazai v\u00e1llalatcsoport \u00fczemelteti a vil\u00e1g legnagyobb modern \u00f3ri\u00e1sgy\u00e1r\u00e1t, amely alum\u00ednium italos dobozokat gy\u00e1rt \u00e9s t\u00f6lt egy helysz\u00ednen. Az \u00faj gy\u00e1rr\u00e9sz\u00fcnk \u00e1tad\u00e1sa ut\u00e1n a komplexumunk m\u00e1r 83 hekt\u00e1ros, azaz 830.000 n\u00e9gyzetm\u00e9teres ter\u00fcleten helyezkedik el.<\/p><p>A megn\u00f6vekedett gy\u00e1rt\u00e1si kapacit\u00e1snak k\u00f6sz\u00f6nhet\u0151en, \u00e9vente ak\u00e1r 4 milli\u00e1rd italos dobozt \u00e9s 6 milli\u00e1rd darab t\u00f6lt\u00f6tt k\u00e9szterm\u00e9ket tudunk el\u0151\u00e1ll\u00edtani. A HELL leg\u00fajabb m\u00e9rf\u00f6ldk\u00f6v\u00e9t 2024. m\u00e1jus 24-\u00e9n \u00e9rte el, amikor is megnyitotta a legkorszer\u0171bb technol\u00f3gi\u00e1val felszerelt \u00faj gy\u00e1regys\u00e9g\u00e9t Sziksz\u00f3n, az ipari parkj\u00e1ban. Az \u00faj egys\u00e9g\u00fcnk \u00e1tad\u00e1s\u00e1val gy\u00e1rkomplexumunk tov\u00e1bb b\u0151v\u00fclt, \u00edgy \u00e9vente ak\u00e1r 10 milli\u00e1rd italos dobozt is k\u00e9pesek vagyunk kezelni, ebb\u0151l 4 milli\u00e1rd dobozt \u00e9s 6 milli\u00e1rd darab t\u00f6lt\u00f6tt k\u00e9szterm\u00e9ket tudunk el\u0151\u00e1ll\u00edtani. Ez azt jelenti, hogy naponta ak\u00e1r 31 milli\u00f3 alum\u00edniumdobozt tudunk mozgatni, ebb\u0151l 13 milli\u00f3t gy\u00e1rtani \u00e9s 18 milli\u00f3t t\u00f6lteni. R\u00e1ad\u00e1sul az \u00fajonnan \u00e1tadott gy\u00e1rkomplexumunk mostant\u00f3l alkalmas az 500 ml-es alum\u00edniumdobozok gy\u00e1rt\u00e1s\u00e1ra is, amely tov\u00e1bb b\u0151v\u00edti az \u00edgy is sz\u00e9les term\u00e9kv\u00e1laszt\u00e9kunkat.<\/p><p>A gy\u00e1rkomplexumunkban alum\u00edniumdobozos tejalap\u00fa italok gy\u00e1rt\u00e1sa is zajlik, \u00e9s ehhez az egyik legmodernebb technol\u00f3gia \u00e1ll rendelkez\u00e9s\u00fcnkre. Ez a 11.880 n\u00e9gyzetm\u00e9teres gy\u00e1regys\u00e9g\u00fcnk \u00f3r\u00e1nk\u00e9nt ak\u00e1r 50.000 doboz pr\u00e9mium jegesk\u00e1v\u00e9 el\u0151\u00e1ll\u00edt\u00e1s\u00e1ra is k\u00e9pes, kiz\u00e1r\u00f3lag magyar termel\u0151kt\u0151l sz\u00e1rmaz\u00f3 tej felhaszn\u00e1l\u00e1s\u00e1val. \u00c9vente ak\u00e1r 300 milli\u00f3 doboz jegesk\u00e1v\u00e9 megt\u00f6lt\u00e9s\u00e9re is alkalmas az \u00fczem\u00fcnk, amelynek kialak\u00edt\u00e1sa spanyol, holland \u00e9s n\u00e9met technol\u00f3giai partnerekkel egy\u00fcttm\u0171k\u00f6dve val\u00f3sult meg.<\/p>\t\t\t\t\t\t\t\t<\/div>\n\t\t\t\t<\/div>\n\t\t\t\t<div class=\"elementor-element elementor-element-b2e2430 elementor-widget elementor-widget-image\" data-id=\"b2e2430\" data-element_type=\"widget\" data-e-type=\"widget\" data-widget_type=\"image.default\">\n\t\t\t\t<div class=\"elementor-widget-container\">\n\t\t\t\t\t\t\t\t\t\t\t\t\t\t\t<img fetchpriority=\"high\" decoding=\"async\" width=\"1536\" height=\"915\" src=\"https:\/\/hellicecoffee.com\/wp-content\/uploads\/2024\/10\/HELL-Gyar-44-fuves-1-1536x915.webp\" class=\"attachment-1536x1536 size-1536x1536 wp-image-8638\" alt=\"\" srcset=\"https:\/\/hellicecoffee.com\/wp-content\/uploads\/2024\/10\/HELL-Gyar-44-fuves-1-1536x915.webp 1536w, https:\/\/hellicecoffee.com\/wp-content\/uploads\/2024\/10\/HELL-Gyar-44-fuves-1-300x179.webp 300w, https:\/\/hellicecoffee.com\/wp-content\/uploads\/2024\/10\/HELL-Gyar-44-fuves-1-1024x610.webp 1024w, https:\/\/hellicecoffee.com\/wp-content\/uploads\/2024\/10\/HELL-Gyar-44-fuves-1-768x457.webp 768w, https:\/\/hellicecoffee.com\/wp-content\/uploads\/2024\/10\/HELL-Gyar-44-fuves-1.webp 1748w\" sizes=\"(max-width: 1536px) 100vw, 1536px\" \/>\t\t\t\t\t\t\t\t\t\t\t\t\t\t\t<\/div>\n\t\t\t\t<\/div>\n\t\t\t\t<\/div>\n\t\t\t\t\t<\/div>\n\t\t\t\t<\/div>\n\t\t\t\t<\/div>\n\t\t","protected":false},"excerpt":{"rendered":"<p>COFFEE FACTORY GY\u00c1R A HELL gy\u00e1ra a vil\u00e1g legnagyobb \u00f3ri\u00e1s\u00e1v\u00e1 n\u0151tte ki mag\u00e1t. Ez azt jelenti, hogy az egyazon tulajdonossal rendelkez\u0151, hazai v\u00e1llalatcsoport \u00fczemelteti a vil\u00e1g legnagyobb modern \u00f3ri\u00e1sgy\u00e1r\u00e1t, amely alum\u00ednium italos dobozokat gy\u00e1rt \u00e9s t\u00f6lt egy helysz\u00ednen. Az \u00faj gy\u00e1rr\u00e9sz\u00fcnk \u00e1tad\u00e1sa ut\u00e1n a komplexumunk m\u00e1r 83 hekt\u00e1ros, azaz 830.000 n\u00e9gyzetm\u00e9teres ter\u00fcleten helyezkedik el. A [&hellip;]<\/p>\n","protected":false},"author":1,"featured_media":8653,"parent":0,"menu_order":0,"comment_status":"closed","ping_status":"closed","template":"elementor_header_footer","meta":{"footnotes":""},"class_list":["post-8631","page","type-page","status-publish","has-post-thumbnail","hentry"],"yoast_head":"<!-- This site is optimized with the Yoast SEO plugin v27.2 - https:\/\/yoast.com\/product\/yoast-seo-wordpress\/ -->\n<title>HELL ICE COFFEE Gy\u00e1r \u2013 Az egyik Legmodernebb K\u00e1v\u00e9italgy\u00e1r Magyarorsz\u00e1gon<\/title>\n<meta name=\"description\" content=\"Fedezd fel a HELL ICE COFFEE gy\u00e1r\u00e1nak leg\u00fajabb fejleszt\u00e9seit! Ismerd meg a vil\u00e1g egyik legnagyobb modern k\u00e1v\u00e9italgy\u00e1rt\u00f3 \u00fczem\u00e9t.\" \/>\n<meta name=\"robots\" content=\"index, follow, max-snippet:-1, max-image-preview:large, max-video-preview:-1\" \/>\n<link rel=\"canonical\" href=\"https:\/\/hellicecoffee.com\/hu\/coffee-factory\/\" \/>\n<meta property=\"og:locale\" content=\"hu_HU\" \/>\n<meta property=\"og:type\" content=\"article\" \/>\n<meta property=\"og:title\" content=\"HELL ICE COFFEE Gy\u00e1r \u2013 Az egyik Legmodernebb K\u00e1v\u00e9italgy\u00e1rt\u00e1s Magyarorsz\u00e1gon\" \/>\n<meta property=\"og:description\" content=\"Fedezd fel a HELL ICE COFFEE gy\u00e1r\u00e1nak leg\u00fajabb fejleszt\u00e9seit! Ismerd meg a vil\u00e1g egyik legnagyobb modern k\u00e1v\u00e9italgy\u00e1rt\u00f3 \u00fczem\u00e9t\" \/>\n<meta property=\"og:url\" content=\"https:\/\/hellicecoffee.com\/hu\/coffee-factory\/\" \/>\n<meta property=\"og:site_name\" content=\"HELL ICE COFFEE\" \/>\n<meta property=\"article:modified_time\" content=\"2025-01-28T13:54:16+00:00\" \/>\n<meta property=\"og:image\" content=\"https:\/\/hellicecoffee.com\/wp-content\/uploads\/2024\/10\/Kep-17.webp\" \/>\n\t<meta property=\"og:image:width\" content=\"1920\" \/>\n\t<meta property=\"og:image:height\" content=\"800\" \/>\n\t<meta property=\"og:image:type\" content=\"image\/webp\" \/>\n<meta name=\"twitter:card\" content=\"summary_large_image\" \/>\n<meta name=\"twitter:label1\" content=\"Becs\u00fclt olvas\u00e1si id\u0151\" \/>\n\t<meta name=\"twitter:data1\" content=\"2 perc\" \/>\n<script type=\"application\/ld+json\" class=\"yoast-schema-graph\">{\"@context\":\"https:\/\/schema.org\",\"@graph\":[{\"@type\":\"WebPage\",\"@id\":\"https:\/\/hellicecoffee.com\/hu\/coffee-factory\/\",\"url\":\"https:\/\/hellicecoffee.com\/hu\/coffee-factory\/\",\"name\":\"HELL ICE COFFEE Gy\u00e1r \u2013 Az egyik Legmodernebb K\u00e1v\u00e9italgy\u00e1r Magyarorsz\u00e1gon\",\"isPartOf\":{\"@id\":\"https:\/\/hellicecoffee.com\/hu\/#website\"},\"primaryImageOfPage\":{\"@id\":\"https:\/\/hellicecoffee.com\/hu\/coffee-factory\/#primaryimage\"},\"image\":{\"@id\":\"https:\/\/hellicecoffee.com\/hu\/coffee-factory\/#primaryimage\"},\"thumbnailUrl\":\"https:\/\/hellicecoffee.com\/wp-content\/uploads\/2024\/10\/Kep-17.webp\",\"datePublished\":\"2024-10-18T10:17:11+00:00\",\"dateModified\":\"2025-01-28T13:54:16+00:00\",\"description\":\"Fedezd fel a HELL ICE COFFEE gy\u00e1r\u00e1nak leg\u00fajabb fejleszt\u00e9seit! Ismerd meg a vil\u00e1g egyik legnagyobb modern k\u00e1v\u00e9italgy\u00e1rt\u00f3 \u00fczem\u00e9t.\",\"breadcrumb\":{\"@id\":\"https:\/\/hellicecoffee.com\/hu\/coffee-factory\/#breadcrumb\"},\"inLanguage\":\"hu\",\"potentialAction\":[{\"@type\":\"ReadAction\",\"target\":[\"https:\/\/hellicecoffee.com\/hu\/coffee-factory\/\"]}]},{\"@type\":\"ImageObject\",\"inLanguage\":\"hu\",\"@id\":\"https:\/\/hellicecoffee.com\/hu\/coffee-factory\/#primaryimage\",\"url\":\"https:\/\/hellicecoffee.com\/wp-content\/uploads\/2024\/10\/Kep-17.webp\",\"contentUrl\":\"https:\/\/hellicecoffee.com\/wp-content\/uploads\/2024\/10\/Kep-17.webp\",\"width\":1920,\"height\":800},{\"@type\":\"BreadcrumbList\",\"@id\":\"https:\/\/hellicecoffee.com\/hu\/coffee-factory\/#breadcrumb\",\"itemListElement\":[{\"@type\":\"ListItem\",\"position\":1,\"name\":\"Kezd\u0151lap\",\"item\":\"https:\/\/hellicecoffee.com\/hu\/\"},{\"@type\":\"ListItem\",\"position\":2,\"name\":\"Coffee Factory\"}]},{\"@type\":\"WebSite\",\"@id\":\"https:\/\/hellicecoffee.com\/hu\/#website\",\"url\":\"https:\/\/hellicecoffee.com\/hu\/\",\"name\":\"HELL ICE COFFE\",\"description\":\"Val\u00f3di k\u00e1v\u00e9\u00e9lm\u00e9ny k\u00f6nnyed\u00e9n\",\"publisher\":{\"@id\":\"https:\/\/hellicecoffee.com\/hu\/#organization\"},\"potentialAction\":[{\"@type\":\"SearchAction\",\"target\":{\"@type\":\"EntryPoint\",\"urlTemplate\":\"https:\/\/hellicecoffee.com\/hu\/?s={search_term_string}\"},\"query-input\":{\"@type\":\"PropertyValueSpecification\",\"valueRequired\":true,\"valueName\":\"search_term_string\"}}],\"inLanguage\":\"hu\"},{\"@type\":\"Organization\",\"@id\":\"https:\/\/hellicecoffee.com\/hu\/#organization\",\"name\":\"HELL ICE COFFE\",\"url\":\"https:\/\/hellicecoffee.com\/hu\/\",\"logo\":{\"@type\":\"ImageObject\",\"inLanguage\":\"hu\",\"@id\":\"https:\/\/hellicecoffee.com\/hu\/#\/schema\/logo\/image\/\",\"url\":\"https:\/\/hellicecoffee.com\/wp-content\/uploads\/2024\/07\/Group-30-2.png\",\"contentUrl\":\"https:\/\/hellicecoffee.com\/wp-content\/uploads\/2024\/07\/Group-30-2.png\",\"width\":181,\"height\":194,\"caption\":\"HELL ICE COFFE\"},\"image\":{\"@id\":\"https:\/\/hellicecoffee.com\/hu\/#\/schema\/logo\/image\/\"}}]}<\/script>\n<!-- \/ Yoast SEO plugin. -->","yoast_head_json":{"title":"HELL ICE COFFEE Gy\u00e1r \u2013 Az egyik Legmodernebb K\u00e1v\u00e9italgy\u00e1r Magyarorsz\u00e1gon","description":"Fedezd fel a HELL ICE COFFEE gy\u00e1r\u00e1nak leg\u00fajabb fejleszt\u00e9seit! Ismerd meg a vil\u00e1g egyik legnagyobb modern k\u00e1v\u00e9italgy\u00e1rt\u00f3 \u00fczem\u00e9t.","robots":{"index":"index","follow":"follow","max-snippet":"max-snippet:-1","max-image-preview":"max-image-preview:large","max-video-preview":"max-video-preview:-1"},"canonical":"https:\/\/hellicecoffee.com\/hu\/coffee-factory\/","og_locale":"hu_HU","og_type":"article","og_title":"HELL ICE COFFEE Gy\u00e1r \u2013 Az egyik Legmodernebb K\u00e1v\u00e9italgy\u00e1rt\u00e1s Magyarorsz\u00e1gon","og_description":"Fedezd fel a HELL ICE COFFEE gy\u00e1r\u00e1nak leg\u00fajabb fejleszt\u00e9seit! Ismerd meg a vil\u00e1g egyik legnagyobb modern k\u00e1v\u00e9italgy\u00e1rt\u00f3 \u00fczem\u00e9t","og_url":"https:\/\/hellicecoffee.com\/hu\/coffee-factory\/","og_site_name":"HELL ICE COFFEE","article_modified_time":"2025-01-28T13:54:16+00:00","og_image":[{"width":1920,"height":800,"url":"https:\/\/hellicecoffee.com\/wp-content\/uploads\/2024\/10\/Kep-17.webp","type":"image\/webp"}],"twitter_card":"summary_large_image","twitter_misc":{"Becs\u00fclt olvas\u00e1si id\u0151":"2 perc"},"schema":{"@context":"https:\/\/schema.org","@graph":[{"@type":"WebPage","@id":"https:\/\/hellicecoffee.com\/hu\/coffee-factory\/","url":"https:\/\/hellicecoffee.com\/hu\/coffee-factory\/","name":"HELL ICE COFFEE Gy\u00e1r \u2013 Az egyik Legmodernebb K\u00e1v\u00e9italgy\u00e1r Magyarorsz\u00e1gon","isPartOf":{"@id":"https:\/\/hellicecoffee.com\/hu\/#website"},"primaryImageOfPage":{"@id":"https:\/\/hellicecoffee.com\/hu\/coffee-factory\/#primaryimage"},"image":{"@id":"https:\/\/hellicecoffee.com\/hu\/coffee-factory\/#primaryimage"},"thumbnailUrl":"https:\/\/hellicecoffee.com\/wp-content\/uploads\/2024\/10\/Kep-17.webp","datePublished":"2024-10-18T10:17:11+00:00","dateModified":"2025-01-28T13:54:16+00:00","description":"Fedezd fel a HELL ICE COFFEE gy\u00e1r\u00e1nak leg\u00fajabb fejleszt\u00e9seit! Ismerd meg a vil\u00e1g egyik legnagyobb modern k\u00e1v\u00e9italgy\u00e1rt\u00f3 \u00fczem\u00e9t.","breadcrumb":{"@id":"https:\/\/hellicecoffee.com\/hu\/coffee-factory\/#breadcrumb"},"inLanguage":"hu","potentialAction":[{"@type":"ReadAction","target":["https:\/\/hellicecoffee.com\/hu\/coffee-factory\/"]}]},{"@type":"ImageObject","inLanguage":"hu","@id":"https:\/\/hellicecoffee.com\/hu\/coffee-factory\/#primaryimage","url":"https:\/\/hellicecoffee.com\/wp-content\/uploads\/2024\/10\/Kep-17.webp","contentUrl":"https:\/\/hellicecoffee.com\/wp-content\/uploads\/2024\/10\/Kep-17.webp","width":1920,"height":800},{"@type":"BreadcrumbList","@id":"https:\/\/hellicecoffee.com\/hu\/coffee-factory\/#breadcrumb","itemListElement":[{"@type":"ListItem","position":1,"name":"Kezd\u0151lap","item":"https:\/\/hellicecoffee.com\/hu\/"},{"@type":"ListItem","position":2,"name":"Coffee Factory"}]},{"@type":"WebSite","@id":"https:\/\/hellicecoffee.com\/hu\/#website","url":"https:\/\/hellicecoffee.com\/hu\/","name":"HELL ICE COFFE","description":"Val\u00f3di k\u00e1v\u00e9\u00e9lm\u00e9ny k\u00f6nnyed\u00e9n","publisher":{"@id":"https:\/\/hellicecoffee.com\/hu\/#organization"},"potentialAction":[{"@type":"SearchAction","target":{"@type":"EntryPoint","urlTemplate":"https:\/\/hellicecoffee.com\/hu\/?s={search_term_string}"},"query-input":{"@type":"PropertyValueSpecification","valueRequired":true,"valueName":"search_term_string"}}],"inLanguage":"hu"},{"@type":"Organization","@id":"https:\/\/hellicecoffee.com\/hu\/#organization","name":"HELL ICE COFFE","url":"https:\/\/hellicecoffee.com\/hu\/","logo":{"@type":"ImageObject","inLanguage":"hu","@id":"https:\/\/hellicecoffee.com\/hu\/#\/schema\/logo\/image\/","url":"https:\/\/hellicecoffee.com\/wp-content\/uploads\/2024\/07\/Group-30-2.png","contentUrl":"https:\/\/hellicecoffee.com\/wp-content\/uploads\/2024\/07\/Group-30-2.png","width":181,"height":194,"caption":"HELL ICE COFFE"},"image":{"@id":"https:\/\/hellicecoffee.com\/hu\/#\/schema\/logo\/image\/"}}]}},"_links":{"self":[{"href":"https:\/\/hellicecoffee.com\/hu\/wp-json\/wp\/v2\/pages\/8631","targetHints":{"allow":["GET"]}}],"collection":[{"href":"https:\/\/hellicecoffee.com\/hu\/wp-json\/wp\/v2\/pages"}],"about":[{"href":"https:\/\/hellicecoffee.com\/hu\/wp-json\/wp\/v2\/types\/page"}],"author":[{"embeddable":true,"href":"https:\/\/hellicecoffee.com\/hu\/wp-json\/wp\/v2\/users\/1"}],"replies":[{"embeddable":true,"href":"https:\/\/hellicecoffee.com\/hu\/wp-json\/wp\/v2\/comments?post=8631"}],"version-history":[{"count":49,"href":"https:\/\/hellicecoffee.com\/hu\/wp-json\/wp\/v2\/pages\/8631\/revisions"}],"predecessor-version":[{"id":8745,"href":"https:\/\/hellicecoffee.com\/hu\/wp-json\/wp\/v2\/pages\/8631\/revisions\/8745"}],"wp:featuredmedia":[{"embeddable":true,"href":"https:\/\/hellicecoffee.com\/hu\/wp-json\/wp\/v2\/media\/8653"}],"wp:attachment":[{"href":"https:\/\/hellicecoffee.com\/hu\/wp-json\/wp\/v2\/media?parent=8631"}],"curies":[{"name":"wp","href":"https:\/\/api.w.org\/{rel}","templated":true}]}}