{"id":17856,"date":"2024-09-29T16:11:45","date_gmt":"2024-09-29T14:11:45","guid":{"rendered":"https:\/\/hellicecoffee.com\/blog\/"},"modified":"2026-02-17T11:38:30","modified_gmt":"2026-02-17T10:38:30","slug":"blog","status":"publish","type":"page","link":"https:\/\/hellicecoffee.com\/md\/blog\/","title":{"rendered":"Blog"},"content":{"rendered":"\t\t<div data-elementor-type=\"wp-page\" data-elementor-id=\"17856\" class=\"elementor elementor-17856 elementor-17416\" data-elementor-post-type=\"page\">\n\t\t\t\t<div class=\"elementor-element elementor-element-c6630cf e-flex e-con-boxed e-con e-parent\" data-id=\"c6630cf\" data-element_type=\"container\" data-e-type=\"container\">\n\t\t\t\t\t<div class=\"e-con-inner\">\n\t\t\t\t<div class=\"elementor-element elementor-element-4290930 elementor-widget elementor-widget-heading\" data-id=\"4290930\" data-element_type=\"widget\" data-e-type=\"widget\" data-widget_type=\"heading.default\">\n\t\t\t\t<div class=\"elementor-widget-container\">\n\t\t\t\t\t<h1 class=\"elementor-heading-title elementor-size-default\">BLOG<\/h1>\t\t\t\t<\/div>\n\t\t\t\t<\/div>\n\t\t\t\t\t<\/div>\n\t\t\t\t<\/div>\n\t\t<div class=\"elementor-element elementor-element-bd68303 e-flex e-con-boxed e-con e-parent\" data-id=\"bd68303\" data-element_type=\"container\" data-e-type=\"container\">\n\t\t\t\t\t<div class=\"e-con-inner\">\n\t\t\t\t<div class=\"elementor-element elementor-element-0ef6f99 elementor-posts--align-left elementor-grid-3 elementor-grid-tablet-2 elementor-grid-mobile-1 elementor-posts--thumbnail-top elementor-widget elementor-widget-posts\" data-id=\"0ef6f99\" data-element_type=\"widget\" data-e-type=\"widget\" data-settings=\"{&quot;classic_columns&quot;:&quot;3&quot;,&quot;classic_columns_tablet&quot;:&quot;2&quot;,&quot;classic_columns_mobile&quot;:&quot;1&quot;,&quot;classic_row_gap&quot;:{&quot;unit&quot;:&quot;px&quot;,&quot;size&quot;:35,&quot;sizes&quot;:[]},&quot;classic_row_gap_tablet&quot;:{&quot;unit&quot;:&quot;px&quot;,&quot;size&quot;:&quot;&quot;,&quot;sizes&quot;:[]},&quot;classic_row_gap_mobile&quot;:{&quot;unit&quot;:&quot;px&quot;,&quot;size&quot;:&quot;&quot;,&quot;sizes&quot;:[]}}\" data-widget_type=\"posts.classic\">\n\t\t\t\t<div class=\"elementor-widget-container\">\n\t\t\t\t\t\t\t<div class=\"elementor-posts-container elementor-posts elementor-posts--skin-classic elementor-grid\" role=\"list\">\n\t\t\t\t<article class=\"elementor-post elementor-grid-item post-17930 post type-post status-publish format-standard has-post-thumbnail hentry category-blog\" role=\"listitem\">\n\t\t\t\t<a class=\"elementor-post__thumbnail__link\" href=\"https:\/\/hellicecoffee.com\/md\/blog\/descopera-noul-hell-ice-coffee-pistachio\/\" tabindex=\"-1\" >\n\t\t\t<div class=\"elementor-post__thumbnail\"><img fetchpriority=\"high\" decoding=\"async\" width=\"800\" height=\"450\" src=\"https:\/\/hellicecoffee.com\/wp-content\/uploads\/2025\/12\/HI2500000142_pisztacia_weboldal_kep-1024x576.jpg\" class=\"attachment-large size-large wp-image-17931\" alt=\"\" srcset=\"https:\/\/hellicecoffee.com\/wp-content\/uploads\/2025\/12\/HI2500000142_pisztacia_weboldal_kep-1024x576.jpg 1024w, https:\/\/hellicecoffee.com\/wp-content\/uploads\/2025\/12\/HI2500000142_pisztacia_weboldal_kep-300x169.jpg 300w, https:\/\/hellicecoffee.com\/wp-content\/uploads\/2025\/12\/HI2500000142_pisztacia_weboldal_kep-768x432.jpg 768w, https:\/\/hellicecoffee.com\/wp-content\/uploads\/2025\/12\/HI2500000142_pisztacia_weboldal_kep-1536x864.jpg 1536w, https:\/\/hellicecoffee.com\/wp-content\/uploads\/2025\/12\/HI2500000142_pisztacia_weboldal_kep.jpg 1920w\" sizes=\"(max-width: 800px) 100vw, 800px\" \/><\/div>\n\t\t<\/a>\n\t\t\t\t<div class=\"elementor-post__text\">\n\t\t\t\t<h2 class=\"elementor-post__title\">\n\t\t\t<a href=\"https:\/\/hellicecoffee.com\/md\/blog\/descopera-noul-hell-ice-coffee-pistachio\/\" >\n\t\t\t\tDescoper\u0103 noul HELL ICE COFFEE Pistachio!\t\t\t<\/a>\n\t\t<\/h2>\n\t\t\t\t\t<div class=\"elementor-post__read-more-wrapper\">\n\t\t\n\t\t<a class=\"elementor-post__read-more\" href=\"https:\/\/hellicecoffee.com\/md\/blog\/descopera-noul-hell-ice-coffee-pistachio\/\" aria-label=\"Read more about Descoper\u0103 noul HELL ICE COFFEE Pistachio!\" tabindex=\"-1\" >\n\t\t\tCite\u0219te mai mult\t\t<\/a>\n\n\t\t\t\t\t<\/div>\n\t\t\t\t<\/div>\n\t\t\t\t<\/article>\n\t\t\t\t<article class=\"elementor-post elementor-grid-item post-17935 post type-post status-publish format-standard has-post-thumbnail hentry category-blog\" role=\"listitem\">\n\t\t\t\t<a class=\"elementor-post__thumbnail__link\" href=\"https:\/\/hellicecoffee.com\/md\/blog\/hell-surprinde-din-nou-un-nou-superstar-se-alatura-brandului\/\" tabindex=\"-1\" >\n\t\t\t<div class=\"elementor-post__thumbnail\"><img decoding=\"async\" width=\"800\" height=\"450\" src=\"https:\/\/hellicecoffee.com\/wp-content\/uploads\/2025\/02\/HI2500000004_HU_HIC_weboldal_fooldali_MF_banner_3000x1687px-1024x576.jpg\" class=\"attachment-large size-large wp-image-17936\" alt=\"\" srcset=\"https:\/\/hellicecoffee.com\/wp-content\/uploads\/2025\/02\/HI2500000004_HU_HIC_weboldal_fooldali_MF_banner_3000x1687px-1024x576.jpg 1024w, https:\/\/hellicecoffee.com\/wp-content\/uploads\/2025\/02\/HI2500000004_HU_HIC_weboldal_fooldali_MF_banner_3000x1687px-300x169.jpg 300w, https:\/\/hellicecoffee.com\/wp-content\/uploads\/2025\/02\/HI2500000004_HU_HIC_weboldal_fooldali_MF_banner_3000x1687px-768x432.jpg 768w, https:\/\/hellicecoffee.com\/wp-content\/uploads\/2025\/02\/HI2500000004_HU_HIC_weboldal_fooldali_MF_banner_3000x1687px-1536x864.jpg 1536w, https:\/\/hellicecoffee.com\/wp-content\/uploads\/2025\/02\/HI2500000004_HU_HIC_weboldal_fooldali_MF_banner_3000x1687px-2048x1152.jpg 2048w\" sizes=\"(max-width: 800px) 100vw, 800px\" \/><\/div>\n\t\t<\/a>\n\t\t\t\t<div class=\"elementor-post__text\">\n\t\t\t\t<h2 class=\"elementor-post__title\">\n\t\t\t<a href=\"https:\/\/hellicecoffee.com\/md\/blog\/hell-surprinde-din-nou-un-nou-superstar-se-alatura-brandului\/\" >\n\t\t\t\tHELL SURPRINDE DIN NOU! UN NOU SUPERSTAR SE AL\u0102TUR\u0102 BRANDULUI\t\t\t<\/a>\n\t\t<\/h2>\n\t\t\t\t\t<div class=\"elementor-post__read-more-wrapper\">\n\t\t\n\t\t<a class=\"elementor-post__read-more\" href=\"https:\/\/hellicecoffee.com\/md\/blog\/hell-surprinde-din-nou-un-nou-superstar-se-alatura-brandului\/\" aria-label=\"Read more about HELL SURPRINDE DIN NOU! UN NOU SUPERSTAR SE AL\u0102TUR\u0102 BRANDULUI\" tabindex=\"-1\" >\n\t\t\tCite\u0219te mai mult\t\t<\/a>\n\n\t\t\t\t\t<\/div>\n\t\t\t\t<\/div>\n\t\t\t\t<\/article>\n\t\t\t\t<article class=\"elementor-post elementor-grid-item post-17938 post type-post status-publish format-standard has-post-thumbnail hentry category-blog\" role=\"listitem\">\n\t\t\t\t<a class=\"elementor-post__thumbnail__link\" href=\"https:\/\/hellicecoffee.com\/md\/blog\/o-experienta-veritabila-a-cafelei-cu-hell-ice-coffee\/\" tabindex=\"-1\" >\n\t\t\t<div class=\"elementor-post__thumbnail\"><img decoding=\"async\" width=\"800\" height=\"450\" src=\"https:\/\/hellicecoffee.com\/wp-content\/uploads\/2024\/09\/Blog-Valodi-kaveelmeny-1024x576.jpg\" class=\"attachment-large size-large wp-image-17939\" alt=\"\" srcset=\"https:\/\/hellicecoffee.com\/wp-content\/uploads\/2024\/09\/Blog-Valodi-kaveelmeny-1024x576.jpg 1024w, https:\/\/hellicecoffee.com\/wp-content\/uploads\/2024\/09\/Blog-Valodi-kaveelmeny-300x169.jpg 300w, https:\/\/hellicecoffee.com\/wp-content\/uploads\/2024\/09\/Blog-Valodi-kaveelmeny-768x432.jpg 768w, https:\/\/hellicecoffee.com\/wp-content\/uploads\/2024\/09\/Blog-Valodi-kaveelmeny-1536x864.jpg 1536w, https:\/\/hellicecoffee.com\/wp-content\/uploads\/2024\/09\/Blog-Valodi-kaveelmeny.jpg 1920w\" sizes=\"(max-width: 800px) 100vw, 800px\" \/><\/div>\n\t\t<\/a>\n\t\t\t\t<div class=\"elementor-post__text\">\n\t\t\t\t<h2 class=\"elementor-post__title\">\n\t\t\t<a href=\"https:\/\/hellicecoffee.com\/md\/blog\/o-experienta-veritabila-a-cafelei-cu-hell-ice-coffee\/\" >\n\t\t\t\tO experien\u021b\u0103 veritabil\u0103 a cafelei cu HELL ICE COFFEE\t\t\t<\/a>\n\t\t<\/h2>\n\t\t\t\t\t<div class=\"elementor-post__read-more-wrapper\">\n\t\t\n\t\t<a class=\"elementor-post__read-more\" href=\"https:\/\/hellicecoffee.com\/md\/blog\/o-experienta-veritabila-a-cafelei-cu-hell-ice-coffee\/\" aria-label=\"Read more about O experien\u021b\u0103 veritabil\u0103 a cafelei cu HELL ICE COFFEE\" tabindex=\"-1\" >\n\t\t\tCite\u0219te mai mult\t\t<\/a>\n\n\t\t\t\t\t<\/div>\n\t\t\t\t<\/div>\n\t\t\t\t<\/article>\n\t\t\t\t<\/div>\n\t\t\n\t\t\t\t\t\t<\/div>\n\t\t\t\t<\/div>\n\t\t\t\t\t<\/div>\n\t\t\t\t<\/div>\n\t\t\t\t<\/div>\n\t\t","protected":false},"excerpt":{"rendered":"<p>BLOG<\/p>\n","protected":false},"author":1,"featured_media":0,"parent":0,"menu_order":0,"comment_status":"closed","ping_status":"closed","template":"elementor_header_footer","meta":{"footnotes":""},"class_list":["post-17856","page","type-page","status-publish","hentry"],"yoast_head":"<!-- This site is optimized with the Yoast SEO plugin v27.2 - https:\/\/yoast.com\/product\/yoast-seo-wordpress\/ -->\n<title>Blogul HELL ICE COFFEE - \u0218tiri proaspete, sfaturi despre cafea \u0219i pove\u0219ti captivante<\/title>\n<meta name=\"description\" content=\"Cite\u0219te blogul HELL ICE COFFEE, unde g\u0103se\u0219ti sfaturi despre cafea, \u0219tiri proaspete \u0219i pove\u0219ti captivante. R\u0103m\u00e2i la curent cu cele mai noi tendin\u021be \u0219i experien\u021be legate de cafea!\" \/>\n<meta name=\"robots\" content=\"index, follow, max-snippet:-1, max-image-preview:large, max-video-preview:-1\" \/>\n<link rel=\"canonical\" href=\"https:\/\/hellicecoffee.com\/md\/blog\/\" \/>\n<meta property=\"og:locale\" content=\"en_US\" \/>\n<meta property=\"og:type\" content=\"article\" \/>\n<meta property=\"og:title\" content=\"Blogul HELL ICE COFFEE - \u0218tiri proaspete, sfaturi despre cafea \u0219i pove\u0219ti captivante\" \/>\n<meta property=\"og:description\" content=\"Cite\u0219te blogul HELL ICE COFFEE, unde g\u0103se\u0219ti sfaturi despre cafea, \u0219tiri proaspete \u0219i pove\u0219ti captivante. R\u0103m\u00e2i la curent cu cele mai noi tendin\u021be \u0219i experien\u021be legate de cafea!\" \/>\n<meta property=\"og:url\" content=\"https:\/\/hellicecoffee.com\/md\/blog\/\" \/>\n<meta property=\"og:site_name\" content=\"HELL ICE COFFEE\" \/>\n<meta property=\"article:modified_time\" content=\"2026-02-17T10:38:30+00:00\" \/>\n<meta property=\"og:image\" content=\"https:\/\/hellicecoffee.com\/wp-content\/uploads\/2024\/09\/Blog-Valodi-kaveelmeny-2-1024x576.jpg\" \/>\n<meta name=\"twitter:card\" content=\"summary_large_image\" \/>\n<script type=\"application\/ld+json\" class=\"yoast-schema-graph\">{\"@context\":\"https:\/\/schema.org\",\"@graph\":[{\"@type\":\"WebPage\",\"@id\":\"https:\/\/hellicecoffee.com\/md\/blog\/\",\"url\":\"https:\/\/hellicecoffee.com\/md\/blog\/\",\"name\":\"Blogul HELL ICE COFFEE - \u0218tiri proaspete, sfaturi despre cafea \u0219i pove\u0219ti captivante\",\"isPartOf\":{\"@id\":\"https:\/\/hellicecoffee.com\/md\/#website\"},\"datePublished\":\"2024-09-29T14:11:45+00:00\",\"dateModified\":\"2026-02-17T10:38:30+00:00\",\"description\":\"Cite\u0219te blogul HELL ICE COFFEE, unde g\u0103se\u0219ti sfaturi despre cafea, \u0219tiri proaspete \u0219i pove\u0219ti captivante. R\u0103m\u00e2i la curent cu cele mai noi tendin\u021be \u0219i experien\u021be legate de cafea!\",\"breadcrumb\":{\"@id\":\"https:\/\/hellicecoffee.com\/md\/blog\/#breadcrumb\"},\"inLanguage\":\"md\",\"potentialAction\":[{\"@type\":\"ReadAction\",\"target\":[\"https:\/\/hellicecoffee.com\/md\/blog\/\"]}]},{\"@type\":\"BreadcrumbList\",\"@id\":\"https:\/\/hellicecoffee.com\/md\/blog\/#breadcrumb\",\"itemListElement\":[{\"@type\":\"ListItem\",\"position\":1,\"name\":\"Kezd\u0151lap\",\"item\":\"https:\/\/hellicecoffee.com\/md\/\"},{\"@type\":\"ListItem\",\"position\":2,\"name\":\"Blog\"}]},{\"@type\":\"WebSite\",\"@id\":\"https:\/\/hellicecoffee.com\/md\/#website\",\"url\":\"https:\/\/hellicecoffee.com\/md\/\",\"name\":\"HELL ICE COFFE\",\"description\":\"Val\u00f3di k\u00e1v\u00e9\u00e9lm\u00e9ny k\u00f6nnyed\u00e9n\",\"publisher\":{\"@id\":\"https:\/\/hellicecoffee.com\/md\/#organization\"},\"potentialAction\":[{\"@type\":\"SearchAction\",\"target\":{\"@type\":\"EntryPoint\",\"urlTemplate\":\"https:\/\/hellicecoffee.com\/md\/?s={search_term_string}\"},\"query-input\":{\"@type\":\"PropertyValueSpecification\",\"valueRequired\":true,\"valueName\":\"search_term_string\"}}],\"inLanguage\":\"md\"},{\"@type\":\"Organization\",\"@id\":\"https:\/\/hellicecoffee.com\/md\/#organization\",\"name\":\"HELL ICE COFFE\",\"url\":\"https:\/\/hellicecoffee.com\/md\/\",\"logo\":{\"@type\":\"ImageObject\",\"inLanguage\":\"md\",\"@id\":\"https:\/\/hellicecoffee.com\/md\/#\/schema\/logo\/image\/\",\"url\":\"https:\/\/hellicecoffee.com\/wp-content\/uploads\/2024\/07\/Group-30-2.png\",\"contentUrl\":\"https:\/\/hellicecoffee.com\/wp-content\/uploads\/2024\/07\/Group-30-2.png\",\"width\":181,\"height\":194,\"caption\":\"HELL ICE COFFE\"},\"image\":{\"@id\":\"https:\/\/hellicecoffee.com\/md\/#\/schema\/logo\/image\/\"}}]}<\/script>\n<!-- \/ Yoast SEO plugin. -->","yoast_head_json":{"title":"Blogul HELL ICE COFFEE - \u0218tiri proaspete, sfaturi despre cafea \u0219i pove\u0219ti captivante","description":"Cite\u0219te blogul HELL ICE COFFEE, unde g\u0103se\u0219ti sfaturi despre cafea, \u0219tiri proaspete \u0219i pove\u0219ti captivante. R\u0103m\u00e2i la curent cu cele mai noi tendin\u021be \u0219i experien\u021be legate de cafea!","robots":{"index":"index","follow":"follow","max-snippet":"max-snippet:-1","max-image-preview":"max-image-preview:large","max-video-preview":"max-video-preview:-1"},"canonical":"https:\/\/hellicecoffee.com\/md\/blog\/","og_locale":"en_US","og_type":"article","og_title":"Blogul HELL ICE COFFEE - \u0218tiri proaspete, sfaturi despre cafea \u0219i pove\u0219ti captivante","og_description":"Cite\u0219te blogul HELL ICE COFFEE, unde g\u0103se\u0219ti sfaturi despre cafea, \u0219tiri proaspete \u0219i pove\u0219ti captivante. R\u0103m\u00e2i la curent cu cele mai noi tendin\u021be \u0219i experien\u021be legate de cafea!","og_url":"https:\/\/hellicecoffee.com\/md\/blog\/","og_site_name":"HELL ICE COFFEE","article_modified_time":"2026-02-17T10:38:30+00:00","og_image":[{"url":"https:\/\/hellicecoffee.com\/wp-content\/uploads\/2024\/09\/Blog-Valodi-kaveelmeny-2-1024x576.jpg","type":"","width":"","height":""}],"twitter_card":"summary_large_image","schema":{"@context":"https:\/\/schema.org","@graph":[{"@type":"WebPage","@id":"https:\/\/hellicecoffee.com\/md\/blog\/","url":"https:\/\/hellicecoffee.com\/md\/blog\/","name":"Blogul HELL ICE COFFEE - \u0218tiri proaspete, sfaturi despre cafea \u0219i pove\u0219ti captivante","isPartOf":{"@id":"https:\/\/hellicecoffee.com\/md\/#website"},"datePublished":"2024-09-29T14:11:45+00:00","dateModified":"2026-02-17T10:38:30+00:00","description":"Cite\u0219te blogul HELL ICE COFFEE, unde g\u0103se\u0219ti sfaturi despre cafea, \u0219tiri proaspete \u0219i pove\u0219ti captivante. R\u0103m\u00e2i la curent cu cele mai noi tendin\u021be \u0219i experien\u021be legate de cafea!","breadcrumb":{"@id":"https:\/\/hellicecoffee.com\/md\/blog\/#breadcrumb"},"inLanguage":"md","potentialAction":[{"@type":"ReadAction","target":["https:\/\/hellicecoffee.com\/md\/blog\/"]}]},{"@type":"BreadcrumbList","@id":"https:\/\/hellicecoffee.com\/md\/blog\/#breadcrumb","itemListElement":[{"@type":"ListItem","position":1,"name":"Kezd\u0151lap","item":"https:\/\/hellicecoffee.com\/md\/"},{"@type":"ListItem","position":2,"name":"Blog"}]},{"@type":"WebSite","@id":"https:\/\/hellicecoffee.com\/md\/#website","url":"https:\/\/hellicecoffee.com\/md\/","name":"HELL ICE COFFE","description":"Val\u00f3di k\u00e1v\u00e9\u00e9lm\u00e9ny k\u00f6nnyed\u00e9n","publisher":{"@id":"https:\/\/hellicecoffee.com\/md\/#organization"},"potentialAction":[{"@type":"SearchAction","target":{"@type":"EntryPoint","urlTemplate":"https:\/\/hellicecoffee.com\/md\/?s={search_term_string}"},"query-input":{"@type":"PropertyValueSpecification","valueRequired":true,"valueName":"search_term_string"}}],"inLanguage":"md"},{"@type":"Organization","@id":"https:\/\/hellicecoffee.com\/md\/#organization","name":"HELL ICE COFFE","url":"https:\/\/hellicecoffee.com\/md\/","logo":{"@type":"ImageObject","inLanguage":"md","@id":"https:\/\/hellicecoffee.com\/md\/#\/schema\/logo\/image\/","url":"https:\/\/hellicecoffee.com\/wp-content\/uploads\/2024\/07\/Group-30-2.png","contentUrl":"https:\/\/hellicecoffee.com\/wp-content\/uploads\/2024\/07\/Group-30-2.png","width":181,"height":194,"caption":"HELL ICE COFFE"},"image":{"@id":"https:\/\/hellicecoffee.com\/md\/#\/schema\/logo\/image\/"}}]}},"_links":{"self":[{"href":"https:\/\/hellicecoffee.com\/md\/wp-json\/wp\/v2\/pages\/17856","targetHints":{"allow":["GET"]}}],"collection":[{"href":"https:\/\/hellicecoffee.com\/md\/wp-json\/wp\/v2\/pages"}],"about":[{"href":"https:\/\/hellicecoffee.com\/md\/wp-json\/wp\/v2\/types\/page"}],"author":[{"embeddable":true,"href":"https:\/\/hellicecoffee.com\/md\/wp-json\/wp\/v2\/users\/1"}],"replies":[{"embeddable":true,"href":"https:\/\/hellicecoffee.com\/md\/wp-json\/wp\/v2\/comments?post=17856"}],"version-history":[{"count":1,"href":"https:\/\/hellicecoffee.com\/md\/wp-json\/wp\/v2\/pages\/17856\/revisions"}],"predecessor-version":[{"id":17857,"href":"https:\/\/hellicecoffee.com\/md\/wp-json\/wp\/v2\/pages\/17856\/revisions\/17857"}],"wp:attachment":[{"href":"https:\/\/hellicecoffee.com\/md\/wp-json\/wp\/v2\/media?parent=17856"}],"curies":[{"name":"wp","href":"https:\/\/api.w.org\/{rel}","templated":true}]}}