{"id":17859,"date":"2024-07-26T01:21:16","date_gmt":"2024-07-25T23:21:16","guid":{"rendered":"https:\/\/hellicecoffee.com\/?page_id=17859"},"modified":"2026-02-17T12:02:52","modified_gmt":"2026-02-17T11:02:52","slug":"contact","status":"publish","type":"page","link":"https:\/\/hellicecoffee.com\/md\/contact\/","title":{"rendered":"CONTACT"},"content":{"rendered":"\t\t<div data-elementor-type=\"wp-page\" data-elementor-id=\"17859\" class=\"elementor elementor-17859 elementor-27\" data-elementor-post-type=\"page\">\n\t\t\t\t<div class=\"elementor-element elementor-element-7e3d433 e-flex e-con-boxed e-con e-parent\" data-id=\"7e3d433\" data-element_type=\"container\" data-e-type=\"container\" data-settings=\"{&quot;background_background&quot;:&quot;classic&quot;}\">\n\t\t\t\t\t<div class=\"e-con-inner\">\n\t\t<div class=\"elementor-element elementor-element-7194908 e-con-full e-flex e-con e-child\" data-id=\"7194908\" data-element_type=\"container\" data-e-type=\"container\">\n\t\t<div class=\"elementor-element elementor-element-9ed2c8d e-con-full e-flex e-con e-child\" data-id=\"9ed2c8d\" data-element_type=\"container\" data-e-type=\"container\" data-settings=\"{&quot;background_background&quot;:&quot;classic&quot;}\">\n\t\t\t\t<div class=\"elementor-element elementor-element-d53a2f3 elementor-widget elementor-widget-heading\" data-id=\"d53a2f3\" data-element_type=\"widget\" data-e-type=\"widget\" data-widget_type=\"heading.default\">\n\t\t\t\t<div class=\"elementor-widget-container\">\n\t\t\t\t\t<h1 class=\"elementor-heading-title elementor-size-default\">Contact<\/h1>\t\t\t\t<\/div>\n\t\t\t\t<\/div>\n\t\t\t\t<div class=\"elementor-element elementor-element-de90515 elementor-button-align-stretch elementor-widget elementor-widget-form\" data-id=\"de90515\" data-element_type=\"widget\" data-e-type=\"widget\" data-settings=\"{&quot;step_next_label&quot;:&quot;Next&quot;,&quot;step_previous_label&quot;:&quot;Previous&quot;,&quot;button_width&quot;:&quot;100&quot;,&quot;step_type&quot;:&quot;number_text&quot;,&quot;step_icon_shape&quot;:&quot;circle&quot;}\" data-widget_type=\"form.default\">\n\t\t\t\t<div class=\"elementor-widget-container\">\n\t\t\t\t\t\t\t<form class=\"elementor-form\" method=\"post\" id=\"formen\" name=\"form-en\" aria-label=\"form-en\">\n\t\t\t<input type=\"hidden\" name=\"post_id\" value=\"17859\"\/>\n\t\t\t<input type=\"hidden\" name=\"form_id\" value=\"de90515\"\/>\n\t\t\t<input type=\"hidden\" name=\"referer_title\" value=\"CONTACT - HELL ICE COFFEE\" \/>\n\n\t\t\t\t\t\t\t<input type=\"hidden\" name=\"queried_id\" value=\"17859\"\/>\n\t\t\t\n\t\t\t<div class=\"elementor-form-fields-wrapper elementor-labels-above\">\n\t\t\t\t\t\t\t\t<div class=\"elementor-field-type-select elementor-field-group elementor-column elementor-field-group-department elementor-col-100 elementor-field-required\">\n\t\t\t\t\t\t\t\t\t\t\t\t<label for=\"form-field-department\" class=\"elementor-field-label\">\n\t\t\t\t\t\t\t\tAlege departamentul*\t\t\t\t\t\t\t<\/label>\n\t\t\t\t\t\t\t\t<div class=\"elementor-field elementor-select-wrapper remove-before \">\n\t\t\t<div class=\"select-caret-down-wrapper\">\n\t\t\t\t<svg aria-hidden=\"true\" class=\"e-font-icon-svg e-eicon-caret-down\" viewBox=\"0 0 571.4 571.4\" xmlns=\"http:\/\/www.w3.org\/2000\/svg\"><path d=\"M571 393Q571 407 561 418L311 668Q300 679 286 679T261 668L11 418Q0 407 0 393T11 368 36 357H536Q550 357 561 368T571 393Z\"><\/path><\/svg>\t\t\t<\/div>\n\t\t\t<select name=\"form_fields[department]\" id=\"form-field-department\" class=\"elementor-field-textual elementor-size-sm\" required=\"required\">\n\t\t\t\t\t\t\t\t\t<option value=\"\u2014 Selecteaz\u0103 una din op\u021biuni \u2014\">\u2014 Selecteaz\u0103 una din op\u021biuni \u2014<\/option>\n\t\t\t\t\t\t\t\t\t<option value=\"Sales\">V\u00e2nz\u0103ri <\/option>\n\t\t\t\t\t\t\t\t\t<option value=\"Export\">Export <\/option>\n\t\t\t\t\t\t\t\t\t<option value=\"Marketing, sponsorship, donations\">Marketing, sponsoriz\u0103ri, dona\u021bii <\/option>\n\t\t\t\t\t\t\t\t\t<option value=\"Press, PR\">Pres\u0103, PR <\/option>\n\t\t\t\t\t\t\t\t\t<option value=\"Feedback\">Feeback <\/option>\n\t\t\t\t\t\t\t\t\t<option value=\"Complaint\">Sesiz\u0103ri <\/option>\n\t\t\t\t\t\t\t\t\t<option value=\"Cofilling\">Acoperire <\/option>\n\t\t\t\t\t\t\t\t\t<option value=\"Suppliers, procurement\">Furnizori, achizi\u021bii <\/option>\n\t\t\t\t\t\t\t<\/select>\n\t\t<\/div>\n\t\t\t\t\t\t<\/div>\n\t\t\t\t\t\t\t\t<div class=\"elementor-field-type-text elementor-field-group elementor-column elementor-field-group-complaint_product elementor-col-100\">\n\t\t\t\t\t\t\t\t\t\t\t\t\t<input size=\"1\" type=\"text\" name=\"form_fields[complaint_product]\" id=\"form-field-complaint_product\" class=\"elementor-field elementor-size-sm  elementor-field-textual\" placeholder=\"Despre ce produs este vorba \u00een sesizarea ta?*\">\n\t\t\t\t\t\t\t\t\t\t\t<\/div>\n\t\t\t\t\t\t\t\t<div class=\"elementor-field-type-text elementor-field-group elementor-column elementor-field-group-complaint_place elementor-col-100\">\n\t\t\t\t\t\t\t\t\t\t\t\t\t<input size=\"1\" type=\"text\" name=\"form_fields[complaint_place]\" id=\"form-field-complaint_place\" class=\"elementor-field elementor-size-sm  elementor-field-textual\" placeholder=\"Locul de unde a fost f\u0103cut\u0103 achizi\u021bia*\">\n\t\t\t\t\t\t\t\t\t\t\t<\/div>\n\t\t\t\t\t\t\t\t<div class=\"elementor-field-type-date elementor-field-group elementor-column elementor-field-group-complaint_date elementor-col-100\">\n\t\t\t\t\t\n\t\t<input type=\"date\" name=\"form_fields[complaint_date]\" id=\"form-field-complaint_date\" class=\"elementor-field elementor-size-sm  elementor-field-textual elementor-date-field\" placeholder=\"Data c\u00e2nd ai f\u0103cut achizi\u021bia*\" pattern=\"[0-9]{4}-[0-9]{2}-[0-9]{2}\">\n\t\t\t\t\t\t<\/div>\n\t\t\t\t\t\t\t\t<div class=\"elementor-field-type-upload elementor-field-group elementor-column elementor-field-group-complaint_image elementor-col-100\">\n\t\t\t\t\t\t\t\t\t\t\t\t<label for=\"form-field-complaint_image\" class=\"elementor-field-label\">\n\t\t\t\t\t\t\t\tPoz\u0103 cu partea de jos a produsului*\t\t\t\t\t\t\t<\/label>\n\t\t\t\t\t\t\t\t<input type=\"file\" name=\"form_fields[complaint_image][]\" id=\"form-field-complaint_image\" class=\"elementor-field elementor-size-sm  elementor-upload-field\" multiple=\"multiple\" data-maxsize=\"2\" data-maxsize-message=\"This file exceeds the maximum allowed size.\">\n\n\t\t\t\t\t\t<\/div>\n\t\t\t\t\t\t\t\t<div class=\"elementor-field-type-text elementor-field-group elementor-column elementor-field-group-complaint_sarsnumber elementor-col-100\">\n\t\t\t\t\t\t\t\t\t\t\t\t\t<input size=\"1\" type=\"text\" name=\"form_fields[complaint_sarsnumber]\" id=\"form-field-complaint_sarsnumber\" class=\"elementor-field elementor-size-sm  elementor-field-textual\" placeholder=\"Num\u0103rul lotului\">\n\t\t\t\t\t\t\t\t\t\t\t<\/div>\n\t\t\t\t\t\t\t\t<div class=\"elementor-field-type-select elementor-field-group elementor-column elementor-field-group-sales_area elementor-col-100\">\n\t\t\t\t\t\t\t\t\t\t\t\t<label for=\"form-field-sales_area\" class=\"elementor-field-label\">\n\t\t\t\t\t\t\t\tAlege zona*\t\t\t\t\t\t\t<\/label>\n\t\t\t\t\t\t\t\t<div class=\"elementor-field elementor-select-wrapper remove-before \">\n\t\t\t<div class=\"select-caret-down-wrapper\">\n\t\t\t\t<svg aria-hidden=\"true\" class=\"e-font-icon-svg e-eicon-caret-down\" viewBox=\"0 0 571.4 571.4\" xmlns=\"http:\/\/www.w3.org\/2000\/svg\"><path d=\"M571 393Q571 407 561 418L311 668Q300 679 286 679T261 668L11 418Q0 407 0 393T11 368 36 357H536Q550 357 561 368T571 393Z\"><\/path><\/svg>\t\t\t<\/div>\n\t\t\t<select name=\"form_fields[sales_area]\" id=\"form-field-sales_area\" class=\"elementor-field-textual elementor-size-sm\">\n\t\t\t\t\t\t\t\t\t<option value=\"\u2014 Selecteaz\u0103 una din op\u021biuni \u2014\">\u2014 Selecteaz\u0103 una din op\u021biuni \u2014<\/option>\n\t\t\t\t\t\t\t\t\t<option value=\"HoReCa (catering, fitness, beauty salon)\">HoReCa (catering, fitness, salon de \u00eenfrumuse\u021bare) <\/option>\n\t\t\t\t\t\t\t\t\t<option value=\"Tobacco shop, convenience store, drink shop\">Magazin de tutun, alimentar, de b\u0103uturi <\/option>\n\t\t\t\t\t\t\t\t\t<option value=\"Wholesale\">Angro <\/option>\n\t\t\t\t\t\t\t<\/select>\n\t\t<\/div>\n\t\t\t\t\t\t<\/div>\n\t\t\t\t\t\t\t\t<div class=\"elementor-field-type-text elementor-field-group elementor-column elementor-field-group-name elementor-col-50 elementor-field-required\">\n\t\t\t\t\t\t\t\t\t\t\t\t\t<input size=\"1\" type=\"text\" name=\"form_fields[name]\" id=\"form-field-name\" class=\"elementor-field elementor-size-sm  elementor-field-textual\" placeholder=\"Prenume*\" required=\"required\">\n\t\t\t\t\t\t\t\t\t\t\t<\/div>\n\t\t\t\t\t\t\t\t<div class=\"elementor-field-type-text elementor-field-group elementor-column elementor-field-group-surname elementor-col-50 elementor-field-required\">\n\t\t\t\t\t\t\t\t\t\t\t\t\t<input size=\"1\" type=\"text\" name=\"form_fields[surname]\" id=\"form-field-surname\" class=\"elementor-field elementor-size-sm  elementor-field-textual\" placeholder=\"Nume de familie*\" required=\"required\">\n\t\t\t\t\t\t\t\t\t\t\t<\/div>\n\t\t\t\t\t\t\t\t<div class=\"elementor-field-type-email elementor-field-group elementor-column elementor-field-group-email elementor-col-100 elementor-field-required\">\n\t\t\t\t\t\t\t\t\t\t\t\t\t<input size=\"1\" type=\"email\" name=\"form_fields[email]\" id=\"form-field-email\" class=\"elementor-field elementor-size-sm  elementor-field-textual\" placeholder=\"Adres\u0103 de e-mail*\" required=\"required\">\n\t\t\t\t\t\t\t\t\t\t\t<\/div>\n\t\t\t\t\t\t\t\t<div class=\"elementor-field-type-text elementor-field-group elementor-column elementor-field-group-company elementor-col-100\">\n\t\t\t\t\t\t\t\t\t\t\t\t\t<input size=\"1\" type=\"text\" name=\"form_fields[company]\" id=\"form-field-company\" class=\"elementor-field elementor-size-sm  elementor-field-textual\" placeholder=\"Companie\">\n\t\t\t\t\t\t\t\t\t\t\t<\/div>\n\t\t\t\t\t\t\t\t<div class=\"elementor-field-type-text elementor-field-group elementor-column elementor-field-group-web elementor-col-100\">\n\t\t\t\t\t\t\t\t\t\t\t\t\t<input size=\"1\" type=\"text\" name=\"form_fields[web]\" id=\"form-field-web\" class=\"elementor-field elementor-size-sm  elementor-field-textual\" placeholder=\"Website\">\n\t\t\t\t\t\t\t\t\t\t\t<\/div>\n\t\t\t\t\t\t\t\t<div class=\"elementor-field-type-text elementor-field-group elementor-column elementor-field-group-country elementor-col-100 elementor-field-required\">\n\t\t\t\t\t\t\t\t\t\t\t\t\t<input size=\"1\" type=\"text\" name=\"form_fields[country]\" id=\"form-field-country\" class=\"elementor-field elementor-size-sm  elementor-field-textual\" placeholder=\"\u021aara*\" required=\"required\">\n\t\t\t\t\t\t\t\t\t\t\t<\/div>\n\t\t\t\t\t\t\t\t<div class=\"elementor-field-type-text elementor-field-group elementor-column elementor-field-group-city elementor-col-100 elementor-field-required\">\n\t\t\t\t\t\t\t\t\t\t\t\t\t<input size=\"1\" type=\"text\" name=\"form_fields[city]\" id=\"form-field-city\" class=\"elementor-field elementor-size-sm  elementor-field-textual\" placeholder=\"Localitatea*\" required=\"required\">\n\t\t\t\t\t\t\t\t\t\t\t<\/div>\n\t\t\t\t\t\t\t\t<div class=\"elementor-field-type-text elementor-field-group elementor-column elementor-field-group-street elementor-col-100 elementor-field-required\">\n\t\t\t\t\t\t\t\t\t\t\t\t\t<input size=\"1\" type=\"text\" name=\"form_fields[street]\" id=\"form-field-street\" class=\"elementor-field elementor-size-sm  elementor-field-textual\" placeholder=\"Strada*\" required=\"required\">\n\t\t\t\t\t\t\t\t\t\t\t<\/div>\n\t\t\t\t\t\t\t\t<div class=\"elementor-field-type-textarea elementor-field-group elementor-column elementor-field-group-message elementor-col-100 elementor-field-required\">\n\t\t\t\t\t<textarea class=\"elementor-field-textual elementor-field  elementor-size-sm\" name=\"form_fields[message]\" id=\"form-field-message\" rows=\"4\" placeholder=\"Mesajul t\u0103u*\" required=\"required\"><\/textarea>\t\t\t\t<\/div>\n\t\t\t\t\t\t\t\t<div class=\"elementor-field-type-acceptance elementor-field-group elementor-column elementor-field-group-acceptance elementor-col-100 elementor-field-required\">\n\t\t\t\t\t\t\t<div class=\"elementor-field-subgroup\">\n\t\t\t<span class=\"elementor-field-option\">\n\t\t\t\t<input type=\"checkbox\" name=\"form_fields[acceptance]\" id=\"form-field-acceptance\" class=\"elementor-field elementor-size-sm  elementor-acceptance-field\" required=\"required\">\n\t\t\t\t<label for=\"form-field-acceptance\"> <a href=\"https:\/\/hellicecoffee.com\/privacy-policy\/\"><span style=\"color: white;\">\u00cen\u021beleg \u0219i accept Politica de confiden\u021bialitate<\/a><\/span><\/label>\t\t\t<\/span>\n\t\t<\/div>\n\t\t\t\t\t\t<\/div>\n\t\t\t\t\t\t\t\t<div class=\"elementor-field-type-recaptcha_v3 elementor-field-group elementor-column elementor-field-group-captcha elementor-col-100 recaptcha_v3-bottomright\">\n\t\t\t\t\t<div class=\"elementor-field\" id=\"form-field-captcha\"><div class=\"elementor-g-recaptcha\" data-sitekey=\"6LeYPBcqAAAAAMPd5ROAd4lpVHkZtQ_lmi2Q4Zp4\" data-type=\"v3\" data-action=\"Form\" data-badge=\"bottomright\" data-size=\"invisible\"><\/div><\/div>\t\t\t\t<\/div>\n\t\t\t\t\t\t\t\t<div class=\"elementor-field-group elementor-column elementor-field-type-submit elementor-col-100 e-form__buttons\">\n\t\t\t\t\t<button class=\"elementor-button elementor-size-sm\" type=\"submit\">\n\t\t\t\t\t\t<span class=\"elementor-button-content-wrapper\">\n\t\t\t\t\t\t\t\t\t\t\t\t\t\t\t\t\t\t\t\t\t\t<span class=\"elementor-button-text\">Trimite<\/span>\n\t\t\t\t\t\t\t\t\t\t\t\t\t<\/span>\n\t\t\t\t\t<\/button>\n\t\t\t\t<\/div>\n\t\t\t<\/div>\n\t\t<\/form>\n\t\t\t\t\t\t<\/div>\n\t\t\t\t<\/div>\n\t\t\t\t<\/div>\n\t\t\t\t<\/div>\n\t\t<div class=\"elementor-element elementor-element-cec65d7 e-con-full elementor-hidden-mobile e-flex e-con e-child\" data-id=\"cec65d7\" data-element_type=\"container\" data-e-type=\"container\" data-settings=\"{&quot;background_background&quot;:&quot;classic&quot;}\">\n\t\t\t\t<\/div>\n\t\t\t\t\t<\/div>\n\t\t\t\t<\/div>\n\t\t<div class=\"elementor-element elementor-element-9949908 e-flex e-con-boxed e-con e-parent\" data-id=\"9949908\" data-element_type=\"container\" data-e-type=\"container\">\n\t\t\t\t\t<div class=\"e-con-inner\">\n\t\t\t\t<div class=\"elementor-element elementor-element-3394f37 elementor-widget elementor-widget-html\" data-id=\"3394f37\" data-element_type=\"widget\" data-e-type=\"widget\" data-widget_type=\"html.default\">\n\t\t\t\t<div class=\"elementor-widget-container\">\n\t\t\t\t\t<script>\n    jQuery(document).ready(function ($) {\n    \/\/ Initially hide the specific fields\n    $('#form-field-complaint_product, #form-field-complaint_place, #form-field-complaint_date, #form-field-complaint_image, #form-field-complaint_sarsnumber, #form-field-sales_area').closest('.elementor-field-group').hide();\n\n    \/\/ Function to show\/hide fields based on the department selection\n    $('#form-field-department').change(function () {\n        var selectedValue = $(this).val();\n        \n        \/\/ If \"Panasz\" is selected, show complaint-related fields, otherwise hide them\n        if (selectedValue === 'Sales') {\n\n            $('#form-field-complaint_product, #form-field-complaint_place, #form-field-complaint_date, #form-field-complaint_image, #form-field-complaint_sarsnumber').closest('.elementor-field-group').show();\n            \n             elementorProFrontend.modules.popup.showPopup({ id: 8581 });\n \n        } else {\n            $('#form-field-complaint_product, #form-field-complaint_place, #form-field-complaint_date, #form-field-complaint_image, #form-field-complaint_sarsnumber').closest('.elementor-field-group').hide();\n        }\n\n        \/\/ If \"\u00c9rt\u00e9kes\u00edt\u00e9s\" is selected, show the sales_area field, otherwise hide it\n        if (selectedValue === 'Complaint') {\n            $('#form-field-sales_area').closest('.elementor-field-group').show();\n        } else {\n            $('#form-field-sales_area').closest('.elementor-field-group').hide();\n        }\n    });\n    \n             $('#form-field-department option:first').attr('disabled', true);\n     $('#form-field-sales_area option:first').attr('disabled', true);\n});\n\n<\/script>\t\t\t\t<\/div>\n\t\t\t\t<\/div>\n\t\t\t\t\t<\/div>\n\t\t\t\t<\/div>\n\t\t\t\t<\/div>\n\t\t","protected":false},"excerpt":{"rendered":"<p>Contact<\/p>\n","protected":false},"author":1,"featured_media":0,"parent":0,"menu_order":0,"comment_status":"closed","ping_status":"closed","template":"","meta":{"footnotes":""},"class_list":["post-17859","page","type-page","status-publish","hentry"],"yoast_head":"<!-- This site is optimized with the Yoast SEO plugin v27.2 - https:\/\/yoast.com\/product\/yoast-seo-wordpress\/ -->\n<title>CONTACT - HELL ICE COFFEE<\/title>\n<meta name=\"robots\" content=\"index, follow, max-snippet:-1, max-image-preview:large, max-video-preview:-1\" \/>\n<link rel=\"canonical\" href=\"https:\/\/hellicecoffee.com\/md\/contact\/\" \/>\n<meta property=\"og:locale\" content=\"en_US\" \/>\n<meta property=\"og:type\" content=\"article\" \/>\n<meta property=\"og:title\" content=\"CONTACT - HELL ICE COFFEE\" \/>\n<meta property=\"og:description\" content=\"Contact\" \/>\n<meta property=\"og:url\" content=\"https:\/\/hellicecoffee.com\/md\/contact\/\" \/>\n<meta property=\"og:site_name\" content=\"HELL ICE COFFEE\" \/>\n<meta property=\"article:modified_time\" content=\"2026-02-17T11:02:52+00:00\" \/>\n<meta property=\"og:image\" content=\"https:\/\/hellicecoffee.com\/wp-content\/uploads\/2024\/09\/Blog-Megujult-a-jegeskave-termekcsalad-2.jpg\" \/>\n\t<meta property=\"og:image:width\" content=\"1980\" \/>\n\t<meta property=\"og:image:height\" content=\"1113\" \/>\n\t<meta property=\"og:image:type\" content=\"image\/jpeg\" \/>\n<meta name=\"twitter:card\" content=\"summary_large_image\" \/>\n<meta name=\"twitter:label1\" content=\"Est. reading time\" \/>\n\t<meta name=\"twitter:data1\" content=\"1 minute\" \/>\n<script type=\"application\/ld+json\" class=\"yoast-schema-graph\">{\"@context\":\"https:\/\/schema.org\",\"@graph\":[{\"@type\":\"WebPage\",\"@id\":\"https:\/\/hellicecoffee.com\/md\/contact\/\",\"url\":\"https:\/\/hellicecoffee.com\/md\/contact\/\",\"name\":\"CONTACT - HELL ICE COFFEE\",\"isPartOf\":{\"@id\":\"https:\/\/hellicecoffee.com\/md\/#website\"},\"datePublished\":\"2024-07-25T23:21:16+00:00\",\"dateModified\":\"2026-02-17T11:02:52+00:00\",\"breadcrumb\":{\"@id\":\"https:\/\/hellicecoffee.com\/md\/contact\/#breadcrumb\"},\"inLanguage\":\"md\",\"potentialAction\":[{\"@type\":\"ReadAction\",\"target\":[\"https:\/\/hellicecoffee.com\/md\/contact\/\"]}]},{\"@type\":\"BreadcrumbList\",\"@id\":\"https:\/\/hellicecoffee.com\/md\/contact\/#breadcrumb\",\"itemListElement\":[{\"@type\":\"ListItem\",\"position\":1,\"name\":\"Kezd\u0151lap\",\"item\":\"https:\/\/hellicecoffee.com\/md\/\"},{\"@type\":\"ListItem\",\"position\":2,\"name\":\"CONTACT\"}]},{\"@type\":\"WebSite\",\"@id\":\"https:\/\/hellicecoffee.com\/md\/#website\",\"url\":\"https:\/\/hellicecoffee.com\/md\/\",\"name\":\"HELL ICE COFFE\",\"description\":\"Val\u00f3di k\u00e1v\u00e9\u00e9lm\u00e9ny k\u00f6nnyed\u00e9n\",\"publisher\":{\"@id\":\"https:\/\/hellicecoffee.com\/md\/#organization\"},\"potentialAction\":[{\"@type\":\"SearchAction\",\"target\":{\"@type\":\"EntryPoint\",\"urlTemplate\":\"https:\/\/hellicecoffee.com\/md\/?s={search_term_string}\"},\"query-input\":{\"@type\":\"PropertyValueSpecification\",\"valueRequired\":true,\"valueName\":\"search_term_string\"}}],\"inLanguage\":\"md\"},{\"@type\":\"Organization\",\"@id\":\"https:\/\/hellicecoffee.com\/md\/#organization\",\"name\":\"HELL ICE COFFE\",\"url\":\"https:\/\/hellicecoffee.com\/md\/\",\"logo\":{\"@type\":\"ImageObject\",\"inLanguage\":\"md\",\"@id\":\"https:\/\/hellicecoffee.com\/md\/#\/schema\/logo\/image\/\",\"url\":\"https:\/\/hellicecoffee.com\/wp-content\/uploads\/2024\/07\/Group-30-2.png\",\"contentUrl\":\"https:\/\/hellicecoffee.com\/wp-content\/uploads\/2024\/07\/Group-30-2.png\",\"width\":181,\"height\":194,\"caption\":\"HELL ICE COFFE\"},\"image\":{\"@id\":\"https:\/\/hellicecoffee.com\/md\/#\/schema\/logo\/image\/\"}}]}<\/script>\n<!-- \/ Yoast SEO plugin. -->","yoast_head_json":{"title":"CONTACT - HELL ICE COFFEE","robots":{"index":"index","follow":"follow","max-snippet":"max-snippet:-1","max-image-preview":"max-image-preview:large","max-video-preview":"max-video-preview:-1"},"canonical":"https:\/\/hellicecoffee.com\/md\/contact\/","og_locale":"en_US","og_type":"article","og_title":"CONTACT - HELL ICE COFFEE","og_description":"Contact","og_url":"https:\/\/hellicecoffee.com\/md\/contact\/","og_site_name":"HELL ICE COFFEE","article_modified_time":"2026-02-17T11:02:52+00:00","og_image":[{"width":1980,"height":1113,"url":"https:\/\/hellicecoffee.com\/wp-content\/uploads\/2024\/09\/Blog-Megujult-a-jegeskave-termekcsalad-2.jpg","type":"image\/jpeg"}],"twitter_card":"summary_large_image","twitter_misc":{"Est. reading time":"1 minute"},"schema":{"@context":"https:\/\/schema.org","@graph":[{"@type":"WebPage","@id":"https:\/\/hellicecoffee.com\/md\/contact\/","url":"https:\/\/hellicecoffee.com\/md\/contact\/","name":"CONTACT - HELL ICE COFFEE","isPartOf":{"@id":"https:\/\/hellicecoffee.com\/md\/#website"},"datePublished":"2024-07-25T23:21:16+00:00","dateModified":"2026-02-17T11:02:52+00:00","breadcrumb":{"@id":"https:\/\/hellicecoffee.com\/md\/contact\/#breadcrumb"},"inLanguage":"md","potentialAction":[{"@type":"ReadAction","target":["https:\/\/hellicecoffee.com\/md\/contact\/"]}]},{"@type":"BreadcrumbList","@id":"https:\/\/hellicecoffee.com\/md\/contact\/#breadcrumb","itemListElement":[{"@type":"ListItem","position":1,"name":"Kezd\u0151lap","item":"https:\/\/hellicecoffee.com\/md\/"},{"@type":"ListItem","position":2,"name":"CONTACT"}]},{"@type":"WebSite","@id":"https:\/\/hellicecoffee.com\/md\/#website","url":"https:\/\/hellicecoffee.com\/md\/","name":"HELL ICE COFFE","description":"Val\u00f3di k\u00e1v\u00e9\u00e9lm\u00e9ny k\u00f6nnyed\u00e9n","publisher":{"@id":"https:\/\/hellicecoffee.com\/md\/#organization"},"potentialAction":[{"@type":"SearchAction","target":{"@type":"EntryPoint","urlTemplate":"https:\/\/hellicecoffee.com\/md\/?s={search_term_string}"},"query-input":{"@type":"PropertyValueSpecification","valueRequired":true,"valueName":"search_term_string"}}],"inLanguage":"md"},{"@type":"Organization","@id":"https:\/\/hellicecoffee.com\/md\/#organization","name":"HELL ICE COFFE","url":"https:\/\/hellicecoffee.com\/md\/","logo":{"@type":"ImageObject","inLanguage":"md","@id":"https:\/\/hellicecoffee.com\/md\/#\/schema\/logo\/image\/","url":"https:\/\/hellicecoffee.com\/wp-content\/uploads\/2024\/07\/Group-30-2.png","contentUrl":"https:\/\/hellicecoffee.com\/wp-content\/uploads\/2024\/07\/Group-30-2.png","width":181,"height":194,"caption":"HELL ICE COFFE"},"image":{"@id":"https:\/\/hellicecoffee.com\/md\/#\/schema\/logo\/image\/"}}]}},"_links":{"self":[{"href":"https:\/\/hellicecoffee.com\/md\/wp-json\/wp\/v2\/pages\/17859","targetHints":{"allow":["GET"]}}],"collection":[{"href":"https:\/\/hellicecoffee.com\/md\/wp-json\/wp\/v2\/pages"}],"about":[{"href":"https:\/\/hellicecoffee.com\/md\/wp-json\/wp\/v2\/types\/page"}],"author":[{"embeddable":true,"href":"https:\/\/hellicecoffee.com\/md\/wp-json\/wp\/v2\/users\/1"}],"replies":[{"embeddable":true,"href":"https:\/\/hellicecoffee.com\/md\/wp-json\/wp\/v2\/comments?post=17859"}],"version-history":[{"count":4,"href":"https:\/\/hellicecoffee.com\/md\/wp-json\/wp\/v2\/pages\/17859\/revisions"}],"predecessor-version":[{"id":17997,"href":"https:\/\/hellicecoffee.com\/md\/wp-json\/wp\/v2\/pages\/17859\/revisions\/17997"}],"wp:attachment":[{"href":"https:\/\/hellicecoffee.com\/md\/wp-json\/wp\/v2\/media?parent=17859"}],"curies":[{"name":"wp","href":"https:\/\/api.w.org\/{rel}","templated":true}]}}