{"id":17864,"date":"2024-10-18T12:17:11","date_gmt":"2024-10-18T10:17:11","guid":{"rendered":"https:\/\/hellicecoffee.com\/fabrica-de-cafea\/"},"modified":"2026-02-17T11:58:08","modified_gmt":"2026-02-17T10:58:08","slug":"fabrica-de-cafea","status":"publish","type":"page","link":"https:\/\/hellicecoffee.com\/md\/fabrica-de-cafea\/","title":{"rendered":"Fabrica"},"content":{"rendered":"\t\t<div data-elementor-type=\"wp-page\" data-elementor-id=\"17864\" class=\"elementor elementor-17864 elementor-8773\" data-elementor-post-type=\"page\">\n\t\t\t\t<div class=\"elementor-element elementor-element-7a38388 e-flex e-con-boxed e-con e-parent\" data-id=\"7a38388\" data-element_type=\"container\" data-e-type=\"container\" data-settings=\"{&quot;background_background&quot;:&quot;classic&quot;}\">\n\t\t\t\t\t<div class=\"e-con-inner\">\n\t\t\t\t<div class=\"elementor-element elementor-element-238d472 elementor-widget elementor-widget-theme-post-title elementor-page-title elementor-widget-heading\" data-id=\"238d472\" data-element_type=\"widget\" data-e-type=\"widget\" data-widget_type=\"theme-post-title.default\">\n\t\t\t\t<div class=\"elementor-widget-container\">\n\t\t\t\t\t<h1 class=\"elementor-heading-title elementor-size-default\">Fabrica<\/h1>\t\t\t\t<\/div>\n\t\t\t\t<\/div>\n\t\t\t\t\t<\/div>\n\t\t\t\t<\/div>\n\t\t<div class=\"elementor-element elementor-element-5c1a81e e-flex e-con-boxed e-con e-parent\" data-id=\"5c1a81e\" data-element_type=\"container\" data-e-type=\"container\" data-settings=\"{&quot;background_background&quot;:&quot;classic&quot;}\">\n\t\t\t\t\t<div class=\"e-con-inner\">\n\t\t<div class=\"elementor-element elementor-element-c204abf e-con-full e-flex e-con e-child\" data-id=\"c204abf\" data-element_type=\"container\" data-e-type=\"container\">\n\t\t\t\t<div class=\"elementor-element elementor-element-cc0e44c elementor-widget elementor-widget-heading\" data-id=\"cc0e44c\" data-element_type=\"widget\" data-e-type=\"widget\" data-widget_type=\"heading.default\">\n\t\t\t\t<div class=\"elementor-widget-container\">\n\t\t\t\t\t<h2 class=\"elementor-heading-title elementor-size-default\">Fabrica de Cafea<\/h2>\t\t\t\t<\/div>\n\t\t\t\t<\/div>\n\t\t\t\t<div class=\"elementor-element elementor-element-d93e303 elementor-widget elementor-widget-text-editor\" data-id=\"d93e303\" data-element_type=\"widget\" data-e-type=\"widget\" data-widget_type=\"text-editor.default\">\n\t\t\t\t<div class=\"elementor-widget-container\">\n\t\t\t\t\t\t\t\t\t<h2>Fabrica<\/h2><p>Pe parcursul anilor, HELL a avut o expansiune dinamic\u0103, devenind cea mai mare megafabric\u0103 de ultim\u0103 genera\u021bie la nivel global, de\u021binut\u0103 de acela\u0219i grup corporativ, care umple \u0219i \u00eembuteliaz\u0103 doze de aluminiu pentru b\u0103uturi \u00eentr-o singur\u0103 loca\u021bie. Dup\u0103 predarea noii unit\u0103\u021bi a fabricii, complexul de fabrici HELL se \u00eentinde acum pe o suprafa\u021b\u0103 de 83 de hectare (830.000 de metri p\u0103tra\u021bi).<\/p><p>Cu noua unitate, fabrica noastr\u0103 s-a extins \u0219i mai mult, propuls\u00e2nd activit\u0103\u021bile noastre de produc\u021bie la un nou nivel. Acum putem produce p\u00e2n\u0103 la 10 miliarde de doze de b\u0103uturi anual, inclusiv 4 miliarde de doze \u0219i 6 miliarde de produse finite umplute. Acest lucru \u00eenseamn\u0103 c\u0103 putem genera p\u00e2n\u0103 la 31 de milioane de doze de aluminiu pe zi, dintre care 13 milioane sunt fabricate \u0219i 18 milioane sunt umplute. \u00cen plus, noul complex de fabrici poate produce acum doze de aluminiu de 500 ml, ceea ce extinde \u0219i mai mult varietatea produselor din portofoliu.<\/p><p>Complexul nostru de fabrici produce, de asemenea, b\u0103uturi ce con\u021bin lapte \u00een doze de aluminiu, folosind una dintre cele mai avansate tehnologii disponibile. Aceast\u0103 unitate de 11.880 metri p\u0103tra\u021bi poate produce p\u00e2n\u0103 la 50.000 de doze de cafea premium rece pe or\u0103, folosind lapte care provine exclusiv de la fermieri maghiari. Fabrica noastr\u0103, construit\u0103 \u00een colaborare cu parteneri tehnologici din Spania, Olanda \u0219i Germania, poate umple p\u00e2n\u0103 la 300 de milioane de doze de cafea rece pe an.<\/p>\t\t\t\t\t\t\t\t<\/div>\n\t\t\t\t<\/div>\n\t\t\t\t<div class=\"elementor-element elementor-element-b2e2430 elementor-widget elementor-widget-image\" data-id=\"b2e2430\" data-element_type=\"widget\" data-e-type=\"widget\" data-widget_type=\"image.default\">\n\t\t\t\t<div class=\"elementor-widget-container\">\n\t\t\t\t\t\t\t\t\t\t\t\t\t\t\t<img fetchpriority=\"high\" decoding=\"async\" width=\"1536\" height=\"915\" src=\"https:\/\/hellicecoffee.com\/wp-content\/uploads\/2024\/10\/HELL-Gyar-44-fuves-1-1536x915.webp\" class=\"attachment-1536x1536 size-1536x1536 wp-image-17865\" alt=\"\" srcset=\"https:\/\/hellicecoffee.com\/wp-content\/uploads\/2024\/10\/HELL-Gyar-44-fuves-1-1536x915.webp 1536w, https:\/\/hellicecoffee.com\/wp-content\/uploads\/2024\/10\/HELL-Gyar-44-fuves-1-300x179.webp 300w, https:\/\/hellicecoffee.com\/wp-content\/uploads\/2024\/10\/HELL-Gyar-44-fuves-1-1024x610.webp 1024w, https:\/\/hellicecoffee.com\/wp-content\/uploads\/2024\/10\/HELL-Gyar-44-fuves-1-768x457.webp 768w, https:\/\/hellicecoffee.com\/wp-content\/uploads\/2024\/10\/HELL-Gyar-44-fuves-1.webp 1748w\" sizes=\"(max-width: 1536px) 100vw, 1536px\" \/>\t\t\t\t\t\t\t\t\t\t\t\t\t\t\t<\/div>\n\t\t\t\t<\/div>\n\t\t\t\t<\/div>\n\t\t\t\t\t<\/div>\n\t\t\t\t<\/div>\n\t\t\t\t<\/div>\n\t\t","protected":false},"excerpt":{"rendered":"<p>Fabrica de Cafea Fabrica Pe parcursul anilor, HELL a avut o expansiune dinamic\u0103, devenind cea mai mare megafabric\u0103 de ultim\u0103 genera\u021bie la nivel global, de\u021binut\u0103 de acela\u0219i grup corporativ, care umple \u0219i \u00eembuteliaz\u0103 doze de aluminiu pentru b\u0103uturi \u00eentr-o singur\u0103 loca\u021bie. Dup\u0103 predarea noii unit\u0103\u021bi a fabricii, complexul de fabrici HELL se \u00eentinde acum pe [&hellip;]<\/p>\n","protected":false},"author":1,"featured_media":17866,"parent":0,"menu_order":0,"comment_status":"closed","ping_status":"closed","template":"elementor_header_footer","meta":{"footnotes":""},"class_list":["post-17864","page","type-page","status-publish","has-post-thumbnail","hentry"],"yoast_head":"<!-- This site is optimized with the Yoast SEO plugin v27.2 - https:\/\/yoast.com\/product\/yoast-seo-wordpress\/ -->\n<title>Fabrica HELL ICE COFFEE - una dintre cele mai moderne unit\u0103\u021bi de produc\u021bie a b\u0103uturilor pe baz\u0103 de cafea din Ungaria<\/title>\n<meta name=\"description\" content=\"Descoper\u0103 cele mai recente evolu\u021bii de la fabrica HELL ICE COFFEE! F\u0103 cuno\u0219tin\u021b\u0103 cu una dintre cele mai mari fabrici moderne de b\u0103uturi pe baz\u0103 de cafea din lume.\" \/>\n<meta name=\"robots\" content=\"index, follow, max-snippet:-1, max-image-preview:large, max-video-preview:-1\" \/>\n<link rel=\"canonical\" href=\"https:\/\/hellicecoffee.com\/md\/fabrica-de-cafea\/\" \/>\n<meta property=\"og:locale\" content=\"en_US\" \/>\n<meta property=\"og:type\" content=\"article\" \/>\n<meta property=\"og:title\" content=\"Fabrica HELL ICE COFFEE - una dintre cele mai moderne unit\u0103\u021bi de produc\u021bie a b\u0103uturilor pe baz\u0103 de cafea din Ungaria\" \/>\n<meta property=\"og:description\" content=\"Descoper\u0103 cele mai recente evolu\u021bii de la fabrica HELL ICE COFFEE! F\u0103 cuno\u0219tin\u021b\u0103 cu una dintre cele mai mari fabrici moderne de b\u0103uturi pe baz\u0103 de cafea din lume.\" \/>\n<meta property=\"og:url\" content=\"https:\/\/hellicecoffee.com\/md\/fabrica-de-cafea\/\" \/>\n<meta property=\"og:site_name\" content=\"HELL ICE COFFEE\" \/>\n<meta property=\"article:modified_time\" content=\"2026-02-17T10:58:08+00:00\" \/>\n<meta property=\"og:image\" content=\"https:\/\/hellicecoffee.com\/wp-content\/uploads\/2024\/10\/Kep-17-1024x427.webp\" \/>\n<meta name=\"twitter:card\" content=\"summary_large_image\" \/>\n<meta name=\"twitter:label1\" content=\"Est. reading time\" \/>\n\t<meta name=\"twitter:data1\" content=\"2 minutes\" \/>\n<script type=\"application\/ld+json\" class=\"yoast-schema-graph\">{\"@context\":\"https:\/\/schema.org\",\"@graph\":[{\"@type\":\"WebPage\",\"@id\":\"https:\/\/hellicecoffee.com\/md\/fabrica-de-cafea\/\",\"url\":\"https:\/\/hellicecoffee.com\/md\/fabrica-de-cafea\/\",\"name\":\"Fabrica HELL ICE COFFEE - una dintre cele mai moderne unit\u0103\u021bi de produc\u021bie a b\u0103uturilor pe baz\u0103 de cafea din Ungaria\",\"isPartOf\":{\"@id\":\"https:\/\/hellicecoffee.com\/md\/#website\"},\"primaryImageOfPage\":{\"@id\":\"https:\/\/hellicecoffee.com\/md\/fabrica-de-cafea\/#primaryimage\"},\"image\":{\"@id\":\"https:\/\/hellicecoffee.com\/md\/fabrica-de-cafea\/#primaryimage\"},\"thumbnailUrl\":\"https:\/\/hellicecoffee.com\/wp-content\/uploads\/2024\/10\/Kep-17.webp\",\"datePublished\":\"2024-10-18T10:17:11+00:00\",\"dateModified\":\"2026-02-17T10:58:08+00:00\",\"description\":\"Descoper\u0103 cele mai recente evolu\u021bii de la fabrica HELL ICE COFFEE! F\u0103 cuno\u0219tin\u021b\u0103 cu una dintre cele mai mari fabrici moderne de b\u0103uturi pe baz\u0103 de cafea din lume.\",\"breadcrumb\":{\"@id\":\"https:\/\/hellicecoffee.com\/md\/fabrica-de-cafea\/#breadcrumb\"},\"inLanguage\":\"md\",\"potentialAction\":[{\"@type\":\"ReadAction\",\"target\":[\"https:\/\/hellicecoffee.com\/md\/fabrica-de-cafea\/\"]}]},{\"@type\":\"ImageObject\",\"inLanguage\":\"md\",\"@id\":\"https:\/\/hellicecoffee.com\/md\/fabrica-de-cafea\/#primaryimage\",\"url\":\"https:\/\/hellicecoffee.com\/wp-content\/uploads\/2024\/10\/Kep-17.webp\",\"contentUrl\":\"https:\/\/hellicecoffee.com\/wp-content\/uploads\/2024\/10\/Kep-17.webp\",\"width\":1920,\"height\":800},{\"@type\":\"BreadcrumbList\",\"@id\":\"https:\/\/hellicecoffee.com\/md\/fabrica-de-cafea\/#breadcrumb\",\"itemListElement\":[{\"@type\":\"ListItem\",\"position\":1,\"name\":\"Kezd\u0151lap\",\"item\":\"https:\/\/hellicecoffee.com\/md\/\"},{\"@type\":\"ListItem\",\"position\":2,\"name\":\"Fabrica\"}]},{\"@type\":\"WebSite\",\"@id\":\"https:\/\/hellicecoffee.com\/md\/#website\",\"url\":\"https:\/\/hellicecoffee.com\/md\/\",\"name\":\"HELL ICE COFFE\",\"description\":\"Val\u00f3di k\u00e1v\u00e9\u00e9lm\u00e9ny k\u00f6nnyed\u00e9n\",\"publisher\":{\"@id\":\"https:\/\/hellicecoffee.com\/md\/#organization\"},\"potentialAction\":[{\"@type\":\"SearchAction\",\"target\":{\"@type\":\"EntryPoint\",\"urlTemplate\":\"https:\/\/hellicecoffee.com\/md\/?s={search_term_string}\"},\"query-input\":{\"@type\":\"PropertyValueSpecification\",\"valueRequired\":true,\"valueName\":\"search_term_string\"}}],\"inLanguage\":\"md\"},{\"@type\":\"Organization\",\"@id\":\"https:\/\/hellicecoffee.com\/md\/#organization\",\"name\":\"HELL ICE COFFE\",\"url\":\"https:\/\/hellicecoffee.com\/md\/\",\"logo\":{\"@type\":\"ImageObject\",\"inLanguage\":\"md\",\"@id\":\"https:\/\/hellicecoffee.com\/md\/#\/schema\/logo\/image\/\",\"url\":\"https:\/\/hellicecoffee.com\/wp-content\/uploads\/2024\/07\/Group-30-2.png\",\"contentUrl\":\"https:\/\/hellicecoffee.com\/wp-content\/uploads\/2024\/07\/Group-30-2.png\",\"width\":181,\"height\":194,\"caption\":\"HELL ICE COFFE\"},\"image\":{\"@id\":\"https:\/\/hellicecoffee.com\/md\/#\/schema\/logo\/image\/\"}}]}<\/script>\n<!-- \/ Yoast SEO plugin. -->","yoast_head_json":{"title":"Fabrica HELL ICE COFFEE - una dintre cele mai moderne unit\u0103\u021bi de produc\u021bie a b\u0103uturilor pe baz\u0103 de cafea din Ungaria","description":"Descoper\u0103 cele mai recente evolu\u021bii de la fabrica HELL ICE COFFEE! F\u0103 cuno\u0219tin\u021b\u0103 cu una dintre cele mai mari fabrici moderne de b\u0103uturi pe baz\u0103 de cafea din lume.","robots":{"index":"index","follow":"follow","max-snippet":"max-snippet:-1","max-image-preview":"max-image-preview:large","max-video-preview":"max-video-preview:-1"},"canonical":"https:\/\/hellicecoffee.com\/md\/fabrica-de-cafea\/","og_locale":"en_US","og_type":"article","og_title":"Fabrica HELL ICE COFFEE - una dintre cele mai moderne unit\u0103\u021bi de produc\u021bie a b\u0103uturilor pe baz\u0103 de cafea din Ungaria","og_description":"Descoper\u0103 cele mai recente evolu\u021bii de la fabrica HELL ICE COFFEE! F\u0103 cuno\u0219tin\u021b\u0103 cu una dintre cele mai mari fabrici moderne de b\u0103uturi pe baz\u0103 de cafea din lume.","og_url":"https:\/\/hellicecoffee.com\/md\/fabrica-de-cafea\/","og_site_name":"HELL ICE COFFEE","article_modified_time":"2026-02-17T10:58:08+00:00","og_image":[{"url":"https:\/\/hellicecoffee.com\/wp-content\/uploads\/2024\/10\/Kep-17-1024x427.webp","type":"","width":"","height":""}],"twitter_card":"summary_large_image","twitter_misc":{"Est. reading time":"2 minutes"},"schema":{"@context":"https:\/\/schema.org","@graph":[{"@type":"WebPage","@id":"https:\/\/hellicecoffee.com\/md\/fabrica-de-cafea\/","url":"https:\/\/hellicecoffee.com\/md\/fabrica-de-cafea\/","name":"Fabrica HELL ICE COFFEE - una dintre cele mai moderne unit\u0103\u021bi de produc\u021bie a b\u0103uturilor pe baz\u0103 de cafea din Ungaria","isPartOf":{"@id":"https:\/\/hellicecoffee.com\/md\/#website"},"primaryImageOfPage":{"@id":"https:\/\/hellicecoffee.com\/md\/fabrica-de-cafea\/#primaryimage"},"image":{"@id":"https:\/\/hellicecoffee.com\/md\/fabrica-de-cafea\/#primaryimage"},"thumbnailUrl":"https:\/\/hellicecoffee.com\/wp-content\/uploads\/2024\/10\/Kep-17.webp","datePublished":"2024-10-18T10:17:11+00:00","dateModified":"2026-02-17T10:58:08+00:00","description":"Descoper\u0103 cele mai recente evolu\u021bii de la fabrica HELL ICE COFFEE! F\u0103 cuno\u0219tin\u021b\u0103 cu una dintre cele mai mari fabrici moderne de b\u0103uturi pe baz\u0103 de cafea din lume.","breadcrumb":{"@id":"https:\/\/hellicecoffee.com\/md\/fabrica-de-cafea\/#breadcrumb"},"inLanguage":"md","potentialAction":[{"@type":"ReadAction","target":["https:\/\/hellicecoffee.com\/md\/fabrica-de-cafea\/"]}]},{"@type":"ImageObject","inLanguage":"md","@id":"https:\/\/hellicecoffee.com\/md\/fabrica-de-cafea\/#primaryimage","url":"https:\/\/hellicecoffee.com\/wp-content\/uploads\/2024\/10\/Kep-17.webp","contentUrl":"https:\/\/hellicecoffee.com\/wp-content\/uploads\/2024\/10\/Kep-17.webp","width":1920,"height":800},{"@type":"BreadcrumbList","@id":"https:\/\/hellicecoffee.com\/md\/fabrica-de-cafea\/#breadcrumb","itemListElement":[{"@type":"ListItem","position":1,"name":"Kezd\u0151lap","item":"https:\/\/hellicecoffee.com\/md\/"},{"@type":"ListItem","position":2,"name":"Fabrica"}]},{"@type":"WebSite","@id":"https:\/\/hellicecoffee.com\/md\/#website","url":"https:\/\/hellicecoffee.com\/md\/","name":"HELL ICE COFFE","description":"Val\u00f3di k\u00e1v\u00e9\u00e9lm\u00e9ny k\u00f6nnyed\u00e9n","publisher":{"@id":"https:\/\/hellicecoffee.com\/md\/#organization"},"potentialAction":[{"@type":"SearchAction","target":{"@type":"EntryPoint","urlTemplate":"https:\/\/hellicecoffee.com\/md\/?s={search_term_string}"},"query-input":{"@type":"PropertyValueSpecification","valueRequired":true,"valueName":"search_term_string"}}],"inLanguage":"md"},{"@type":"Organization","@id":"https:\/\/hellicecoffee.com\/md\/#organization","name":"HELL ICE COFFE","url":"https:\/\/hellicecoffee.com\/md\/","logo":{"@type":"ImageObject","inLanguage":"md","@id":"https:\/\/hellicecoffee.com\/md\/#\/schema\/logo\/image\/","url":"https:\/\/hellicecoffee.com\/wp-content\/uploads\/2024\/07\/Group-30-2.png","contentUrl":"https:\/\/hellicecoffee.com\/wp-content\/uploads\/2024\/07\/Group-30-2.png","width":181,"height":194,"caption":"HELL ICE COFFE"},"image":{"@id":"https:\/\/hellicecoffee.com\/md\/#\/schema\/logo\/image\/"}}]}},"_links":{"self":[{"href":"https:\/\/hellicecoffee.com\/md\/wp-json\/wp\/v2\/pages\/17864","targetHints":{"allow":["GET"]}}],"collection":[{"href":"https:\/\/hellicecoffee.com\/md\/wp-json\/wp\/v2\/pages"}],"about":[{"href":"https:\/\/hellicecoffee.com\/md\/wp-json\/wp\/v2\/types\/page"}],"author":[{"embeddable":true,"href":"https:\/\/hellicecoffee.com\/md\/wp-json\/wp\/v2\/users\/1"}],"replies":[{"embeddable":true,"href":"https:\/\/hellicecoffee.com\/md\/wp-json\/wp\/v2\/comments?post=17864"}],"version-history":[{"count":2,"href":"https:\/\/hellicecoffee.com\/md\/wp-json\/wp\/v2\/pages\/17864\/revisions"}],"predecessor-version":[{"id":17987,"href":"https:\/\/hellicecoffee.com\/md\/wp-json\/wp\/v2\/pages\/17864\/revisions\/17987"}],"wp:featuredmedia":[{"embeddable":true,"href":"https:\/\/hellicecoffee.com\/md\/wp-json\/wp\/v2\/media\/17866"}],"wp:attachment":[{"href":"https:\/\/hellicecoffee.com\/md\/wp-json\/wp\/v2\/media?parent=17864"}],"curies":[{"name":"wp","href":"https:\/\/api.w.org\/{rel}","templated":true}]}}