{"id":17907,"date":"2024-08-15T13:48:16","date_gmt":"2024-08-15T11:48:16","guid":{"rendered":"https:\/\/hellicecoffee.com\/products\/"},"modified":"2026-02-17T15:51:30","modified_gmt":"2026-02-17T14:51:30","slug":"products","status":"publish","type":"page","link":"https:\/\/hellicecoffee.com\/md\/products\/","title":{"rendered":"Produse"},"content":{"rendered":"\t\t<div data-elementor-type=\"wp-page\" data-elementor-id=\"17907\" class=\"elementor elementor-17907 elementor-2367\" data-elementor-post-type=\"page\">\n\t\t\t\t<div class=\"elementor-element elementor-element-1aacfbec e-flex e-con-boxed e-con e-parent\" data-id=\"1aacfbec\" data-element_type=\"container\" data-e-type=\"container\" id=\"middle\" data-settings=\"{&quot;background_background&quot;:&quot;classic&quot;}\">\n\t\t\t\t\t<div class=\"e-con-inner\">\n\t\t<div class=\"elementor-element elementor-element-63c05791 e-grid e-con-full e-con e-child\" data-id=\"63c05791\" data-element_type=\"container\" data-e-type=\"container\">\n\t\t<div class=\"elementor-element elementor-element-a4e15ae e-con-full img-close e-flex e-con e-child\" data-id=\"a4e15ae\" data-element_type=\"container\" data-e-type=\"container\" id=\"coffepop\">\n\t\t\t\t<div class=\"elementor-element elementor-element-72817a6 elementor-absolute back-blue elementor-widget elementor-widget-image\" data-id=\"72817a6\" data-element_type=\"widget\" data-e-type=\"widget\" data-settings=\"{&quot;_position&quot;:&quot;absolute&quot;}\" data-widget_type=\"image.default\">\n\t\t\t\t<div class=\"elementor-widget-container\">\n\t\t\t\t\t\t\t\t\t\t\t\t\t\t\t<img fetchpriority=\"high\" decoding=\"async\" width=\"800\" height=\"800\" src=\"https:\/\/hellicecoffee.com\/wp-content\/uploads\/2024\/09\/Rectangle-58-1-1.png\" class=\"attachment-large size-large wp-image-4768\" alt=\"\" srcset=\"https:\/\/hellicecoffee.com\/wp-content\/uploads\/2024\/09\/Rectangle-58-1-1.png 1002w, https:\/\/hellicecoffee.com\/wp-content\/uploads\/2024\/09\/Rectangle-58-1-1-300x300.png 300w, https:\/\/hellicecoffee.com\/wp-content\/uploads\/2024\/09\/Rectangle-58-1-1-150x150.png 150w, https:\/\/hellicecoffee.com\/wp-content\/uploads\/2024\/09\/Rectangle-58-1-1-768x768.png 768w, https:\/\/hellicecoffee.com\/wp-content\/uploads\/2024\/09\/Rectangle-58-1-1-700x700.png 700w\" sizes=\"(max-width: 800px) 100vw, 800px\" \/>\t\t\t\t\t\t\t\t\t\t\t\t\t\t\t<\/div>\n\t\t\t\t<\/div>\n\t\t\t\t<div class=\"elementor-element elementor-element-888358b front-blue elementor-widget elementor-widget-image\" data-id=\"888358b\" data-element_type=\"widget\" data-e-type=\"widget\" data-widget_type=\"image.default\">\n\t\t\t\t<div class=\"elementor-widget-container\">\n\t\t\t\t\t\t\t\t\t\t\t\t\t\t\t\t<a href=\"#elementor-action%3Aaction%3Dpopup%3Aopen%26settings%3DeyJpZCI6MTc5NzUsInRvZ2dsZSI6ZmFsc2V9\">\n\t\t\t\t\t\t\t<img decoding=\"async\" width=\"533\" height=\"1024\" src=\"https:\/\/hellicecoffee.com\/wp-content\/uploads\/2024\/09\/ICE_COFFEE_can_LATTE_02-533x1024.webp\" class=\"attachment-large size-large wp-image-4779\" alt=\"\" srcset=\"https:\/\/hellicecoffee.com\/wp-content\/uploads\/2024\/09\/ICE_COFFEE_can_LATTE_02-533x1024.webp 533w, https:\/\/hellicecoffee.com\/wp-content\/uploads\/2024\/09\/ICE_COFFEE_can_LATTE_02-156x300.webp 156w, https:\/\/hellicecoffee.com\/wp-content\/uploads\/2024\/09\/ICE_COFFEE_can_LATTE_02-768x1475.webp 768w, https:\/\/hellicecoffee.com\/wp-content\/uploads\/2024\/09\/ICE_COFFEE_can_LATTE_02-800x1536.webp 800w, https:\/\/hellicecoffee.com\/wp-content\/uploads\/2024\/09\/ICE_COFFEE_can_LATTE_02.webp 1000w\" sizes=\"(max-width: 533px) 100vw, 533px\" \/>\t\t\t\t\t\t\t\t<\/a>\n\t\t\t\t\t\t\t\t\t\t\t\t\t\t\t<\/div>\n\t\t\t\t<\/div>\n\t\t\t\t<div class=\"elementor-element elementor-element-f838fa0 elementor-widget elementor-widget-text-editor\" data-id=\"f838fa0\" data-element_type=\"widget\" data-e-type=\"widget\" data-widget_type=\"text-editor.default\">\n\t\t\t\t<div class=\"elementor-widget-container\">\n\t\t\t\t\t\t\t\t\t<p>HELL ICE COFFEE<br>LATTE<\/p>\r\n\t\t\t\t\t\t\t\t<\/div>\n\t\t\t\t<\/div>\n\t\t\t\t<\/div>\n\t\t<div class=\"elementor-element elementor-element-43193b54 e-con-full img-close e-flex e-con e-child\" data-id=\"43193b54\" data-element_type=\"container\" data-e-type=\"container\" id=\"coffe-2\">\n\t\t\t\t<div class=\"elementor-element elementor-element-5b00c6f0 elementor-absolute back-blue elementor-widget elementor-widget-image\" data-id=\"5b00c6f0\" data-element_type=\"widget\" data-e-type=\"widget\" data-settings=\"{&quot;_position&quot;:&quot;absolute&quot;}\" data-widget_type=\"image.default\">\n\t\t\t\t<div class=\"elementor-widget-container\">\n\t\t\t\t\t\t\t\t\t\t\t\t\t\t\t<img decoding=\"async\" width=\"800\" height=\"800\" src=\"https:\/\/hellicecoffee.com\/wp-content\/uploads\/2024\/09\/Rectangle-58-4-1.png\" class=\"attachment-large size-large wp-image-4745\" alt=\"\" srcset=\"https:\/\/hellicecoffee.com\/wp-content\/uploads\/2024\/09\/Rectangle-58-4-1.png 1002w, https:\/\/hellicecoffee.com\/wp-content\/uploads\/2024\/09\/Rectangle-58-4-1-300x300.png 300w, https:\/\/hellicecoffee.com\/wp-content\/uploads\/2024\/09\/Rectangle-58-4-1-150x150.png 150w, https:\/\/hellicecoffee.com\/wp-content\/uploads\/2024\/09\/Rectangle-58-4-1-768x768.png 768w, https:\/\/hellicecoffee.com\/wp-content\/uploads\/2024\/09\/Rectangle-58-4-1-700x700.png 700w\" sizes=\"(max-width: 800px) 100vw, 800px\" \/>\t\t\t\t\t\t\t\t\t\t\t\t\t\t\t<\/div>\n\t\t\t\t<\/div>\n\t\t\t\t<div class=\"elementor-element elementor-element-5563dfb2 front-blue elementor-widget elementor-widget-image\" data-id=\"5563dfb2\" data-element_type=\"widget\" data-e-type=\"widget\" data-widget_type=\"image.default\">\n\t\t\t\t<div class=\"elementor-widget-container\">\n\t\t\t\t\t\t\t\t\t\t\t\t\t\t\t\t<a href=\"#elementor-action%3Aaction%3Dpopup%3Aopen%26settings%3DeyJpZCI6MTc5NzUsInRvZ2dsZSI6ZmFsc2V9\">\n\t\t\t\t\t\t\t<img loading=\"lazy\" decoding=\"async\" width=\"533\" height=\"1024\" src=\"https:\/\/hellicecoffee.com\/wp-content\/uploads\/2024\/09\/ICE_COFFEE_can_CAPPUCCINO_02-533x1024.png\" class=\"attachment-large size-large wp-image-4757\" alt=\"\" srcset=\"https:\/\/hellicecoffee.com\/wp-content\/uploads\/2024\/09\/ICE_COFFEE_can_CAPPUCCINO_02-533x1024.png 533w, https:\/\/hellicecoffee.com\/wp-content\/uploads\/2024\/09\/ICE_COFFEE_can_CAPPUCCINO_02-156x300.png 156w, https:\/\/hellicecoffee.com\/wp-content\/uploads\/2024\/09\/ICE_COFFEE_can_CAPPUCCINO_02-768x1475.png 768w, https:\/\/hellicecoffee.com\/wp-content\/uploads\/2024\/09\/ICE_COFFEE_can_CAPPUCCINO_02-800x1536.png 800w, https:\/\/hellicecoffee.com\/wp-content\/uploads\/2024\/09\/ICE_COFFEE_can_CAPPUCCINO_02-1067x2048.png 1067w, https:\/\/hellicecoffee.com\/wp-content\/uploads\/2024\/09\/ICE_COFFEE_can_CAPPUCCINO_02.png 1600w\" sizes=\"(max-width: 533px) 100vw, 533px\" \/>\t\t\t\t\t\t\t\t<\/a>\n\t\t\t\t\t\t\t\t\t\t\t\t\t\t\t<\/div>\n\t\t\t\t<\/div>\n\t\t\t\t<div class=\"elementor-element elementor-element-4dcbeb6c elementor-widget elementor-widget-text-editor\" data-id=\"4dcbeb6c\" data-element_type=\"widget\" data-e-type=\"widget\" data-widget_type=\"text-editor.default\">\n\t\t\t\t<div class=\"elementor-widget-container\">\n\t\t\t\t\t\t\t\t\t<p>HELL ICE COFFEE<br>CAPPUCCINO<\/p>\r\n\t\t\t\t\t\t\t\t<\/div>\n\t\t\t\t<\/div>\n\t\t\t\t<\/div>\n\t\t\t\t<\/div>\n\t\t\t\t\t<\/div>\n\t\t\t\t<\/div>\n\t\t<div class=\"elementor-element elementor-element-61198c8a e-flex e-con-boxed e-con e-parent\" data-id=\"61198c8a\" data-element_type=\"container\" data-e-type=\"container\">\n\t\t\t\t\t<div class=\"e-con-inner\">\n\t\t\t\t<div class=\"elementor-element elementor-element-6ee32783 elementor-widget elementor-widget-html\" data-id=\"6ee32783\" data-element_type=\"widget\" data-e-type=\"widget\" data-widget_type=\"html.default\">\n\t\t\t\t<div class=\"elementor-widget-container\">\n\t\t\t\t\t<script>jQuery(document).ready(function() {\r\njQuery('#coffe-2').on(\"click\", function() {\r\n    setTimeout(function() {\r\n        jQuery('.slick-slide').css('transform', 'translate3d(-100%, 0px, 0px)');\r\n    }, 100); \/\/ Adjust the delay as needed\r\n});\r\n\r\njQuery('#coffe-3').on(\"click\", function() {\r\n    setTimeout(function() {\r\n        jQuery('.slick-slide').css('transform', 'translate3d(-200%, 0px, 0px)');\r\n    }, 100); \/\/ Adjust the delay as needed\r\n});\r\n\r\njQuery('#coffe-4').on(\"click\", function() {\r\n    setTimeout(function() {\r\n        jQuery('.slick-slide').css('transform', 'translate3d(-300%, 0px, 0px)');\r\n    }, 100); \/\/ Adjust the delay as needed\r\n});\r\n\r\njQuery('#coffe-5').on(\"click\", function() {\r\n    setTimeout(function() {\r\n        jQuery('.slick-slide').css('transform', 'translate3d(-400%, 0px, 0px)');\r\n    }, 100); \/\/ Adjust the delay as needed\r\n});\r\n\r\njQuery('#coffe-6').on(\"click\", function() {\r\n    setTimeout(function() {\r\n        jQuery('.slick-slide').css('transform', 'translate3d(-500%, 0px, 0px)');\r\n    }, 100); \/\/ Adjust the delay as needed\r\n});\r\n\r\njQuery('#coffe-7').on(\"click\", function() {\r\n    setTimeout(function() {\r\n        jQuery('.slick-slide').css('transform', 'translate3d(-600%, 0px, 0px)');\r\n    }, 100); \/\/ Adjust the delay as needed\r\n});\r\n\r\njQuery('#coffe-8').on(\"click\", function() {\r\n    setTimeout(function() {\r\n        jQuery('.slick-slide').css('transform', 'translate3d(-700%, 0px, 0px)');\r\n    }, 100); \/\/ Adjust the delay as needed\r\n});\r\n\r\n\r\n});\r\n<\/script>\t\t\t\t<\/div>\n\t\t\t\t<\/div>\n\t\t\t\t\t<\/div>\n\t\t\t\t<\/div>\n\t\t\t\t<\/div>\n\t\t","protected":false},"excerpt":{"rendered":"<p>HELL ICE COFFEELATTE HELL ICE COFFEECAPPUCCINO<\/p>\n","protected":false},"author":1,"featured_media":17905,"parent":0,"menu_order":0,"comment_status":"closed","ping_status":"closed","template":"elementor_header_footer","meta":{"footnotes":""},"class_list":["post-17907","page","type-page","status-publish","has-post-thumbnail","hentry"],"yoast_head":"<!-- This site is optimized with the Yoast SEO plugin v27.2 - https:\/\/yoast.com\/product\/yoast-seo-wordpress\/ -->\n<title>Produse HELL ICE COFFEE - cafele cu ghea\u021b\u0103 premium, arome delicioase<\/title>\n<meta name=\"description\" content=\"Descoper\u0103 gama de produse HELL ICE COFFEE! Gust\u0103 cafelele noastre cu ghea\u021b\u0103 unice, cum ar fi latte, cappuccino sau b\u0103uturile cu arom\u0103 de turt\u0103 dulce. Gust r\u0103coritor \u0219i experien\u021b\u0103 delicioas\u0103 \u00een fiecare \u00eenghi\u021bitur\u0103, la doze de aluminiu\" \/>\n<meta name=\"robots\" content=\"index, follow, max-snippet:-1, max-image-preview:large, max-video-preview:-1\" \/>\n<link rel=\"canonical\" href=\"https:\/\/hellicecoffee.com\/md\/products\/\" \/>\n<meta property=\"og:locale\" content=\"en_US\" \/>\n<meta property=\"og:type\" content=\"article\" \/>\n<meta property=\"og:title\" content=\"Produse HELL ICE COFFEE - cafele cu ghea\u021b\u0103 premium, arome delicioase\" \/>\n<meta property=\"og:description\" content=\"Descoper\u0103 gama de produse HELL ICE COFFEE! Gust\u0103 cafelele noastre cu ghea\u021b\u0103 unice, cum ar fi latte, cappuccino sau b\u0103uturile cu arom\u0103 de turt\u0103 dulce. Gust r\u0103coritor \u0219i experien\u021b\u0103 delicioas\u0103 \u00een fiecare \u00eenghi\u021bitur\u0103, la doze de aluminiu\" \/>\n<meta property=\"og:url\" content=\"https:\/\/hellicecoffee.com\/md\/products\/\" \/>\n<meta property=\"og:site_name\" content=\"HELL ICE COFFEE\" \/>\n<meta property=\"article:modified_time\" content=\"2026-02-17T14:51:30+00:00\" \/>\n<meta property=\"og:image\" content=\"https:\/\/hellicecoffee.com\/wp-content\/uploads\/2024\/09\/Blog-Megujult-a-jegeskave-termekcsalad-1-1024x576.jpg\" \/>\n<meta name=\"twitter:card\" content=\"summary_large_image\" \/>\n<meta name=\"twitter:label1\" content=\"Est. reading time\" \/>\n\t<meta name=\"twitter:data1\" content=\"1 minute\" \/>\n<script type=\"application\/ld+json\" class=\"yoast-schema-graph\">{\"@context\":\"https:\/\/schema.org\",\"@graph\":[{\"@type\":\"WebPage\",\"@id\":\"https:\/\/hellicecoffee.com\/md\/products\/\",\"url\":\"https:\/\/hellicecoffee.com\/md\/products\/\",\"name\":\"Produse HELL ICE COFFEE - cafele cu ghea\u021b\u0103 premium, arome delicioase\",\"isPartOf\":{\"@id\":\"https:\/\/hellicecoffee.com\/md\/#website\"},\"primaryImageOfPage\":{\"@id\":\"https:\/\/hellicecoffee.com\/md\/products\/#primaryimage\"},\"image\":{\"@id\":\"https:\/\/hellicecoffee.com\/md\/products\/#primaryimage\"},\"thumbnailUrl\":\"https:\/\/hellicecoffee.com\/wp-content\/uploads\/2024\/09\/Blog-Megujult-a-jegeskave-termekcsalad-2.jpg\",\"datePublished\":\"2024-08-15T11:48:16+00:00\",\"dateModified\":\"2026-02-17T14:51:30+00:00\",\"description\":\"Descoper\u0103 gama de produse HELL ICE COFFEE! Gust\u0103 cafelele noastre cu ghea\u021b\u0103 unice, cum ar fi latte, cappuccino sau b\u0103uturile cu arom\u0103 de turt\u0103 dulce. Gust r\u0103coritor \u0219i experien\u021b\u0103 delicioas\u0103 \u00een fiecare \u00eenghi\u021bitur\u0103, la doze de aluminiu\",\"breadcrumb\":{\"@id\":\"https:\/\/hellicecoffee.com\/md\/products\/#breadcrumb\"},\"inLanguage\":\"md\",\"potentialAction\":[{\"@type\":\"ReadAction\",\"target\":[\"https:\/\/hellicecoffee.com\/md\/products\/\"]}]},{\"@type\":\"ImageObject\",\"inLanguage\":\"md\",\"@id\":\"https:\/\/hellicecoffee.com\/md\/products\/#primaryimage\",\"url\":\"https:\/\/hellicecoffee.com\/wp-content\/uploads\/2024\/09\/Blog-Megujult-a-jegeskave-termekcsalad-2.jpg\",\"contentUrl\":\"https:\/\/hellicecoffee.com\/wp-content\/uploads\/2024\/09\/Blog-Megujult-a-jegeskave-termekcsalad-2.jpg\",\"width\":1980,\"height\":1113},{\"@type\":\"BreadcrumbList\",\"@id\":\"https:\/\/hellicecoffee.com\/md\/products\/#breadcrumb\",\"itemListElement\":[{\"@type\":\"ListItem\",\"position\":1,\"name\":\"Kezd\u0151lap\",\"item\":\"https:\/\/hellicecoffee.com\/md\/\"},{\"@type\":\"ListItem\",\"position\":2,\"name\":\"Produse\"}]},{\"@type\":\"WebSite\",\"@id\":\"https:\/\/hellicecoffee.com\/md\/#website\",\"url\":\"https:\/\/hellicecoffee.com\/md\/\",\"name\":\"HELL ICE COFFE\",\"description\":\"Val\u00f3di k\u00e1v\u00e9\u00e9lm\u00e9ny k\u00f6nnyed\u00e9n\",\"publisher\":{\"@id\":\"https:\/\/hellicecoffee.com\/md\/#organization\"},\"potentialAction\":[{\"@type\":\"SearchAction\",\"target\":{\"@type\":\"EntryPoint\",\"urlTemplate\":\"https:\/\/hellicecoffee.com\/md\/?s={search_term_string}\"},\"query-input\":{\"@type\":\"PropertyValueSpecification\",\"valueRequired\":true,\"valueName\":\"search_term_string\"}}],\"inLanguage\":\"md\"},{\"@type\":\"Organization\",\"@id\":\"https:\/\/hellicecoffee.com\/md\/#organization\",\"name\":\"HELL ICE COFFE\",\"url\":\"https:\/\/hellicecoffee.com\/md\/\",\"logo\":{\"@type\":\"ImageObject\",\"inLanguage\":\"md\",\"@id\":\"https:\/\/hellicecoffee.com\/md\/#\/schema\/logo\/image\/\",\"url\":\"https:\/\/hellicecoffee.com\/wp-content\/uploads\/2024\/07\/Group-30-2.png\",\"contentUrl\":\"https:\/\/hellicecoffee.com\/wp-content\/uploads\/2024\/07\/Group-30-2.png\",\"width\":181,\"height\":194,\"caption\":\"HELL ICE COFFE\"},\"image\":{\"@id\":\"https:\/\/hellicecoffee.com\/md\/#\/schema\/logo\/image\/\"}}]}<\/script>\n<!-- \/ Yoast SEO plugin. -->","yoast_head_json":{"title":"Produse HELL ICE COFFEE - cafele cu ghea\u021b\u0103 premium, arome delicioase","description":"Descoper\u0103 gama de produse HELL ICE COFFEE! Gust\u0103 cafelele noastre cu ghea\u021b\u0103 unice, cum ar fi latte, cappuccino sau b\u0103uturile cu arom\u0103 de turt\u0103 dulce. Gust r\u0103coritor \u0219i experien\u021b\u0103 delicioas\u0103 \u00een fiecare \u00eenghi\u021bitur\u0103, la doze de aluminiu","robots":{"index":"index","follow":"follow","max-snippet":"max-snippet:-1","max-image-preview":"max-image-preview:large","max-video-preview":"max-video-preview:-1"},"canonical":"https:\/\/hellicecoffee.com\/md\/products\/","og_locale":"en_US","og_type":"article","og_title":"Produse HELL ICE COFFEE - cafele cu ghea\u021b\u0103 premium, arome delicioase","og_description":"Descoper\u0103 gama de produse HELL ICE COFFEE! Gust\u0103 cafelele noastre cu ghea\u021b\u0103 unice, cum ar fi latte, cappuccino sau b\u0103uturile cu arom\u0103 de turt\u0103 dulce. Gust r\u0103coritor \u0219i experien\u021b\u0103 delicioas\u0103 \u00een fiecare \u00eenghi\u021bitur\u0103, la doze de aluminiu","og_url":"https:\/\/hellicecoffee.com\/md\/products\/","og_site_name":"HELL ICE COFFEE","article_modified_time":"2026-02-17T14:51:30+00:00","og_image":[{"url":"https:\/\/hellicecoffee.com\/wp-content\/uploads\/2024\/09\/Blog-Megujult-a-jegeskave-termekcsalad-1-1024x576.jpg","type":"","width":"","height":""}],"twitter_card":"summary_large_image","twitter_misc":{"Est. reading time":"1 minute"},"schema":{"@context":"https:\/\/schema.org","@graph":[{"@type":"WebPage","@id":"https:\/\/hellicecoffee.com\/md\/products\/","url":"https:\/\/hellicecoffee.com\/md\/products\/","name":"Produse HELL ICE COFFEE - cafele cu ghea\u021b\u0103 premium, arome delicioase","isPartOf":{"@id":"https:\/\/hellicecoffee.com\/md\/#website"},"primaryImageOfPage":{"@id":"https:\/\/hellicecoffee.com\/md\/products\/#primaryimage"},"image":{"@id":"https:\/\/hellicecoffee.com\/md\/products\/#primaryimage"},"thumbnailUrl":"https:\/\/hellicecoffee.com\/wp-content\/uploads\/2024\/09\/Blog-Megujult-a-jegeskave-termekcsalad-2.jpg","datePublished":"2024-08-15T11:48:16+00:00","dateModified":"2026-02-17T14:51:30+00:00","description":"Descoper\u0103 gama de produse HELL ICE COFFEE! Gust\u0103 cafelele noastre cu ghea\u021b\u0103 unice, cum ar fi latte, cappuccino sau b\u0103uturile cu arom\u0103 de turt\u0103 dulce. Gust r\u0103coritor \u0219i experien\u021b\u0103 delicioas\u0103 \u00een fiecare \u00eenghi\u021bitur\u0103, la doze de aluminiu","breadcrumb":{"@id":"https:\/\/hellicecoffee.com\/md\/products\/#breadcrumb"},"inLanguage":"md","potentialAction":[{"@type":"ReadAction","target":["https:\/\/hellicecoffee.com\/md\/products\/"]}]},{"@type":"ImageObject","inLanguage":"md","@id":"https:\/\/hellicecoffee.com\/md\/products\/#primaryimage","url":"https:\/\/hellicecoffee.com\/wp-content\/uploads\/2024\/09\/Blog-Megujult-a-jegeskave-termekcsalad-2.jpg","contentUrl":"https:\/\/hellicecoffee.com\/wp-content\/uploads\/2024\/09\/Blog-Megujult-a-jegeskave-termekcsalad-2.jpg","width":1980,"height":1113},{"@type":"BreadcrumbList","@id":"https:\/\/hellicecoffee.com\/md\/products\/#breadcrumb","itemListElement":[{"@type":"ListItem","position":1,"name":"Kezd\u0151lap","item":"https:\/\/hellicecoffee.com\/md\/"},{"@type":"ListItem","position":2,"name":"Produse"}]},{"@type":"WebSite","@id":"https:\/\/hellicecoffee.com\/md\/#website","url":"https:\/\/hellicecoffee.com\/md\/","name":"HELL ICE COFFE","description":"Val\u00f3di k\u00e1v\u00e9\u00e9lm\u00e9ny k\u00f6nnyed\u00e9n","publisher":{"@id":"https:\/\/hellicecoffee.com\/md\/#organization"},"potentialAction":[{"@type":"SearchAction","target":{"@type":"EntryPoint","urlTemplate":"https:\/\/hellicecoffee.com\/md\/?s={search_term_string}"},"query-input":{"@type":"PropertyValueSpecification","valueRequired":true,"valueName":"search_term_string"}}],"inLanguage":"md"},{"@type":"Organization","@id":"https:\/\/hellicecoffee.com\/md\/#organization","name":"HELL ICE COFFE","url":"https:\/\/hellicecoffee.com\/md\/","logo":{"@type":"ImageObject","inLanguage":"md","@id":"https:\/\/hellicecoffee.com\/md\/#\/schema\/logo\/image\/","url":"https:\/\/hellicecoffee.com\/wp-content\/uploads\/2024\/07\/Group-30-2.png","contentUrl":"https:\/\/hellicecoffee.com\/wp-content\/uploads\/2024\/07\/Group-30-2.png","width":181,"height":194,"caption":"HELL ICE COFFE"},"image":{"@id":"https:\/\/hellicecoffee.com\/md\/#\/schema\/logo\/image\/"}}]}},"_links":{"self":[{"href":"https:\/\/hellicecoffee.com\/md\/wp-json\/wp\/v2\/pages\/17907","targetHints":{"allow":["GET"]}}],"collection":[{"href":"https:\/\/hellicecoffee.com\/md\/wp-json\/wp\/v2\/pages"}],"about":[{"href":"https:\/\/hellicecoffee.com\/md\/wp-json\/wp\/v2\/types\/page"}],"author":[{"embeddable":true,"href":"https:\/\/hellicecoffee.com\/md\/wp-json\/wp\/v2\/users\/1"}],"replies":[{"embeddable":true,"href":"https:\/\/hellicecoffee.com\/md\/wp-json\/wp\/v2\/comments?post=17907"}],"version-history":[{"count":12,"href":"https:\/\/hellicecoffee.com\/md\/wp-json\/wp\/v2\/pages\/17907\/revisions"}],"predecessor-version":[{"id":18000,"href":"https:\/\/hellicecoffee.com\/md\/wp-json\/wp\/v2\/pages\/17907\/revisions\/18000"}],"wp:featuredmedia":[{"embeddable":true,"href":"https:\/\/hellicecoffee.com\/md\/wp-json\/wp\/v2\/media\/17905"}],"wp:attachment":[{"href":"https:\/\/hellicecoffee.com\/md\/wp-json\/wp\/v2\/media?parent=17907"}],"curies":[{"name":"wp","href":"https:\/\/api.w.org\/{rel}","templated":true}]}}