{"id":8779,"date":"2024-10-18T12:17:11","date_gmt":"2024-10-18T10:17:11","guid":{"rendered":"https:\/\/hellicecoffee.com\/coffee-factory\/"},"modified":"2026-01-29T23:05:37","modified_gmt":"2026-01-29T22:05:37","slug":"coffee-factory","status":"publish","type":"page","link":"https:\/\/hellicecoffee.com\/se\/coffee-factory\/","title":{"rendered":"Kaffefabrik"},"content":{"rendered":"\t\t<div data-elementor-type=\"wp-page\" data-elementor-id=\"8779\" class=\"elementor elementor-8779 elementor-8631\" data-elementor-post-type=\"page\">\n\t\t\t\t<div class=\"elementor-element elementor-element-7a38388 e-flex e-con-boxed e-con e-parent\" data-id=\"7a38388\" data-element_type=\"container\" data-e-type=\"container\" data-settings=\"{&quot;background_background&quot;:&quot;classic&quot;}\">\n\t\t\t\t\t<div class=\"e-con-inner\">\n\t\t\t\t<div class=\"elementor-element elementor-element-238d472 elementor-widget elementor-widget-theme-post-title elementor-page-title elementor-widget-heading\" data-id=\"238d472\" data-element_type=\"widget\" data-e-type=\"widget\" data-widget_type=\"theme-post-title.default\">\n\t\t\t\t<div class=\"elementor-widget-container\">\n\t\t\t\t\t<h1 class=\"elementor-heading-title elementor-size-default\">Kaffefabrik<\/h1>\t\t\t\t<\/div>\n\t\t\t\t<\/div>\n\t\t\t\t\t<\/div>\n\t\t\t\t<\/div>\n\t\t<div class=\"elementor-element elementor-element-5c1a81e e-flex e-con-boxed e-con e-parent\" data-id=\"5c1a81e\" data-element_type=\"container\" data-e-type=\"container\" data-settings=\"{&quot;background_background&quot;:&quot;classic&quot;}\">\n\t\t\t\t\t<div class=\"e-con-inner\">\n\t\t<div class=\"elementor-element elementor-element-c204abf e-con-full e-flex e-con e-child\" data-id=\"c204abf\" data-element_type=\"container\" data-e-type=\"container\">\n\t\t\t\t<div class=\"elementor-element elementor-element-cc0e44c elementor-widget elementor-widget-heading\" data-id=\"cc0e44c\" data-element_type=\"widget\" data-e-type=\"widget\" data-widget_type=\"heading.default\">\n\t\t\t\t<div class=\"elementor-widget-container\">\n\t\t\t\t\t<h2 class=\"elementor-heading-title elementor-size-default\">Kaffefabrik<\/h2>\t\t\t\t<\/div>\n\t\t\t\t<\/div>\n\t\t\t\t<div class=\"elementor-element elementor-element-d93e303 elementor-widget elementor-widget-text-editor\" data-id=\"d93e303\" data-element_type=\"widget\" data-e-type=\"widget\" data-widget_type=\"text-editor.default\">\n\t\t\t\t<div class=\"elementor-widget-container\">\n\t\t\t\t\t\t\t\t\t<h2>Fabrik<\/h2>\r\nHELLs fabrik har nu vuxit till den st\u00f6rsta i v\u00e4rlden. Detta betyder att det \u00e4r v\u00e4rldens st\u00f6rsta toppmoderna j\u00e4ttefabrik i en sam\u00e4gd koncern, som tillverkar och fyller dryckesburkar i aluminium. Efter \u00f6ppningen av den nya enheten disponerar fabrikskomplexet HELL en yta p\u00e5 sammanlagt 83 hektar (830 000 kvadratmeter).\r\n\r\nGenom den nya enheten har v\u00e5r fabrik expanderat ytterligare, vilket tagit produktionsverksamheten till en niv\u00e5 p\u00e5 upp till 10 miljarder dryckesf\u00f6rpackningar \u00e5rligen, varav 4 miljarder burkar och 6 miljarder fyllda produkter. Det inneb\u00e4r att vi kan hantera upp till 31 miljoner aluminiumburkar per dag, varav 13 miljoner tillverkas och 18 miljoner fylls. Dessutom kan vi nu \u00e4ven producera aluminiumburkar i storleken 500 ml, vilket ytterligare ut\u00f6kat det breda produktsortimentet.\r\n\r\nV\u00e5rt moderna och teknologiskt avancerade fabrikskomplex producerar \u00e4ven mj\u00f6lkbaserade drycker i aluminiumburkar. Den 11 880 kvadratmeter stora anl\u00e4ggningen kan producera upp till 50 000 burkar h\u00f6gkvalitativt kaffe per timme med uteslutande mj\u00f6lk fr\u00e5n ungerska bondg\u00e5rdar. V\u00e5r anl\u00e4ggning, som \u00e4r byggd i samarbete med spanska, holl\u00e4ndska och tyska teknikpartner, kan fylla upp till 300 miljoner burkar iskaffe \u00e5rligen.\t\t\t\t\t\t\t\t<\/div>\n\t\t\t\t<\/div>\n\t\t\t\t<div class=\"elementor-element elementor-element-b2e2430 elementor-widget elementor-widget-image\" data-id=\"b2e2430\" data-element_type=\"widget\" data-e-type=\"widget\" data-widget_type=\"image.default\">\n\t\t\t\t<div class=\"elementor-widget-container\">\n\t\t\t\t\t\t\t\t\t\t\t\t\t\t\t<img fetchpriority=\"high\" decoding=\"async\" width=\"1536\" height=\"915\" src=\"https:\/\/hellicecoffee.com\/wp-content\/uploads\/2024\/10\/HELL-Gyar-44-fuves-1-1536x915.webp\" class=\"attachment-1536x1536 size-1536x1536 wp-image-8650\" alt=\"\" srcset=\"https:\/\/hellicecoffee.com\/wp-content\/uploads\/2024\/10\/HELL-Gyar-44-fuves-1-1536x915.webp 1536w, https:\/\/hellicecoffee.com\/wp-content\/uploads\/2024\/10\/HELL-Gyar-44-fuves-1-300x179.webp 300w, https:\/\/hellicecoffee.com\/wp-content\/uploads\/2024\/10\/HELL-Gyar-44-fuves-1-1024x610.webp 1024w, https:\/\/hellicecoffee.com\/wp-content\/uploads\/2024\/10\/HELL-Gyar-44-fuves-1-768x457.webp 768w, https:\/\/hellicecoffee.com\/wp-content\/uploads\/2024\/10\/HELL-Gyar-44-fuves-1.webp 1748w\" sizes=\"(max-width: 1536px) 100vw, 1536px\" \/>\t\t\t\t\t\t\t\t\t\t\t\t\t\t\t<\/div>\n\t\t\t\t<\/div>\n\t\t\t\t<\/div>\n\t\t\t\t\t<\/div>\n\t\t\t\t<\/div>\n\t\t\t\t<\/div>\n\t\t","protected":false},"excerpt":{"rendered":"<p>Kaffefabrik Fabrik HELLs fabrik har nu vuxit till den st\u00f6rsta i v\u00e4rlden. Detta betyder att det \u00e4r v\u00e4rldens st\u00f6rsta toppmoderna j\u00e4ttefabrik i en sam\u00e4gd koncern, som tillverkar och fyller dryckesburkar i aluminium. Efter \u00f6ppningen av den nya enheten disponerar fabrikskomplexet HELL en yta p\u00e5 sammanlagt 83 hektar (830 000 kvadratmeter). Genom den nya enheten har [&hellip;]<\/p>\n","protected":false},"author":1,"featured_media":8665,"parent":0,"menu_order":0,"comment_status":"closed","ping_status":"closed","template":"elementor_header_footer","meta":{"footnotes":""},"class_list":["post-8779","page","type-page","status-publish","has-post-thumbnail","hentry"],"yoast_head":"<!-- This site is optimized with the Yoast SEO plugin v27.2 - https:\/\/yoast.com\/product\/yoast-seo-wordpress\/ -->\n<title>HELL ICE COFFEE-fabriken: En av de modernaste produktionsanl\u00e4ggningarna f\u00f6r kaffedrycker i Ungern<\/title>\n<meta name=\"description\" content=\"Ta del av den senaste utvecklingen p\u00e5 HELL ICE COFFEE-fabriken! L\u00e4r k\u00e4nna en av v\u00e4rldens st\u00f6rsta moderna tillverkningsanl\u00e4ggningar f\u00f6r mj\u00f6lkkaffedrycker.\" \/>\n<meta name=\"robots\" content=\"index, follow, max-snippet:-1, max-image-preview:large, max-video-preview:-1\" \/>\n<link rel=\"canonical\" href=\"https:\/\/hellicecoffee.com\/se\/coffee-factory\/\" \/>\n<meta property=\"og:locale\" content=\"en_US\" \/>\n<meta property=\"og:type\" content=\"article\" \/>\n<meta property=\"og:title\" content=\"HELL ICE COFFEE-fabriken: En av de modernaste produktionsanl\u00e4ggningarna f\u00f6r kaffedrycker i Ungern\" \/>\n<meta property=\"og:description\" content=\"Ta del av den senaste utvecklingen p\u00e5 HELL ICE COFFEE-fabriken! L\u00e4r k\u00e4nna en av v\u00e4rldens st\u00f6rsta moderna tillverkningsanl\u00e4ggningar f\u00f6r mj\u00f6lkkaffedrycker.\" \/>\n<meta property=\"og:url\" content=\"https:\/\/hellicecoffee.com\/se\/coffee-factory\/\" \/>\n<meta property=\"og:site_name\" content=\"HELL ICE COFFEE\" \/>\n<meta property=\"article:modified_time\" content=\"2026-01-29T22:05:37+00:00\" \/>\n<meta property=\"og:image\" content=\"https:\/\/hellicecoffee.com\/wp-content\/uploads\/2024\/10\/Kep-17.webp\" \/>\n\t<meta property=\"og:image:width\" content=\"1920\" \/>\n\t<meta property=\"og:image:height\" content=\"800\" \/>\n\t<meta property=\"og:image:type\" content=\"image\/webp\" \/>\n<meta name=\"twitter:card\" content=\"summary_large_image\" \/>\n<meta name=\"twitter:label1\" content=\"Est. reading time\" \/>\n\t<meta name=\"twitter:data1\" content=\"2 minutes\" \/>\n<script type=\"application\/ld+json\" class=\"yoast-schema-graph\">{\"@context\":\"https:\/\/schema.org\",\"@graph\":[{\"@type\":\"WebPage\",\"@id\":\"https:\/\/hellicecoffee.com\/se\/coffee-factory\/\",\"url\":\"https:\/\/hellicecoffee.com\/se\/coffee-factory\/\",\"name\":\"HELL ICE COFFEE-fabriken: En av de modernaste produktionsanl\u00e4ggningarna f\u00f6r kaffedrycker i Ungern\",\"isPartOf\":{\"@id\":\"https:\/\/hellicecoffee.com\/se\/#website\"},\"primaryImageOfPage\":{\"@id\":\"https:\/\/hellicecoffee.com\/se\/coffee-factory\/#primaryimage\"},\"image\":{\"@id\":\"https:\/\/hellicecoffee.com\/se\/coffee-factory\/#primaryimage\"},\"thumbnailUrl\":\"https:\/\/hellicecoffee.com\/wp-content\/uploads\/2024\/10\/Kep-17.webp\",\"datePublished\":\"2024-10-18T10:17:11+00:00\",\"dateModified\":\"2026-01-29T22:05:37+00:00\",\"description\":\"Ta del av den senaste utvecklingen p\u00e5 HELL ICE COFFEE-fabriken! L\u00e4r k\u00e4nna en av v\u00e4rldens st\u00f6rsta moderna tillverkningsanl\u00e4ggningar f\u00f6r mj\u00f6lkkaffedrycker.\",\"breadcrumb\":{\"@id\":\"https:\/\/hellicecoffee.com\/se\/coffee-factory\/#breadcrumb\"},\"inLanguage\":\"sv\",\"potentialAction\":[{\"@type\":\"ReadAction\",\"target\":[\"https:\/\/hellicecoffee.com\/se\/coffee-factory\/\"]}]},{\"@type\":\"ImageObject\",\"inLanguage\":\"sv\",\"@id\":\"https:\/\/hellicecoffee.com\/se\/coffee-factory\/#primaryimage\",\"url\":\"https:\/\/hellicecoffee.com\/wp-content\/uploads\/2024\/10\/Kep-17.webp\",\"contentUrl\":\"https:\/\/hellicecoffee.com\/wp-content\/uploads\/2024\/10\/Kep-17.webp\",\"width\":1920,\"height\":800},{\"@type\":\"BreadcrumbList\",\"@id\":\"https:\/\/hellicecoffee.com\/se\/coffee-factory\/#breadcrumb\",\"itemListElement\":[{\"@type\":\"ListItem\",\"position\":1,\"name\":\"Kezd\u0151lap\",\"item\":\"https:\/\/hellicecoffee.com\/se\/\"},{\"@type\":\"ListItem\",\"position\":2,\"name\":\"Kaffefabrik\"}]},{\"@type\":\"WebSite\",\"@id\":\"https:\/\/hellicecoffee.com\/se\/#website\",\"url\":\"https:\/\/hellicecoffee.com\/se\/\",\"name\":\"HELL ICE COFFE\",\"description\":\"Val\u00f3di k\u00e1v\u00e9\u00e9lm\u00e9ny k\u00f6nnyed\u00e9n\",\"publisher\":{\"@id\":\"https:\/\/hellicecoffee.com\/se\/#organization\"},\"potentialAction\":[{\"@type\":\"SearchAction\",\"target\":{\"@type\":\"EntryPoint\",\"urlTemplate\":\"https:\/\/hellicecoffee.com\/se\/?s={search_term_string}\"},\"query-input\":{\"@type\":\"PropertyValueSpecification\",\"valueRequired\":true,\"valueName\":\"search_term_string\"}}],\"inLanguage\":\"sv\"},{\"@type\":\"Organization\",\"@id\":\"https:\/\/hellicecoffee.com\/se\/#organization\",\"name\":\"HELL ICE COFFE\",\"url\":\"https:\/\/hellicecoffee.com\/se\/\",\"logo\":{\"@type\":\"ImageObject\",\"inLanguage\":\"sv\",\"@id\":\"https:\/\/hellicecoffee.com\/se\/#\/schema\/logo\/image\/\",\"url\":\"https:\/\/hellicecoffee.com\/wp-content\/uploads\/2024\/07\/Group-30-2.png\",\"contentUrl\":\"https:\/\/hellicecoffee.com\/wp-content\/uploads\/2024\/07\/Group-30-2.png\",\"width\":181,\"height\":194,\"caption\":\"HELL ICE COFFE\"},\"image\":{\"@id\":\"https:\/\/hellicecoffee.com\/se\/#\/schema\/logo\/image\/\"}}]}<\/script>\n<!-- \/ Yoast SEO plugin. -->","yoast_head_json":{"title":"HELL ICE COFFEE-fabriken: En av de modernaste produktionsanl\u00e4ggningarna f\u00f6r kaffedrycker i Ungern","description":"Ta del av den senaste utvecklingen p\u00e5 HELL ICE COFFEE-fabriken! L\u00e4r k\u00e4nna en av v\u00e4rldens st\u00f6rsta moderna tillverkningsanl\u00e4ggningar f\u00f6r mj\u00f6lkkaffedrycker.","robots":{"index":"index","follow":"follow","max-snippet":"max-snippet:-1","max-image-preview":"max-image-preview:large","max-video-preview":"max-video-preview:-1"},"canonical":"https:\/\/hellicecoffee.com\/se\/coffee-factory\/","og_locale":"en_US","og_type":"article","og_title":"HELL ICE COFFEE-fabriken: En av de modernaste produktionsanl\u00e4ggningarna f\u00f6r kaffedrycker i Ungern","og_description":"Ta del av den senaste utvecklingen p\u00e5 HELL ICE COFFEE-fabriken! L\u00e4r k\u00e4nna en av v\u00e4rldens st\u00f6rsta moderna tillverkningsanl\u00e4ggningar f\u00f6r mj\u00f6lkkaffedrycker.","og_url":"https:\/\/hellicecoffee.com\/se\/coffee-factory\/","og_site_name":"HELL ICE COFFEE","article_modified_time":"2026-01-29T22:05:37+00:00","og_image":[{"width":1920,"height":800,"url":"https:\/\/hellicecoffee.com\/wp-content\/uploads\/2024\/10\/Kep-17.webp","type":"image\/webp"}],"twitter_card":"summary_large_image","twitter_misc":{"Est. reading time":"2 minutes"},"schema":{"@context":"https:\/\/schema.org","@graph":[{"@type":"WebPage","@id":"https:\/\/hellicecoffee.com\/se\/coffee-factory\/","url":"https:\/\/hellicecoffee.com\/se\/coffee-factory\/","name":"HELL ICE COFFEE-fabriken: En av de modernaste produktionsanl\u00e4ggningarna f\u00f6r kaffedrycker i Ungern","isPartOf":{"@id":"https:\/\/hellicecoffee.com\/se\/#website"},"primaryImageOfPage":{"@id":"https:\/\/hellicecoffee.com\/se\/coffee-factory\/#primaryimage"},"image":{"@id":"https:\/\/hellicecoffee.com\/se\/coffee-factory\/#primaryimage"},"thumbnailUrl":"https:\/\/hellicecoffee.com\/wp-content\/uploads\/2024\/10\/Kep-17.webp","datePublished":"2024-10-18T10:17:11+00:00","dateModified":"2026-01-29T22:05:37+00:00","description":"Ta del av den senaste utvecklingen p\u00e5 HELL ICE COFFEE-fabriken! L\u00e4r k\u00e4nna en av v\u00e4rldens st\u00f6rsta moderna tillverkningsanl\u00e4ggningar f\u00f6r mj\u00f6lkkaffedrycker.","breadcrumb":{"@id":"https:\/\/hellicecoffee.com\/se\/coffee-factory\/#breadcrumb"},"inLanguage":"sv","potentialAction":[{"@type":"ReadAction","target":["https:\/\/hellicecoffee.com\/se\/coffee-factory\/"]}]},{"@type":"ImageObject","inLanguage":"sv","@id":"https:\/\/hellicecoffee.com\/se\/coffee-factory\/#primaryimage","url":"https:\/\/hellicecoffee.com\/wp-content\/uploads\/2024\/10\/Kep-17.webp","contentUrl":"https:\/\/hellicecoffee.com\/wp-content\/uploads\/2024\/10\/Kep-17.webp","width":1920,"height":800},{"@type":"BreadcrumbList","@id":"https:\/\/hellicecoffee.com\/se\/coffee-factory\/#breadcrumb","itemListElement":[{"@type":"ListItem","position":1,"name":"Kezd\u0151lap","item":"https:\/\/hellicecoffee.com\/se\/"},{"@type":"ListItem","position":2,"name":"Kaffefabrik"}]},{"@type":"WebSite","@id":"https:\/\/hellicecoffee.com\/se\/#website","url":"https:\/\/hellicecoffee.com\/se\/","name":"HELL ICE COFFE","description":"Val\u00f3di k\u00e1v\u00e9\u00e9lm\u00e9ny k\u00f6nnyed\u00e9n","publisher":{"@id":"https:\/\/hellicecoffee.com\/se\/#organization"},"potentialAction":[{"@type":"SearchAction","target":{"@type":"EntryPoint","urlTemplate":"https:\/\/hellicecoffee.com\/se\/?s={search_term_string}"},"query-input":{"@type":"PropertyValueSpecification","valueRequired":true,"valueName":"search_term_string"}}],"inLanguage":"sv"},{"@type":"Organization","@id":"https:\/\/hellicecoffee.com\/se\/#organization","name":"HELL ICE COFFE","url":"https:\/\/hellicecoffee.com\/se\/","logo":{"@type":"ImageObject","inLanguage":"sv","@id":"https:\/\/hellicecoffee.com\/se\/#\/schema\/logo\/image\/","url":"https:\/\/hellicecoffee.com\/wp-content\/uploads\/2024\/07\/Group-30-2.png","contentUrl":"https:\/\/hellicecoffee.com\/wp-content\/uploads\/2024\/07\/Group-30-2.png","width":181,"height":194,"caption":"HELL ICE COFFE"},"image":{"@id":"https:\/\/hellicecoffee.com\/se\/#\/schema\/logo\/image\/"}}]}},"_links":{"self":[{"href":"https:\/\/hellicecoffee.com\/se\/wp-json\/wp\/v2\/pages\/8779","targetHints":{"allow":["GET"]}}],"collection":[{"href":"https:\/\/hellicecoffee.com\/se\/wp-json\/wp\/v2\/pages"}],"about":[{"href":"https:\/\/hellicecoffee.com\/se\/wp-json\/wp\/v2\/types\/page"}],"author":[{"embeddable":true,"href":"https:\/\/hellicecoffee.com\/se\/wp-json\/wp\/v2\/users\/1"}],"replies":[{"embeddable":true,"href":"https:\/\/hellicecoffee.com\/se\/wp-json\/wp\/v2\/comments?post=8779"}],"version-history":[{"count":7,"href":"https:\/\/hellicecoffee.com\/se\/wp-json\/wp\/v2\/pages\/8779\/revisions"}],"predecessor-version":[{"id":17739,"href":"https:\/\/hellicecoffee.com\/se\/wp-json\/wp\/v2\/pages\/8779\/revisions\/17739"}],"wp:featuredmedia":[{"embeddable":true,"href":"https:\/\/hellicecoffee.com\/se\/wp-json\/wp\/v2\/media\/8665"}],"wp:attachment":[{"href":"https:\/\/hellicecoffee.com\/se\/wp-json\/wp\/v2\/media?parent=8779"}],"curies":[{"name":"wp","href":"https:\/\/api.w.org\/{rel}","templated":true}]}}