{"id":7031,"date":"2024-09-29T16:11:45","date_gmt":"2024-09-29T14:11:45","guid":{"rendered":"https:\/\/hellicecoffee.com\/blog\/"},"modified":"2025-12-04T11:48:44","modified_gmt":"2025-12-04T10:48:44","slug":"blog","status":"publish","type":"page","link":"https:\/\/hellicecoffee.com\/sk\/blog\/","title":{"rendered":"Blog"},"content":{"rendered":"\t\t<div data-elementor-type=\"wp-page\" data-elementor-id=\"7031\" class=\"elementor elementor-7031 elementor-6216\" data-elementor-post-type=\"page\">\n\t\t\t\t<div class=\"elementor-element elementor-element-c6630cf e-flex e-con-boxed e-con e-parent\" data-id=\"c6630cf\" data-element_type=\"container\" data-e-type=\"container\">\n\t\t\t\t\t<div class=\"e-con-inner\">\n\t\t\t\t<div class=\"elementor-element elementor-element-4290930 elementor-widget elementor-widget-heading\" data-id=\"4290930\" data-element_type=\"widget\" data-e-type=\"widget\" data-widget_type=\"heading.default\">\n\t\t\t\t<div class=\"elementor-widget-container\">\n\t\t\t\t\t<h1 class=\"elementor-heading-title elementor-size-default\">BLOG<\/h1>\t\t\t\t<\/div>\n\t\t\t\t<\/div>\n\t\t\t\t\t<\/div>\n\t\t\t\t<\/div>\n\t\t<div class=\"elementor-element elementor-element-bd68303 e-flex e-con-boxed e-con e-parent\" data-id=\"bd68303\" data-element_type=\"container\" data-e-type=\"container\">\n\t\t\t\t\t<div class=\"e-con-inner\">\n\t\t\t\t<div class=\"elementor-element elementor-element-0ef6f99 elementor-posts--align-left elementor-grid-3 elementor-grid-tablet-2 elementor-grid-mobile-1 elementor-posts--thumbnail-top elementor-widget elementor-widget-posts\" data-id=\"0ef6f99\" data-element_type=\"widget\" data-e-type=\"widget\" data-settings=\"{&quot;classic_columns&quot;:&quot;3&quot;,&quot;classic_columns_tablet&quot;:&quot;2&quot;,&quot;classic_columns_mobile&quot;:&quot;1&quot;,&quot;classic_row_gap&quot;:{&quot;unit&quot;:&quot;px&quot;,&quot;size&quot;:35,&quot;sizes&quot;:[]},&quot;classic_row_gap_tablet&quot;:{&quot;unit&quot;:&quot;px&quot;,&quot;size&quot;:&quot;&quot;,&quot;sizes&quot;:[]},&quot;classic_row_gap_mobile&quot;:{&quot;unit&quot;:&quot;px&quot;,&quot;size&quot;:&quot;&quot;,&quot;sizes&quot;:[]}}\" data-widget_type=\"posts.classic\">\n\t\t\t\t<div class=\"elementor-widget-container\">\n\t\t\t\t\t\t\t<div class=\"elementor-posts-container elementor-posts elementor-posts--skin-classic elementor-grid\" role=\"list\">\n\t\t\t\t<article class=\"elementor-post elementor-grid-item post-17506 post type-post status-publish format-standard has-post-thumbnail hentry category-blog\" role=\"listitem\">\n\t\t\t\t<a class=\"elementor-post__thumbnail__link\" href=\"https:\/\/hellicecoffee.com\/sk\/blog\/predstavujeme-nove-hell-ice-coffee-pistachio\/\" tabindex=\"-1\" >\n\t\t\t<div class=\"elementor-post__thumbnail\"><img fetchpriority=\"high\" decoding=\"async\" width=\"800\" height=\"450\" src=\"https:\/\/hellicecoffee.com\/wp-content\/uploads\/2025\/12\/HI2500000142_pisztacia_weboldal_kep-1024x576.jpg\" class=\"attachment-large size-large wp-image-17558\" alt=\"\" srcset=\"https:\/\/hellicecoffee.com\/wp-content\/uploads\/2025\/12\/HI2500000142_pisztacia_weboldal_kep-1024x576.jpg 1024w, https:\/\/hellicecoffee.com\/wp-content\/uploads\/2025\/12\/HI2500000142_pisztacia_weboldal_kep-300x169.jpg 300w, https:\/\/hellicecoffee.com\/wp-content\/uploads\/2025\/12\/HI2500000142_pisztacia_weboldal_kep-768x432.jpg 768w, https:\/\/hellicecoffee.com\/wp-content\/uploads\/2025\/12\/HI2500000142_pisztacia_weboldal_kep-1536x864.jpg 1536w, https:\/\/hellicecoffee.com\/wp-content\/uploads\/2025\/12\/HI2500000142_pisztacia_weboldal_kep.jpg 1920w\" sizes=\"(max-width: 800px) 100vw, 800px\" \/><\/div>\n\t\t<\/a>\n\t\t\t\t<div class=\"elementor-post__text\">\n\t\t\t\t<h2 class=\"elementor-post__title\">\n\t\t\t<a href=\"https:\/\/hellicecoffee.com\/sk\/blog\/predstavujeme-nove-hell-ice-coffee-pistachio\/\" >\n\t\t\t\tPredstavujeme nov\u00e9 HELL ICE COFFEE Pistachio!\t\t\t<\/a>\n\t\t<\/h2>\n\t\t\n\t\t<a class=\"elementor-post__read-more\" href=\"https:\/\/hellicecoffee.com\/sk\/blog\/predstavujeme-nove-hell-ice-coffee-pistachio\/\" aria-label=\"Read more about Predstavujeme nov\u00e9 HELL ICE COFFEE Pistachio!\" tabindex=\"-1\" >\n\t\t\tPokra\u010dujem v \u010d\u00edtan\u00ed\t\t<\/a>\n\n\t\t\t\t<\/div>\n\t\t\t\t<\/article>\n\t\t\t\t<article class=\"elementor-post elementor-grid-item post-17491 post type-post status-publish format-standard has-post-thumbnail hentry category-blog\" role=\"listitem\">\n\t\t\t\t<a class=\"elementor-post__thumbnail__link\" href=\"https:\/\/hellicecoffee.com\/sk\/blog\/predstavujeme-nove-hell-ice-coffee-dark-orange\/\" tabindex=\"-1\" >\n\t\t\t<div class=\"elementor-post__thumbnail\"><img decoding=\"async\" width=\"800\" height=\"450\" src=\"https:\/\/hellicecoffee.com\/wp-content\/uploads\/2025\/12\/HI2500000142_darkorange_weboldal_kep-1024x576.jpg\" class=\"attachment-large size-large wp-image-17546\" alt=\"\" srcset=\"https:\/\/hellicecoffee.com\/wp-content\/uploads\/2025\/12\/HI2500000142_darkorange_weboldal_kep-1024x576.jpg 1024w, https:\/\/hellicecoffee.com\/wp-content\/uploads\/2025\/12\/HI2500000142_darkorange_weboldal_kep-300x169.jpg 300w, https:\/\/hellicecoffee.com\/wp-content\/uploads\/2025\/12\/HI2500000142_darkorange_weboldal_kep-768x432.jpg 768w, https:\/\/hellicecoffee.com\/wp-content\/uploads\/2025\/12\/HI2500000142_darkorange_weboldal_kep-1536x864.jpg 1536w, https:\/\/hellicecoffee.com\/wp-content\/uploads\/2025\/12\/HI2500000142_darkorange_weboldal_kep.jpg 1920w\" sizes=\"(max-width: 800px) 100vw, 800px\" \/><\/div>\n\t\t<\/a>\n\t\t\t\t<div class=\"elementor-post__text\">\n\t\t\t\t<h2 class=\"elementor-post__title\">\n\t\t\t<a href=\"https:\/\/hellicecoffee.com\/sk\/blog\/predstavujeme-nove-hell-ice-coffee-dark-orange\/\" >\n\t\t\t\tPredstavujeme nov\u00e9 HELL ICE COFFEE Dark Orange!\t\t\t<\/a>\n\t\t<\/h2>\n\t\t\n\t\t<a class=\"elementor-post__read-more\" href=\"https:\/\/hellicecoffee.com\/sk\/blog\/predstavujeme-nove-hell-ice-coffee-dark-orange\/\" aria-label=\"Read more about Predstavujeme nov\u00e9 HELL ICE COFFEE Dark Orange!\" tabindex=\"-1\" >\n\t\t\tPokra\u010dujem v \u010d\u00edtan\u00ed\t\t<\/a>\n\n\t\t\t\t<\/div>\n\t\t\t\t<\/article>\n\t\t\t\t<article class=\"elementor-post elementor-grid-item post-11114 post type-post status-publish format-standard has-post-thumbnail hentry category-blog\" role=\"listitem\">\n\t\t\t\t<a class=\"elementor-post__thumbnail__link\" href=\"https:\/\/hellicecoffee.com\/sk\/blog\/megan-fox-sa-stava-novou-tvarou-hell-ice-coffee\/\" tabindex=\"-1\" >\n\t\t\t<div class=\"elementor-post__thumbnail\"><img decoding=\"async\" width=\"800\" height=\"450\" src=\"https:\/\/hellicecoffee.com\/wp-content\/uploads\/2025\/02\/HI2500000004_HU_HIC_weboldal_fooldali_MF_banner_3000x1687px-1024x576.jpg\" class=\"attachment-large size-large wp-image-10932\" alt=\"\" srcset=\"https:\/\/hellicecoffee.com\/wp-content\/uploads\/2025\/02\/HI2500000004_HU_HIC_weboldal_fooldali_MF_banner_3000x1687px-1024x576.jpg 1024w, https:\/\/hellicecoffee.com\/wp-content\/uploads\/2025\/02\/HI2500000004_HU_HIC_weboldal_fooldali_MF_banner_3000x1687px-300x169.jpg 300w, https:\/\/hellicecoffee.com\/wp-content\/uploads\/2025\/02\/HI2500000004_HU_HIC_weboldal_fooldali_MF_banner_3000x1687px-768x432.jpg 768w, https:\/\/hellicecoffee.com\/wp-content\/uploads\/2025\/02\/HI2500000004_HU_HIC_weboldal_fooldali_MF_banner_3000x1687px-1536x864.jpg 1536w, https:\/\/hellicecoffee.com\/wp-content\/uploads\/2025\/02\/HI2500000004_HU_HIC_weboldal_fooldali_MF_banner_3000x1687px-2048x1152.jpg 2048w\" sizes=\"(max-width: 800px) 100vw, 800px\" \/><\/div>\n\t\t<\/a>\n\t\t\t\t<div class=\"elementor-post__text\">\n\t\t\t\t<h2 class=\"elementor-post__title\">\n\t\t\t<a href=\"https:\/\/hellicecoffee.com\/sk\/blog\/megan-fox-sa-stava-novou-tvarou-hell-ice-coffee\/\" >\n\t\t\t\tMEGAN FOX SA ST\u00c1VA NOVOU TV\u00c1ROU HELL ICE COFFEE\t\t\t<\/a>\n\t\t<\/h2>\n\t\t\n\t\t<a class=\"elementor-post__read-more\" href=\"https:\/\/hellicecoffee.com\/sk\/blog\/megan-fox-sa-stava-novou-tvarou-hell-ice-coffee\/\" aria-label=\"Read more about MEGAN FOX SA ST\u00c1VA NOVOU TV\u00c1ROU HELL ICE COFFEE\" tabindex=\"-1\" >\n\t\t\tPokra\u010dujem v \u010d\u00edtan\u00ed\t\t<\/a>\n\n\t\t\t\t<\/div>\n\t\t\t\t<\/article>\n\t\t\t\t<article class=\"elementor-post elementor-grid-item post-7025 post type-post status-publish format-standard has-post-thumbnail hentry category-blog\" role=\"listitem\">\n\t\t\t\t<a class=\"elementor-post__thumbnail__link\" href=\"https:\/\/hellicecoffee.com\/sk\/blog\/naozajstny-zazitok-z-kavy-s-hell-ice-coffee\/\" tabindex=\"-1\" >\n\t\t\t<div class=\"elementor-post__thumbnail\"><img loading=\"lazy\" decoding=\"async\" width=\"800\" height=\"450\" src=\"https:\/\/hellicecoffee.com\/wp-content\/uploads\/2024\/09\/Blog-Valodi-kaveelmeny-1024x576.jpg\" class=\"attachment-large size-large wp-image-4418\" alt=\"\" srcset=\"https:\/\/hellicecoffee.com\/wp-content\/uploads\/2024\/09\/Blog-Valodi-kaveelmeny-1024x576.jpg 1024w, https:\/\/hellicecoffee.com\/wp-content\/uploads\/2024\/09\/Blog-Valodi-kaveelmeny-300x169.jpg 300w, https:\/\/hellicecoffee.com\/wp-content\/uploads\/2024\/09\/Blog-Valodi-kaveelmeny-768x432.jpg 768w, https:\/\/hellicecoffee.com\/wp-content\/uploads\/2024\/09\/Blog-Valodi-kaveelmeny-1536x864.jpg 1536w, https:\/\/hellicecoffee.com\/wp-content\/uploads\/2024\/09\/Blog-Valodi-kaveelmeny.jpg 1920w\" sizes=\"(max-width: 800px) 100vw, 800px\" \/><\/div>\n\t\t<\/a>\n\t\t\t\t<div class=\"elementor-post__text\">\n\t\t\t\t<h2 class=\"elementor-post__title\">\n\t\t\t<a href=\"https:\/\/hellicecoffee.com\/sk\/blog\/naozajstny-zazitok-z-kavy-s-hell-ice-coffee\/\" >\n\t\t\t\tSkuto\u010dn\u00fd z\u00e1\u017eitok z k\u00e1vy s HELL ICE COFFEE\t\t\t<\/a>\n\t\t<\/h2>\n\t\t\n\t\t<a class=\"elementor-post__read-more\" href=\"https:\/\/hellicecoffee.com\/sk\/blog\/naozajstny-zazitok-z-kavy-s-hell-ice-coffee\/\" aria-label=\"Read more about Skuto\u010dn\u00fd z\u00e1\u017eitok z k\u00e1vy s HELL ICE COFFEE\" tabindex=\"-1\" >\n\t\t\tPokra\u010dujem v \u010d\u00edtan\u00ed\t\t<\/a>\n\n\t\t\t\t<\/div>\n\t\t\t\t<\/article>\n\t\t\t\t<article class=\"elementor-post elementor-grid-item post-7027 post type-post status-publish format-standard has-post-thumbnail hentry category-blog\" role=\"listitem\">\n\t\t\t\t<a class=\"elementor-post__thumbnail__link\" href=\"https:\/\/hellicecoffee.com\/sk\/blog\/rad-ladovej-kavy-hell-je-inovovany\/\" tabindex=\"-1\" >\n\t\t\t<div class=\"elementor-post__thumbnail\"><img loading=\"lazy\" decoding=\"async\" width=\"800\" height=\"450\" src=\"https:\/\/hellicecoffee.com\/wp-content\/uploads\/2025\/04\/1920x1080-1024x576.jpg\" class=\"attachment-large size-large wp-image-11859\" alt=\"\" srcset=\"https:\/\/hellicecoffee.com\/wp-content\/uploads\/2025\/04\/1920x1080-1024x576.jpg 1024w, https:\/\/hellicecoffee.com\/wp-content\/uploads\/2025\/04\/1920x1080-300x169.jpg 300w, https:\/\/hellicecoffee.com\/wp-content\/uploads\/2025\/04\/1920x1080-768x432.jpg 768w, https:\/\/hellicecoffee.com\/wp-content\/uploads\/2025\/04\/1920x1080-1536x864.jpg 1536w, https:\/\/hellicecoffee.com\/wp-content\/uploads\/2025\/04\/1920x1080.jpg 1920w\" sizes=\"(max-width: 800px) 100vw, 800px\" \/><\/div>\n\t\t<\/a>\n\t\t\t\t<div class=\"elementor-post__text\">\n\t\t\t\t<h2 class=\"elementor-post__title\">\n\t\t\t<a href=\"https:\/\/hellicecoffee.com\/sk\/blog\/rad-ladovej-kavy-hell-je-inovovany\/\" >\n\t\t\t\tRad \u013eadovej k\u00e1vy HELL je inovovan\u00fd\t\t\t<\/a>\n\t\t<\/h2>\n\t\t\n\t\t<a class=\"elementor-post__read-more\" href=\"https:\/\/hellicecoffee.com\/sk\/blog\/rad-ladovej-kavy-hell-je-inovovany\/\" aria-label=\"Read more about Rad \u013eadovej k\u00e1vy HELL je inovovan\u00fd\" tabindex=\"-1\" >\n\t\t\tPokra\u010dujem v \u010d\u00edtan\u00ed\t\t<\/a>\n\n\t\t\t\t<\/div>\n\t\t\t\t<\/article>\n\t\t\t\t<article class=\"elementor-post elementor-grid-item post-7029 post type-post status-publish format-standard has-post-thumbnail hentry category-blog\" role=\"listitem\">\n\t\t\t\t<a class=\"elementor-post__thumbnail__link\" href=\"https:\/\/hellicecoffee.com\/sk\/blog\/hell-energy-otvara-novu-vyrobnu-mliecnej-kavy\/\" tabindex=\"-1\" >\n\t\t\t<div class=\"elementor-post__thumbnail\"><img loading=\"lazy\" decoding=\"async\" width=\"800\" height=\"533\" src=\"https:\/\/hellicecoffee.com\/wp-content\/uploads\/2024\/09\/DJI_0089-1024x682.jpg\" class=\"attachment-large size-large wp-image-4429\" alt=\"\" srcset=\"https:\/\/hellicecoffee.com\/wp-content\/uploads\/2024\/09\/DJI_0089-1024x682.jpg 1024w, https:\/\/hellicecoffee.com\/wp-content\/uploads\/2024\/09\/DJI_0089-300x200.jpg 300w, https:\/\/hellicecoffee.com\/wp-content\/uploads\/2024\/09\/DJI_0089-768x512.jpg 768w, https:\/\/hellicecoffee.com\/wp-content\/uploads\/2024\/09\/DJI_0089-1536x1023.jpg 1536w, https:\/\/hellicecoffee.com\/wp-content\/uploads\/2024\/09\/DJI_0089.jpg 1980w\" sizes=\"(max-width: 800px) 100vw, 800px\" \/><\/div>\n\t\t<\/a>\n\t\t\t\t<div class=\"elementor-post__text\">\n\t\t\t\t<h2 class=\"elementor-post__title\">\n\t\t\t<a href=\"https:\/\/hellicecoffee.com\/sk\/blog\/hell-energy-otvara-novu-vyrobnu-mliecnej-kavy\/\" >\n\t\t\t\tHELL ENERGY otv\u00e1ra nov\u00fa v\u00fdrob\u0148u mlie\u010dnej k\u00e1vy\t\t\t<\/a>\n\t\t<\/h2>\n\t\t\n\t\t<a class=\"elementor-post__read-more\" href=\"https:\/\/hellicecoffee.com\/sk\/blog\/hell-energy-otvara-novu-vyrobnu-mliecnej-kavy\/\" aria-label=\"Read more about HELL ENERGY otv\u00e1ra nov\u00fa v\u00fdrob\u0148u mlie\u010dnej k\u00e1vy\" tabindex=\"-1\" >\n\t\t\tPokra\u010dujem v \u010d\u00edtan\u00ed\t\t<\/a>\n\n\t\t\t\t<\/div>\n\t\t\t\t<\/article>\n\t\t\t\t<\/div>\n\t\t\n\t\t\t\t\t\t<\/div>\n\t\t\t\t<\/div>\n\t\t\t\t\t<\/div>\n\t\t\t\t<\/div>\n\t\t\t\t<\/div>\n\t\t","protected":false},"excerpt":{"rendered":"<p>BLOG<\/p>\n","protected":false},"author":1,"featured_media":0,"parent":0,"menu_order":0,"comment_status":"closed","ping_status":"closed","template":"elementor_header_footer","meta":{"footnotes":""},"class_list":["post-7031","page","type-page","status-publish","hentry"],"yoast_head":"<!-- This site is optimized with the Yoast SEO plugin v27.2 - https:\/\/yoast.com\/product\/yoast-seo-wordpress\/ -->\n<title>HELL ICE COFFEE Blog \u2013 Najnov\u0161ie novinky, k\u00e1vov\u00e9 tipy a vzru\u0161uj\u00face pr\u00edbehy<\/title>\n<meta name=\"description\" content=\"Pre\u010d\u00edtajte si HELL ICE COFFEE blog, kde n\u00e1jdete k\u00e1vov\u00e9 tipy, \u010derstv\u00e9 novinky a vzru\u0161uj\u00face pr\u00edbehy. Zosta\u0148te v obraze s najnov\u0161\u00edmi trendmi a k\u00e1vov\u00fdmi z\u00e1\u017eitkami!\" \/>\n<meta name=\"robots\" content=\"index, follow, max-snippet:-1, max-image-preview:large, max-video-preview:-1\" \/>\n<link rel=\"canonical\" href=\"https:\/\/hellicecoffee.com\/sk\/blog\/\" \/>\n<meta property=\"og:locale\" content=\"sk_SK\" \/>\n<meta property=\"og:type\" content=\"article\" \/>\n<meta property=\"og:title\" content=\"HELL ICE COFFEE Blog \u2013 Najnov\u0161ie novinky, k\u00e1vov\u00e9 tipy a vzru\u0161uj\u00face pr\u00edbehy\" \/>\n<meta property=\"og:description\" content=\"Pre\u010d\u00edtajte si HELL ICE COFFEE blog, kde n\u00e1jdete k\u00e1vov\u00e9 tipy, \u010derstv\u00e9 novinky a vzru\u0161uj\u00face pr\u00edbehy. Zosta\u0148te v obraze s najnov\u0161\u00edmi trendmi a k\u00e1vov\u00fdmi z\u00e1\u017eitkami!\" \/>\n<meta property=\"og:url\" content=\"https:\/\/hellicecoffee.com\/sk\/blog\/\" \/>\n<meta property=\"og:site_name\" content=\"HELL ICE COFFEE\" \/>\n<meta property=\"article:modified_time\" content=\"2025-12-04T10:48:44+00:00\" \/>\n<meta property=\"og:image\" content=\"https:\/\/hellicecoffee.com\/wp-content\/uploads\/2024\/09\/Blog-Valodi-kaveelmeny-2.jpg\" \/>\n\t<meta property=\"og:image:width\" content=\"1920\" \/>\n\t<meta property=\"og:image:height\" content=\"1080\" \/>\n\t<meta property=\"og:image:type\" content=\"image\/jpeg\" \/>\n<meta name=\"twitter:card\" content=\"summary_large_image\" \/>\n<meta name=\"twitter:label1\" content=\"Predpokladan\u00fd \u010das \u010d\u00edtania\" \/>\n\t<meta name=\"twitter:data1\" content=\"2 min\u00faty\" \/>\n<script type=\"application\/ld+json\" class=\"yoast-schema-graph\">{\"@context\":\"https:\/\/schema.org\",\"@graph\":[{\"@type\":\"WebPage\",\"@id\":\"https:\/\/hellicecoffee.com\/sk\/blog\/\",\"url\":\"https:\/\/hellicecoffee.com\/sk\/blog\/\",\"name\":\"HELL ICE COFFEE Blog \u2013 Najnov\u0161ie novinky, k\u00e1vov\u00e9 tipy a vzru\u0161uj\u00face pr\u00edbehy\",\"isPartOf\":{\"@id\":\"https:\/\/hellicecoffee.com\/sk\/#website\"},\"datePublished\":\"2024-09-29T14:11:45+00:00\",\"dateModified\":\"2025-12-04T10:48:44+00:00\",\"description\":\"Pre\u010d\u00edtajte si HELL ICE COFFEE blog, kde n\u00e1jdete k\u00e1vov\u00e9 tipy, \u010derstv\u00e9 novinky a vzru\u0161uj\u00face pr\u00edbehy. Zosta\u0148te v obraze s najnov\u0161\u00edmi trendmi a k\u00e1vov\u00fdmi z\u00e1\u017eitkami!\",\"breadcrumb\":{\"@id\":\"https:\/\/hellicecoffee.com\/sk\/blog\/#breadcrumb\"},\"inLanguage\":\"sk-SK\",\"potentialAction\":[{\"@type\":\"ReadAction\",\"target\":[\"https:\/\/hellicecoffee.com\/sk\/blog\/\"]}]},{\"@type\":\"BreadcrumbList\",\"@id\":\"https:\/\/hellicecoffee.com\/sk\/blog\/#breadcrumb\",\"itemListElement\":[{\"@type\":\"ListItem\",\"position\":1,\"name\":\"Kezd\u0151lap\",\"item\":\"https:\/\/hellicecoffee.com\/sk\/\"},{\"@type\":\"ListItem\",\"position\":2,\"name\":\"Blog\"}]},{\"@type\":\"WebSite\",\"@id\":\"https:\/\/hellicecoffee.com\/sk\/#website\",\"url\":\"https:\/\/hellicecoffee.com\/sk\/\",\"name\":\"HELL ICE COFFE\",\"description\":\"Val\u00f3di k\u00e1v\u00e9\u00e9lm\u00e9ny k\u00f6nnyed\u00e9n\",\"publisher\":{\"@id\":\"https:\/\/hellicecoffee.com\/sk\/#organization\"},\"potentialAction\":[{\"@type\":\"SearchAction\",\"target\":{\"@type\":\"EntryPoint\",\"urlTemplate\":\"https:\/\/hellicecoffee.com\/sk\/?s={search_term_string}\"},\"query-input\":{\"@type\":\"PropertyValueSpecification\",\"valueRequired\":true,\"valueName\":\"search_term_string\"}}],\"inLanguage\":\"sk-SK\"},{\"@type\":\"Organization\",\"@id\":\"https:\/\/hellicecoffee.com\/sk\/#organization\",\"name\":\"HELL ICE COFFE\",\"url\":\"https:\/\/hellicecoffee.com\/sk\/\",\"logo\":{\"@type\":\"ImageObject\",\"inLanguage\":\"sk-SK\",\"@id\":\"https:\/\/hellicecoffee.com\/sk\/#\/schema\/logo\/image\/\",\"url\":\"https:\/\/hellicecoffee.com\/wp-content\/uploads\/2024\/07\/Group-30-2.png\",\"contentUrl\":\"https:\/\/hellicecoffee.com\/wp-content\/uploads\/2024\/07\/Group-30-2.png\",\"width\":181,\"height\":194,\"caption\":\"HELL ICE COFFE\"},\"image\":{\"@id\":\"https:\/\/hellicecoffee.com\/sk\/#\/schema\/logo\/image\/\"}}]}<\/script>\n<!-- \/ Yoast SEO plugin. -->","yoast_head_json":{"title":"HELL ICE COFFEE Blog \u2013 Najnov\u0161ie novinky, k\u00e1vov\u00e9 tipy a vzru\u0161uj\u00face pr\u00edbehy","description":"Pre\u010d\u00edtajte si HELL ICE COFFEE blog, kde n\u00e1jdete k\u00e1vov\u00e9 tipy, \u010derstv\u00e9 novinky a vzru\u0161uj\u00face pr\u00edbehy. Zosta\u0148te v obraze s najnov\u0161\u00edmi trendmi a k\u00e1vov\u00fdmi z\u00e1\u017eitkami!","robots":{"index":"index","follow":"follow","max-snippet":"max-snippet:-1","max-image-preview":"max-image-preview:large","max-video-preview":"max-video-preview:-1"},"canonical":"https:\/\/hellicecoffee.com\/sk\/blog\/","og_locale":"sk_SK","og_type":"article","og_title":"HELL ICE COFFEE Blog \u2013 Najnov\u0161ie novinky, k\u00e1vov\u00e9 tipy a vzru\u0161uj\u00face pr\u00edbehy","og_description":"Pre\u010d\u00edtajte si HELL ICE COFFEE blog, kde n\u00e1jdete k\u00e1vov\u00e9 tipy, \u010derstv\u00e9 novinky a vzru\u0161uj\u00face pr\u00edbehy. Zosta\u0148te v obraze s najnov\u0161\u00edmi trendmi a k\u00e1vov\u00fdmi z\u00e1\u017eitkami!","og_url":"https:\/\/hellicecoffee.com\/sk\/blog\/","og_site_name":"HELL ICE COFFEE","article_modified_time":"2025-12-04T10:48:44+00:00","og_image":[{"width":1920,"height":1080,"url":"https:\/\/hellicecoffee.com\/wp-content\/uploads\/2024\/09\/Blog-Valodi-kaveelmeny-2.jpg","type":"image\/jpeg"}],"twitter_card":"summary_large_image","twitter_misc":{"Predpokladan\u00fd \u010das \u010d\u00edtania":"2 min\u00faty"},"schema":{"@context":"https:\/\/schema.org","@graph":[{"@type":"WebPage","@id":"https:\/\/hellicecoffee.com\/sk\/blog\/","url":"https:\/\/hellicecoffee.com\/sk\/blog\/","name":"HELL ICE COFFEE Blog \u2013 Najnov\u0161ie novinky, k\u00e1vov\u00e9 tipy a vzru\u0161uj\u00face pr\u00edbehy","isPartOf":{"@id":"https:\/\/hellicecoffee.com\/sk\/#website"},"datePublished":"2024-09-29T14:11:45+00:00","dateModified":"2025-12-04T10:48:44+00:00","description":"Pre\u010d\u00edtajte si HELL ICE COFFEE blog, kde n\u00e1jdete k\u00e1vov\u00e9 tipy, \u010derstv\u00e9 novinky a vzru\u0161uj\u00face pr\u00edbehy. Zosta\u0148te v obraze s najnov\u0161\u00edmi trendmi a k\u00e1vov\u00fdmi z\u00e1\u017eitkami!","breadcrumb":{"@id":"https:\/\/hellicecoffee.com\/sk\/blog\/#breadcrumb"},"inLanguage":"sk-SK","potentialAction":[{"@type":"ReadAction","target":["https:\/\/hellicecoffee.com\/sk\/blog\/"]}]},{"@type":"BreadcrumbList","@id":"https:\/\/hellicecoffee.com\/sk\/blog\/#breadcrumb","itemListElement":[{"@type":"ListItem","position":1,"name":"Kezd\u0151lap","item":"https:\/\/hellicecoffee.com\/sk\/"},{"@type":"ListItem","position":2,"name":"Blog"}]},{"@type":"WebSite","@id":"https:\/\/hellicecoffee.com\/sk\/#website","url":"https:\/\/hellicecoffee.com\/sk\/","name":"HELL ICE COFFE","description":"Val\u00f3di k\u00e1v\u00e9\u00e9lm\u00e9ny k\u00f6nnyed\u00e9n","publisher":{"@id":"https:\/\/hellicecoffee.com\/sk\/#organization"},"potentialAction":[{"@type":"SearchAction","target":{"@type":"EntryPoint","urlTemplate":"https:\/\/hellicecoffee.com\/sk\/?s={search_term_string}"},"query-input":{"@type":"PropertyValueSpecification","valueRequired":true,"valueName":"search_term_string"}}],"inLanguage":"sk-SK"},{"@type":"Organization","@id":"https:\/\/hellicecoffee.com\/sk\/#organization","name":"HELL ICE COFFE","url":"https:\/\/hellicecoffee.com\/sk\/","logo":{"@type":"ImageObject","inLanguage":"sk-SK","@id":"https:\/\/hellicecoffee.com\/sk\/#\/schema\/logo\/image\/","url":"https:\/\/hellicecoffee.com\/wp-content\/uploads\/2024\/07\/Group-30-2.png","contentUrl":"https:\/\/hellicecoffee.com\/wp-content\/uploads\/2024\/07\/Group-30-2.png","width":181,"height":194,"caption":"HELL ICE COFFE"},"image":{"@id":"https:\/\/hellicecoffee.com\/sk\/#\/schema\/logo\/image\/"}}]}},"_links":{"self":[{"href":"https:\/\/hellicecoffee.com\/sk\/wp-json\/wp\/v2\/pages\/7031","targetHints":{"allow":["GET"]}}],"collection":[{"href":"https:\/\/hellicecoffee.com\/sk\/wp-json\/wp\/v2\/pages"}],"about":[{"href":"https:\/\/hellicecoffee.com\/sk\/wp-json\/wp\/v2\/types\/page"}],"author":[{"embeddable":true,"href":"https:\/\/hellicecoffee.com\/sk\/wp-json\/wp\/v2\/users\/1"}],"replies":[{"embeddable":true,"href":"https:\/\/hellicecoffee.com\/sk\/wp-json\/wp\/v2\/comments?post=7031"}],"version-history":[{"count":8,"href":"https:\/\/hellicecoffee.com\/sk\/wp-json\/wp\/v2\/pages\/7031\/revisions"}],"predecessor-version":[{"id":17505,"href":"https:\/\/hellicecoffee.com\/sk\/wp-json\/wp\/v2\/pages\/7031\/revisions\/17505"}],"wp:attachment":[{"href":"https:\/\/hellicecoffee.com\/sk\/wp-json\/wp\/v2\/media?parent=7031"}],"curies":[{"name":"wp","href":"https:\/\/api.w.org\/{rel}","templated":true}]}}