{"id":8775,"date":"2024-10-18T12:17:11","date_gmt":"2024-10-18T10:17:11","guid":{"rendered":"https:\/\/hellicecoffee.com\/coffee-factory\/"},"modified":"2025-04-03T10:56:11","modified_gmt":"2025-04-03T08:56:11","slug":"coffee-factory","status":"publish","type":"page","link":"https:\/\/hellicecoffee.com\/sk\/coffee-factory\/","title":{"rendered":"Tov\u00e1re\u0148 na K\u00e1vu"},"content":{"rendered":"\t\t<div data-elementor-type=\"wp-page\" data-elementor-id=\"8775\" class=\"elementor elementor-8775 elementor-8631\" data-elementor-post-type=\"page\">\n\t\t\t\t<div class=\"elementor-element elementor-element-7a38388 e-flex e-con-boxed e-con e-parent\" data-id=\"7a38388\" data-element_type=\"container\" data-e-type=\"container\" data-settings=\"{&quot;background_background&quot;:&quot;classic&quot;}\">\n\t\t\t\t\t<div class=\"e-con-inner\">\n\t\t\t\t<div class=\"elementor-element elementor-element-238d472 elementor-widget elementor-widget-theme-post-title elementor-page-title elementor-widget-heading\" data-id=\"238d472\" data-element_type=\"widget\" data-e-type=\"widget\" data-widget_type=\"theme-post-title.default\">\n\t\t\t\t<div class=\"elementor-widget-container\">\n\t\t\t\t\t<h1 class=\"elementor-heading-title elementor-size-default\">Tov\u00e1re\u0148 na K\u00e1vu<\/h1>\t\t\t\t<\/div>\n\t\t\t\t<\/div>\n\t\t\t\t\t<\/div>\n\t\t\t\t<\/div>\n\t\t<div class=\"elementor-element elementor-element-5c1a81e e-flex e-con-boxed e-con e-parent\" data-id=\"5c1a81e\" data-element_type=\"container\" data-e-type=\"container\" data-settings=\"{&quot;background_background&quot;:&quot;classic&quot;}\">\n\t\t\t\t\t<div class=\"e-con-inner\">\n\t\t<div class=\"elementor-element elementor-element-c204abf e-con-full e-flex e-con e-child\" data-id=\"c204abf\" data-element_type=\"container\" data-e-type=\"container\">\n\t\t\t\t<div class=\"elementor-element elementor-element-cc0e44c elementor-widget elementor-widget-heading\" data-id=\"cc0e44c\" data-element_type=\"widget\" data-e-type=\"widget\" data-widget_type=\"heading.default\">\n\t\t\t\t<div class=\"elementor-widget-container\">\n\t\t\t\t\t<h2 class=\"elementor-heading-title elementor-size-default\">Tov\u00e1re\u0148 na K\u00e1vu<\/h2>\t\t\t\t<\/div>\n\t\t\t\t<\/div>\n\t\t\t\t<div class=\"elementor-element elementor-element-d93e303 elementor-widget elementor-widget-text-editor\" data-id=\"d93e303\" data-element_type=\"widget\" data-e-type=\"widget\" data-widget_type=\"text-editor.default\">\n\t\t\t\t<div class=\"elementor-widget-container\">\n\t\t\t\t\t\t\t\t\t<h2>Tov\u00e1re\u0148<\/h2><p>Z\u00e1vod HELL sa rozr\u00e1stol na najv\u00e4\u010d\u0161ieho giganta na svete. To znamen\u00e1, \u017ee ide o najv\u00e4\u010d\u0161iu najmodernej\u0161iu megatov\u00e1re\u0148 na svete, vlastnen\u00e1 tou istou korpor\u00e1tnou skupinou, ktor\u00e1 na jednom mieste vyr\u00e1ba a pln\u00ed hlin\u00edkov\u00e9 plechovky na n\u00e1poje. Po odovzdan\u00ed novej v\u00fdrobnej jednotky sa v\u00fdrobn\u00fd komplex HELL rozklad\u00e1 na ploche 83 hekt\u00e1rov (830 000 metrov \u0161tvorcov\u00fdch).<\/p><p>V\u010faka novej jednotke sa n\u00e1\u0161 z\u00e1vod \u010falej roz\u0161\u00edril, \u010do posunulo na\u0161e v\u00fdrobn\u00e9 aktivity na nov\u00fa \u00farove\u0148. Ka\u017edoro\u010dne toti\u017e dok\u00e1\u017eeme spracova\u0165 a\u017e 10 mili\u00e1rd n\u00e1pojov\u00fdch plechoviek, z toho 4 miliardy plechoviek a 6 mili\u00e1rd kusov naplnen\u00fdch hotov\u00fdch v\u00fdrobkov. To znamen\u00e1, \u017ee denne m\u00f4\u017eeme premiestni\u0165 a\u017e 31 mili\u00f3nov hlin\u00edkov\u00fdch plechoviek, z toho 13 mili\u00f3nov vyroben\u00fdch a 18 mili\u00f3nov naplnen\u00fdch. Okrem toho je novo zriaden\u00fd tov\u00e1rensk\u00fd komplex teraz vhodn\u00fd aj na v\u00fdrobu 500 ml hlin\u00edkov\u00fdch plechoviek, \u010do \u010falej roz\u0161iruje u\u017e aj tak \u0161irok\u00fd sortiment produktov.<\/p><p>V na\u0161om v\u00fdrobnom komplexe sa vyr\u00e1baj\u00fa aj mlie\u010dne n\u00e1poje v hlin\u00edkov\u00fdch plechovk\u00e1ch, ktor\u00e9 s\u00fa produkovan\u00e9 jednou z najmodernej\u0161\u00edch dostupn\u00fdch technol\u00f3gi\u00ed. Toto zariadenie s rozlohou 11\u00a0880 m2 dok\u00e1\u017ee vyrobi\u0165 a\u017e 50\u00a0000 plechoviek pr\u00e9miovej \u013eadovej k\u00e1vy za hodinu, pri\u010dom pou\u017e\u00edvame mlieko, ktor\u00e9 poch\u00e1dza v\u00fdlu\u010dne od ma\u010farsk\u00fdch po\u013enohospod\u00e1rov. N\u00e1\u0161 z\u00e1vod je schopn\u00fd naplni\u0165 a\u017e 300 mili\u00f3nov plechoviek \u013eadovej k\u00e1vy ro\u010dne, pri\u010dom bol vybudovan\u00fd v spolupr\u00e1ci so \u0161panielskymi, holandsk\u00fdmi a nemeck\u00fdmi technologick\u00fdmi partnermi.<\/p>\t\t\t\t\t\t\t\t<\/div>\n\t\t\t\t<\/div>\n\t\t\t\t<div class=\"elementor-element elementor-element-b2e2430 elementor-widget elementor-widget-image\" data-id=\"b2e2430\" data-element_type=\"widget\" data-e-type=\"widget\" data-widget_type=\"image.default\">\n\t\t\t\t<div class=\"elementor-widget-container\">\n\t\t\t\t\t\t\t\t\t\t\t\t\t\t\t<img fetchpriority=\"high\" decoding=\"async\" width=\"1536\" height=\"915\" src=\"https:\/\/hellicecoffee.com\/wp-content\/uploads\/2024\/10\/HELL-Gyar-44-fuves-1-1536x915.webp\" class=\"attachment-1536x1536 size-1536x1536 wp-image-8648\" alt=\"\" srcset=\"https:\/\/hellicecoffee.com\/wp-content\/uploads\/2024\/10\/HELL-Gyar-44-fuves-1-1536x915.webp 1536w, https:\/\/hellicecoffee.com\/wp-content\/uploads\/2024\/10\/HELL-Gyar-44-fuves-1-300x179.webp 300w, https:\/\/hellicecoffee.com\/wp-content\/uploads\/2024\/10\/HELL-Gyar-44-fuves-1-1024x610.webp 1024w, https:\/\/hellicecoffee.com\/wp-content\/uploads\/2024\/10\/HELL-Gyar-44-fuves-1-768x457.webp 768w, https:\/\/hellicecoffee.com\/wp-content\/uploads\/2024\/10\/HELL-Gyar-44-fuves-1.webp 1748w\" sizes=\"(max-width: 1536px) 100vw, 1536px\" \/>\t\t\t\t\t\t\t\t\t\t\t\t\t\t\t<\/div>\n\t\t\t\t<\/div>\n\t\t\t\t<\/div>\n\t\t\t\t\t<\/div>\n\t\t\t\t<\/div>\n\t\t\t\t<\/div>\n\t\t","protected":false},"excerpt":{"rendered":"<p>Tov\u00e1re\u0148 na K\u00e1vu Tov\u00e1re\u0148 Z\u00e1vod HELL sa rozr\u00e1stol na najv\u00e4\u010d\u0161ieho giganta na svete. To znamen\u00e1, \u017ee ide o najv\u00e4\u010d\u0161iu najmodernej\u0161iu megatov\u00e1re\u0148 na svete, vlastnen\u00e1 tou istou korpor\u00e1tnou skupinou, ktor\u00e1 na jednom mieste vyr\u00e1ba a pln\u00ed hlin\u00edkov\u00e9 plechovky na n\u00e1poje. Po odovzdan\u00ed novej v\u00fdrobnej jednotky sa v\u00fdrobn\u00fd komplex HELL rozklad\u00e1 na ploche 83 hekt\u00e1rov (830 000 [&hellip;]<\/p>\n","protected":false},"author":1,"featured_media":8663,"parent":0,"menu_order":0,"comment_status":"closed","ping_status":"closed","template":"elementor_header_footer","meta":{"footnotes":""},"class_list":["post-8775","page","type-page","status-publish","has-post-thumbnail","hentry"],"yoast_head":"<!-- This site is optimized with the Yoast SEO plugin v27.2 - https:\/\/yoast.com\/product\/yoast-seo-wordpress\/ -->\n<title>HELL ICE COFFEE tov\u00e1re\u0148 \u2013 Jedno z najmodernej\u0161\u00edch v\u00fdrobn\u00fdch zariaden\u00ed na v\u00fdrobu k\u00e1vov\u00fdch n\u00e1pojov v Ma\u010farsku<\/title>\n<meta name=\"description\" content=\"Objavte najnov\u0161ie novinky z tov\u00e1rne HELL ICE COFFEE! Spoznajte jednu z najv\u00e4\u010d\u0161\u00edch a najmodernej\u0161\u00edch v\u00fdrobn\u00fdch prev\u00e1dzok na k\u00e1vov\u00e9 n\u00e1poje na svete.\" \/>\n<meta name=\"robots\" content=\"index, follow, max-snippet:-1, max-image-preview:large, max-video-preview:-1\" \/>\n<link rel=\"canonical\" href=\"https:\/\/hellicecoffee.com\/sk\/coffee-factory\/\" \/>\n<meta property=\"og:locale\" content=\"sk_SK\" \/>\n<meta property=\"og:type\" content=\"article\" \/>\n<meta property=\"og:title\" content=\"HELL ICE COFFEE tov\u00e1re\u0148 \u2013 Jedno z najmodernej\u0161\u00edch v\u00fdrobn\u00fdch zariaden\u00ed na v\u00fdrobu k\u00e1vov\u00fdch n\u00e1pojov v Ma\u010farsku\" \/>\n<meta property=\"og:description\" content=\"Objavte najnov\u0161ie novinky z tov\u00e1rne HELL ICE COFFEE! Spoznajte jednu z najv\u00e4\u010d\u0161\u00edch a najmodernej\u0161\u00edch v\u00fdrobn\u00fdch prev\u00e1dzok na k\u00e1vov\u00e9 n\u00e1poje na svete.\" \/>\n<meta property=\"og:url\" content=\"https:\/\/hellicecoffee.com\/sk\/coffee-factory\/\" \/>\n<meta property=\"og:site_name\" content=\"HELL ICE COFFEE\" \/>\n<meta property=\"article:modified_time\" content=\"2025-04-03T08:56:11+00:00\" \/>\n<meta property=\"og:image\" content=\"https:\/\/hellicecoffee.com\/wp-content\/uploads\/2024\/10\/Kep-17.webp\" \/>\n\t<meta property=\"og:image:width\" content=\"1920\" \/>\n\t<meta property=\"og:image:height\" content=\"800\" \/>\n\t<meta property=\"og:image:type\" content=\"image\/webp\" \/>\n<meta name=\"twitter:card\" content=\"summary_large_image\" \/>\n<meta name=\"twitter:label1\" content=\"Predpokladan\u00fd \u010das \u010d\u00edtania\" \/>\n\t<meta name=\"twitter:data1\" content=\"2 min\u00faty\" \/>\n<script type=\"application\/ld+json\" class=\"yoast-schema-graph\">{\"@context\":\"https:\/\/schema.org\",\"@graph\":[{\"@type\":\"WebPage\",\"@id\":\"https:\/\/hellicecoffee.com\/sk\/coffee-factory\/\",\"url\":\"https:\/\/hellicecoffee.com\/sk\/coffee-factory\/\",\"name\":\"HELL ICE COFFEE tov\u00e1re\u0148 \u2013 Jedno z najmodernej\u0161\u00edch v\u00fdrobn\u00fdch zariaden\u00ed na v\u00fdrobu k\u00e1vov\u00fdch n\u00e1pojov v Ma\u010farsku\",\"isPartOf\":{\"@id\":\"https:\/\/hellicecoffee.com\/sk\/#website\"},\"primaryImageOfPage\":{\"@id\":\"https:\/\/hellicecoffee.com\/sk\/coffee-factory\/#primaryimage\"},\"image\":{\"@id\":\"https:\/\/hellicecoffee.com\/sk\/coffee-factory\/#primaryimage\"},\"thumbnailUrl\":\"https:\/\/hellicecoffee.com\/wp-content\/uploads\/2024\/10\/Kep-17.webp\",\"datePublished\":\"2024-10-18T10:17:11+00:00\",\"dateModified\":\"2025-04-03T08:56:11+00:00\",\"description\":\"Objavte najnov\u0161ie novinky z tov\u00e1rne HELL ICE COFFEE! Spoznajte jednu z najv\u00e4\u010d\u0161\u00edch a najmodernej\u0161\u00edch v\u00fdrobn\u00fdch prev\u00e1dzok na k\u00e1vov\u00e9 n\u00e1poje na svete.\",\"breadcrumb\":{\"@id\":\"https:\/\/hellicecoffee.com\/sk\/coffee-factory\/#breadcrumb\"},\"inLanguage\":\"sk-SK\",\"potentialAction\":[{\"@type\":\"ReadAction\",\"target\":[\"https:\/\/hellicecoffee.com\/sk\/coffee-factory\/\"]}]},{\"@type\":\"ImageObject\",\"inLanguage\":\"sk-SK\",\"@id\":\"https:\/\/hellicecoffee.com\/sk\/coffee-factory\/#primaryimage\",\"url\":\"https:\/\/hellicecoffee.com\/wp-content\/uploads\/2024\/10\/Kep-17.webp\",\"contentUrl\":\"https:\/\/hellicecoffee.com\/wp-content\/uploads\/2024\/10\/Kep-17.webp\",\"width\":1920,\"height\":800},{\"@type\":\"BreadcrumbList\",\"@id\":\"https:\/\/hellicecoffee.com\/sk\/coffee-factory\/#breadcrumb\",\"itemListElement\":[{\"@type\":\"ListItem\",\"position\":1,\"name\":\"Kezd\u0151lap\",\"item\":\"https:\/\/hellicecoffee.com\/sk\/\"},{\"@type\":\"ListItem\",\"position\":2,\"name\":\"Tov\u00e1re\u0148 na K\u00e1vu\"}]},{\"@type\":\"WebSite\",\"@id\":\"https:\/\/hellicecoffee.com\/sk\/#website\",\"url\":\"https:\/\/hellicecoffee.com\/sk\/\",\"name\":\"HELL ICE COFFE\",\"description\":\"Val\u00f3di k\u00e1v\u00e9\u00e9lm\u00e9ny k\u00f6nnyed\u00e9n\",\"publisher\":{\"@id\":\"https:\/\/hellicecoffee.com\/sk\/#organization\"},\"potentialAction\":[{\"@type\":\"SearchAction\",\"target\":{\"@type\":\"EntryPoint\",\"urlTemplate\":\"https:\/\/hellicecoffee.com\/sk\/?s={search_term_string}\"},\"query-input\":{\"@type\":\"PropertyValueSpecification\",\"valueRequired\":true,\"valueName\":\"search_term_string\"}}],\"inLanguage\":\"sk-SK\"},{\"@type\":\"Organization\",\"@id\":\"https:\/\/hellicecoffee.com\/sk\/#organization\",\"name\":\"HELL ICE COFFE\",\"url\":\"https:\/\/hellicecoffee.com\/sk\/\",\"logo\":{\"@type\":\"ImageObject\",\"inLanguage\":\"sk-SK\",\"@id\":\"https:\/\/hellicecoffee.com\/sk\/#\/schema\/logo\/image\/\",\"url\":\"https:\/\/hellicecoffee.com\/wp-content\/uploads\/2024\/07\/Group-30-2.png\",\"contentUrl\":\"https:\/\/hellicecoffee.com\/wp-content\/uploads\/2024\/07\/Group-30-2.png\",\"width\":181,\"height\":194,\"caption\":\"HELL ICE COFFE\"},\"image\":{\"@id\":\"https:\/\/hellicecoffee.com\/sk\/#\/schema\/logo\/image\/\"}}]}<\/script>\n<!-- \/ Yoast SEO plugin. -->","yoast_head_json":{"title":"HELL ICE COFFEE tov\u00e1re\u0148 \u2013 Jedno z najmodernej\u0161\u00edch v\u00fdrobn\u00fdch zariaden\u00ed na v\u00fdrobu k\u00e1vov\u00fdch n\u00e1pojov v Ma\u010farsku","description":"Objavte najnov\u0161ie novinky z tov\u00e1rne HELL ICE COFFEE! Spoznajte jednu z najv\u00e4\u010d\u0161\u00edch a najmodernej\u0161\u00edch v\u00fdrobn\u00fdch prev\u00e1dzok na k\u00e1vov\u00e9 n\u00e1poje na svete.","robots":{"index":"index","follow":"follow","max-snippet":"max-snippet:-1","max-image-preview":"max-image-preview:large","max-video-preview":"max-video-preview:-1"},"canonical":"https:\/\/hellicecoffee.com\/sk\/coffee-factory\/","og_locale":"sk_SK","og_type":"article","og_title":"HELL ICE COFFEE tov\u00e1re\u0148 \u2013 Jedno z najmodernej\u0161\u00edch v\u00fdrobn\u00fdch zariaden\u00ed na v\u00fdrobu k\u00e1vov\u00fdch n\u00e1pojov v Ma\u010farsku","og_description":"Objavte najnov\u0161ie novinky z tov\u00e1rne HELL ICE COFFEE! Spoznajte jednu z najv\u00e4\u010d\u0161\u00edch a najmodernej\u0161\u00edch v\u00fdrobn\u00fdch prev\u00e1dzok na k\u00e1vov\u00e9 n\u00e1poje na svete.","og_url":"https:\/\/hellicecoffee.com\/sk\/coffee-factory\/","og_site_name":"HELL ICE COFFEE","article_modified_time":"2025-04-03T08:56:11+00:00","og_image":[{"width":1920,"height":800,"url":"https:\/\/hellicecoffee.com\/wp-content\/uploads\/2024\/10\/Kep-17.webp","type":"image\/webp"}],"twitter_card":"summary_large_image","twitter_misc":{"Predpokladan\u00fd \u010das \u010d\u00edtania":"2 min\u00faty"},"schema":{"@context":"https:\/\/schema.org","@graph":[{"@type":"WebPage","@id":"https:\/\/hellicecoffee.com\/sk\/coffee-factory\/","url":"https:\/\/hellicecoffee.com\/sk\/coffee-factory\/","name":"HELL ICE COFFEE tov\u00e1re\u0148 \u2013 Jedno z najmodernej\u0161\u00edch v\u00fdrobn\u00fdch zariaden\u00ed na v\u00fdrobu k\u00e1vov\u00fdch n\u00e1pojov v Ma\u010farsku","isPartOf":{"@id":"https:\/\/hellicecoffee.com\/sk\/#website"},"primaryImageOfPage":{"@id":"https:\/\/hellicecoffee.com\/sk\/coffee-factory\/#primaryimage"},"image":{"@id":"https:\/\/hellicecoffee.com\/sk\/coffee-factory\/#primaryimage"},"thumbnailUrl":"https:\/\/hellicecoffee.com\/wp-content\/uploads\/2024\/10\/Kep-17.webp","datePublished":"2024-10-18T10:17:11+00:00","dateModified":"2025-04-03T08:56:11+00:00","description":"Objavte najnov\u0161ie novinky z tov\u00e1rne HELL ICE COFFEE! Spoznajte jednu z najv\u00e4\u010d\u0161\u00edch a najmodernej\u0161\u00edch v\u00fdrobn\u00fdch prev\u00e1dzok na k\u00e1vov\u00e9 n\u00e1poje na svete.","breadcrumb":{"@id":"https:\/\/hellicecoffee.com\/sk\/coffee-factory\/#breadcrumb"},"inLanguage":"sk-SK","potentialAction":[{"@type":"ReadAction","target":["https:\/\/hellicecoffee.com\/sk\/coffee-factory\/"]}]},{"@type":"ImageObject","inLanguage":"sk-SK","@id":"https:\/\/hellicecoffee.com\/sk\/coffee-factory\/#primaryimage","url":"https:\/\/hellicecoffee.com\/wp-content\/uploads\/2024\/10\/Kep-17.webp","contentUrl":"https:\/\/hellicecoffee.com\/wp-content\/uploads\/2024\/10\/Kep-17.webp","width":1920,"height":800},{"@type":"BreadcrumbList","@id":"https:\/\/hellicecoffee.com\/sk\/coffee-factory\/#breadcrumb","itemListElement":[{"@type":"ListItem","position":1,"name":"Kezd\u0151lap","item":"https:\/\/hellicecoffee.com\/sk\/"},{"@type":"ListItem","position":2,"name":"Tov\u00e1re\u0148 na K\u00e1vu"}]},{"@type":"WebSite","@id":"https:\/\/hellicecoffee.com\/sk\/#website","url":"https:\/\/hellicecoffee.com\/sk\/","name":"HELL ICE COFFE","description":"Val\u00f3di k\u00e1v\u00e9\u00e9lm\u00e9ny k\u00f6nnyed\u00e9n","publisher":{"@id":"https:\/\/hellicecoffee.com\/sk\/#organization"},"potentialAction":[{"@type":"SearchAction","target":{"@type":"EntryPoint","urlTemplate":"https:\/\/hellicecoffee.com\/sk\/?s={search_term_string}"},"query-input":{"@type":"PropertyValueSpecification","valueRequired":true,"valueName":"search_term_string"}}],"inLanguage":"sk-SK"},{"@type":"Organization","@id":"https:\/\/hellicecoffee.com\/sk\/#organization","name":"HELL ICE COFFE","url":"https:\/\/hellicecoffee.com\/sk\/","logo":{"@type":"ImageObject","inLanguage":"sk-SK","@id":"https:\/\/hellicecoffee.com\/sk\/#\/schema\/logo\/image\/","url":"https:\/\/hellicecoffee.com\/wp-content\/uploads\/2024\/07\/Group-30-2.png","contentUrl":"https:\/\/hellicecoffee.com\/wp-content\/uploads\/2024\/07\/Group-30-2.png","width":181,"height":194,"caption":"HELL ICE COFFE"},"image":{"@id":"https:\/\/hellicecoffee.com\/sk\/#\/schema\/logo\/image\/"}}]}},"_links":{"self":[{"href":"https:\/\/hellicecoffee.com\/sk\/wp-json\/wp\/v2\/pages\/8775","targetHints":{"allow":["GET"]}}],"collection":[{"href":"https:\/\/hellicecoffee.com\/sk\/wp-json\/wp\/v2\/pages"}],"about":[{"href":"https:\/\/hellicecoffee.com\/sk\/wp-json\/wp\/v2\/types\/page"}],"author":[{"embeddable":true,"href":"https:\/\/hellicecoffee.com\/sk\/wp-json\/wp\/v2\/users\/1"}],"replies":[{"embeddable":true,"href":"https:\/\/hellicecoffee.com\/sk\/wp-json\/wp\/v2\/comments?post=8775"}],"version-history":[{"count":7,"href":"https:\/\/hellicecoffee.com\/sk\/wp-json\/wp\/v2\/pages\/8775\/revisions"}],"predecessor-version":[{"id":11968,"href":"https:\/\/hellicecoffee.com\/sk\/wp-json\/wp\/v2\/pages\/8775\/revisions\/11968"}],"wp:featuredmedia":[{"embeddable":true,"href":"https:\/\/hellicecoffee.com\/sk\/wp-json\/wp\/v2\/media\/8663"}],"wp:attachment":[{"href":"https:\/\/hellicecoffee.com\/sk\/wp-json\/wp\/v2\/media?parent=8775"}],"curies":[{"name":"wp","href":"https:\/\/api.w.org\/{rel}","templated":true}]}}