{"id":7817,"date":"2024-09-29T16:11:45","date_gmt":"2024-09-29T14:11:45","guid":{"rendered":"https:\/\/hellicecoffee.com\/blog\/"},"modified":"2025-12-04T12:23:07","modified_gmt":"2025-12-04T11:23:07","slug":"blog","status":"publish","type":"page","link":"https:\/\/hellicecoffee.com\/ua\/blog\/","title":{"rendered":"Blog"},"content":{"rendered":"\t\t<div data-elementor-type=\"wp-page\" data-elementor-id=\"7817\" class=\"elementor elementor-7817 elementor-6216\" data-elementor-post-type=\"page\">\n\t\t\t\t<div class=\"elementor-element elementor-element-c6630cf e-flex e-con-boxed e-con e-parent\" data-id=\"c6630cf\" data-element_type=\"container\" data-e-type=\"container\">\n\t\t\t\t\t<div class=\"e-con-inner\">\n\t\t\t\t<div class=\"elementor-element elementor-element-4290930 elementor-widget elementor-widget-heading\" data-id=\"4290930\" data-element_type=\"widget\" data-e-type=\"widget\" data-widget_type=\"heading.default\">\n\t\t\t\t<div class=\"elementor-widget-container\">\n\t\t\t\t\t<h1 class=\"elementor-heading-title elementor-size-default\">BLOG<\/h1>\t\t\t\t<\/div>\n\t\t\t\t<\/div>\n\t\t\t\t\t<\/div>\n\t\t\t\t<\/div>\n\t\t<div class=\"elementor-element elementor-element-bd68303 e-flex e-con-boxed e-con e-parent\" data-id=\"bd68303\" data-element_type=\"container\" data-e-type=\"container\">\n\t\t\t\t\t<div class=\"e-con-inner\">\n\t\t\t\t<div class=\"elementor-element elementor-element-0ef6f99 elementor-posts--align-left elementor-grid-3 elementor-grid-tablet-2 elementor-grid-mobile-1 elementor-posts--thumbnail-top elementor-widget elementor-widget-posts\" data-id=\"0ef6f99\" data-element_type=\"widget\" data-e-type=\"widget\" data-settings=\"{&quot;classic_columns&quot;:&quot;3&quot;,&quot;classic_columns_tablet&quot;:&quot;2&quot;,&quot;classic_columns_mobile&quot;:&quot;1&quot;,&quot;classic_row_gap&quot;:{&quot;unit&quot;:&quot;px&quot;,&quot;size&quot;:35,&quot;sizes&quot;:[]},&quot;classic_row_gap_tablet&quot;:{&quot;unit&quot;:&quot;px&quot;,&quot;size&quot;:&quot;&quot;,&quot;sizes&quot;:[]},&quot;classic_row_gap_mobile&quot;:{&quot;unit&quot;:&quot;px&quot;,&quot;size&quot;:&quot;&quot;,&quot;sizes&quot;:[]}}\" data-widget_type=\"posts.classic\">\n\t\t\t\t<div class=\"elementor-widget-container\">\n\t\t\t\t\t\t\t<div class=\"elementor-posts-container elementor-posts elementor-posts--skin-classic elementor-grid\" role=\"list\">\n\t\t\t\t<article class=\"elementor-post elementor-grid-item post-7856 post type-post status-publish format-standard has-post-thumbnail hentry category-blog\" role=\"listitem\">\n\t\t\t\t<a class=\"elementor-post__thumbnail__link\" href=\"https:\/\/hellicecoffee.com\/ua\/blog\/%d1%81%d0%bf%d1%80%d0%b0%d0%b2%d0%b6%d0%bd%d1%96%d0%b9-%d0%ba%d0%b0%d0%b2%d0%be%d0%b2%d0%b8%d0%b9-%d0%b4%d0%be%d1%81%d0%b2%d1%96%d0%b4-%d0%b7-hell-ice-coffee\/\" tabindex=\"-1\" >\n\t\t\t<div class=\"elementor-post__thumbnail\"><img fetchpriority=\"high\" decoding=\"async\" width=\"800\" height=\"450\" src=\"https:\/\/hellicecoffee.com\/wp-content\/uploads\/2024\/09\/Blog-Valodi-kaveelmeny-1024x576.jpg\" class=\"attachment-large size-large wp-image-7857\" alt=\"\" srcset=\"https:\/\/hellicecoffee.com\/wp-content\/uploads\/2024\/09\/Blog-Valodi-kaveelmeny-1024x576.jpg 1024w, https:\/\/hellicecoffee.com\/wp-content\/uploads\/2024\/09\/Blog-Valodi-kaveelmeny-300x169.jpg 300w, https:\/\/hellicecoffee.com\/wp-content\/uploads\/2024\/09\/Blog-Valodi-kaveelmeny-768x432.jpg 768w, https:\/\/hellicecoffee.com\/wp-content\/uploads\/2024\/09\/Blog-Valodi-kaveelmeny-1536x864.jpg 1536w, https:\/\/hellicecoffee.com\/wp-content\/uploads\/2024\/09\/Blog-Valodi-kaveelmeny.jpg 1920w\" sizes=\"(max-width: 800px) 100vw, 800px\" \/><\/div>\n\t\t<\/a>\n\t\t\t\t<div class=\"elementor-post__text\">\n\t\t\t\t<h3 class=\"elementor-post__title\">\n\t\t\t<a href=\"https:\/\/hellicecoffee.com\/ua\/blog\/%d1%81%d0%bf%d1%80%d0%b0%d0%b2%d0%b6%d0%bd%d1%96%d0%b9-%d0%ba%d0%b0%d0%b2%d0%be%d0%b2%d0%b8%d0%b9-%d0%b4%d0%be%d1%81%d0%b2%d1%96%d0%b4-%d0%b7-hell-ice-coffee\/\" >\n\t\t\t\t\u0421\u043f\u0440\u0430\u0432\u0436\u043d\u0456\u0439 \u043a\u0430\u0432\u043e\u0432\u0438\u0439 \u0434\u043e\u0441\u0432\u0456\u0434 \u0437 HELL ICE COFFEE\t\t\t<\/a>\n\t\t<\/h3>\n\t\t\n\t\t<a class=\"elementor-post__read-more\" href=\"https:\/\/hellicecoffee.com\/ua\/blog\/%d1%81%d0%bf%d1%80%d0%b0%d0%b2%d0%b6%d0%bd%d1%96%d0%b9-%d0%ba%d0%b0%d0%b2%d0%be%d0%b2%d0%b8%d0%b9-%d0%b4%d0%be%d1%81%d0%b2%d1%96%d0%b4-%d0%b7-hell-ice-coffee\/\" aria-label=\"Read more about \u0421\u043f\u0440\u0430\u0432\u0436\u043d\u0456\u0439 \u043a\u0430\u0432\u043e\u0432\u0438\u0439 \u0434\u043e\u0441\u0432\u0456\u0434 \u0437 HELL ICE COFFEE\" tabindex=\"-1\" >\n\t\t\t\u0427\u0438\u0442\u0430\u0442\u0438 \u0434\u0430\u043b\t\t<\/a>\n\n\t\t\t\t<\/div>\n\t\t\t\t<\/article>\n\t\t\t\t<article class=\"elementor-post elementor-grid-item post-7859 post type-post status-publish format-standard has-post-thumbnail hentry category-blog\" role=\"listitem\">\n\t\t\t\t<a class=\"elementor-post__thumbnail__link\" href=\"https:\/\/hellicecoffee.com\/ua\/blog\/%d0%be%d0%bd%d0%be%d0%b2%d0%bb%d0%b5%d0%bd%d0%b8%d0%b9-%d0%b0%d1%81%d0%be%d1%80%d1%82%d0%b8%d0%bc%d0%b5%d0%bd%d1%82-%d0%ba%d1%80%d0%b8%d0%b6%d0%b0%d0%bd%d0%be%d1%97-%d0%ba%d0%b0%d0%b2%d0%b8-hell\/\" tabindex=\"-1\" >\n\t\t\t<div class=\"elementor-post__thumbnail\"><img decoding=\"async\" width=\"800\" height=\"450\" src=\"https:\/\/hellicecoffee.com\/wp-content\/uploads\/2025\/04\/1920x1080_core_en-1024x576.jpg\" class=\"attachment-large size-large wp-image-11882\" alt=\"\" srcset=\"https:\/\/hellicecoffee.com\/wp-content\/uploads\/2025\/04\/1920x1080_core_en-1024x576.jpg 1024w, https:\/\/hellicecoffee.com\/wp-content\/uploads\/2025\/04\/1920x1080_core_en-300x169.jpg 300w, https:\/\/hellicecoffee.com\/wp-content\/uploads\/2025\/04\/1920x1080_core_en-768x432.jpg 768w, https:\/\/hellicecoffee.com\/wp-content\/uploads\/2025\/04\/1920x1080_core_en-1536x864.jpg 1536w, https:\/\/hellicecoffee.com\/wp-content\/uploads\/2025\/04\/1920x1080_core_en.jpg 1920w\" sizes=\"(max-width: 800px) 100vw, 800px\" \/><\/div>\n\t\t<\/a>\n\t\t\t\t<div class=\"elementor-post__text\">\n\t\t\t\t<h3 class=\"elementor-post__title\">\n\t\t\t<a href=\"https:\/\/hellicecoffee.com\/ua\/blog\/%d0%be%d0%bd%d0%be%d0%b2%d0%bb%d0%b5%d0%bd%d0%b8%d0%b9-%d0%b0%d1%81%d0%be%d1%80%d1%82%d0%b8%d0%bc%d0%b5%d0%bd%d1%82-%d0%ba%d1%80%d0%b8%d0%b6%d0%b0%d0%bd%d0%be%d1%97-%d0%ba%d0%b0%d0%b2%d0%b8-hell\/\" >\n\t\t\t\t\u041e\u043d\u043e\u0432\u043b\u0435\u043d\u0438\u0439 \u0430\u0441\u043e\u0440\u0442\u0438\u043c\u0435\u043d\u0442 \u043a\u0440\u0438\u0436\u0430\u043d\u043e\u0457 \u043a\u0430\u0432\u0438 HELL\t\t\t<\/a>\n\t\t<\/h3>\n\t\t\n\t\t<a class=\"elementor-post__read-more\" href=\"https:\/\/hellicecoffee.com\/ua\/blog\/%d0%be%d0%bd%d0%be%d0%b2%d0%bb%d0%b5%d0%bd%d0%b8%d0%b9-%d0%b0%d1%81%d0%be%d1%80%d1%82%d0%b8%d0%bc%d0%b5%d0%bd%d1%82-%d0%ba%d1%80%d0%b8%d0%b6%d0%b0%d0%bd%d0%be%d1%97-%d0%ba%d0%b0%d0%b2%d0%b8-hell\/\" aria-label=\"Read more about \u041e\u043d\u043e\u0432\u043b\u0435\u043d\u0438\u0439 \u0430\u0441\u043e\u0440\u0442\u0438\u043c\u0435\u043d\u0442 \u043a\u0440\u0438\u0436\u0430\u043d\u043e\u0457 \u043a\u0430\u0432\u0438 HELL\" tabindex=\"-1\" >\n\t\t\t\u0427\u0438\u0442\u0430\u0442\u0438 \u0434\u0430\u043b\t\t<\/a>\n\n\t\t\t\t<\/div>\n\t\t\t\t<\/article>\n\t\t\t\t<article class=\"elementor-post elementor-grid-item post-7862 post type-post status-publish format-standard has-post-thumbnail hentry category-blog\" role=\"listitem\">\n\t\t\t\t<a class=\"elementor-post__thumbnail__link\" href=\"https:\/\/hellicecoffee.com\/ua\/blog\/hell-energy-%d0%b2%d1%96%d0%b4%d0%ba%d1%80%d0%b8%d0%b2%d0%b0%d1%94-%d0%bd%d0%be%d0%b2%d1%83-%d1%84%d0%b0%d0%b1%d1%80%d0%b8%d0%ba%d1%83-%d0%bc%d0%be%d0%bb%d0%be%d1%87%d0%bd%d0%be%d1%97-%d0%ba%d0%b0\/\" tabindex=\"-1\" >\n\t\t\t<div class=\"elementor-post__thumbnail\"><img decoding=\"async\" width=\"800\" height=\"533\" src=\"https:\/\/hellicecoffee.com\/wp-content\/uploads\/2024\/09\/DJI_0089-1024x682.jpg\" class=\"attachment-large size-large wp-image-7863\" alt=\"\" srcset=\"https:\/\/hellicecoffee.com\/wp-content\/uploads\/2024\/09\/DJI_0089-1024x682.jpg 1024w, https:\/\/hellicecoffee.com\/wp-content\/uploads\/2024\/09\/DJI_0089-300x200.jpg 300w, https:\/\/hellicecoffee.com\/wp-content\/uploads\/2024\/09\/DJI_0089-768x512.jpg 768w, https:\/\/hellicecoffee.com\/wp-content\/uploads\/2024\/09\/DJI_0089-1536x1023.jpg 1536w, https:\/\/hellicecoffee.com\/wp-content\/uploads\/2024\/09\/DJI_0089.jpg 1980w\" sizes=\"(max-width: 800px) 100vw, 800px\" \/><\/div>\n\t\t<\/a>\n\t\t\t\t<div class=\"elementor-post__text\">\n\t\t\t\t<h3 class=\"elementor-post__title\">\n\t\t\t<a href=\"https:\/\/hellicecoffee.com\/ua\/blog\/hell-energy-%d0%b2%d1%96%d0%b4%d0%ba%d1%80%d0%b8%d0%b2%d0%b0%d1%94-%d0%bd%d0%be%d0%b2%d1%83-%d1%84%d0%b0%d0%b1%d1%80%d0%b8%d0%ba%d1%83-%d0%bc%d0%be%d0%bb%d0%be%d1%87%d0%bd%d0%be%d1%97-%d0%ba%d0%b0\/\" >\n\t\t\t\tHELL ENERGY \u0432\u0456\u0434\u043a\u0440\u0438\u0432\u0430\u0454 \u043d\u043e\u0432\u0443 \u0444\u0430\u0431\u0440\u0438\u043a\u0443 \u043c\u043e\u043b\u043e\u0447\u043d\u043e\u0457 \u043a\u0430\u0432\u0438\t\t\t<\/a>\n\t\t<\/h3>\n\t\t\n\t\t<a class=\"elementor-post__read-more\" href=\"https:\/\/hellicecoffee.com\/ua\/blog\/hell-energy-%d0%b2%d1%96%d0%b4%d0%ba%d1%80%d0%b8%d0%b2%d0%b0%d1%94-%d0%bd%d0%be%d0%b2%d1%83-%d1%84%d0%b0%d0%b1%d1%80%d0%b8%d0%ba%d1%83-%d0%bc%d0%be%d0%bb%d0%be%d1%87%d0%bd%d0%be%d1%97-%d0%ba%d0%b0\/\" aria-label=\"Read more about HELL ENERGY \u0432\u0456\u0434\u043a\u0440\u0438\u0432\u0430\u0454 \u043d\u043e\u0432\u0443 \u0444\u0430\u0431\u0440\u0438\u043a\u0443 \u043c\u043e\u043b\u043e\u0447\u043d\u043e\u0457 \u043a\u0430\u0432\u0438\" tabindex=\"-1\" >\n\t\t\t\u0427\u0438\u0442\u0430\u0442\u0438 \u0434\u0430\u043b\t\t<\/a>\n\n\t\t\t\t<\/div>\n\t\t\t\t<\/article>\n\t\t\t\t<\/div>\n\t\t\n\t\t\t\t\t\t<\/div>\n\t\t\t\t<\/div>\n\t\t\t\t\t<\/div>\n\t\t\t\t<\/div>\n\t\t\t\t<\/div>\n\t\t","protected":false},"excerpt":{"rendered":"<p>BLOG<\/p>\n","protected":false},"author":1,"featured_media":0,"parent":0,"menu_order":0,"comment_status":"closed","ping_status":"closed","template":"elementor_header_footer","meta":{"footnotes":""},"class_list":["post-7817","page","type-page","status-publish","hentry"],"yoast_head":"<!-- This site is optimized with the Yoast SEO plugin v27.2 - https:\/\/yoast.com\/product\/yoast-seo-wordpress\/ -->\n<title>\u0411\u043b\u043e\u0433 HELL ICE COFFEE \u2013 \u041e\u0441\u0442\u0430\u043d\u043d\u0456 \u043d\u043e\u0432\u0438\u043d\u0438, \u041f\u043e\u0440\u0430\u0434\u0438 \u0449\u043e\u0434\u043e \u043a\u0430\u0432\u0438 \u0442\u0430 \u0417\u0430\u0445\u043e\u043f\u043b\u044e\u044e\u0447\u0456 \u0456\u0441\u0442\u043e\u0440\u0456\u0457<\/title>\n<meta name=\"description\" content=\"\u0427\u0438\u0442\u0430\u0439\u0442\u0435 \u0431\u043b\u043e\u0433 HELL ICE COFFEE, \u0434\u0435 \u0432\u0438 \u0437\u043d\u0430\u0439\u0434\u0435\u0442\u0435 \u043f\u043e\u0440\u0430\u0434\u0438 \u0449\u043e\u0434\u043e \u043f\u0440\u0438\u0433\u043e\u0442\u0443\u0432\u0430\u043d\u043d\u044f \u043a\u0430\u0432\u0438, \u0441\u0432\u0456\u0436\u0456 \u043d\u043e\u0432\u0438\u043d\u0438 \u0439 \u0437\u0430\u0445\u043e\u043f\u043b\u044e\u044e\u0447\u0456 \u0456\u0441\u0442\u043e\u0440\u0456\u0457. \u0411\u0443\u0434\u044c\u0442\u0435 \u0432 \u043a\u0443\u0440\u0441\u0456 \u043e\u0441\u0442\u0430\u043d\u043d\u0456\u0445 \u0442\u0440\u0435\u043d\u0434\u0456\u0432 \u0456 \u043d\u0430\u0441\u043e\u043b\u043e\u0434\u0436\u0443\u0439\u0442\u0435\u0441\u044f \u043d\u043e\u0432\u0438\u043c\u0438 \u0432\u0440\u0430\u0436\u0435\u043d\u043d\u044f\u043c\u0438, \u0441\u043c\u0430\u043a\u0443\u044e\u0447\u0438 \u043a\u0430\u0432\u043e\u044e!\" \/>\n<meta name=\"robots\" content=\"index, follow, max-snippet:-1, max-image-preview:large, max-video-preview:-1\" \/>\n<link rel=\"canonical\" href=\"https:\/\/hellicecoffee.com\/ua\/blog\/\" \/>\n<meta property=\"og:locale\" content=\"en_US\" \/>\n<meta property=\"og:type\" content=\"article\" \/>\n<meta property=\"og:title\" content=\"\u0411\u043b\u043e\u0433 HELL ICE COFFEE \u2013 \u041e\u0441\u0442\u0430\u043d\u043d\u0456 \u043d\u043e\u0432\u0438\u043d\u0438, \u041f\u043e\u0440\u0430\u0434\u0438 \u0449\u043e\u0434\u043e \u043a\u0430\u0432\u0438 \u0442\u0430 \u0417\u0430\u0445\u043e\u043f\u043b\u044e\u044e\u0447\u0456 \u0456\u0441\u0442\u043e\u0440\u0456\u0457\" \/>\n<meta property=\"og:description\" content=\"\u0427\u0438\u0442\u0430\u0439\u0442\u0435 \u0431\u043b\u043e\u0433 HELL ICE COFFEE, \u0434\u0435 \u0432\u0438 \u0437\u043d\u0430\u0439\u0434\u0435\u0442\u0435 \u043f\u043e\u0440\u0430\u0434\u0438 \u0449\u043e\u0434\u043e \u043f\u0440\u0438\u0433\u043e\u0442\u0443\u0432\u0430\u043d\u043d\u044f \u043a\u0430\u0432\u0438, \u0441\u0432\u0456\u0436\u0456 \u043d\u043e\u0432\u0438\u043d\u0438 \u0439 \u0437\u0430\u0445\u043e\u043f\u043b\u044e\u044e\u0447\u0456 \u0456\u0441\u0442\u043e\u0440\u0456\u0457. \u0411\u0443\u0434\u044c\u0442\u0435 \u0432 \u043a\u0443\u0440\u0441\u0456 \u043e\u0441\u0442\u0430\u043d\u043d\u0456\u0445 \u0442\u0440\u0435\u043d\u0434\u0456\u0432 \u0456 \u043d\u0430\u0441\u043e\u043b\u043e\u0434\u0436\u0443\u0439\u0442\u0435\u0441\u044f \u043d\u043e\u0432\u0438\u043c\u0438 \u0432\u0440\u0430\u0436\u0435\u043d\u043d\u044f\u043c\u0438, \u0441\u043c\u0430\u043a\u0443\u044e\u0447\u0438 \u043a\u0430\u0432\u043e\u044e!\" \/>\n<meta property=\"og:url\" content=\"https:\/\/hellicecoffee.com\/ua\/blog\/\" \/>\n<meta property=\"og:site_name\" content=\"HELL ICE COFFEE\" \/>\n<meta property=\"article:modified_time\" content=\"2025-12-04T11:23:07+00:00\" \/>\n<meta property=\"og:image\" content=\"https:\/\/hellicecoffee.com\/wp-content\/uploads\/2024\/09\/Blog-Valodi-kaveelmeny.jpg\" \/>\n\t<meta property=\"og:image:width\" content=\"1920\" \/>\n\t<meta property=\"og:image:height\" content=\"1080\" \/>\n\t<meta property=\"og:image:type\" content=\"image\/jpeg\" \/>\n<meta name=\"twitter:card\" content=\"summary_large_image\" \/>\n<meta name=\"twitter:label1\" content=\"Est. reading time\" \/>\n\t<meta name=\"twitter:data1\" content=\"1 minute\" \/>\n<script type=\"application\/ld+json\" class=\"yoast-schema-graph\">{\"@context\":\"https:\/\/schema.org\",\"@graph\":[{\"@type\":\"WebPage\",\"@id\":\"https:\/\/hellicecoffee.com\/ua\/blog\/\",\"url\":\"https:\/\/hellicecoffee.com\/ua\/blog\/\",\"name\":\"\u0411\u043b\u043e\u0433 HELL ICE COFFEE \u2013 \u041e\u0441\u0442\u0430\u043d\u043d\u0456 \u043d\u043e\u0432\u0438\u043d\u0438, \u041f\u043e\u0440\u0430\u0434\u0438 \u0449\u043e\u0434\u043e \u043a\u0430\u0432\u0438 \u0442\u0430 \u0417\u0430\u0445\u043e\u043f\u043b\u044e\u044e\u0447\u0456 \u0456\u0441\u0442\u043e\u0440\u0456\u0457\",\"isPartOf\":{\"@id\":\"https:\/\/hellicecoffee.com\/ua\/#website\"},\"datePublished\":\"2024-09-29T14:11:45+00:00\",\"dateModified\":\"2025-12-04T11:23:07+00:00\",\"description\":\"\u0427\u0438\u0442\u0430\u0439\u0442\u0435 \u0431\u043b\u043e\u0433 HELL ICE COFFEE, \u0434\u0435 \u0432\u0438 \u0437\u043d\u0430\u0439\u0434\u0435\u0442\u0435 \u043f\u043e\u0440\u0430\u0434\u0438 \u0449\u043e\u0434\u043e \u043f\u0440\u0438\u0433\u043e\u0442\u0443\u0432\u0430\u043d\u043d\u044f \u043a\u0430\u0432\u0438, \u0441\u0432\u0456\u0436\u0456 \u043d\u043e\u0432\u0438\u043d\u0438 \u0439 \u0437\u0430\u0445\u043e\u043f\u043b\u044e\u044e\u0447\u0456 \u0456\u0441\u0442\u043e\u0440\u0456\u0457. \u0411\u0443\u0434\u044c\u0442\u0435 \u0432 \u043a\u0443\u0440\u0441\u0456 \u043e\u0441\u0442\u0430\u043d\u043d\u0456\u0445 \u0442\u0440\u0435\u043d\u0434\u0456\u0432 \u0456 \u043d\u0430\u0441\u043e\u043b\u043e\u0434\u0436\u0443\u0439\u0442\u0435\u0441\u044f \u043d\u043e\u0432\u0438\u043c\u0438 \u0432\u0440\u0430\u0436\u0435\u043d\u043d\u044f\u043c\u0438, \u0441\u043c\u0430\u043a\u0443\u044e\u0447\u0438 \u043a\u0430\u0432\u043e\u044e!\",\"breadcrumb\":{\"@id\":\"https:\/\/hellicecoffee.com\/ua\/blog\/#breadcrumb\"},\"inLanguage\":\"ua\",\"potentialAction\":[{\"@type\":\"ReadAction\",\"target\":[\"https:\/\/hellicecoffee.com\/ua\/blog\/\"]}]},{\"@type\":\"BreadcrumbList\",\"@id\":\"https:\/\/hellicecoffee.com\/ua\/blog\/#breadcrumb\",\"itemListElement\":[{\"@type\":\"ListItem\",\"position\":1,\"name\":\"Kezd\u0151lap\",\"item\":\"https:\/\/hellicecoffee.com\/ua\/\"},{\"@type\":\"ListItem\",\"position\":2,\"name\":\"Blog\"}]},{\"@type\":\"WebSite\",\"@id\":\"https:\/\/hellicecoffee.com\/ua\/#website\",\"url\":\"https:\/\/hellicecoffee.com\/ua\/\",\"name\":\"HELL ICE COFFE\",\"description\":\"Val\u00f3di k\u00e1v\u00e9\u00e9lm\u00e9ny k\u00f6nnyed\u00e9n\",\"publisher\":{\"@id\":\"https:\/\/hellicecoffee.com\/ua\/#organization\"},\"potentialAction\":[{\"@type\":\"SearchAction\",\"target\":{\"@type\":\"EntryPoint\",\"urlTemplate\":\"https:\/\/hellicecoffee.com\/ua\/?s={search_term_string}\"},\"query-input\":{\"@type\":\"PropertyValueSpecification\",\"valueRequired\":true,\"valueName\":\"search_term_string\"}}],\"inLanguage\":\"ua\"},{\"@type\":\"Organization\",\"@id\":\"https:\/\/hellicecoffee.com\/ua\/#organization\",\"name\":\"HELL ICE COFFE\",\"url\":\"https:\/\/hellicecoffee.com\/ua\/\",\"logo\":{\"@type\":\"ImageObject\",\"inLanguage\":\"ua\",\"@id\":\"https:\/\/hellicecoffee.com\/ua\/#\/schema\/logo\/image\/\",\"url\":\"https:\/\/hellicecoffee.com\/wp-content\/uploads\/2024\/07\/Group-30-2.png\",\"contentUrl\":\"https:\/\/hellicecoffee.com\/wp-content\/uploads\/2024\/07\/Group-30-2.png\",\"width\":181,\"height\":194,\"caption\":\"HELL ICE COFFE\"},\"image\":{\"@id\":\"https:\/\/hellicecoffee.com\/ua\/#\/schema\/logo\/image\/\"}}]}<\/script>\n<!-- \/ Yoast SEO plugin. -->","yoast_head_json":{"title":"\u0411\u043b\u043e\u0433 HELL ICE COFFEE \u2013 \u041e\u0441\u0442\u0430\u043d\u043d\u0456 \u043d\u043e\u0432\u0438\u043d\u0438, \u041f\u043e\u0440\u0430\u0434\u0438 \u0449\u043e\u0434\u043e \u043a\u0430\u0432\u0438 \u0442\u0430 \u0417\u0430\u0445\u043e\u043f\u043b\u044e\u044e\u0447\u0456 \u0456\u0441\u0442\u043e\u0440\u0456\u0457","description":"\u0427\u0438\u0442\u0430\u0439\u0442\u0435 \u0431\u043b\u043e\u0433 HELL ICE COFFEE, \u0434\u0435 \u0432\u0438 \u0437\u043d\u0430\u0439\u0434\u0435\u0442\u0435 \u043f\u043e\u0440\u0430\u0434\u0438 \u0449\u043e\u0434\u043e \u043f\u0440\u0438\u0433\u043e\u0442\u0443\u0432\u0430\u043d\u043d\u044f \u043a\u0430\u0432\u0438, \u0441\u0432\u0456\u0436\u0456 \u043d\u043e\u0432\u0438\u043d\u0438 \u0439 \u0437\u0430\u0445\u043e\u043f\u043b\u044e\u044e\u0447\u0456 \u0456\u0441\u0442\u043e\u0440\u0456\u0457. \u0411\u0443\u0434\u044c\u0442\u0435 \u0432 \u043a\u0443\u0440\u0441\u0456 \u043e\u0441\u0442\u0430\u043d\u043d\u0456\u0445 \u0442\u0440\u0435\u043d\u0434\u0456\u0432 \u0456 \u043d\u0430\u0441\u043e\u043b\u043e\u0434\u0436\u0443\u0439\u0442\u0435\u0441\u044f \u043d\u043e\u0432\u0438\u043c\u0438 \u0432\u0440\u0430\u0436\u0435\u043d\u043d\u044f\u043c\u0438, \u0441\u043c\u0430\u043a\u0443\u044e\u0447\u0438 \u043a\u0430\u0432\u043e\u044e!","robots":{"index":"index","follow":"follow","max-snippet":"max-snippet:-1","max-image-preview":"max-image-preview:large","max-video-preview":"max-video-preview:-1"},"canonical":"https:\/\/hellicecoffee.com\/ua\/blog\/","og_locale":"en_US","og_type":"article","og_title":"\u0411\u043b\u043e\u0433 HELL ICE COFFEE \u2013 \u041e\u0441\u0442\u0430\u043d\u043d\u0456 \u043d\u043e\u0432\u0438\u043d\u0438, \u041f\u043e\u0440\u0430\u0434\u0438 \u0449\u043e\u0434\u043e \u043a\u0430\u0432\u0438 \u0442\u0430 \u0417\u0430\u0445\u043e\u043f\u043b\u044e\u044e\u0447\u0456 \u0456\u0441\u0442\u043e\u0440\u0456\u0457","og_description":"\u0427\u0438\u0442\u0430\u0439\u0442\u0435 \u0431\u043b\u043e\u0433 HELL ICE COFFEE, \u0434\u0435 \u0432\u0438 \u0437\u043d\u0430\u0439\u0434\u0435\u0442\u0435 \u043f\u043e\u0440\u0430\u0434\u0438 \u0449\u043e\u0434\u043e \u043f\u0440\u0438\u0433\u043e\u0442\u0443\u0432\u0430\u043d\u043d\u044f \u043a\u0430\u0432\u0438, \u0441\u0432\u0456\u0436\u0456 \u043d\u043e\u0432\u0438\u043d\u0438 \u0439 \u0437\u0430\u0445\u043e\u043f\u043b\u044e\u044e\u0447\u0456 \u0456\u0441\u0442\u043e\u0440\u0456\u0457. \u0411\u0443\u0434\u044c\u0442\u0435 \u0432 \u043a\u0443\u0440\u0441\u0456 \u043e\u0441\u0442\u0430\u043d\u043d\u0456\u0445 \u0442\u0440\u0435\u043d\u0434\u0456\u0432 \u0456 \u043d\u0430\u0441\u043e\u043b\u043e\u0434\u0436\u0443\u0439\u0442\u0435\u0441\u044f \u043d\u043e\u0432\u0438\u043c\u0438 \u0432\u0440\u0430\u0436\u0435\u043d\u043d\u044f\u043c\u0438, \u0441\u043c\u0430\u043a\u0443\u044e\u0447\u0438 \u043a\u0430\u0432\u043e\u044e!","og_url":"https:\/\/hellicecoffee.com\/ua\/blog\/","og_site_name":"HELL ICE COFFEE","article_modified_time":"2025-12-04T11:23:07+00:00","og_image":[{"width":1920,"height":1080,"url":"https:\/\/hellicecoffee.com\/wp-content\/uploads\/2024\/09\/Blog-Valodi-kaveelmeny.jpg","type":"image\/jpeg"}],"twitter_card":"summary_large_image","twitter_misc":{"Est. reading time":"1 minute"},"schema":{"@context":"https:\/\/schema.org","@graph":[{"@type":"WebPage","@id":"https:\/\/hellicecoffee.com\/ua\/blog\/","url":"https:\/\/hellicecoffee.com\/ua\/blog\/","name":"\u0411\u043b\u043e\u0433 HELL ICE COFFEE \u2013 \u041e\u0441\u0442\u0430\u043d\u043d\u0456 \u043d\u043e\u0432\u0438\u043d\u0438, \u041f\u043e\u0440\u0430\u0434\u0438 \u0449\u043e\u0434\u043e \u043a\u0430\u0432\u0438 \u0442\u0430 \u0417\u0430\u0445\u043e\u043f\u043b\u044e\u044e\u0447\u0456 \u0456\u0441\u0442\u043e\u0440\u0456\u0457","isPartOf":{"@id":"https:\/\/hellicecoffee.com\/ua\/#website"},"datePublished":"2024-09-29T14:11:45+00:00","dateModified":"2025-12-04T11:23:07+00:00","description":"\u0427\u0438\u0442\u0430\u0439\u0442\u0435 \u0431\u043b\u043e\u0433 HELL ICE COFFEE, \u0434\u0435 \u0432\u0438 \u0437\u043d\u0430\u0439\u0434\u0435\u0442\u0435 \u043f\u043e\u0440\u0430\u0434\u0438 \u0449\u043e\u0434\u043e \u043f\u0440\u0438\u0433\u043e\u0442\u0443\u0432\u0430\u043d\u043d\u044f \u043a\u0430\u0432\u0438, \u0441\u0432\u0456\u0436\u0456 \u043d\u043e\u0432\u0438\u043d\u0438 \u0439 \u0437\u0430\u0445\u043e\u043f\u043b\u044e\u044e\u0447\u0456 \u0456\u0441\u0442\u043e\u0440\u0456\u0457. \u0411\u0443\u0434\u044c\u0442\u0435 \u0432 \u043a\u0443\u0440\u0441\u0456 \u043e\u0441\u0442\u0430\u043d\u043d\u0456\u0445 \u0442\u0440\u0435\u043d\u0434\u0456\u0432 \u0456 \u043d\u0430\u0441\u043e\u043b\u043e\u0434\u0436\u0443\u0439\u0442\u0435\u0441\u044f \u043d\u043e\u0432\u0438\u043c\u0438 \u0432\u0440\u0430\u0436\u0435\u043d\u043d\u044f\u043c\u0438, \u0441\u043c\u0430\u043a\u0443\u044e\u0447\u0438 \u043a\u0430\u0432\u043e\u044e!","breadcrumb":{"@id":"https:\/\/hellicecoffee.com\/ua\/blog\/#breadcrumb"},"inLanguage":"ua","potentialAction":[{"@type":"ReadAction","target":["https:\/\/hellicecoffee.com\/ua\/blog\/"]}]},{"@type":"BreadcrumbList","@id":"https:\/\/hellicecoffee.com\/ua\/blog\/#breadcrumb","itemListElement":[{"@type":"ListItem","position":1,"name":"Kezd\u0151lap","item":"https:\/\/hellicecoffee.com\/ua\/"},{"@type":"ListItem","position":2,"name":"Blog"}]},{"@type":"WebSite","@id":"https:\/\/hellicecoffee.com\/ua\/#website","url":"https:\/\/hellicecoffee.com\/ua\/","name":"HELL ICE COFFE","description":"Val\u00f3di k\u00e1v\u00e9\u00e9lm\u00e9ny k\u00f6nnyed\u00e9n","publisher":{"@id":"https:\/\/hellicecoffee.com\/ua\/#organization"},"potentialAction":[{"@type":"SearchAction","target":{"@type":"EntryPoint","urlTemplate":"https:\/\/hellicecoffee.com\/ua\/?s={search_term_string}"},"query-input":{"@type":"PropertyValueSpecification","valueRequired":true,"valueName":"search_term_string"}}],"inLanguage":"ua"},{"@type":"Organization","@id":"https:\/\/hellicecoffee.com\/ua\/#organization","name":"HELL ICE COFFE","url":"https:\/\/hellicecoffee.com\/ua\/","logo":{"@type":"ImageObject","inLanguage":"ua","@id":"https:\/\/hellicecoffee.com\/ua\/#\/schema\/logo\/image\/","url":"https:\/\/hellicecoffee.com\/wp-content\/uploads\/2024\/07\/Group-30-2.png","contentUrl":"https:\/\/hellicecoffee.com\/wp-content\/uploads\/2024\/07\/Group-30-2.png","width":181,"height":194,"caption":"HELL ICE COFFE"},"image":{"@id":"https:\/\/hellicecoffee.com\/ua\/#\/schema\/logo\/image\/"}}]}},"_links":{"self":[{"href":"https:\/\/hellicecoffee.com\/ua\/wp-json\/wp\/v2\/pages\/7817","targetHints":{"allow":["GET"]}}],"collection":[{"href":"https:\/\/hellicecoffee.com\/ua\/wp-json\/wp\/v2\/pages"}],"about":[{"href":"https:\/\/hellicecoffee.com\/ua\/wp-json\/wp\/v2\/types\/page"}],"author":[{"embeddable":true,"href":"https:\/\/hellicecoffee.com\/ua\/wp-json\/wp\/v2\/users\/1"}],"replies":[{"embeddable":true,"href":"https:\/\/hellicecoffee.com\/ua\/wp-json\/wp\/v2\/comments?post=7817"}],"version-history":[{"count":4,"href":"https:\/\/hellicecoffee.com\/ua\/wp-json\/wp\/v2\/pages\/7817\/revisions"}],"predecessor-version":[{"id":17525,"href":"https:\/\/hellicecoffee.com\/ua\/wp-json\/wp\/v2\/pages\/7817\/revisions\/17525"}],"wp:attachment":[{"href":"https:\/\/hellicecoffee.com\/ua\/wp-json\/wp\/v2\/media?parent=7817"}],"curies":[{"name":"wp","href":"https:\/\/api.w.org\/{rel}","templated":true}]}}