{"id":8781,"date":"2024-10-18T12:17:11","date_gmt":"2024-10-18T10:17:11","guid":{"rendered":"https:\/\/hellicecoffee.com\/coffee-factory\/"},"modified":"2025-02-13T12:47:56","modified_gmt":"2025-02-13T11:47:56","slug":"coffee-factory","status":"publish","type":"page","link":"https:\/\/hellicecoffee.com\/uk\/coffee-factory\/","title":{"rendered":"Coffee Factory"},"content":{"rendered":"\t\t<div data-elementor-type=\"wp-page\" data-elementor-id=\"8781\" class=\"elementor elementor-8781 elementor-8631\" data-elementor-post-type=\"page\">\n\t\t\t\t<div class=\"elementor-element elementor-element-7a38388 e-flex e-con-boxed e-con e-parent\" data-id=\"7a38388\" data-element_type=\"container\" data-e-type=\"container\" data-settings=\"{&quot;background_background&quot;:&quot;classic&quot;}\">\n\t\t\t\t\t<div class=\"e-con-inner\">\n\t\t\t\t<div class=\"elementor-element elementor-element-238d472 elementor-widget elementor-widget-theme-post-title elementor-page-title elementor-widget-heading\" data-id=\"238d472\" data-element_type=\"widget\" data-e-type=\"widget\" data-widget_type=\"theme-post-title.default\">\n\t\t\t\t<div class=\"elementor-widget-container\">\n\t\t\t\t\t<h1 class=\"elementor-heading-title elementor-size-default\">Coffee Factory<\/h1>\t\t\t\t<\/div>\n\t\t\t\t<\/div>\n\t\t\t\t\t<\/div>\n\t\t\t\t<\/div>\n\t\t<div class=\"elementor-element elementor-element-5c1a81e e-flex e-con-boxed e-con e-parent\" data-id=\"5c1a81e\" data-element_type=\"container\" data-e-type=\"container\" data-settings=\"{&quot;background_background&quot;:&quot;classic&quot;}\">\n\t\t\t\t\t<div class=\"e-con-inner\">\n\t\t<div class=\"elementor-element elementor-element-c204abf e-con-full e-flex e-con e-child\" data-id=\"c204abf\" data-element_type=\"container\" data-e-type=\"container\">\n\t\t\t\t<div class=\"elementor-element elementor-element-cc0e44c elementor-widget elementor-widget-heading\" data-id=\"cc0e44c\" data-element_type=\"widget\" data-e-type=\"widget\" data-widget_type=\"heading.default\">\n\t\t\t\t<div class=\"elementor-widget-container\">\n\t\t\t\t\t<h2 class=\"elementor-heading-title elementor-size-default\">COFFEE FACTORY<\/h2>\t\t\t\t<\/div>\n\t\t\t\t<\/div>\n\t\t\t\t<div class=\"elementor-element elementor-element-d93e303 elementor-widget elementor-widget-text-editor\" data-id=\"d93e303\" data-element_type=\"widget\" data-e-type=\"widget\" data-widget_type=\"text-editor.default\">\n\t\t\t\t<div class=\"elementor-widget-container\">\n\t\t\t\t\t\t\t\t\t<h2><strong>FACTORY<\/strong><\/h2>\n<p>HELL\u2019s factory has grown into the largest giant in the world. This means that the company, owned by a same corporate group, operates the world\u2019s largest state-of-the-art megafactory, manufacturing and filling aluminium beverage cans at one location. After the completion of our new plant, our complex now spans 83 hectares, or 830,000 square meters.<\/p>\n<p>Thanks to the increased production capacity, we can produce up to 4 billion beverage cans and 6 billion pieces of filled finished products per year. The success story of HELL has reached another milestone: our company opened a new factory unit equipped with state-of-the-art technology on 24 May 2024 in Sziksz\u00f3, which was inaugurated at our Industrial Park with a grand opening ceremony. With the newly given unit, our factory has expanded further, which has taken our production activities to a new level, as we can handle up to 10 billion beverage cans annually, including 4 billion cans and 6 billion pieces of filled finished products. This means that we can move up to 31 million aluminium cans per day, of which 13 million are manufactured and 18 million are filled. In addition, the newly given factory complex is now also suitable to produce 500 ml aluminium cans, which further expands the already wide range of products.<\/p>\n<p>Our factory complex also produces aluminium-canned milk-based beverages, supported by one of the most advanced technologies available. This 11,880 square meter facility can produce up to 50,000 cans of premium ice coffee per hour, using milk exclusively sourced from Hungarian farmers. Our plant is capable of filling up to 300 million cans of ice coffee annually, built in collaboration with Spanish, Dutch, and German technology partners.<\/p>\n\t\t\t\t\t\t\t\t<\/div>\n\t\t\t\t<\/div>\n\t\t\t\t<div class=\"elementor-element elementor-element-b2e2430 elementor-widget elementor-widget-image\" data-id=\"b2e2430\" data-element_type=\"widget\" data-e-type=\"widget\" data-widget_type=\"image.default\">\n\t\t\t\t<div class=\"elementor-widget-container\">\n\t\t\t\t\t\t\t\t\t\t\t\t\t\t\t<img fetchpriority=\"high\" decoding=\"async\" width=\"1536\" height=\"915\" src=\"https:\/\/hellicecoffee.com\/wp-content\/uploads\/2024\/10\/HELL-Gyar-44-fuves-1-1536x915.webp\" class=\"attachment-1536x1536 size-1536x1536 wp-image-8651\" alt=\"\" srcset=\"https:\/\/hellicecoffee.com\/wp-content\/uploads\/2024\/10\/HELL-Gyar-44-fuves-1-1536x915.webp 1536w, https:\/\/hellicecoffee.com\/wp-content\/uploads\/2024\/10\/HELL-Gyar-44-fuves-1-300x179.webp 300w, https:\/\/hellicecoffee.com\/wp-content\/uploads\/2024\/10\/HELL-Gyar-44-fuves-1-1024x610.webp 1024w, https:\/\/hellicecoffee.com\/wp-content\/uploads\/2024\/10\/HELL-Gyar-44-fuves-1-768x457.webp 768w, https:\/\/hellicecoffee.com\/wp-content\/uploads\/2024\/10\/HELL-Gyar-44-fuves-1.webp 1748w\" sizes=\"(max-width: 1536px) 100vw, 1536px\" \/>\t\t\t\t\t\t\t\t\t\t\t\t\t\t\t<\/div>\n\t\t\t\t<\/div>\n\t\t\t\t<\/div>\n\t\t\t\t\t<\/div>\n\t\t\t\t<\/div>\n\t\t\t\t<\/div>\n\t\t","protected":false},"excerpt":{"rendered":"<p>COFFEE FACTORY FACTORY HELL\u2019s factory has grown into the largest giant in the world. This means that the company, owned by a same corporate group, operates the world\u2019s largest state-of-the-art megafactory, manufacturing and filling aluminium beverage cans at one location. After the completion of our new plant, our complex now spans 83 hectares, or 830,000 [&hellip;]<\/p>\n","protected":false},"author":1,"featured_media":8666,"parent":0,"menu_order":0,"comment_status":"closed","ping_status":"closed","template":"elementor_header_footer","meta":{"footnotes":""},"class_list":["post-8781","page","type-page","status-publish","has-post-thumbnail","hentry"],"yoast_head":"<!-- This site is optimized with the Yoast SEO plugin v27.2 - https:\/\/yoast.com\/product\/yoast-seo-wordpress\/ -->\n<title>HELL ICE COFFEE Factory \u2013 One of the most modern coffee drink production facilities in Hungary<\/title>\n<meta name=\"description\" content=\"Discover the latest developments at the HELL ICE COFFEE factory! Get to know one of the world\u2019s largest modern coffee drink manufacturing plants.\" \/>\n<meta name=\"robots\" content=\"index, follow, max-snippet:-1, max-image-preview:large, max-video-preview:-1\" \/>\n<link rel=\"canonical\" href=\"https:\/\/hellicecoffee.com\/uk\/coffee-factory\/\" \/>\n<meta property=\"og:locale\" content=\"en_GB\" \/>\n<meta property=\"og:type\" content=\"article\" \/>\n<meta property=\"og:title\" content=\"HELL ICE COFFEE Factory \u2013 One of the most modern coffee drink production facilities in Hungary\" \/>\n<meta property=\"og:description\" content=\"Discover the latest developments at the HELL ICE COFFEE factory! Get to know one of the world\u2019s largest modern coffee drink manufacturing plants.\" \/>\n<meta property=\"og:url\" content=\"https:\/\/hellicecoffee.com\/uk\/coffee-factory\/\" \/>\n<meta property=\"og:site_name\" content=\"HELL ICE COFFEE\" \/>\n<meta property=\"article:modified_time\" content=\"2025-02-13T11:47:56+00:00\" \/>\n<meta property=\"og:image\" content=\"https:\/\/hellicecoffee.com\/wp-content\/uploads\/2024\/10\/Kep-17.webp\" \/>\n\t<meta property=\"og:image:width\" content=\"1920\" \/>\n\t<meta property=\"og:image:height\" content=\"800\" \/>\n\t<meta property=\"og:image:type\" content=\"image\/webp\" \/>\n<meta name=\"twitter:card\" content=\"summary_large_image\" \/>\n<meta name=\"twitter:label1\" content=\"Estimated reading time\" \/>\n\t<meta name=\"twitter:data1\" content=\"2 minutes\" \/>\n<script type=\"application\/ld+json\" class=\"yoast-schema-graph\">{\"@context\":\"https:\/\/schema.org\",\"@graph\":[{\"@type\":\"WebPage\",\"@id\":\"https:\/\/hellicecoffee.com\/uk\/coffee-factory\/\",\"url\":\"https:\/\/hellicecoffee.com\/uk\/coffee-factory\/\",\"name\":\"HELL ICE COFFEE Factory \u2013 One of the most modern coffee drink production facilities in Hungary\",\"isPartOf\":{\"@id\":\"https:\/\/hellicecoffee.com\/uk\/#website\"},\"primaryImageOfPage\":{\"@id\":\"https:\/\/hellicecoffee.com\/uk\/coffee-factory\/#primaryimage\"},\"image\":{\"@id\":\"https:\/\/hellicecoffee.com\/uk\/coffee-factory\/#primaryimage\"},\"thumbnailUrl\":\"https:\/\/hellicecoffee.com\/wp-content\/uploads\/2024\/10\/Kep-17.webp\",\"datePublished\":\"2024-10-18T10:17:11+00:00\",\"dateModified\":\"2025-02-13T11:47:56+00:00\",\"description\":\"Discover the latest developments at the HELL ICE COFFEE factory! Get to know one of the world\u2019s largest modern coffee drink manufacturing plants.\",\"breadcrumb\":{\"@id\":\"https:\/\/hellicecoffee.com\/uk\/coffee-factory\/#breadcrumb\"},\"inLanguage\":\"en-GB\",\"potentialAction\":[{\"@type\":\"ReadAction\",\"target\":[\"https:\/\/hellicecoffee.com\/uk\/coffee-factory\/\"]}]},{\"@type\":\"ImageObject\",\"inLanguage\":\"en-GB\",\"@id\":\"https:\/\/hellicecoffee.com\/uk\/coffee-factory\/#primaryimage\",\"url\":\"https:\/\/hellicecoffee.com\/wp-content\/uploads\/2024\/10\/Kep-17.webp\",\"contentUrl\":\"https:\/\/hellicecoffee.com\/wp-content\/uploads\/2024\/10\/Kep-17.webp\",\"width\":1920,\"height\":800},{\"@type\":\"BreadcrumbList\",\"@id\":\"https:\/\/hellicecoffee.com\/uk\/coffee-factory\/#breadcrumb\",\"itemListElement\":[{\"@type\":\"ListItem\",\"position\":1,\"name\":\"Kezd\u0151lap\",\"item\":\"https:\/\/hellicecoffee.com\/uk\/\"},{\"@type\":\"ListItem\",\"position\":2,\"name\":\"Coffee Factory\"}]},{\"@type\":\"WebSite\",\"@id\":\"https:\/\/hellicecoffee.com\/uk\/#website\",\"url\":\"https:\/\/hellicecoffee.com\/uk\/\",\"name\":\"HELL ICE COFFE\",\"description\":\"Val\u00f3di k\u00e1v\u00e9\u00e9lm\u00e9ny k\u00f6nnyed\u00e9n\",\"publisher\":{\"@id\":\"https:\/\/hellicecoffee.com\/uk\/#organization\"},\"potentialAction\":[{\"@type\":\"SearchAction\",\"target\":{\"@type\":\"EntryPoint\",\"urlTemplate\":\"https:\/\/hellicecoffee.com\/uk\/?s={search_term_string}\"},\"query-input\":{\"@type\":\"PropertyValueSpecification\",\"valueRequired\":true,\"valueName\":\"search_term_string\"}}],\"inLanguage\":\"en-GB\"},{\"@type\":\"Organization\",\"@id\":\"https:\/\/hellicecoffee.com\/uk\/#organization\",\"name\":\"HELL ICE COFFE\",\"url\":\"https:\/\/hellicecoffee.com\/uk\/\",\"logo\":{\"@type\":\"ImageObject\",\"inLanguage\":\"en-GB\",\"@id\":\"https:\/\/hellicecoffee.com\/uk\/#\/schema\/logo\/image\/\",\"url\":\"https:\/\/hellicecoffee.com\/wp-content\/uploads\/2024\/07\/Group-30-2.png\",\"contentUrl\":\"https:\/\/hellicecoffee.com\/wp-content\/uploads\/2024\/07\/Group-30-2.png\",\"width\":181,\"height\":194,\"caption\":\"HELL ICE COFFE\"},\"image\":{\"@id\":\"https:\/\/hellicecoffee.com\/uk\/#\/schema\/logo\/image\/\"}}]}<\/script>\n<!-- \/ Yoast SEO plugin. -->","yoast_head_json":{"title":"HELL ICE COFFEE Factory \u2013 One of the most modern coffee drink production facilities in Hungary","description":"Discover the latest developments at the HELL ICE COFFEE factory! Get to know one of the world\u2019s largest modern coffee drink manufacturing plants.","robots":{"index":"index","follow":"follow","max-snippet":"max-snippet:-1","max-image-preview":"max-image-preview:large","max-video-preview":"max-video-preview:-1"},"canonical":"https:\/\/hellicecoffee.com\/uk\/coffee-factory\/","og_locale":"en_GB","og_type":"article","og_title":"HELL ICE COFFEE Factory \u2013 One of the most modern coffee drink production facilities in Hungary","og_description":"Discover the latest developments at the HELL ICE COFFEE factory! Get to know one of the world\u2019s largest modern coffee drink manufacturing plants.","og_url":"https:\/\/hellicecoffee.com\/uk\/coffee-factory\/","og_site_name":"HELL ICE COFFEE","article_modified_time":"2025-02-13T11:47:56+00:00","og_image":[{"width":1920,"height":800,"url":"https:\/\/hellicecoffee.com\/wp-content\/uploads\/2024\/10\/Kep-17.webp","type":"image\/webp"}],"twitter_card":"summary_large_image","twitter_misc":{"Estimated reading time":"2 minutes"},"schema":{"@context":"https:\/\/schema.org","@graph":[{"@type":"WebPage","@id":"https:\/\/hellicecoffee.com\/uk\/coffee-factory\/","url":"https:\/\/hellicecoffee.com\/uk\/coffee-factory\/","name":"HELL ICE COFFEE Factory \u2013 One of the most modern coffee drink production facilities in Hungary","isPartOf":{"@id":"https:\/\/hellicecoffee.com\/uk\/#website"},"primaryImageOfPage":{"@id":"https:\/\/hellicecoffee.com\/uk\/coffee-factory\/#primaryimage"},"image":{"@id":"https:\/\/hellicecoffee.com\/uk\/coffee-factory\/#primaryimage"},"thumbnailUrl":"https:\/\/hellicecoffee.com\/wp-content\/uploads\/2024\/10\/Kep-17.webp","datePublished":"2024-10-18T10:17:11+00:00","dateModified":"2025-02-13T11:47:56+00:00","description":"Discover the latest developments at the HELL ICE COFFEE factory! Get to know one of the world\u2019s largest modern coffee drink manufacturing plants.","breadcrumb":{"@id":"https:\/\/hellicecoffee.com\/uk\/coffee-factory\/#breadcrumb"},"inLanguage":"en-GB","potentialAction":[{"@type":"ReadAction","target":["https:\/\/hellicecoffee.com\/uk\/coffee-factory\/"]}]},{"@type":"ImageObject","inLanguage":"en-GB","@id":"https:\/\/hellicecoffee.com\/uk\/coffee-factory\/#primaryimage","url":"https:\/\/hellicecoffee.com\/wp-content\/uploads\/2024\/10\/Kep-17.webp","contentUrl":"https:\/\/hellicecoffee.com\/wp-content\/uploads\/2024\/10\/Kep-17.webp","width":1920,"height":800},{"@type":"BreadcrumbList","@id":"https:\/\/hellicecoffee.com\/uk\/coffee-factory\/#breadcrumb","itemListElement":[{"@type":"ListItem","position":1,"name":"Kezd\u0151lap","item":"https:\/\/hellicecoffee.com\/uk\/"},{"@type":"ListItem","position":2,"name":"Coffee Factory"}]},{"@type":"WebSite","@id":"https:\/\/hellicecoffee.com\/uk\/#website","url":"https:\/\/hellicecoffee.com\/uk\/","name":"HELL ICE COFFE","description":"Val\u00f3di k\u00e1v\u00e9\u00e9lm\u00e9ny k\u00f6nnyed\u00e9n","publisher":{"@id":"https:\/\/hellicecoffee.com\/uk\/#organization"},"potentialAction":[{"@type":"SearchAction","target":{"@type":"EntryPoint","urlTemplate":"https:\/\/hellicecoffee.com\/uk\/?s={search_term_string}"},"query-input":{"@type":"PropertyValueSpecification","valueRequired":true,"valueName":"search_term_string"}}],"inLanguage":"en-GB"},{"@type":"Organization","@id":"https:\/\/hellicecoffee.com\/uk\/#organization","name":"HELL ICE COFFE","url":"https:\/\/hellicecoffee.com\/uk\/","logo":{"@type":"ImageObject","inLanguage":"en-GB","@id":"https:\/\/hellicecoffee.com\/uk\/#\/schema\/logo\/image\/","url":"https:\/\/hellicecoffee.com\/wp-content\/uploads\/2024\/07\/Group-30-2.png","contentUrl":"https:\/\/hellicecoffee.com\/wp-content\/uploads\/2024\/07\/Group-30-2.png","width":181,"height":194,"caption":"HELL ICE COFFE"},"image":{"@id":"https:\/\/hellicecoffee.com\/uk\/#\/schema\/logo\/image\/"}}]}},"_links":{"self":[{"href":"https:\/\/hellicecoffee.com\/uk\/wp-json\/wp\/v2\/pages\/8781","targetHints":{"allow":["GET"]}}],"collection":[{"href":"https:\/\/hellicecoffee.com\/uk\/wp-json\/wp\/v2\/pages"}],"about":[{"href":"https:\/\/hellicecoffee.com\/uk\/wp-json\/wp\/v2\/types\/page"}],"author":[{"embeddable":true,"href":"https:\/\/hellicecoffee.com\/uk\/wp-json\/wp\/v2\/users\/1"}],"replies":[{"embeddable":true,"href":"https:\/\/hellicecoffee.com\/uk\/wp-json\/wp\/v2\/comments?post=8781"}],"version-history":[{"count":1,"href":"https:\/\/hellicecoffee.com\/uk\/wp-json\/wp\/v2\/pages\/8781\/revisions"}],"predecessor-version":[{"id":8782,"href":"https:\/\/hellicecoffee.com\/uk\/wp-json\/wp\/v2\/pages\/8781\/revisions\/8782"}],"wp:featuredmedia":[{"embeddable":true,"href":"https:\/\/hellicecoffee.com\/uk\/wp-json\/wp\/v2\/media\/8666"}],"wp:attachment":[{"href":"https:\/\/hellicecoffee.com\/uk\/wp-json\/wp\/v2\/media?parent=8781"}],"curies":[{"name":"wp","href":"https:\/\/api.w.org\/{rel}","templated":true}]}}